{"id":1206,"date":"2020-01-06T16:20:09","date_gmt":"2020-01-06T15:20:09","guid":{"rendered":"https:\/\/www.hoteljardinsdemademoiselle.com\/situation-contact-hotel-paris\/"},"modified":"2020-03-09T16:23:34","modified_gmt":"2020-03-09T15:23:34","slug":"localizacao-privilegiada-hotel-paris","status":"publish","type":"page","link":"https:\/\/www.hoteljardinsdemademoiselle.com\/pt-br\/localizacao-privilegiada-hotel-paris\/","title":{"rendered":"Situation"},"content":{"rendered":"\n\t<section class=\"section\" id=\"section_1427793323\">\n\t\t<div class=\"bg section-bg fill bg-fill  bg-loaded\" >\n\n\t\t\t\n\t\t\t\n\t\t\t\n\n\t\t<\/div>\n\n\t\t<div class=\"section-content relative\">\n\t\t\t\n\n<p><iframe loading=\"lazy\" src=\"https:\/\/www.google.com\/maps\/embed?pb=!1m18!1m12!1m3!1d8831.95917418219!2d2.289398236179337!3d48.84376826764193!2m3!1f0!2f0!3f0!3m2!1i1024!2i768!4f13.1!3m3!1m2!1s0x47e67016eea3fa4f%3A0x150d9ca162e3cdcb!2s15%20Rue%20Mademoiselle%2C%2075015%20Paris!5e0!3m2!1sfr!2sfr!4v1578324136978!5m2!1sfr!2sfr\" width=\"100%\" height=\"350\" frameborder=\"0\" style=\"border:0;\" allowfullscreen=\"\"><\/iframe><\/p>\n\n\t\t<\/div>\n\n\t\t\n<style>\n#section_1427793323 {\n  padding-top: 0px;\n  padding-bottom: 0px;\n  min-height: 300px;\n}\n<\/style>\n\t<\/section>\n\t\n\t<section class=\"section\" id=\"section_392399600\">\n\t\t<div class=\"bg section-bg fill bg-fill  bg-loaded\" >\n\n\t\t\t\n\t\t\t\n\t\t\t\n\n\t\t<\/div>\n\n\t\t<div class=\"section-content relative\">\n\t\t\t\n\n<div class=\"row\"  id=\"row-707250182\">\n\n\n\t<div id=\"col-297214698\" class=\"col small-12 large-12\"  >\n\t\t<div class=\"col-inner\"  >\n\t\t\t\n\t\t\t\n\n<h3 style=\"text-align: center;\">Uma localiza\u00e7\u00e3o privilegiada<\/h3>\n<div class=\"row\"  id=\"row-846583601\">\n\n\n\t<div id=\"col-1500723512\" class=\"col medium-6 small-12 large-6\"  >\n\t\t<div class=\"col-inner\"  >\n\t\t\t\n\t\t\t\n\n<p>O hotel 4* <strong>Les Jardins de Mademoiselle<\/strong> beneficia de uma localiza\u00e7\u00e3o privilegiada, a poucos passos da animada Rue du Commerce.\u00a0<\/p>\n<p>Com a linha 8 do metr\u00f4, esta\u00e7\u00e3o Commerce, ao lado do hotel, poder\u00e1 chegar aos mais importantes pontos tur\u00edsticos da Cidade da Luz, e at\u00e9 mesmo ao novo Centre des Arm\u00e9es, em Balard.<\/p>\n<p>A sua localiza\u00e7\u00e3o tamb\u00e9m \u00e9 ideal para quem deseja ir ao Parque de Exposi\u00e7\u00f5es de Porte de Versailles. Ou seja, trata-se de um estabelecimento parisiense que se adapta \u00e0s suas estadias de neg\u00f3cios ou de puro lazer!\u00a0<\/p>\n<p>Idiomas falados: ingl\u00eas, espanhol, italiano<\/p>\n\n\t\t<\/div>\n\t\t\t<\/div>\n\n\t\n\n\t<div id=\"col-562066307\" class=\"col medium-6 small-12 large-6\"  >\n\t\t<div class=\"col-inner\"  >\n\t\t\t\n\t\t\t\n\n<p><strong>Acesso em\u00a0transporte p\u00fablico\u00a0:<\/strong><br \/>Metr\u00f4 Linha 8 : Commerce ou Felix Faure<br \/>Metr\u00f4 Linha 6, 8, 10 : La Motte Piquet Grenelle<br \/>Metr\u00f4 Linha 12 : Convention<br \/>Acesso direto de carro ou t\u00e1xi ao Paris Expo Porte de Versailles e Issy les Moulineaux<\/p>\n<p>A nossa equipe est\u00e1 \u00e0 sua disposi\u00e7\u00e3o a qualquer hora do dia <br \/>Via e-mail: <a title=\"\" href=\"mailto:reception@lesjardinsdemademoiselle.com\">reception@lesjardinsdemademoiselle.com<\/a><br \/>Pelo telefone +33 1 56 23 91 00<\/p>\n\n\t\t<\/div>\n\t\t\t<\/div>\n\n\t\n\n\n<style>\n#row-846583601 > .col > .col-inner {\n  padding: 30px 0px 0px 0px;\n}\n<\/style>\n<\/div>\n\n\t\t<\/div>\n\t\t\t<\/div>\n\n\t\n\n\t<div id=\"col-1757045132\" class=\"col small-12 large-12\"  >\n\t\t<div class=\"col-inner\"  >\n\t\t\t\n\t\t\t\n\n\t<div class=\"img has-hover x md-x lg-x y md-y lg-y\" id=\"image_1681241189\">\n\t\t\t\t\t\t\t\t<div class=\"img-inner dark\" >\n\t\t\t<img decoding=\"async\" width=\"1020\" height=\"680\" src=\"https:\/\/www.hoteljardinsdemademoiselle.com\/wp-content\/uploads\/2020\/01\/suite-jardins-de-mademoiselle-paris-5-1024x683.jpg\" class=\"attachment-large size-large\" alt=\"suite les jardins de mademoiselle paris\" srcset=\"https:\/\/www.hoteljardinsdemademoiselle.com\/wp-content\/uploads\/2020\/01\/suite-jardins-de-mademoiselle-paris-5-1024x683.jpg 1024w, https:\/\/www.hoteljardinsdemademoiselle.com\/wp-content\/uploads\/2020\/01\/suite-jardins-de-mademoiselle-paris-5-300x200.jpg 300w, https:\/\/www.hoteljardinsdemademoiselle.com\/wp-content\/uploads\/2020\/01\/suite-jardins-de-mademoiselle-paris-5-768x512.jpg 768w, https:\/\/www.hoteljardinsdemademoiselle.com\/wp-content\/uploads\/2020\/01\/suite-jardins-de-mademoiselle-paris-5-1536x1024.jpg 1536w, https:\/\/www.hoteljardinsdemademoiselle.com\/wp-content\/uploads\/2020\/01\/suite-jardins-de-mademoiselle-paris-5.jpg 1800w\" sizes=\"(max-width: 1020px) 100vw, 1020px\" \/>\t\t\t\t\t\t\n\t\t\t\t\t<\/div>\n\t\t\t\t\t\t\t\t\n<style>\n#image_1681241189 {\n  width: 100%;\n}\n<\/style>\n\t<\/div>\n\t\n\n\n\t\t<\/div>\n\t\t\t<\/div>\n\n\t\n\n<\/div>\n\n\t\t<\/div>\n\n\t\t\n<style>\n#section_392399600 {\n  padding-top: 30px;\n  padding-bottom: 30px;\n}\n<\/style>\n\t<\/section>\n\t\n\t<section class=\"section\" id=\"section_948200787\">\n\t\t<div class=\"bg section-bg fill bg-fill  bg-loaded\" >\n\n\t\t\t\n\t\t\t\n\t\t\t\n\n\t\t<\/div>\n\n\t\t<div class=\"section-content relative\">\n\t\t\t\n\n<h2 style=\"text-align: center;\">Siga-nos no Instagram<\/h2>\nInstagram did not return a 200.\n\n\n\t\t<\/div>\n\n\t\t\n<style>\n#section_948200787 {\n  padding-top: 30px;\n  padding-bottom: 30px;\n}\n<\/style>\n\t<\/section>\n\t\n\n","protected":false},"excerpt":{"rendered":"","protected":false},"author":1,"featured_media":0,"parent":0,"menu_order":0,"comment_status":"closed","ping_status":"closed","template":"page-blank.php","meta":{"footnotes":""},"class_list":["post-1206","page","type-page","status-publish","hentry"],"yoast_head":"<!-- This site is optimized with the Yoast SEO plugin v25.1 - https:\/\/yoast.com\/wordpress\/plugins\/seo\/ -->\n<title>Jardins de Mademoiselle, um hotel perfeitamente situado no 15\u00b0 distrito de Paris<\/title>\n<meta name=\"description\" content=\"A localiza\u00e7\u00e3o do hotel \u00e9 ideal, pr\u00f3ximo da Rue du Commerce. Um bairro animado e repleto de lojas. Paris Expo, Porte de Versailles, tamb\u00e9m \u00e9 facilmente acess\u00edvel\" \/>\n<meta name=\"robots\" content=\"index, follow, max-snippet:-1, max-image-preview:large, max-video-preview:-1\" \/>\n<link rel=\"canonical\" href=\"https:\/\/www.hoteljardinsdemademoiselle.com\/pt-br\/localizacao-privilegiada-hotel-paris\/\" \/>\n<meta property=\"og:locale\" content=\"pt_BR\" \/>\n<meta property=\"og:type\" content=\"article\" \/>\n<meta property=\"og:title\" content=\"Jardins de Mademoiselle, um hotel perfeitamente situado no 15\u00b0 distrito de Paris\" \/>\n<meta property=\"og:description\" content=\"A localiza\u00e7\u00e3o do hotel \u00e9 ideal, pr\u00f3ximo da Rue du Commerce. Um bairro animado e repleto de lojas. Paris Expo, Porte de Versailles, tamb\u00e9m \u00e9 facilmente acess\u00edvel\" \/>\n<meta property=\"og:url\" content=\"https:\/\/www.hoteljardinsdemademoiselle.com\/pt-br\/localizacao-privilegiada-hotel-paris\/\" \/>\n<meta property=\"og:site_name\" content=\"Les Jardins de Mademoiselle\" \/>\n<meta property=\"article:modified_time\" content=\"2020-03-09T15:23:34+00:00\" \/>\n<meta name=\"twitter:card\" content=\"summary_large_image\" \/>\n<meta name=\"twitter:label1\" content=\"Est. tempo de leitura\" \/>\n\t<meta name=\"twitter:data1\" content=\"1 minuto\" \/>\n<script type=\"application\/ld+json\" class=\"yoast-schema-graph\">{\"@context\":\"https:\/\/schema.org\",\"@graph\":[{\"@type\":\"WebPage\",\"@id\":\"https:\/\/www.hoteljardinsdemademoiselle.com\/pt-br\/localizacao-privilegiada-hotel-paris\/\",\"url\":\"https:\/\/www.hoteljardinsdemademoiselle.com\/pt-br\/localizacao-privilegiada-hotel-paris\/\",\"name\":\"Jardins de Mademoiselle, um hotel perfeitamente situado no 15\u00b0 distrito de Paris\",\"isPartOf\":{\"@id\":\"https:\/\/www.hoteljardinsdemademoiselle.com\/pt-br\/#website\"},\"datePublished\":\"2020-01-06T15:20:09+00:00\",\"dateModified\":\"2020-03-09T15:23:34+00:00\",\"description\":\"A localiza\u00e7\u00e3o do hotel \u00e9 ideal, pr\u00f3ximo da Rue du Commerce. Um bairro animado e repleto de lojas. Paris Expo, Porte de Versailles, tamb\u00e9m \u00e9 facilmente acess\u00edvel\",\"breadcrumb\":{\"@id\":\"https:\/\/www.hoteljardinsdemademoiselle.com\/pt-br\/localizacao-privilegiada-hotel-paris\/#breadcrumb\"},\"inLanguage\":\"pt-BR\",\"potentialAction\":[{\"@type\":\"ReadAction\",\"target\":[\"https:\/\/www.hoteljardinsdemademoiselle.com\/pt-br\/localizacao-privilegiada-hotel-paris\/\"]}]},{\"@type\":\"BreadcrumbList\",\"@id\":\"https:\/\/www.hoteljardinsdemademoiselle.com\/pt-br\/localizacao-privilegiada-hotel-paris\/#breadcrumb\",\"itemListElement\":[{\"@type\":\"ListItem\",\"position\":1,\"name\":\"Accueil\",\"item\":\"https:\/\/www.hoteljardinsdemademoiselle.com\/pt-br\/\"},{\"@type\":\"ListItem\",\"position\":2,\"name\":\"Situation\"}]},{\"@type\":\"WebSite\",\"@id\":\"https:\/\/www.hoteljardinsdemademoiselle.com\/pt-br\/#website\",\"url\":\"https:\/\/www.hoteljardinsdemademoiselle.com\/pt-br\/\",\"name\":\"Les Jardins de Mademoiselle\",\"description\":\"H\u00f4tel 4 \u00e9toiles &amp; Spa Paris\",\"potentialAction\":[{\"@type\":\"SearchAction\",\"target\":{\"@type\":\"EntryPoint\",\"urlTemplate\":\"https:\/\/www.hoteljardinsdemademoiselle.com\/pt-br\/?s={search_term_string}\"},\"query-input\":{\"@type\":\"PropertyValueSpecification\",\"valueRequired\":true,\"valueName\":\"search_term_string\"}}],\"inLanguage\":\"pt-BR\"}]}<\/script>\n<!-- \/ Yoast SEO plugin. -->","yoast_head_json":{"title":"Jardins de Mademoiselle, um hotel perfeitamente situado no 15\u00b0 distrito de Paris","description":"A localiza\u00e7\u00e3o do hotel \u00e9 ideal, pr\u00f3ximo da Rue du Commerce. Um bairro animado e repleto de lojas. Paris Expo, Porte de Versailles, tamb\u00e9m \u00e9 facilmente acess\u00edvel","robots":{"index":"index","follow":"follow","max-snippet":"max-snippet:-1","max-image-preview":"max-image-preview:large","max-video-preview":"max-video-preview:-1"},"canonical":"https:\/\/www.hoteljardinsdemademoiselle.com\/pt-br\/localizacao-privilegiada-hotel-paris\/","og_locale":"pt_BR","og_type":"article","og_title":"Jardins de Mademoiselle, um hotel perfeitamente situado no 15\u00b0 distrito de Paris","og_description":"A localiza\u00e7\u00e3o do hotel \u00e9 ideal, pr\u00f3ximo da Rue du Commerce. Um bairro animado e repleto de lojas. Paris Expo, Porte de Versailles, tamb\u00e9m \u00e9 facilmente acess\u00edvel","og_url":"https:\/\/www.hoteljardinsdemademoiselle.com\/pt-br\/localizacao-privilegiada-hotel-paris\/","og_site_name":"Les Jardins de Mademoiselle","article_modified_time":"2020-03-09T15:23:34+00:00","twitter_card":"summary_large_image","twitter_misc":{"Est. tempo de leitura":"1 minuto"},"schema":{"@context":"https:\/\/schema.org","@graph":[{"@type":"WebPage","@id":"https:\/\/www.hoteljardinsdemademoiselle.com\/pt-br\/localizacao-privilegiada-hotel-paris\/","url":"https:\/\/www.hoteljardinsdemademoiselle.com\/pt-br\/localizacao-privilegiada-hotel-paris\/","name":"Jardins de Mademoiselle, um hotel perfeitamente situado no 15\u00b0 distrito de Paris","isPartOf":{"@id":"https:\/\/www.hoteljardinsdemademoiselle.com\/pt-br\/#website"},"datePublished":"2020-01-06T15:20:09+00:00","dateModified":"2020-03-09T15:23:34+00:00","description":"A localiza\u00e7\u00e3o do hotel \u00e9 ideal, pr\u00f3ximo da Rue du Commerce. Um bairro animado e repleto de lojas. Paris Expo, Porte de Versailles, tamb\u00e9m \u00e9 facilmente acess\u00edvel","breadcrumb":{"@id":"https:\/\/www.hoteljardinsdemademoiselle.com\/pt-br\/localizacao-privilegiada-hotel-paris\/#breadcrumb"},"inLanguage":"pt-BR","potentialAction":[{"@type":"ReadAction","target":["https:\/\/www.hoteljardinsdemademoiselle.com\/pt-br\/localizacao-privilegiada-hotel-paris\/"]}]},{"@type":"BreadcrumbList","@id":"https:\/\/www.hoteljardinsdemademoiselle.com\/pt-br\/localizacao-privilegiada-hotel-paris\/#breadcrumb","itemListElement":[{"@type":"ListItem","position":1,"name":"Accueil","item":"https:\/\/www.hoteljardinsdemademoiselle.com\/pt-br\/"},{"@type":"ListItem","position":2,"name":"Situation"}]},{"@type":"WebSite","@id":"https:\/\/www.hoteljardinsdemademoiselle.com\/pt-br\/#website","url":"https:\/\/www.hoteljardinsdemademoiselle.com\/pt-br\/","name":"Les Jardins de Mademoiselle","description":"H\u00f4tel 4 \u00e9toiles &amp; Spa Paris","potentialAction":[{"@type":"SearchAction","target":{"@type":"EntryPoint","urlTemplate":"https:\/\/www.hoteljardinsdemademoiselle.com\/pt-br\/?s={search_term_string}"},"query-input":{"@type":"PropertyValueSpecification","valueRequired":true,"valueName":"search_term_string"}}],"inLanguage":"pt-BR"}]}},"_links":{"self":[{"href":"https:\/\/www.hoteljardinsdemademoiselle.com\/pt-br\/wp-json\/wp\/v2\/pages\/1206","targetHints":{"allow":["GET"]}}],"collection":[{"href":"https:\/\/www.hoteljardinsdemademoiselle.com\/pt-br\/wp-json\/wp\/v2\/pages"}],"about":[{"href":"https:\/\/www.hoteljardinsdemademoiselle.com\/pt-br\/wp-json\/wp\/v2\/types\/page"}],"author":[{"embeddable":true,"href":"https:\/\/www.hoteljardinsdemademoiselle.com\/pt-br\/wp-json\/wp\/v2\/users\/1"}],"replies":[{"embeddable":true,"href":"https:\/\/www.hoteljardinsdemademoiselle.com\/pt-br\/wp-json\/wp\/v2\/comments?post=1206"}],"version-history":[{"count":2,"href":"https:\/\/www.hoteljardinsdemademoiselle.com\/pt-br\/wp-json\/wp\/v2\/pages\/1206\/revisions"}],"predecessor-version":[{"id":1534,"href":"https:\/\/www.hoteljardinsdemademoiselle.com\/pt-br\/wp-json\/wp\/v2\/pages\/1206\/revisions\/1534"}],"wp:attachment":[{"href":"https:\/\/www.hoteljardinsdemademoiselle.com\/pt-br\/wp-json\/wp\/v2\/media?parent=1206"}],"curies":[{"name":"wp","href":"https:\/\/api.w.org\/{rel}","templated":true}]}}