{"id":1186,"date":"2020-01-31T12:43:57","date_gmt":"2020-01-31T11:43:57","guid":{"rendered":"https:\/\/www.hoteljardinsdemademoiselle.com\/histoire\/"},"modified":"2020-03-09T15:21:56","modified_gmt":"2020-03-09T14:21:56","slug":"historia","status":"publish","type":"page","link":"https:\/\/www.hoteljardinsdemademoiselle.com\/pt-br\/historia\/","title":{"rendered":"Histoire"},"content":{"rendered":"\n\t<section class=\"section hide-for-medium\" id=\"section_1341290730\">\n\t\t<div class=\"bg section-bg fill bg-fill  bg-loaded\" >\n\n\t\t\t\n\t\t\t<button class=\"scroll-for-more z-5 icon absolute bottom h-center\"><i class=\"icon-angle-down\" style=\"font-size:42px;\"><\/i><\/button>\n\t\t\t\n\n\t\t<\/div>\n\n\t\t<div class=\"section-content relative\">\n\t\t\t\n\n<div class=\"slider-wrapper relative\" id=\"slider-52762893\" >\n    <div class=\"slider slider-nav-circle slider-nav-large slider-nav-light slider-style-normal\"\n        data-flickity-options='{\n            \"cellAlign\": \"center\",\n            \"imagesLoaded\": true,\n            \"lazyLoad\": 1,\n            \"freeScroll\": false,\n            \"wrapAround\": true,\n            \"autoPlay\": 3000,\n            \"pauseAutoPlayOnHover\" : true,\n            \"prevNextButtons\": true,\n            \"contain\" : true,\n            \"adaptiveHeight\" : true,\n            \"dragThreshold\" : 10,\n            \"percentPosition\": true,\n            \"pageDots\": false,\n            \"rightToLeft\": false,\n            \"draggable\": true,\n            \"selectedAttraction\": 0.1,\n            \"parallax\" : 0,\n            \"friction\": 0.6        }'\n        >\n        \n\n\n  <div class=\"banner has-hover is-full-height\" id=\"banner-923774656\">\n          <div class=\"banner-inner fill\">\n        <div class=\"banner-bg fill\" >\n            <div class=\"bg fill bg-fill \"><\/div>\n                                    \n                    <\/div>\n        <div class=\"banner-layers container\">\n            <div class=\"fill banner-link\"><\/div>            \n\n\n        <\/div>\n      <\/div>\n\n            \n<style>\n#banner-923774656 {\n  padding-top: 100%;\n}\n#banner-923774656 .bg.bg-loaded {\n  background-image: url(https:\/\/www.hoteljardinsdemademoiselle.com\/wp-content\/uploads\/2020\/01\/facade-les-jardins-de-mademoiselle-1.jpg);\n}\n<\/style>\n  <\/div>\n\n\n\n     <\/div>\n\n     <div class=\"loading-spin dark large centered\"><\/div>\n\n     <\/div>\n\n\n\n\t\t<\/div>\n\n\t\t\n<style>\n#section_1341290730 {\n  padding-top: 0px;\n  padding-bottom: 0px;\n}\n<\/style>\n\t<\/section>\n\t\n\t<section class=\"section show-for-medium\" id=\"section_787559428\">\n\t\t<div class=\"bg section-bg fill bg-fill  bg-loaded\" >\n\n\t\t\t\n\t\t\t\n\t\t\t\n\n\t\t<\/div>\n\n\t\t<div class=\"section-content relative\">\n\t\t\t\n\n<div class=\"slider-wrapper relative slider-mobile\" id=\"slider-394625938\" >\n    <div class=\"slider slider-nav-circle slider-nav-large slider-nav-light slider-style-normal\"\n        data-flickity-options='{\n            \"cellAlign\": \"center\",\n            \"imagesLoaded\": true,\n            \"lazyLoad\": 1,\n            \"freeScroll\": false,\n            \"wrapAround\": true,\n            \"autoPlay\": 3000,\n            \"pauseAutoPlayOnHover\" : true,\n            \"prevNextButtons\": true,\n            \"contain\" : true,\n            \"adaptiveHeight\" : true,\n            \"dragThreshold\" : 10,\n            \"percentPosition\": true,\n            \"pageDots\": false,\n            \"rightToLeft\": false,\n            \"draggable\": true,\n            \"selectedAttraction\": 0.1,\n            \"parallax\" : 0,\n            \"friction\": 0.6        }'\n        >\n        \n\n\n  <div class=\"banner has-hover\" id=\"banner-477007473\">\n          <div class=\"banner-inner fill\">\n        <div class=\"banner-bg fill\" >\n            <div class=\"bg fill bg-fill \"><\/div>\n                                    \n                    <\/div>\n        <div class=\"banner-layers container\">\n            <div class=\"fill banner-link\"><\/div>            \n\n\n        <\/div>\n      <\/div>\n\n              <div class=\"height-fix is-invisible\"><img decoding=\"async\" width=\"1020\" height=\"680\" src=\"https:\/\/www.hoteljardinsdemademoiselle.com\/wp-content\/uploads\/2020\/01\/facade-les-jardins-de-mademoiselle-1-1024x683.jpg\" class=\"attachment-large size-large\" alt=\"\" srcset=\"https:\/\/www.hoteljardinsdemademoiselle.com\/wp-content\/uploads\/2020\/01\/facade-les-jardins-de-mademoiselle-1-1024x683.jpg 1024w, https:\/\/www.hoteljardinsdemademoiselle.com\/wp-content\/uploads\/2020\/01\/facade-les-jardins-de-mademoiselle-1-300x200.jpg 300w, https:\/\/www.hoteljardinsdemademoiselle.com\/wp-content\/uploads\/2020\/01\/facade-les-jardins-de-mademoiselle-1-768x512.jpg 768w, https:\/\/www.hoteljardinsdemademoiselle.com\/wp-content\/uploads\/2020\/01\/facade-les-jardins-de-mademoiselle-1-1536x1024.jpg 1536w, https:\/\/www.hoteljardinsdemademoiselle.com\/wp-content\/uploads\/2020\/01\/facade-les-jardins-de-mademoiselle-1.jpg 1800w\" sizes=\"(max-width: 1020px) 100vw, 1020px\" \/><\/div>\n            \n<style>\n#banner-477007473 .bg.bg-loaded {\n  background-image: url(https:\/\/www.hoteljardinsdemademoiselle.com\/wp-content\/uploads\/2020\/01\/facade-les-jardins-de-mademoiselle-1-1024x683.jpg);\n}\n<\/style>\n  <\/div>\n\n\n\n     <\/div>\n\n     <div class=\"loading-spin dark large centered\"><\/div>\n\n     <\/div>\n\n\n\n\t\t<\/div>\n\n\t\t\n<style>\n#section_787559428 {\n  padding-top: 0px;\n  padding-bottom: 0px;\n}\n<\/style>\n\t<\/section>\n\t\n\t<section class=\"section\" id=\"section_393912957\">\n\t\t<div class=\"bg section-bg fill bg-fill  bg-loaded\" >\n\n\t\t\t\n\t\t\t\n\t\t\t\n\n\t\t<\/div>\n\n\t\t<div class=\"section-content relative\">\n\t\t\t\n\n<div class=\"row\"  id=\"row-1550928653\">\n\n\n\t<div id=\"col-874610923\" class=\"col small-12 large-12\"  >\n\t\t<div class=\"col-inner\"  >\n\t\t\t\n\t\t\t\n\n<h2 style=\"text-align: center;\">Um pouco de hist\u00f3ria<\/h2>\n<p>&nbsp;<\/p>\n<blockquote>\n<p>Outrora um caminho tra\u00e7ado em 1790 para ligar Vaugirard ao campo da plan\u00edcie de Grenelle, e mais tarde ampliado, esta rua deve o seu nome \u00e0 Mademoiselle, filha do Duque de Berry que, no dia 2 de setembro de 1827 assistiu, ao lado da Duquesa de Angoul\u00eame, sua tia, \u00e0 coloca\u00e7\u00e3o da primeira pedra da igreja de S\u00e3o Jo\u00e3o Batista de Grenelle. Os prolongamentos desta rua que, em 1804, se limitava \u00e0 se\u00e7\u00e3o compreendida entre as ruas Quinault e de La Croix de Nivert, foram decididos em 1844, mas s\u00f3 foram come\u00e7ados no segundo imp\u00e9rio.<\/p>\n<\/blockquote>\n<p><em><strong>Fonte:<\/strong> Dictionnaire Historique des Rues de Paris de Monsieur Jacques Hillairet, \u00c9ditions de Minuit.<\/em><\/p>\n\n\t\t<\/div>\n\t\t\t<\/div>\n\n\t\n\n<\/div>\n\n\t\t<\/div>\n\n\t\t\n<style>\n#section_393912957 {\n  padding-top: 30px;\n  padding-bottom: 30px;\n}\n<\/style>\n\t<\/section>\n\t\n\t<section class=\"section\" id=\"section_207740161\">\n\t\t<div class=\"bg section-bg fill bg-fill  bg-loaded\" >\n\n\t\t\t\n\t\t\t\n\t\t\t\n\n\t\t<\/div>\n\n\t\t<div class=\"section-content relative\">\n\t\t\t\n\n<h2 style=\"text-align: center;\">Siga-nos no Instagram<\/h2>\nInstagram did not return a 200.\n\n\n\t\t<\/div>\n\n\t\t\n<style>\n#section_207740161 {\n  padding-top: 30px;\n  padding-bottom: 30px;\n}\n<\/style>\n\t<\/section>\n\t\n\n","protected":false},"excerpt":{"rendered":"","protected":false},"author":1,"featured_media":0,"parent":0,"menu_order":0,"comment_status":"closed","ping_status":"closed","template":"page-transparent-header.php","meta":{"footnotes":""},"class_list":["post-1186","page","type-page","status-publish","hentry"],"yoast_head":"<!-- This site is optimized with the Yoast SEO plugin v25.1 - https:\/\/yoast.com\/wordpress\/plugins\/seo\/ -->\n<title>A hist\u00f3ria do hotel Jardins de Mademoiselle, um boutique hotel parisiense<\/title>\n<meta name=\"description\" content=\"Nosso boutique hotel no cora\u00e7\u00e3o do 15\u00b0 distrito e toda a sua hist\u00f3ria. A Rue Mademoiselle lhe desvenda os seus segredos! Reserve diretamente com o hotel pelo melhor pre\u00e7o\" \/>\n<meta name=\"robots\" content=\"index, follow, max-snippet:-1, max-image-preview:large, max-video-preview:-1\" \/>\n<link rel=\"canonical\" href=\"https:\/\/www.hoteljardinsdemademoiselle.com\/pt-br\/historia\/\" \/>\n<meta property=\"og:locale\" content=\"pt_BR\" \/>\n<meta property=\"og:type\" content=\"article\" \/>\n<meta property=\"og:title\" content=\"A hist\u00f3ria do hotel Jardins de Mademoiselle, um boutique hotel parisiense\" \/>\n<meta property=\"og:description\" content=\"Nosso boutique hotel no cora\u00e7\u00e3o do 15\u00b0 distrito e toda a sua hist\u00f3ria. A Rue Mademoiselle lhe desvenda os seus segredos! Reserve diretamente com o hotel pelo melhor pre\u00e7o\" \/>\n<meta property=\"og:url\" content=\"https:\/\/www.hoteljardinsdemademoiselle.com\/pt-br\/historia\/\" \/>\n<meta property=\"og:site_name\" content=\"Les Jardins de Mademoiselle\" \/>\n<meta property=\"article:modified_time\" content=\"2020-03-09T14:21:56+00:00\" \/>\n<meta name=\"twitter:card\" content=\"summary_large_image\" \/>\n<meta name=\"twitter:label1\" content=\"Est. tempo de leitura\" \/>\n\t<meta name=\"twitter:data1\" content=\"1 minuto\" \/>\n<script type=\"application\/ld+json\" class=\"yoast-schema-graph\">{\"@context\":\"https:\/\/schema.org\",\"@graph\":[{\"@type\":\"WebPage\",\"@id\":\"https:\/\/www.hoteljardinsdemademoiselle.com\/pt-br\/historia\/\",\"url\":\"https:\/\/www.hoteljardinsdemademoiselle.com\/pt-br\/historia\/\",\"name\":\"A hist\u00f3ria do hotel Jardins de Mademoiselle, um boutique hotel parisiense\",\"isPartOf\":{\"@id\":\"https:\/\/www.hoteljardinsdemademoiselle.com\/pt-br\/#website\"},\"datePublished\":\"2020-01-31T11:43:57+00:00\",\"dateModified\":\"2020-03-09T14:21:56+00:00\",\"description\":\"Nosso boutique hotel no cora\u00e7\u00e3o do 15\u00b0 distrito e toda a sua hist\u00f3ria. A Rue Mademoiselle lhe desvenda os seus segredos! Reserve diretamente com o hotel pelo melhor pre\u00e7o\",\"breadcrumb\":{\"@id\":\"https:\/\/www.hoteljardinsdemademoiselle.com\/pt-br\/historia\/#breadcrumb\"},\"inLanguage\":\"pt-BR\",\"potentialAction\":[{\"@type\":\"ReadAction\",\"target\":[\"https:\/\/www.hoteljardinsdemademoiselle.com\/pt-br\/historia\/\"]}]},{\"@type\":\"BreadcrumbList\",\"@id\":\"https:\/\/www.hoteljardinsdemademoiselle.com\/pt-br\/historia\/#breadcrumb\",\"itemListElement\":[{\"@type\":\"ListItem\",\"position\":1,\"name\":\"Accueil\",\"item\":\"https:\/\/www.hoteljardinsdemademoiselle.com\/pt-br\/\"},{\"@type\":\"ListItem\",\"position\":2,\"name\":\"Histoire\"}]},{\"@type\":\"WebSite\",\"@id\":\"https:\/\/www.hoteljardinsdemademoiselle.com\/pt-br\/#website\",\"url\":\"https:\/\/www.hoteljardinsdemademoiselle.com\/pt-br\/\",\"name\":\"Les Jardins de Mademoiselle\",\"description\":\"H\u00f4tel 4 \u00e9toiles &amp; Spa Paris\",\"potentialAction\":[{\"@type\":\"SearchAction\",\"target\":{\"@type\":\"EntryPoint\",\"urlTemplate\":\"https:\/\/www.hoteljardinsdemademoiselle.com\/pt-br\/?s={search_term_string}\"},\"query-input\":{\"@type\":\"PropertyValueSpecification\",\"valueRequired\":true,\"valueName\":\"search_term_string\"}}],\"inLanguage\":\"pt-BR\"}]}<\/script>\n<!-- \/ Yoast SEO plugin. -->","yoast_head_json":{"title":"A hist\u00f3ria do hotel Jardins de Mademoiselle, um boutique hotel parisiense","description":"Nosso boutique hotel no cora\u00e7\u00e3o do 15\u00b0 distrito e toda a sua hist\u00f3ria. A Rue Mademoiselle lhe desvenda os seus segredos! Reserve diretamente com o hotel pelo melhor pre\u00e7o","robots":{"index":"index","follow":"follow","max-snippet":"max-snippet:-1","max-image-preview":"max-image-preview:large","max-video-preview":"max-video-preview:-1"},"canonical":"https:\/\/www.hoteljardinsdemademoiselle.com\/pt-br\/historia\/","og_locale":"pt_BR","og_type":"article","og_title":"A hist\u00f3ria do hotel Jardins de Mademoiselle, um boutique hotel parisiense","og_description":"Nosso boutique hotel no cora\u00e7\u00e3o do 15\u00b0 distrito e toda a sua hist\u00f3ria. A Rue Mademoiselle lhe desvenda os seus segredos! Reserve diretamente com o hotel pelo melhor pre\u00e7o","og_url":"https:\/\/www.hoteljardinsdemademoiselle.com\/pt-br\/historia\/","og_site_name":"Les Jardins de Mademoiselle","article_modified_time":"2020-03-09T14:21:56+00:00","twitter_card":"summary_large_image","twitter_misc":{"Est. tempo de leitura":"1 minuto"},"schema":{"@context":"https:\/\/schema.org","@graph":[{"@type":"WebPage","@id":"https:\/\/www.hoteljardinsdemademoiselle.com\/pt-br\/historia\/","url":"https:\/\/www.hoteljardinsdemademoiselle.com\/pt-br\/historia\/","name":"A hist\u00f3ria do hotel Jardins de Mademoiselle, um boutique hotel parisiense","isPartOf":{"@id":"https:\/\/www.hoteljardinsdemademoiselle.com\/pt-br\/#website"},"datePublished":"2020-01-31T11:43:57+00:00","dateModified":"2020-03-09T14:21:56+00:00","description":"Nosso boutique hotel no cora\u00e7\u00e3o do 15\u00b0 distrito e toda a sua hist\u00f3ria. A Rue Mademoiselle lhe desvenda os seus segredos! Reserve diretamente com o hotel pelo melhor pre\u00e7o","breadcrumb":{"@id":"https:\/\/www.hoteljardinsdemademoiselle.com\/pt-br\/historia\/#breadcrumb"},"inLanguage":"pt-BR","potentialAction":[{"@type":"ReadAction","target":["https:\/\/www.hoteljardinsdemademoiselle.com\/pt-br\/historia\/"]}]},{"@type":"BreadcrumbList","@id":"https:\/\/www.hoteljardinsdemademoiselle.com\/pt-br\/historia\/#breadcrumb","itemListElement":[{"@type":"ListItem","position":1,"name":"Accueil","item":"https:\/\/www.hoteljardinsdemademoiselle.com\/pt-br\/"},{"@type":"ListItem","position":2,"name":"Histoire"}]},{"@type":"WebSite","@id":"https:\/\/www.hoteljardinsdemademoiselle.com\/pt-br\/#website","url":"https:\/\/www.hoteljardinsdemademoiselle.com\/pt-br\/","name":"Les Jardins de Mademoiselle","description":"H\u00f4tel 4 \u00e9toiles &amp; Spa Paris","potentialAction":[{"@type":"SearchAction","target":{"@type":"EntryPoint","urlTemplate":"https:\/\/www.hoteljardinsdemademoiselle.com\/pt-br\/?s={search_term_string}"},"query-input":{"@type":"PropertyValueSpecification","valueRequired":true,"valueName":"search_term_string"}}],"inLanguage":"pt-BR"}]}},"_links":{"self":[{"href":"https:\/\/www.hoteljardinsdemademoiselle.com\/pt-br\/wp-json\/wp\/v2\/pages\/1186","targetHints":{"allow":["GET"]}}],"collection":[{"href":"https:\/\/www.hoteljardinsdemademoiselle.com\/pt-br\/wp-json\/wp\/v2\/pages"}],"about":[{"href":"https:\/\/www.hoteljardinsdemademoiselle.com\/pt-br\/wp-json\/wp\/v2\/types\/page"}],"author":[{"embeddable":true,"href":"https:\/\/www.hoteljardinsdemademoiselle.com\/pt-br\/wp-json\/wp\/v2\/users\/1"}],"replies":[{"embeddable":true,"href":"https:\/\/www.hoteljardinsdemademoiselle.com\/pt-br\/wp-json\/wp\/v2\/comments?post=1186"}],"version-history":[{"count":3,"href":"https:\/\/www.hoteljardinsdemademoiselle.com\/pt-br\/wp-json\/wp\/v2\/pages\/1186\/revisions"}],"predecessor-version":[{"id":1522,"href":"https:\/\/www.hoteljardinsdemademoiselle.com\/pt-br\/wp-json\/wp\/v2\/pages\/1186\/revisions\/1522"}],"wp:attachment":[{"href":"https:\/\/www.hoteljardinsdemademoiselle.com\/pt-br\/wp-json\/wp\/v2\/media?parent=1186"}],"curies":[{"name":"wp","href":"https:\/\/api.w.org\/{rel}","templated":true}]}}