{"id":1166,"date":"2020-01-06T10:46:44","date_gmt":"2020-01-06T09:46:44","guid":{"rendered":"https:\/\/www.hoteljardinsdemademoiselle.com\/chambre-superieure\/"},"modified":"2025-06-16T19:07:05","modified_gmt":"2025-06-16T17:07:05","slug":"quarto-superior","status":"publish","type":"page","link":"https:\/\/www.hoteljardinsdemademoiselle.com\/pt-br\/quarto-superior\/","title":{"rendered":"chambre sup\u00e9rieure"},"content":{"rendered":"\n\t<section class=\"section\" id=\"section_2068810321\">\n\t\t<div class=\"bg section-bg fill bg-fill  bg-loaded\" >\n\n\t\t\t\n\t\t\t\n\t\t\t\n\n\t\t<\/div>\n\n\t\t<div class=\"section-content relative\">\n\t\t\t\n\n<div class=\"slider-wrapper relative\" id=\"slider-1282877061\" >\n    <div class=\"slider slider-nav-circle slider-nav-large slider-nav-light slider-style-normal\"\n        data-flickity-options='{\n            \"cellAlign\": \"center\",\n            \"imagesLoaded\": true,\n            \"lazyLoad\": 1,\n            \"freeScroll\": false,\n            \"wrapAround\": true,\n            \"autoPlay\": 6000,\n            \"pauseAutoPlayOnHover\" : true,\n            \"prevNextButtons\": true,\n            \"contain\" : true,\n            \"adaptiveHeight\" : true,\n            \"dragThreshold\" : 10,\n            \"percentPosition\": true,\n            \"pageDots\": true,\n            \"rightToLeft\": false,\n            \"draggable\": true,\n            \"selectedAttraction\": 0.1,\n            \"parallax\" : 0,\n            \"friction\": 0.6        }'\n        >\n        \n\n\n  <div class=\"banner has-hover\" id=\"banner-1674934637\">\n          <div class=\"banner-inner fill\">\n        <div class=\"banner-bg fill\" >\n            <div class=\"bg fill bg-fill \"><\/div>\n                                    \n                    <\/div>\n        <div class=\"banner-layers container\">\n            <div class=\"fill banner-link\"><\/div>            \n\n\n        <\/div>\n      <\/div>\n\n            \n<style>\n#banner-1674934637 {\n  padding-top: 56.25%;\n}\n#banner-1674934637 .bg.bg-loaded {\n  background-image: url(https:\/\/www.hoteljardinsdemademoiselle.com\/wp-content\/uploads\/2020\/02\/HOTEL-JDM_CHAMBRE305_1.jpg);\n}\n<\/style>\n  <\/div>\n\n\n\n  <div class=\"banner has-hover\" id=\"banner-851221720\">\n          <div class=\"banner-inner fill\">\n        <div class=\"banner-bg fill\" >\n            <div class=\"bg fill bg-fill \"><\/div>\n                                    \n                    <\/div>\n        <div class=\"banner-layers container\">\n            <div class=\"fill banner-link\"><\/div>            \n\n\n        <\/div>\n      <\/div>\n\n            \n<style>\n#banner-851221720 {\n  padding-top: 56.25%;\n}\n#banner-851221720 .bg.bg-loaded {\n  background-image: url(https:\/\/www.hoteljardinsdemademoiselle.com\/wp-content\/uploads\/2020\/01\/chambre-superieure-2.jpg);\n}\n<\/style>\n  <\/div>\n\n\n\n  <div class=\"banner has-hover\" id=\"banner-359235827\">\n          <div class=\"banner-inner fill\">\n        <div class=\"banner-bg fill\" >\n            <div class=\"bg fill bg-fill \"><\/div>\n                                    \n                    <\/div>\n        <div class=\"banner-layers container\">\n            <div class=\"fill banner-link\"><\/div>            \n\n\n        <\/div>\n      <\/div>\n\n            \n<style>\n#banner-359235827 {\n  padding-top: 56.25%;\n}\n#banner-359235827 .bg.bg-loaded {\n  background-image: url(https:\/\/www.hoteljardinsdemademoiselle.com\/wp-content\/uploads\/2020\/01\/chambre-superieure-3.jpg);\n}\n<\/style>\n  <\/div>\n\n\n\n  <div class=\"banner has-hover\" id=\"banner-781358256\">\n          <div class=\"banner-inner fill\">\n        <div class=\"banner-bg fill\" >\n            <div class=\"bg fill bg-fill \"><\/div>\n                                    \n                    <\/div>\n        <div class=\"banner-layers container\">\n            <div class=\"fill banner-link\"><\/div>            \n\n\n        <\/div>\n      <\/div>\n\n            \n<style>\n#banner-781358256 {\n  padding-top: 56.25%;\n}\n#banner-781358256 .bg.bg-loaded {\n  background-image: url(https:\/\/www.hoteljardinsdemademoiselle.com\/wp-content\/uploads\/2020\/02\/HOTEL-JDM_CHAMBRE305_7.jpg);\n}\n<\/style>\n  <\/div>\n\n\n\n  <div class=\"banner has-hover\" id=\"banner-469850795\">\n          <div class=\"banner-inner fill\">\n        <div class=\"banner-bg fill\" >\n            <div class=\"bg fill bg-fill \"><\/div>\n                                    \n                    <\/div>\n        <div class=\"banner-layers container\">\n            <div class=\"fill banner-link\"><\/div>            \n\n\n        <\/div>\n      <\/div>\n\n            \n<style>\n#banner-469850795 {\n  padding-top: 56.25%;\n}\n#banner-469850795 .bg.bg-loaded {\n  background-image: url(https:\/\/www.hoteljardinsdemademoiselle.com\/wp-content\/uploads\/2020\/02\/HOTEL-JDM_CHAMBRE402_7.jpg);\n}\n<\/style>\n  <\/div>\n\n\n\n     <\/div>\n\n     <div class=\"loading-spin dark large centered\"><\/div>\n\n     <\/div>\n\n\n\n\t\t<\/div>\n\n\t\t\n<style>\n#section_2068810321 {\n  padding-top: 0px;\n  padding-bottom: 0px;\n}\n<\/style>\n\t<\/section>\n\t\n\t<section class=\"section\" id=\"section_1012089310\">\n\t\t<div class=\"bg section-bg fill bg-fill  bg-loaded\" >\n\n\t\t\t\n\t\t\t\n\t\t\t\n\n\t\t<\/div>\n\n\t\t<div class=\"section-content relative\">\n\t\t\t\n\n<div class=\"row\"  id=\"row-1745273205\">\n\n\n\t<div id=\"col-617595627\" class=\"col small-12 large-12\"  >\n\t\t<div class=\"col-inner\"  >\n\t\t\t\n\t\t\t\n\n<h2 style=\"text-align: center;\">Quarto Superior<\/h2>\n<p style=\"text-align: center;\">2 pessoas &#8211; de 17 a 18 m\u00b2 &#8211; Cama 150 cm ou 2 camas de 80 cm<\/p>\n<p>Nosso quarto superior lhe oferece um espa\u00e7o generoso. Ele se adapta a todas as suas necessidades: cama de casal ou duas camas de solteiro lado a lado, com vista sobre a rua ou o jardim.<\/p>\n<p>Um deles disp\u00f5e de uma bela varanda para que voc\u00ea possa saborear o seu caf\u00e9 da manh\u00e3 com vista sobre o jardim interior (somente sob pedido e conforme a disponibilidade)<\/p>\n<a rel=\"noopener noreferrer\" href=\"https:\/\/www.secure-hotel-booking.com\/Les-Jardins-de-Mademoiselle\/2XA3\/dateselection?language=pt\" target=\"_blank\" class=\"button secondary is-outline lowercase expand\"  >\n    <span>Reserve o seu quarto<\/span>\n  <\/a>\n\n\n<div class=\"row row-small\"  id=\"row-29400169\">\n\n\n\t<div id=\"col-2083381234\" class=\"col small-12 large-12\"  >\n\t\t<div class=\"col-inner\"  >\n\t\t\t\n\t\t\t\n\n<p style=\"text-align:center\"> <img decoding=\"async\" class=\"alignnone size-medium wp-image-7159\" src=\"http:\/\/www.hoteljardinsdemademoiselle.com\/images\/pictos\/seche-cheveux.png\" alt=\"\" title=\"Secador de cabelos\" width=\"70\" height=\"65\"> <img decoding=\"async\" class=\"alignnone size-medium wp-image-7166\" src=\"http:\/\/www.hoteljardinsdemademoiselle.com\/images\/pictos\/\/serviettes-peignoir.png\" alt=\"\" title=\"Roup\u00e3o\" width=\"70\" height=\"65\"> <img decoding=\"async\" class=\"alignnone size-medium wp-image-7173\" src=\"http:\/\/www.hoteljardinsdemademoiselle.com\/images\/pictos\/telephone.png\" alt=\"\" title=\"Telefone\" width=\"70\" height=\"65\"> <img decoding=\"async\" class=\"alignnone size-medium wp-image-7180\" src=\"http:\/\/www.hoteljardinsdemademoiselle.com\/images\/pictos\/television.png\" alt=\"\" title=\"Ecr\u00e3 plano\" width=\"70\" height=\"65\"> <img decoding=\"async\" class=\"alignnone size-medium wp-image-7187\" src=\"http:\/\/www.hoteljardinsdemademoiselle.com\/images\/pictos\/wifi.png\" alt=\"\" title=\"Wi-Fi gratuito\" width=\"70\" height=\"65\"> <img decoding=\"async\" class=\"alignnone size-medium wp-image-7194\" src=\"http:\/\/www.hoteljardinsdemademoiselle.com\/images\/pictos\/air-conditionne.png\" alt=\"\" title=\"Climatiza\u00e7\u00e3o individual\" width=\"70\" height=\"65\"> <img decoding=\"async\" class=\"alignnone size-medium wp-image-7201\" src=\"http:\/\/www.hoteljardinsdemademoiselle.com\/images\/pictos\/baignoire.png\" alt=\"\" title=\"\nBanheiro com banheira ou chuveiro\" width=\"70\" height=\"65\"> <img decoding=\"async\" class=\"alignnone size-medium wp-image-7208\" src=\"http:\/\/www.hoteljardinsdemademoiselle.com\/images\/pictos\/coffre-fort.png\" alt=\"\" title=\"Cofre-fort\" width=\"70\" height=\"65\"> <img decoding=\"async\" class=\"alignnone size-medium wp-image-7215\" src=\"http:\/\/www.hoteljardinsdemademoiselle.com\/images\/pictos\/non-fumeur.png\" alt=\"\" title=\"n\u00e3o fumante\" width=\"70\" height=\"65\"> <img decoding=\"async\" class=\"alignnone size-medium wp-image-7222\" src=\"http:\/\/www.hoteljardinsdemademoiselle.com\/images\/pictos\/plateau-courtoisie.png\" alt=\"\" title=\"Bandeja de cortesia\" width=\"70\" height=\"65\"> <img decoding=\"async\" class=\"alignnone size-medium wp-image-7229\" src=\"http:\/\/www.hoteljardinsdemademoiselle.com\/images\/pictos\/produits-acceuil.png\" alt=\"\" title=\"Produtos de boas-vindas \" width=\"70\" height=\"65\"><\/p>\n<h3 style=\"text-align: center;\">Equipamentos &#038; Informa\u00e7\u00f5es<\/h3>\n<p>O pequeno-almo\u00e7o \u00e9 servido no seu quarto ou no lounge do Les Jardins de Mademoiselle, das 7h30 \u00e0s 10h durante a semana e das 7h30 \u00e0s 11h aos fins de semana.<\/p>\n\n\t\t<\/div>\n\t\t\t<\/div>\n\n\t\n\n\n<style>\n#row-29400169 > .col > .col-inner {\n  padding: 30px 0px 0px 0px;\n}\n<\/style>\n<\/div>\n<div class=\"row row-small\"  id=\"row-483290626\">\n\n\n\t<div id=\"col-878284254\" class=\"col medium-6 small-12 large-6\"  >\n\t\t<div class=\"col-inner\"  >\n\t\t\t\n\t\t\t\n\n<ul>\n<li>Wi-Fi gratuito e ilimitado<\/li>\n<li>Vista sobre a Rue Mademoiselle ou Corredor exterior com vista ao Jardim<\/li>\n<li>Mesa de escrit\u00f3rio com cadeira<\/li>\n<li>Roup\u00f5es e chinelos de quarto<\/li>\n<li>Produtos para o corpo Sothys<\/li>\n<li>Arm\u00e1rio, c\u00f4modas e diversos espa\u00e7os de organiza\u00e7\u00e3o<\/li>\n<\/ul>\n\n\t\t<\/div>\n\t\t\t<\/div>\n\n\t\n\n\t<div id=\"col-918394180\" class=\"col medium-6 small-12 large-6\"  >\n\t\t<div class=\"col-inner\"  >\n\t\t\t\n\t\t\t\n\n<ul>\n<li>Bandeja de cortesia: chaleira, x\u00edcaras, caf\u00e9, ch\u00e1 e uma m\u00e1quina de caf\u00e9 de c\u00e1psula<\/li>\n<li>SmartTV com tela plana e canais internacionais<\/li>\n<li>Criados-mudos com abajures<\/li>\n<li>Cabeceira com variador de luz<\/li>\n<li>Minibar com \u00e1gua mineral<\/li>\n<li>beIN Sports<\/li>\n<\/ul>\n\n\t\t<\/div>\n\t\t\t<\/div>\n\n\t\n\n<\/div>\n\n\t\t<\/div>\n\t\t\t<\/div>\n\n\t\n\n<\/div>\n\n\t\t<\/div>\n\n\t\t\n<style>\n#section_1012089310 {\n  padding-top: 30px;\n  padding-bottom: 30px;\n}\n<\/style>\n\t<\/section>\n\t\n\n","protected":false},"excerpt":{"rendered":"","protected":false},"author":1,"featured_media":0,"parent":0,"menu_order":0,"comment_status":"closed","ping_status":"closed","template":"page-transparent-header.php","meta":{"footnotes":""},"class_list":["post-1166","page","type-page","status-publish","hentry"],"yoast_head":"<!-- This site is optimized with the Yoast SEO plugin v25.1 - https:\/\/yoast.com\/wordpress\/plugins\/seo\/ -->\n<title>Jardins de Mademoiselle quarto Superior - Hotel com SPA Paris 15\u00b0<\/title>\n<meta name=\"description\" content=\"O quarto Superior do nosso hotel 4**** com piscina, no cora\u00e7\u00e3o do 15\u00b0 distrito de Paris. 2 pessoas - de 16 a 18 m\u00b2 - Cama 150 cm ou 2 camas de 80 cm\" \/>\n<meta name=\"robots\" content=\"index, follow, max-snippet:-1, max-image-preview:large, max-video-preview:-1\" \/>\n<link rel=\"canonical\" href=\"https:\/\/www.hoteljardinsdemademoiselle.com\/pt-br\/quarto-superior\/\" \/>\n<meta property=\"og:locale\" content=\"pt_BR\" \/>\n<meta property=\"og:type\" content=\"article\" \/>\n<meta property=\"og:title\" content=\"Jardins de Mademoiselle quarto Superior - Hotel com SPA Paris 15\u00b0\" \/>\n<meta property=\"og:description\" content=\"O quarto Superior do nosso hotel 4**** com piscina, no cora\u00e7\u00e3o do 15\u00b0 distrito de Paris. 2 pessoas - de 16 a 18 m\u00b2 - Cama 150 cm ou 2 camas de 80 cm\" \/>\n<meta property=\"og:url\" content=\"https:\/\/www.hoteljardinsdemademoiselle.com\/pt-br\/quarto-superior\/\" \/>\n<meta property=\"og:site_name\" content=\"Les Jardins de Mademoiselle\" \/>\n<meta property=\"article:modified_time\" content=\"2025-06-16T17:07:05+00:00\" \/>\n<meta name=\"twitter:card\" content=\"summary_large_image\" \/>\n<meta name=\"twitter:label1\" content=\"Est. tempo de leitura\" \/>\n\t<meta name=\"twitter:data1\" content=\"2 minutos\" \/>\n<script type=\"application\/ld+json\" class=\"yoast-schema-graph\">{\"@context\":\"https:\/\/schema.org\",\"@graph\":[{\"@type\":\"WebPage\",\"@id\":\"https:\/\/www.hoteljardinsdemademoiselle.com\/pt-br\/quarto-superior\/\",\"url\":\"https:\/\/www.hoteljardinsdemademoiselle.com\/pt-br\/quarto-superior\/\",\"name\":\"Jardins de Mademoiselle quarto Superior - Hotel com SPA Paris 15\u00b0\",\"isPartOf\":{\"@id\":\"https:\/\/www.hoteljardinsdemademoiselle.com\/pt-br\/#website\"},\"primaryImageOfPage\":{\"@id\":\"https:\/\/www.hoteljardinsdemademoiselle.com\/pt-br\/quarto-superior\/#primaryimage\"},\"image\":{\"@id\":\"https:\/\/www.hoteljardinsdemademoiselle.com\/pt-br\/quarto-superior\/#primaryimage\"},\"thumbnailUrl\":\"http:\/\/www.hoteljardinsdemademoiselle.com\/images\/pictos\/seche-cheveux.png\",\"datePublished\":\"2020-01-06T09:46:44+00:00\",\"dateModified\":\"2025-06-16T17:07:05+00:00\",\"description\":\"O quarto Superior do nosso hotel 4**** com piscina, no cora\u00e7\u00e3o do 15\u00b0 distrito de Paris. 2 pessoas - de 16 a 18 m\u00b2 - Cama 150 cm ou 2 camas de 80 cm\",\"breadcrumb\":{\"@id\":\"https:\/\/www.hoteljardinsdemademoiselle.com\/pt-br\/quarto-superior\/#breadcrumb\"},\"inLanguage\":\"pt-BR\",\"potentialAction\":[{\"@type\":\"ReadAction\",\"target\":[\"https:\/\/www.hoteljardinsdemademoiselle.com\/pt-br\/quarto-superior\/\"]}]},{\"@type\":\"ImageObject\",\"inLanguage\":\"pt-BR\",\"@id\":\"https:\/\/www.hoteljardinsdemademoiselle.com\/pt-br\/quarto-superior\/#primaryimage\",\"url\":\"http:\/\/www.hoteljardinsdemademoiselle.com\/images\/pictos\/seche-cheveux.png\",\"contentUrl\":\"http:\/\/www.hoteljardinsdemademoiselle.com\/images\/pictos\/seche-cheveux.png\"},{\"@type\":\"BreadcrumbList\",\"@id\":\"https:\/\/www.hoteljardinsdemademoiselle.com\/pt-br\/quarto-superior\/#breadcrumb\",\"itemListElement\":[{\"@type\":\"ListItem\",\"position\":1,\"name\":\"Accueil\",\"item\":\"https:\/\/www.hoteljardinsdemademoiselle.com\/pt-br\/\"},{\"@type\":\"ListItem\",\"position\":2,\"name\":\"chambre sup\u00e9rieure\"}]},{\"@type\":\"WebSite\",\"@id\":\"https:\/\/www.hoteljardinsdemademoiselle.com\/pt-br\/#website\",\"url\":\"https:\/\/www.hoteljardinsdemademoiselle.com\/pt-br\/\",\"name\":\"Les Jardins de Mademoiselle\",\"description\":\"H\u00f4tel 4 \u00e9toiles &amp; Spa Paris\",\"potentialAction\":[{\"@type\":\"SearchAction\",\"target\":{\"@type\":\"EntryPoint\",\"urlTemplate\":\"https:\/\/www.hoteljardinsdemademoiselle.com\/pt-br\/?s={search_term_string}\"},\"query-input\":{\"@type\":\"PropertyValueSpecification\",\"valueRequired\":true,\"valueName\":\"search_term_string\"}}],\"inLanguage\":\"pt-BR\"}]}<\/script>\n<!-- \/ Yoast SEO plugin. -->","yoast_head_json":{"title":"Jardins de Mademoiselle quarto Superior - Hotel com SPA Paris 15\u00b0","description":"O quarto Superior do nosso hotel 4**** com piscina, no cora\u00e7\u00e3o do 15\u00b0 distrito de Paris. 2 pessoas - de 16 a 18 m\u00b2 - Cama 150 cm ou 2 camas de 80 cm","robots":{"index":"index","follow":"follow","max-snippet":"max-snippet:-1","max-image-preview":"max-image-preview:large","max-video-preview":"max-video-preview:-1"},"canonical":"https:\/\/www.hoteljardinsdemademoiselle.com\/pt-br\/quarto-superior\/","og_locale":"pt_BR","og_type":"article","og_title":"Jardins de Mademoiselle quarto Superior - Hotel com SPA Paris 15\u00b0","og_description":"O quarto Superior do nosso hotel 4**** com piscina, no cora\u00e7\u00e3o do 15\u00b0 distrito de Paris. 2 pessoas - de 16 a 18 m\u00b2 - Cama 150 cm ou 2 camas de 80 cm","og_url":"https:\/\/www.hoteljardinsdemademoiselle.com\/pt-br\/quarto-superior\/","og_site_name":"Les Jardins de Mademoiselle","article_modified_time":"2025-06-16T17:07:05+00:00","twitter_card":"summary_large_image","twitter_misc":{"Est. tempo de leitura":"2 minutos"},"schema":{"@context":"https:\/\/schema.org","@graph":[{"@type":"WebPage","@id":"https:\/\/www.hoteljardinsdemademoiselle.com\/pt-br\/quarto-superior\/","url":"https:\/\/www.hoteljardinsdemademoiselle.com\/pt-br\/quarto-superior\/","name":"Jardins de Mademoiselle quarto Superior - Hotel com SPA Paris 15\u00b0","isPartOf":{"@id":"https:\/\/www.hoteljardinsdemademoiselle.com\/pt-br\/#website"},"primaryImageOfPage":{"@id":"https:\/\/www.hoteljardinsdemademoiselle.com\/pt-br\/quarto-superior\/#primaryimage"},"image":{"@id":"https:\/\/www.hoteljardinsdemademoiselle.com\/pt-br\/quarto-superior\/#primaryimage"},"thumbnailUrl":"http:\/\/www.hoteljardinsdemademoiselle.com\/images\/pictos\/seche-cheveux.png","datePublished":"2020-01-06T09:46:44+00:00","dateModified":"2025-06-16T17:07:05+00:00","description":"O quarto Superior do nosso hotel 4**** com piscina, no cora\u00e7\u00e3o do 15\u00b0 distrito de Paris. 2 pessoas - de 16 a 18 m\u00b2 - Cama 150 cm ou 2 camas de 80 cm","breadcrumb":{"@id":"https:\/\/www.hoteljardinsdemademoiselle.com\/pt-br\/quarto-superior\/#breadcrumb"},"inLanguage":"pt-BR","potentialAction":[{"@type":"ReadAction","target":["https:\/\/www.hoteljardinsdemademoiselle.com\/pt-br\/quarto-superior\/"]}]},{"@type":"ImageObject","inLanguage":"pt-BR","@id":"https:\/\/www.hoteljardinsdemademoiselle.com\/pt-br\/quarto-superior\/#primaryimage","url":"http:\/\/www.hoteljardinsdemademoiselle.com\/images\/pictos\/seche-cheveux.png","contentUrl":"http:\/\/www.hoteljardinsdemademoiselle.com\/images\/pictos\/seche-cheveux.png"},{"@type":"BreadcrumbList","@id":"https:\/\/www.hoteljardinsdemademoiselle.com\/pt-br\/quarto-superior\/#breadcrumb","itemListElement":[{"@type":"ListItem","position":1,"name":"Accueil","item":"https:\/\/www.hoteljardinsdemademoiselle.com\/pt-br\/"},{"@type":"ListItem","position":2,"name":"chambre sup\u00e9rieure"}]},{"@type":"WebSite","@id":"https:\/\/www.hoteljardinsdemademoiselle.com\/pt-br\/#website","url":"https:\/\/www.hoteljardinsdemademoiselle.com\/pt-br\/","name":"Les Jardins de Mademoiselle","description":"H\u00f4tel 4 \u00e9toiles &amp; Spa Paris","potentialAction":[{"@type":"SearchAction","target":{"@type":"EntryPoint","urlTemplate":"https:\/\/www.hoteljardinsdemademoiselle.com\/pt-br\/?s={search_term_string}"},"query-input":{"@type":"PropertyValueSpecification","valueRequired":true,"valueName":"search_term_string"}}],"inLanguage":"pt-BR"}]}},"_links":{"self":[{"href":"https:\/\/www.hoteljardinsdemademoiselle.com\/pt-br\/wp-json\/wp\/v2\/pages\/1166","targetHints":{"allow":["GET"]}}],"collection":[{"href":"https:\/\/www.hoteljardinsdemademoiselle.com\/pt-br\/wp-json\/wp\/v2\/pages"}],"about":[{"href":"https:\/\/www.hoteljardinsdemademoiselle.com\/pt-br\/wp-json\/wp\/v2\/types\/page"}],"author":[{"embeddable":true,"href":"https:\/\/www.hoteljardinsdemademoiselle.com\/pt-br\/wp-json\/wp\/v2\/users\/1"}],"replies":[{"embeddable":true,"href":"https:\/\/www.hoteljardinsdemademoiselle.com\/pt-br\/wp-json\/wp\/v2\/comments?post=1166"}],"version-history":[{"count":9,"href":"https:\/\/www.hoteljardinsdemademoiselle.com\/pt-br\/wp-json\/wp\/v2\/pages\/1166\/revisions"}],"predecessor-version":[{"id":3726,"href":"https:\/\/www.hoteljardinsdemademoiselle.com\/pt-br\/wp-json\/wp\/v2\/pages\/1166\/revisions\/3726"}],"wp:attachment":[{"href":"https:\/\/www.hoteljardinsdemademoiselle.com\/pt-br\/wp-json\/wp\/v2\/media?parent=1166"}],"curies":[{"name":"wp","href":"https:\/\/api.w.org\/{rel}","templated":true}]}}