{"id":1156,"date":"2020-01-14T15:45:27","date_gmt":"2020-01-14T14:45:27","guid":{"rendered":"https:\/\/www.hoteljardinsdemademoiselle.com\/offre-business-entreprise\/"},"modified":"2024-07-11T15:50:27","modified_gmt":"2024-07-11T13:50:27","slug":"vantagens-profissionais-business","status":"publish","type":"page","link":"https:\/\/www.hoteljardinsdemademoiselle.com\/pt-br\/vantagens-profissionais-business\/","title":{"rendered":"Business"},"content":{"rendered":"\n\t<section class=\"section\" id=\"section_93697729\">\n\t\t<div class=\"bg section-bg fill bg-fill  bg-loaded\" >\n\n\t\t\t\n\t\t\t<button class=\"scroll-for-more z-5 icon absolute bottom h-center\"><i class=\"icon-angle-down\" style=\"font-size:42px;\"><\/i><\/button>\n\t\t\t\n\n\t\t<\/div>\n\n\t\t<div class=\"section-content relative\">\n\t\t\t\n\n<div class=\"slider-wrapper relative\" id=\"slider-740489413\" >\n    <div class=\"slider slider-nav-circle slider-nav-large slider-nav-light slider-style-normal\"\n        data-flickity-options='{\n            \"cellAlign\": \"center\",\n            \"imagesLoaded\": true,\n            \"lazyLoad\": 1,\n            \"freeScroll\": false,\n            \"wrapAround\": true,\n            \"autoPlay\": 3000,\n            \"pauseAutoPlayOnHover\" : true,\n            \"prevNextButtons\": true,\n            \"contain\" : true,\n            \"adaptiveHeight\" : true,\n            \"dragThreshold\" : 10,\n            \"percentPosition\": true,\n            \"pageDots\": false,\n            \"rightToLeft\": false,\n            \"draggable\": true,\n            \"selectedAttraction\": 0.1,\n            \"parallax\" : 0,\n            \"friction\": 0.6        }'\n        >\n        \n\n\n  <div class=\"banner has-hover\" id=\"banner-766986423\">\n          <div class=\"banner-inner fill\">\n        <div class=\"banner-bg fill\" >\n            <div class=\"bg fill bg-fill \"><\/div>\n                                    \n                    <\/div>\n        <div class=\"banner-layers container\">\n            <div class=\"fill banner-link\"><\/div>            \n\n\n        <\/div>\n      <\/div>\n\n            \n<style>\n#banner-766986423 {\n  padding-top: 56.25%;\n}\n#banner-766986423 .bg.bg-loaded {\n  background-image: url(https:\/\/www.hoteljardinsdemademoiselle.com\/wp-content\/uploads\/2020\/01\/facade-les-jardins-de-mademoiselle-1.jpg);\n}\n<\/style>\n  <\/div>\n\n\n\n  <div class=\"banner has-hover\" id=\"banner-297427530\">\n          <div class=\"banner-inner fill\">\n        <div class=\"banner-bg fill\" >\n            <div class=\"bg fill bg-fill \"><\/div>\n                                    \n                    <\/div>\n        <div class=\"banner-layers container\">\n            <div class=\"fill banner-link\"><\/div>            \n\n\n        <\/div>\n      <\/div>\n\n            \n<style>\n#banner-297427530 {\n  padding-top: 56.25%;\n}\n#banner-297427530 .bg.bg-loaded {\n  background-image: url(https:\/\/www.hoteljardinsdemademoiselle.com\/wp-content\/uploads\/2020\/02\/HOTEL-JDM_CHAMBRE601_20.jpg);\n}\n<\/style>\n  <\/div>\n\n\n\n  <div class=\"banner has-hover\" id=\"banner-1242023811\">\n          <div class=\"banner-inner fill\">\n        <div class=\"banner-bg fill\" >\n            <div class=\"bg fill bg-fill \"><\/div>\n                                    \n                    <\/div>\n        <div class=\"banner-layers container\">\n            <div class=\"fill banner-link\"><\/div>            \n\n\n        <\/div>\n      <\/div>\n\n            \n<style>\n#banner-1242023811 {\n  padding-top: 56.25%;\n}\n#banner-1242023811 .bg.bg-loaded {\n  background-image: url(https:\/\/www.hoteljardinsdemademoiselle.com\/wp-content\/uploads\/2020\/01\/piscine-jardins-de-mademoiselle-paris-4.jpg);\n}\n<\/style>\n  <\/div>\n\n\n\n     <\/div>\n\n     <div class=\"loading-spin dark large centered\"><\/div>\n\n     <\/div>\n\n\n\n\t\t<\/div>\n\n\t\t\n<style>\n#section_93697729 {\n  padding-top: 0px;\n  padding-bottom: 0px;\n}\n<\/style>\n\t<\/section>\n\t\n\t<section class=\"section\" id=\"section_536786507\">\n\t\t<div class=\"bg section-bg fill bg-fill  bg-loaded\" >\n\n\t\t\t\n\t\t\t\n\t\t\t\n\n\t\t<\/div>\n\n\t\t<div class=\"section-content relative\">\n\t\t\t\n\n<div class=\"row\"  id=\"row-1654437323\">\n\n\n\t<div id=\"col-1019744897\" class=\"col small-12 large-12\"  >\n\t\t<div class=\"col-inner\"  >\n\t\t\t\n\t\t\t\n\n<h2 style=\"text-align: center;\">Vantagens para as suas estadias &#8220;profissionais&#8221; o ano todo!<\/h2>\n<p><strong>Ao efetuar as suas reservas diretamente com o hotel, ir\u00e1 beneficiar de vantagens que somente as nossas equipes e o nosso site oficial s\u00e3o capazes de oferecer<\/strong><\/p>\n<p><strong>0% de comiss\u00e3o e 100% de satisfa\u00e7\u00e3o<\/strong><\/p>\n<ol>\n<li>Redu\u00e7\u00e3o imediata desde as suas primeiras noites.<\/li>\n<li>Uma equipe presente 24 horas ao dia e 7 dias por semana est\u00e1 sempre \u00e0 disposi\u00e7\u00e3o para atender aos seus pedidos.<\/li>\n<li>Um acompanhamento personalizado, acesso priorit\u00e1rio aos servi\u00e7os business: estacionamento, conciergerie, reserva de sala de reuni\u00e3o<\/li>\n<li>Um faturamento claro e sem despesas adicionais<\/li>\n<li>Apresenta\u00e7\u00e3o e identifica\u00e7\u00e3o da sua fatura conforme os procedimentos cont\u00e1beis da sua empresa, e envio por e-mail<\/li>\n<li>Recompensa pela sua fidelidade por meio de pequenas aten\u00e7\u00f5es extras e que contam bastante (sob reserva de disponibilidade): voc\u00ea ter\u00e1 prioridade na lista de espera durante o per\u00edodo mais movimentado, suas prefer\u00eancias ser\u00e3o levadas em conta, poder\u00e1 solicitar op\u00e7\u00f5es adicionais, pedir um early check-in e um late check-out. \u2026)<\/li>\n<li>Possibilidade de parceria anual, que dar\u00e1 direito a descontos exclusivos para todos os seus colaboradores por meio de um c\u00f3digo confidencial que lhe ser\u00e1 entregue ao assinar o seu contrato de empresa.<\/li>\n<\/ol>\n<div class=\"row\"  id=\"row-1909700079\">\n\n\n\t<div id=\"col-1953472563\" class=\"col medium-6 small-12 large-6\"  >\n\t\t<div class=\"col-inner\"  >\n\t\t\t\n\t\t\t\n\n\t<div class=\"img has-hover x md-x lg-x y md-y lg-y\" id=\"image_1797173530\">\n\t\t\t\t\t\t\t\t<div class=\"img-inner image-cover box-shadow-3 dark\" style=\"padding-top:50%;\">\n\t\t\t<img decoding=\"async\" width=\"300\" height=\"200\" src=\"https:\/\/www.hoteljardinsdemademoiselle.com\/wp-content\/uploads\/2020\/01\/piscine-jardins-de-mademoiselle-paris-4-300x200.jpg\" class=\"attachment-medium size-medium\" alt=\"piscine Les Jardins de Mademoiselle Paris\" srcset=\"https:\/\/www.hoteljardinsdemademoiselle.com\/wp-content\/uploads\/2020\/01\/piscine-jardins-de-mademoiselle-paris-4-300x200.jpg 300w, https:\/\/www.hoteljardinsdemademoiselle.com\/wp-content\/uploads\/2020\/01\/piscine-jardins-de-mademoiselle-paris-4-1024x683.jpg 1024w, https:\/\/www.hoteljardinsdemademoiselle.com\/wp-content\/uploads\/2020\/01\/piscine-jardins-de-mademoiselle-paris-4-768x512.jpg 768w, https:\/\/www.hoteljardinsdemademoiselle.com\/wp-content\/uploads\/2020\/01\/piscine-jardins-de-mademoiselle-paris-4-1536x1024.jpg 1536w, https:\/\/www.hoteljardinsdemademoiselle.com\/wp-content\/uploads\/2020\/01\/piscine-jardins-de-mademoiselle-paris-4.jpg 1800w\" sizes=\"(max-width: 300px) 100vw, 300px\" \/>\t\t\t\t\t\t\n\t\t\t\t\t<\/div>\n\t\t\t\t\t\t\t\t\n<style>\n#image_1797173530 {\n  width: 100%;\n}\n<\/style>\n\t<\/div>\n\t\n\n<p>Ter\u00e1 acesso ao nosso espa\u00e7o bem-estar de 200 m\u00b2, dotado de uma piscina interior de 15&#215;4 metros, um banho turco e uma sala de esportes<\/p>\n\n\t\t<\/div>\n\t\t\t<\/div>\n\n\t\n\n\t<div id=\"col-234242343\" class=\"col medium-6 small-12 large-6\"  >\n\t\t<div class=\"col-inner\"  >\n\t\t\t\n\t\t\t\n\n\t<div class=\"img has-hover x md-x lg-x y md-y lg-y\" id=\"image_1511440564\">\n\t\t\t\t\t\t\t\t<div class=\"img-inner image-cover box-shadow-3 dark\" style=\"padding-top:50%;\">\n\t\t\t<img decoding=\"async\" width=\"683\" height=\"1024\" src=\"https:\/\/www.hoteljardinsdemademoiselle.com\/wp-content\/uploads\/2020\/02\/HOTEL-JDM_BAR_3-683x1024.jpg\" class=\"attachment-large size-large\" alt=\"\" srcset=\"https:\/\/www.hoteljardinsdemademoiselle.com\/wp-content\/uploads\/2020\/02\/HOTEL-JDM_BAR_3-683x1024.jpg 683w, https:\/\/www.hoteljardinsdemademoiselle.com\/wp-content\/uploads\/2020\/02\/HOTEL-JDM_BAR_3-200x300.jpg 200w, https:\/\/www.hoteljardinsdemademoiselle.com\/wp-content\/uploads\/2020\/02\/HOTEL-JDM_BAR_3-768x1152.jpg 768w, https:\/\/www.hoteljardinsdemademoiselle.com\/wp-content\/uploads\/2020\/02\/HOTEL-JDM_BAR_3-1024x1536.jpg 1024w, https:\/\/www.hoteljardinsdemademoiselle.com\/wp-content\/uploads\/2020\/02\/HOTEL-JDM_BAR_3.jpg 1280w\" sizes=\"(max-width: 683px) 100vw, 683px\" \/>\t\t\t\t\t\t\n\t\t\t\t\t<\/div>\n\t\t\t\t\t\t\t\t\n<style>\n#image_1511440564 {\n  width: 100%;\n}\n<\/style>\n\t<\/div>\n\t\n\n<p>O sal\u00e3o do caf\u00e9 da manh\u00e3 e o bar est\u00e3o \u00e0 sua disposi\u00e7\u00e3o para os seus encontros ou sess\u00f5es de trabalho.<\/p>\n\n\t\t<\/div>\n\t\t\t<\/div>\n\n\t\n\n\n<style>\n#row-1909700079 > .col > .col-inner {\n  padding: 30px 0px 0px 0px;\n}\n<\/style>\n<\/div>\n<div class=\"row\"  id=\"row-507682050\">\n\n\n\t<div id=\"col-705307574\" class=\"col medium-6 small-12 large-6\"  >\n\t\t<div class=\"col-inner\"  >\n\t\t\t\n\t\t\t\n\n\t<div class=\"img has-hover x md-x lg-x y md-y lg-y\" id=\"image_1015495288\">\n\t\t\t\t\t\t\t\t<div class=\"img-inner image-cover box-shadow-3 dark\" style=\"padding-top:50%;\">\n\t\t\t<img decoding=\"async\" width=\"1020\" height=\"680\" src=\"https:\/\/www.hoteljardinsdemademoiselle.com\/wp-content\/uploads\/2020\/02\/HOTEL-JDM_ROOFTOP_24-1024x683.jpg\" class=\"attachment-large size-large\" alt=\"\" srcset=\"https:\/\/www.hoteljardinsdemademoiselle.com\/wp-content\/uploads\/2020\/02\/HOTEL-JDM_ROOFTOP_24-1024x683.jpg 1024w, https:\/\/www.hoteljardinsdemademoiselle.com\/wp-content\/uploads\/2020\/02\/HOTEL-JDM_ROOFTOP_24-300x200.jpg 300w, https:\/\/www.hoteljardinsdemademoiselle.com\/wp-content\/uploads\/2020\/02\/HOTEL-JDM_ROOFTOP_24-768x512.jpg 768w, https:\/\/www.hoteljardinsdemademoiselle.com\/wp-content\/uploads\/2020\/02\/HOTEL-JDM_ROOFTOP_24-1536x1024.jpg 1536w, https:\/\/www.hoteljardinsdemademoiselle.com\/wp-content\/uploads\/2020\/02\/HOTEL-JDM_ROOFTOP_24.jpg 1920w\" sizes=\"(max-width: 1020px) 100vw, 1020px\" \/>\t\t\t\t\t\t\n\t\t\t\t\t<\/div>\n\t\t\t\t\t\t\t\t\n<style>\n#image_1015495288 {\n  width: 100%;\n}\n<\/style>\n\t<\/div>\n\t\n\n<p>Um espl\u00eandido terra\u00e7o de 90 m\u00b2 com vista sobre os principais monumentos de Paris<\/p>\n\n\t\t<\/div>\n\t\t\t<\/div>\n\n\t\n\n\t<div id=\"col-1401053303\" class=\"col medium-6 small-12 large-6\"  >\n\t\t<div class=\"col-inner\"  >\n\t\t\t\n\t\t\t\n\n\t<div class=\"img has-hover x md-x lg-x y md-y lg-y\" id=\"image_1599358064\">\n\t\t\t\t\t\t\t\t<div class=\"img-inner image-cover box-shadow-3 dark\" style=\"padding-top:50%;\">\n\t\t\t<img decoding=\"async\" width=\"300\" height=\"200\" src=\"https:\/\/www.hoteljardinsdemademoiselle.com\/wp-content\/uploads\/2020\/01\/jardin-de-mademoiselle-300x200.jpg\" class=\"attachment-medium size-medium\" alt=\"jardins de mademoiselle\" srcset=\"https:\/\/www.hoteljardinsdemademoiselle.com\/wp-content\/uploads\/2020\/01\/jardin-de-mademoiselle-300x200.jpg 300w, https:\/\/www.hoteljardinsdemademoiselle.com\/wp-content\/uploads\/2020\/01\/jardin-de-mademoiselle-1024x683.jpg 1024w, https:\/\/www.hoteljardinsdemademoiselle.com\/wp-content\/uploads\/2020\/01\/jardin-de-mademoiselle-768x512.jpg 768w, https:\/\/www.hoteljardinsdemademoiselle.com\/wp-content\/uploads\/2020\/01\/jardin-de-mademoiselle-1536x1024.jpg 1536w, https:\/\/www.hoteljardinsdemademoiselle.com\/wp-content\/uploads\/2020\/01\/jardin-de-mademoiselle.jpg 1800w\" sizes=\"(max-width: 300px) 100vw, 300px\" \/>\t\t\t\t\t\t\n\t\t\t\t\t<\/div>\n\t\t\t\t\t\t\t\t\n<style>\n#image_1599358064 {\n  width: 100%;\n}\n<\/style>\n\t<\/div>\n\t\n\n<p>Wi-fi gratuito e ilimitado<\/p>\n\n\t\t<\/div>\n\t\t\t<\/div>\n\n\t\n\n\n<style>\n#row-507682050 > .col > .col-inner {\n  padding: 30px 0px 0px 0px;\n}\n<\/style>\n<\/div>\n<div class=\"row\"  id=\"row-1004313293\">\n\n\n\t<div id=\"col-1445367756\" class=\"col medium-6 small-12 large-6\"  >\n\t\t<div class=\"col-inner\"  >\n\t\t\t\n\t\t\t\n\n\t<div class=\"img has-hover x md-x lg-x y md-y lg-y\" id=\"image_1936908253\">\n\t\t\t\t\t\t\t\t<div class=\"img-inner image-cover box-shadow-3 dark\" style=\"padding-top:50%;\">\n\t\t\t<img decoding=\"async\" width=\"683\" height=\"1024\" src=\"https:\/\/www.hoteljardinsdemademoiselle.com\/wp-content\/uploads\/2020\/02\/HOTEL-JDM_EXT_5-683x1024.jpg\" class=\"attachment-large size-large\" alt=\"\" srcset=\"https:\/\/www.hoteljardinsdemademoiselle.com\/wp-content\/uploads\/2020\/02\/HOTEL-JDM_EXT_5-683x1024.jpg 683w, https:\/\/www.hoteljardinsdemademoiselle.com\/wp-content\/uploads\/2020\/02\/HOTEL-JDM_EXT_5-200x300.jpg 200w, https:\/\/www.hoteljardinsdemademoiselle.com\/wp-content\/uploads\/2020\/02\/HOTEL-JDM_EXT_5-768x1152.jpg 768w, https:\/\/www.hoteljardinsdemademoiselle.com\/wp-content\/uploads\/2020\/02\/HOTEL-JDM_EXT_5-1024x1536.jpg 1024w, https:\/\/www.hoteljardinsdemademoiselle.com\/wp-content\/uploads\/2020\/02\/HOTEL-JDM_EXT_5.jpg 1280w\" sizes=\"(max-width: 683px) 100vw, 683px\" \/>\t\t\t\t\t\t\n\t\t\t\t\t<\/div>\n\t\t\t\t\t\t\t\t\n<style>\n#image_1936908253 {\n  width: 100%;\n}\n<\/style>\n\t<\/div>\n\t\n\n<p>Espa\u00e7os verdejantes com 3 temas de jardins<\/p>\n\n\t\t<\/div>\n\t\t\t<\/div>\n\n\t\n\n\t<div id=\"col-1133286828\" class=\"col medium-6 small-12 large-6\"  >\n\t\t<div class=\"col-inner\"  >\n\t\t\t\n\t\t\t\n\n\t<div class=\"img has-hover x md-x lg-x y md-y lg-y\" id=\"image_284753284\">\n\t\t\t\t\t\t\t\t<div class=\"img-inner image-cover box-shadow-3 dark\" style=\"padding-top:50%;\">\n\t\t\t<img decoding=\"async\" width=\"300\" height=\"200\" src=\"https:\/\/www.hoteljardinsdemademoiselle.com\/wp-content\/uploads\/2020\/01\/box-300x200.jpg\" class=\"attachment-medium size-medium\" alt=\"parking\" srcset=\"https:\/\/www.hoteljardinsdemademoiselle.com\/wp-content\/uploads\/2020\/01\/box-300x200.jpg 300w, https:\/\/www.hoteljardinsdemademoiselle.com\/wp-content\/uploads\/2020\/01\/box.jpg 500w\" sizes=\"(max-width: 300px) 100vw, 300px\" \/>\t\t\t\t\t\t\n\t\t\t\t\t<\/div>\n\t\t\t\t\t\t\t\t\n<style>\n#image_284753284 {\n  width: 100%;\n}\n<\/style>\n\t<\/div>\n\t\n\n<p>O estabelecimento prop\u00f5e, apenas sob reserva pr\u00e9via, garagens fechadas num estacionamento privativo situado a pouco mais de 5 minutos a p\u00e9.<\/p>\n\n\t\t<\/div>\n\t\t\t<\/div>\n\n\t\n\n\n<style>\n#row-1004313293 > .col > .col-inner {\n  padding: 30px 0px 0px 0px;\n}\n<\/style>\n<\/div>\n<p style=\"text-align: center;\"><strong>Para os seus eventos profissionais\u00a0<\/strong><\/p>\n<p style=\"text-align: left;\"><u>Para os seus eventos de empresa, de 22 a 50 pessoas: <\/u>dia de estudos, semin\u00e1rio, anima\u00e7\u00f5es de Team Building, gra\u00e7as ao nosso acordo de colabora\u00e7\u00e3o com &#8220;Cosy Chic&#8221;, voc\u00ea ir\u00e1 beneficiar de pre\u00e7os preferenciais para desfrutar de um espa\u00e7o de 125 m\u00b2 que inclui uma sala de reuni\u00e3o, dois sal\u00f5es e um terra\u00e7o zen. (Pr\u00f3ximo do hotel) <br \/><a href=\"https:\/\/www.hoteljardinsdemademoiselle.com\/Plaquette-Seminaire-Cosy-Chic.pdf\" target=\"_blank\" rel=\"noopener noreferrer\">Ver a nossa brochura<\/a><\/p>\n<p style=\"text-align: center;\">Permanecemos \u00e0 sua disposi\u00e7\u00e3o para quaisquer especifica\u00e7\u00f5es, via e-mail: <br \/><strong> <a href=\"mailto:reception@lesjardinsdemademoiselle.com?subject=Partenariat+Corporate\" target=\"_blank\" rel=\"noopener noreferrer\">reception@lesjardinsdemademoiselle.com<\/a><\/strong><br \/><strong>ou pelo telefone: <\/strong><br \/><strong>+ 33 1 56 23 91 00<\/strong><\/p>\n<p style=\"text-align: center;\"><strong>Acesso em\u00a0transporte p\u00fablico\u00a0:<\/strong><br \/>Metr\u00f4 Linha 8 : Commerce ou Felix Faure<br \/>Metr\u00f4 Linha 6, 8, 10 : La Motte Piquet Grenelle<br \/>Metr\u00f4 Linha 12 : Convention<br \/>Acesso direto de carro ou t\u00e1xi ao Paris Expo Porte de Versailles e Issy les Moulineaux<\/p>\n\n\t\t<\/div>\n\t\t\t<\/div>\n\n\t\n\n<\/div>\n\n\t\t<\/div>\n\n\t\t\n<style>\n#section_536786507 {\n  padding-top: 30px;\n  padding-bottom: 30px;\n}\n<\/style>\n\t<\/section>\n\t\n\t<section class=\"section\" id=\"section_544614280\">\n\t\t<div class=\"bg section-bg fill bg-fill  bg-loaded\" >\n\n\t\t\t\n\t\t\t\n\t\t\t\n\n\t\t<\/div>\n\n\t\t<div class=\"section-content relative\">\n\t\t\t\n\n<h2 style=\"text-align: center;\">Siga-nos no Instagram<\/h2>\nInstagram did not return a 200.\n\n\n\t\t<\/div>\n\n\t\t\n<style>\n#section_544614280 {\n  padding-top: 30px;\n  padding-bottom: 30px;\n}\n<\/style>\n\t<\/section>\n\t\n\n","protected":false},"excerpt":{"rendered":"","protected":false},"author":1,"featured_media":0,"parent":0,"menu_order":0,"comment_status":"closed","ping_status":"closed","template":"page-transparent-header.php","meta":{"footnotes":""},"class_list":["post-1156","page","type-page","status-publish","hentry"],"yoast_head":"<!-- This site is optimized with the Yoast SEO plugin v25.1 - https:\/\/yoast.com\/wordpress\/plugins\/seo\/ -->\n<title>Jardins de Mademoiselle Descubra as nossas ofertas para empresas e todas as vantagens business<\/title>\n<meta name=\"description\" content=\"As vantagens business do hotel Jardins de Mademoiselle | Reserve a sua estadia profissional Garantia do Melhor Pre\u00e7o no nosso site\" \/>\n<meta name=\"robots\" content=\"index, follow, max-snippet:-1, max-image-preview:large, max-video-preview:-1\" \/>\n<link rel=\"canonical\" href=\"https:\/\/www.hoteljardinsdemademoiselle.com\/pt-br\/vantagens-profissionais-business\/\" \/>\n<meta property=\"og:locale\" content=\"pt_BR\" \/>\n<meta property=\"og:type\" content=\"article\" \/>\n<meta property=\"og:title\" content=\"Jardins de Mademoiselle Descubra as nossas ofertas para empresas e todas as vantagens business\" \/>\n<meta property=\"og:description\" content=\"As vantagens business do hotel Jardins de Mademoiselle | Reserve a sua estadia profissional Garantia do Melhor Pre\u00e7o no nosso site\" \/>\n<meta property=\"og:url\" content=\"https:\/\/www.hoteljardinsdemademoiselle.com\/pt-br\/vantagens-profissionais-business\/\" \/>\n<meta property=\"og:site_name\" content=\"Les Jardins de Mademoiselle\" \/>\n<meta property=\"article:modified_time\" content=\"2024-07-11T13:50:27+00:00\" \/>\n<meta name=\"twitter:card\" content=\"summary_large_image\" \/>\n<meta name=\"twitter:label1\" content=\"Est. tempo de leitura\" \/>\n\t<meta name=\"twitter:data1\" content=\"3 minutos\" \/>\n<script type=\"application\/ld+json\" class=\"yoast-schema-graph\">{\"@context\":\"https:\/\/schema.org\",\"@graph\":[{\"@type\":\"WebPage\",\"@id\":\"https:\/\/www.hoteljardinsdemademoiselle.com\/pt-br\/vantagens-profissionais-business\/\",\"url\":\"https:\/\/www.hoteljardinsdemademoiselle.com\/pt-br\/vantagens-profissionais-business\/\",\"name\":\"Jardins de Mademoiselle Descubra as nossas ofertas para empresas e todas as vantagens business\",\"isPartOf\":{\"@id\":\"https:\/\/www.hoteljardinsdemademoiselle.com\/pt-br\/#website\"},\"datePublished\":\"2020-01-14T14:45:27+00:00\",\"dateModified\":\"2024-07-11T13:50:27+00:00\",\"description\":\"As vantagens business do hotel Jardins de Mademoiselle | Reserve a sua estadia profissional Garantia do Melhor Pre\u00e7o no nosso site\",\"breadcrumb\":{\"@id\":\"https:\/\/www.hoteljardinsdemademoiselle.com\/pt-br\/vantagens-profissionais-business\/#breadcrumb\"},\"inLanguage\":\"pt-BR\",\"potentialAction\":[{\"@type\":\"ReadAction\",\"target\":[\"https:\/\/www.hoteljardinsdemademoiselle.com\/pt-br\/vantagens-profissionais-business\/\"]}]},{\"@type\":\"BreadcrumbList\",\"@id\":\"https:\/\/www.hoteljardinsdemademoiselle.com\/pt-br\/vantagens-profissionais-business\/#breadcrumb\",\"itemListElement\":[{\"@type\":\"ListItem\",\"position\":1,\"name\":\"Accueil\",\"item\":\"https:\/\/www.hoteljardinsdemademoiselle.com\/pt-br\/\"},{\"@type\":\"ListItem\",\"position\":2,\"name\":\"Business\"}]},{\"@type\":\"WebSite\",\"@id\":\"https:\/\/www.hoteljardinsdemademoiselle.com\/pt-br\/#website\",\"url\":\"https:\/\/www.hoteljardinsdemademoiselle.com\/pt-br\/\",\"name\":\"Les Jardins de Mademoiselle\",\"description\":\"H\u00f4tel 4 \u00e9toiles &amp; Spa Paris\",\"potentialAction\":[{\"@type\":\"SearchAction\",\"target\":{\"@type\":\"EntryPoint\",\"urlTemplate\":\"https:\/\/www.hoteljardinsdemademoiselle.com\/pt-br\/?s={search_term_string}\"},\"query-input\":{\"@type\":\"PropertyValueSpecification\",\"valueRequired\":true,\"valueName\":\"search_term_string\"}}],\"inLanguage\":\"pt-BR\"}]}<\/script>\n<!-- \/ Yoast SEO plugin. -->","yoast_head_json":{"title":"Jardins de Mademoiselle Descubra as nossas ofertas para empresas e todas as vantagens business","description":"As vantagens business do hotel Jardins de Mademoiselle | Reserve a sua estadia profissional Garantia do Melhor Pre\u00e7o no nosso site","robots":{"index":"index","follow":"follow","max-snippet":"max-snippet:-1","max-image-preview":"max-image-preview:large","max-video-preview":"max-video-preview:-1"},"canonical":"https:\/\/www.hoteljardinsdemademoiselle.com\/pt-br\/vantagens-profissionais-business\/","og_locale":"pt_BR","og_type":"article","og_title":"Jardins de Mademoiselle Descubra as nossas ofertas para empresas e todas as vantagens business","og_description":"As vantagens business do hotel Jardins de Mademoiselle | Reserve a sua estadia profissional Garantia do Melhor Pre\u00e7o no nosso site","og_url":"https:\/\/www.hoteljardinsdemademoiselle.com\/pt-br\/vantagens-profissionais-business\/","og_site_name":"Les Jardins de Mademoiselle","article_modified_time":"2024-07-11T13:50:27+00:00","twitter_card":"summary_large_image","twitter_misc":{"Est. tempo de leitura":"3 minutos"},"schema":{"@context":"https:\/\/schema.org","@graph":[{"@type":"WebPage","@id":"https:\/\/www.hoteljardinsdemademoiselle.com\/pt-br\/vantagens-profissionais-business\/","url":"https:\/\/www.hoteljardinsdemademoiselle.com\/pt-br\/vantagens-profissionais-business\/","name":"Jardins de Mademoiselle Descubra as nossas ofertas para empresas e todas as vantagens business","isPartOf":{"@id":"https:\/\/www.hoteljardinsdemademoiselle.com\/pt-br\/#website"},"datePublished":"2020-01-14T14:45:27+00:00","dateModified":"2024-07-11T13:50:27+00:00","description":"As vantagens business do hotel Jardins de Mademoiselle | Reserve a sua estadia profissional Garantia do Melhor Pre\u00e7o no nosso site","breadcrumb":{"@id":"https:\/\/www.hoteljardinsdemademoiselle.com\/pt-br\/vantagens-profissionais-business\/#breadcrumb"},"inLanguage":"pt-BR","potentialAction":[{"@type":"ReadAction","target":["https:\/\/www.hoteljardinsdemademoiselle.com\/pt-br\/vantagens-profissionais-business\/"]}]},{"@type":"BreadcrumbList","@id":"https:\/\/www.hoteljardinsdemademoiselle.com\/pt-br\/vantagens-profissionais-business\/#breadcrumb","itemListElement":[{"@type":"ListItem","position":1,"name":"Accueil","item":"https:\/\/www.hoteljardinsdemademoiselle.com\/pt-br\/"},{"@type":"ListItem","position":2,"name":"Business"}]},{"@type":"WebSite","@id":"https:\/\/www.hoteljardinsdemademoiselle.com\/pt-br\/#website","url":"https:\/\/www.hoteljardinsdemademoiselle.com\/pt-br\/","name":"Les Jardins de Mademoiselle","description":"H\u00f4tel 4 \u00e9toiles &amp; Spa Paris","potentialAction":[{"@type":"SearchAction","target":{"@type":"EntryPoint","urlTemplate":"https:\/\/www.hoteljardinsdemademoiselle.com\/pt-br\/?s={search_term_string}"},"query-input":{"@type":"PropertyValueSpecification","valueRequired":true,"valueName":"search_term_string"}}],"inLanguage":"pt-BR"}]}},"_links":{"self":[{"href":"https:\/\/www.hoteljardinsdemademoiselle.com\/pt-br\/wp-json\/wp\/v2\/pages\/1156","targetHints":{"allow":["GET"]}}],"collection":[{"href":"https:\/\/www.hoteljardinsdemademoiselle.com\/pt-br\/wp-json\/wp\/v2\/pages"}],"about":[{"href":"https:\/\/www.hoteljardinsdemademoiselle.com\/pt-br\/wp-json\/wp\/v2\/types\/page"}],"author":[{"embeddable":true,"href":"https:\/\/www.hoteljardinsdemademoiselle.com\/pt-br\/wp-json\/wp\/v2\/users\/1"}],"replies":[{"embeddable":true,"href":"https:\/\/www.hoteljardinsdemademoiselle.com\/pt-br\/wp-json\/wp\/v2\/comments?post=1156"}],"version-history":[{"count":4,"href":"https:\/\/www.hoteljardinsdemademoiselle.com\/pt-br\/wp-json\/wp\/v2\/pages\/1156\/revisions"}],"predecessor-version":[{"id":3549,"href":"https:\/\/www.hoteljardinsdemademoiselle.com\/pt-br\/wp-json\/wp\/v2\/pages\/1156\/revisions\/3549"}],"wp:attachment":[{"href":"https:\/\/www.hoteljardinsdemademoiselle.com\/pt-br\/wp-json\/wp\/v2\/media?parent=1156"}],"curies":[{"name":"wp","href":"https:\/\/api.w.org\/{rel}","templated":true}]}}