{"id":1205,"date":"2020-01-06T16:20:09","date_gmt":"2020-01-06T15:20:09","guid":{"rendered":"https:\/\/www.hoteljardinsdemademoiselle.com\/situation-contact-hotel-paris\/"},"modified":"2020-03-09T13:14:27","modified_gmt":"2020-03-09T12:14:27","slug":"posizione-privilegiata-hotel-parigi","status":"publish","type":"page","link":"https:\/\/www.hoteljardinsdemademoiselle.com\/it\/posizione-privilegiata-hotel-parigi\/","title":{"rendered":"Situation"},"content":{"rendered":"\n\t<section class=\"section\" id=\"section_1924387167\">\n\t\t<div class=\"bg section-bg fill bg-fill  bg-loaded\" >\n\n\t\t\t\n\t\t\t\n\t\t\t\n\n\t\t<\/div>\n\n\t\t<div class=\"section-content relative\">\n\t\t\t\n\n<p><iframe loading=\"lazy\" src=\"https:\/\/www.google.com\/maps\/embed?pb=!1m18!1m12!1m3!1d8831.95917418219!2d2.289398236179337!3d48.84376826764193!2m3!1f0!2f0!3f0!3m2!1i1024!2i768!4f13.1!3m3!1m2!1s0x47e67016eea3fa4f%3A0x150d9ca162e3cdcb!2s15%20Rue%20Mademoiselle%2C%2075015%20Paris!5e0!3m2!1sfr!2sfr!4v1578324136978!5m2!1sfr!2sfr\" width=\"100%\" height=\"350\" frameborder=\"0\" style=\"border:0;\" allowfullscreen=\"\"><\/iframe><\/p>\n\n\t\t<\/div>\n\n\t\t\n<style>\n#section_1924387167 {\n  padding-top: 0px;\n  padding-bottom: 0px;\n  min-height: 300px;\n}\n<\/style>\n\t<\/section>\n\t\n\t<section class=\"section\" id=\"section_1739223890\">\n\t\t<div class=\"bg section-bg fill bg-fill  bg-loaded\" >\n\n\t\t\t\n\t\t\t\n\t\t\t\n\n\t\t<\/div>\n\n\t\t<div class=\"section-content relative\">\n\t\t\t\n\n<div class=\"row\"  id=\"row-625215539\">\n\n\n\t<div id=\"col-812189133\" class=\"col small-12 large-12\"  >\n\t\t<div class=\"col-inner\"  >\n\t\t\t\n\t\t\t\n\n<h3 style=\"text-align: center;\">Una posizione privilegiata<\/h3>\n<div class=\"row\"  id=\"row-1093728793\">\n\n\n\t<div id=\"col-962886013\" class=\"col medium-6 small-12 large-6\"  >\n\t\t<div class=\"col-inner\"  >\n\t\t\t\n\t\t\t\n\n<p>L&#8217;hotel 4 stelle <strong>Les Jardins de Mademoiselle<\/strong> gode di una posizione privilegiata, a pochi passi dalla vivace Rue du Commerce.<\/p>\n<p>Direttamente raggiungibile con la linea 8 della stazione della metropolitana Commerce, raggiungerete i luoghi pi\u00f9 importanti della Ville Lumi\u00e8re e anche il nuovo Centre des Arm\u00e9es di Balard.<\/p>\n<p>La sua posizione \u00e8 ideale anche per raggiungere il Parc des Expositions della Porte de Versailles. Una struttura parigina adatta a soggiorni di lavoro o di piacere!\u00a0<\/p>\n<p>Lingue parlate: inglese, spagnolo, italiano<\/p>\n\n\t\t<\/div>\n\t\t\t<\/div>\n\n\t\n\n\t<div id=\"col-613450648\" class=\"col medium-6 small-12 large-6\"  >\n\t\t<div class=\"col-inner\"  >\n\t\t\t\n\t\t\t\n\n<p><strong>Accesso ai trasporti:<\/strong><br \/>Linea 8 della metropolitana: Commerce o Felix Faure<br \/>Metropolitana Linea 6, 8, 10: La Motte Piquet Grenelle<br \/>Metropolitana Linea 12: Convention<br \/>Accesso diretto in auto o taxi a Parigi Expo Porte de Versailles e Issy les Moulineaux<\/p>\n<p>Il nostro team \u00e8 a vostra disposizione in qualsiasi momento della giornata:<br \/>per posta all&#8217;indirizzo <a title=\"\" href=\"mailto:reception@lesjardinsdemademoiselle.com\">reception@lesjardinsdemademoiselle.com<\/a><br \/>Per telefono +33 1 56 23 91 00<\/p>\n\n\t\t<\/div>\n\t\t\t<\/div>\n\n\t\n\n\n<style>\n#row-1093728793 > .col > .col-inner {\n  padding: 30px 0px 0px 0px;\n}\n<\/style>\n<\/div>\n\n\t\t<\/div>\n\t\t\t<\/div>\n\n\t\n\n\t<div id=\"col-1045245170\" class=\"col small-12 large-12\"  >\n\t\t<div class=\"col-inner\"  >\n\t\t\t\n\t\t\t\n\n\t<div class=\"img has-hover x md-x lg-x y md-y lg-y\" id=\"image_1092696739\">\n\t\t\t\t\t\t\t\t<div class=\"img-inner dark\" >\n\t\t\t<img decoding=\"async\" width=\"1020\" height=\"680\" src=\"https:\/\/www.hoteljardinsdemademoiselle.com\/wp-content\/uploads\/2020\/01\/suite-jardins-de-mademoiselle-paris-5-1024x683.jpg\" class=\"attachment-large size-large\" alt=\"suite les jardins de mademoiselle paris\" srcset=\"https:\/\/www.hoteljardinsdemademoiselle.com\/wp-content\/uploads\/2020\/01\/suite-jardins-de-mademoiselle-paris-5-1024x683.jpg 1024w, https:\/\/www.hoteljardinsdemademoiselle.com\/wp-content\/uploads\/2020\/01\/suite-jardins-de-mademoiselle-paris-5-300x200.jpg 300w, https:\/\/www.hoteljardinsdemademoiselle.com\/wp-content\/uploads\/2020\/01\/suite-jardins-de-mademoiselle-paris-5-768x512.jpg 768w, https:\/\/www.hoteljardinsdemademoiselle.com\/wp-content\/uploads\/2020\/01\/suite-jardins-de-mademoiselle-paris-5-1536x1024.jpg 1536w, https:\/\/www.hoteljardinsdemademoiselle.com\/wp-content\/uploads\/2020\/01\/suite-jardins-de-mademoiselle-paris-5.jpg 1800w\" sizes=\"(max-width: 1020px) 100vw, 1020px\" \/>\t\t\t\t\t\t\n\t\t\t\t\t<\/div>\n\t\t\t\t\t\t\t\t\n<style>\n#image_1092696739 {\n  width: 100%;\n}\n<\/style>\n\t<\/div>\n\t\n\n\n\t\t<\/div>\n\t\t\t<\/div>\n\n\t\n\n<\/div>\n\n\t\t<\/div>\n\n\t\t\n<style>\n#section_1739223890 {\n  padding-top: 30px;\n  padding-bottom: 30px;\n}\n<\/style>\n\t<\/section>\n\t\n\t<section class=\"section\" id=\"section_725620364\">\n\t\t<div class=\"bg section-bg fill bg-fill  bg-loaded\" >\n\n\t\t\t\n\t\t\t\n\t\t\t\n\n\t\t<\/div>\n\n\t\t<div class=\"section-content relative\">\n\t\t\t\n\n<h2 style=\"text-align: center;\">Seguiteci su Instangram<\/h2>\nInstagram did not return a 200.\n\n\n\t\t<\/div>\n\n\t\t\n<style>\n#section_725620364 {\n  padding-top: 30px;\n  padding-bottom: 30px;\n}\n<\/style>\n\t<\/section>\n\t\n\n","protected":false},"excerpt":{"rendered":"","protected":false},"author":1,"featured_media":0,"parent":0,"menu_order":0,"comment_status":"closed","ping_status":"closed","template":"page-blank.php","meta":{"footnotes":""},"class_list":["post-1205","page","type-page","status-publish","hentry"],"yoast_head":"<!-- This site is optimized with the Yoast SEO plugin v25.1 - https:\/\/yoast.com\/wordpress\/plugins\/seo\/ -->\n<title>Jardins de Mademoiselle un hotel perfettamente situato nel 15\u00b0 arrondissement di Parigi<\/title>\n<meta name=\"description\" content=\"L&#039;hotel \u00e8 perfettamente situato nei pressi di rue du Commerce. Quartiere animato e commerciale. Parigi expo porte di Versailles \u00e8 facilmente accessibile\" \/>\n<meta name=\"robots\" content=\"index, follow, max-snippet:-1, max-image-preview:large, max-video-preview:-1\" \/>\n<link rel=\"canonical\" href=\"https:\/\/www.hoteljardinsdemademoiselle.com\/it\/posizione-privilegiata-hotel-parigi\/\" \/>\n<meta property=\"og:locale\" content=\"it_IT\" \/>\n<meta property=\"og:type\" content=\"article\" \/>\n<meta property=\"og:title\" content=\"Jardins de Mademoiselle un hotel perfettamente situato nel 15\u00b0 arrondissement di Parigi\" \/>\n<meta property=\"og:description\" content=\"L&#039;hotel \u00e8 perfettamente situato nei pressi di rue du Commerce. Quartiere animato e commerciale. Parigi expo porte di Versailles \u00e8 facilmente accessibile\" \/>\n<meta property=\"og:url\" content=\"https:\/\/www.hoteljardinsdemademoiselle.com\/it\/posizione-privilegiata-hotel-parigi\/\" \/>\n<meta property=\"og:site_name\" content=\"Les Jardins de Mademoiselle\" \/>\n<meta property=\"article:modified_time\" content=\"2020-03-09T12:14:27+00:00\" \/>\n<meta name=\"twitter:card\" content=\"summary_large_image\" \/>\n<meta name=\"twitter:label1\" content=\"Tempo di lettura stimato\" \/>\n\t<meta name=\"twitter:data1\" content=\"1 minuto\" \/>\n<script type=\"application\/ld+json\" class=\"yoast-schema-graph\">{\"@context\":\"https:\/\/schema.org\",\"@graph\":[{\"@type\":\"WebPage\",\"@id\":\"https:\/\/www.hoteljardinsdemademoiselle.com\/it\/posizione-privilegiata-hotel-parigi\/\",\"url\":\"https:\/\/www.hoteljardinsdemademoiselle.com\/it\/posizione-privilegiata-hotel-parigi\/\",\"name\":\"Jardins de Mademoiselle un hotel perfettamente situato nel 15\u00b0 arrondissement di Parigi\",\"isPartOf\":{\"@id\":\"https:\/\/www.hoteljardinsdemademoiselle.com\/pt-br\/#website\"},\"datePublished\":\"2020-01-06T15:20:09+00:00\",\"dateModified\":\"2020-03-09T12:14:27+00:00\",\"description\":\"L'hotel \u00e8 perfettamente situato nei pressi di rue du Commerce. Quartiere animato e commerciale. Parigi expo porte di Versailles \u00e8 facilmente accessibile\",\"breadcrumb\":{\"@id\":\"https:\/\/www.hoteljardinsdemademoiselle.com\/it\/posizione-privilegiata-hotel-parigi\/#breadcrumb\"},\"inLanguage\":\"it-IT\",\"potentialAction\":[{\"@type\":\"ReadAction\",\"target\":[\"https:\/\/www.hoteljardinsdemademoiselle.com\/it\/posizione-privilegiata-hotel-parigi\/\"]}]},{\"@type\":\"BreadcrumbList\",\"@id\":\"https:\/\/www.hoteljardinsdemademoiselle.com\/it\/posizione-privilegiata-hotel-parigi\/#breadcrumb\",\"itemListElement\":[{\"@type\":\"ListItem\",\"position\":1,\"name\":\"Accueil\",\"item\":\"https:\/\/www.hoteljardinsdemademoiselle.com\/it\/\"},{\"@type\":\"ListItem\",\"position\":2,\"name\":\"Situation\"}]},{\"@type\":\"WebSite\",\"@id\":\"https:\/\/www.hoteljardinsdemademoiselle.com\/pt-br\/#website\",\"url\":\"https:\/\/www.hoteljardinsdemademoiselle.com\/pt-br\/\",\"name\":\"Les Jardins de Mademoiselle\",\"description\":\"H\u00f4tel 4 \u00e9toiles &amp; Spa Paris\",\"potentialAction\":[{\"@type\":\"SearchAction\",\"target\":{\"@type\":\"EntryPoint\",\"urlTemplate\":\"https:\/\/www.hoteljardinsdemademoiselle.com\/pt-br\/?s={search_term_string}\"},\"query-input\":{\"@type\":\"PropertyValueSpecification\",\"valueRequired\":true,\"valueName\":\"search_term_string\"}}],\"inLanguage\":\"it-IT\"}]}<\/script>\n<!-- \/ Yoast SEO plugin. -->","yoast_head_json":{"title":"Jardins de Mademoiselle un hotel perfettamente situato nel 15\u00b0 arrondissement di Parigi","description":"L'hotel \u00e8 perfettamente situato nei pressi di rue du Commerce. Quartiere animato e commerciale. Parigi expo porte di Versailles \u00e8 facilmente accessibile","robots":{"index":"index","follow":"follow","max-snippet":"max-snippet:-1","max-image-preview":"max-image-preview:large","max-video-preview":"max-video-preview:-1"},"canonical":"https:\/\/www.hoteljardinsdemademoiselle.com\/it\/posizione-privilegiata-hotel-parigi\/","og_locale":"it_IT","og_type":"article","og_title":"Jardins de Mademoiselle un hotel perfettamente situato nel 15\u00b0 arrondissement di Parigi","og_description":"L'hotel \u00e8 perfettamente situato nei pressi di rue du Commerce. Quartiere animato e commerciale. Parigi expo porte di Versailles \u00e8 facilmente accessibile","og_url":"https:\/\/www.hoteljardinsdemademoiselle.com\/it\/posizione-privilegiata-hotel-parigi\/","og_site_name":"Les Jardins de Mademoiselle","article_modified_time":"2020-03-09T12:14:27+00:00","twitter_card":"summary_large_image","twitter_misc":{"Tempo di lettura stimato":"1 minuto"},"schema":{"@context":"https:\/\/schema.org","@graph":[{"@type":"WebPage","@id":"https:\/\/www.hoteljardinsdemademoiselle.com\/it\/posizione-privilegiata-hotel-parigi\/","url":"https:\/\/www.hoteljardinsdemademoiselle.com\/it\/posizione-privilegiata-hotel-parigi\/","name":"Jardins de Mademoiselle un hotel perfettamente situato nel 15\u00b0 arrondissement di Parigi","isPartOf":{"@id":"https:\/\/www.hoteljardinsdemademoiselle.com\/pt-br\/#website"},"datePublished":"2020-01-06T15:20:09+00:00","dateModified":"2020-03-09T12:14:27+00:00","description":"L'hotel \u00e8 perfettamente situato nei pressi di rue du Commerce. Quartiere animato e commerciale. Parigi expo porte di Versailles \u00e8 facilmente accessibile","breadcrumb":{"@id":"https:\/\/www.hoteljardinsdemademoiselle.com\/it\/posizione-privilegiata-hotel-parigi\/#breadcrumb"},"inLanguage":"it-IT","potentialAction":[{"@type":"ReadAction","target":["https:\/\/www.hoteljardinsdemademoiselle.com\/it\/posizione-privilegiata-hotel-parigi\/"]}]},{"@type":"BreadcrumbList","@id":"https:\/\/www.hoteljardinsdemademoiselle.com\/it\/posizione-privilegiata-hotel-parigi\/#breadcrumb","itemListElement":[{"@type":"ListItem","position":1,"name":"Accueil","item":"https:\/\/www.hoteljardinsdemademoiselle.com\/it\/"},{"@type":"ListItem","position":2,"name":"Situation"}]},{"@type":"WebSite","@id":"https:\/\/www.hoteljardinsdemademoiselle.com\/pt-br\/#website","url":"https:\/\/www.hoteljardinsdemademoiselle.com\/pt-br\/","name":"Les Jardins de Mademoiselle","description":"H\u00f4tel 4 \u00e9toiles &amp; Spa Paris","potentialAction":[{"@type":"SearchAction","target":{"@type":"EntryPoint","urlTemplate":"https:\/\/www.hoteljardinsdemademoiselle.com\/pt-br\/?s={search_term_string}"},"query-input":{"@type":"PropertyValueSpecification","valueRequired":true,"valueName":"search_term_string"}}],"inLanguage":"it-IT"}]}},"_links":{"self":[{"href":"https:\/\/www.hoteljardinsdemademoiselle.com\/it\/wp-json\/wp\/v2\/pages\/1205","targetHints":{"allow":["GET"]}}],"collection":[{"href":"https:\/\/www.hoteljardinsdemademoiselle.com\/it\/wp-json\/wp\/v2\/pages"}],"about":[{"href":"https:\/\/www.hoteljardinsdemademoiselle.com\/it\/wp-json\/wp\/v2\/types\/page"}],"author":[{"embeddable":true,"href":"https:\/\/www.hoteljardinsdemademoiselle.com\/it\/wp-json\/wp\/v2\/users\/1"}],"replies":[{"embeddable":true,"href":"https:\/\/www.hoteljardinsdemademoiselle.com\/it\/wp-json\/wp\/v2\/comments?post=1205"}],"version-history":[{"count":2,"href":"https:\/\/www.hoteljardinsdemademoiselle.com\/it\/wp-json\/wp\/v2\/pages\/1205\/revisions"}],"predecessor-version":[{"id":1481,"href":"https:\/\/www.hoteljardinsdemademoiselle.com\/it\/wp-json\/wp\/v2\/pages\/1205\/revisions\/1481"}],"wp:attachment":[{"href":"https:\/\/www.hoteljardinsdemademoiselle.com\/it\/wp-json\/wp\/v2\/media?parent=1205"}],"curies":[{"name":"wp","href":"https:\/\/api.w.org\/{rel}","templated":true}]}}