{"id":1175,"date":"2020-01-21T08:14:27","date_gmt":"2020-01-21T07:14:27","guid":{"rendered":"https:\/\/www.hoteljardinsdemademoiselle.com\/faq\/"},"modified":"2023-07-31T10:50:26","modified_gmt":"2023-07-31T08:50:26","slug":"faq","status":"publish","type":"page","link":"https:\/\/www.hoteljardinsdemademoiselle.com\/it\/faq\/","title":{"rendered":"FAQ"},"content":{"rendered":"\n\t<section class=\"section\" id=\"section_860738328\">\n\t\t<div class=\"bg section-bg fill bg-fill  bg-loaded\" >\n\n\t\t\t\n\t\t\t\n\t\t\t\n\n\t\t<\/div>\n\n\t\t<div class=\"section-content relative\">\n\t\t\t\n\n<div class=\"row row-box-shadow-2\"  id=\"row-1492425403\">\n\n\n\t<div id=\"col-650497143\" class=\"col small-12 large-12\"  >\n\t\t<div class=\"col-inner\"  >\n\t\t\t\n\t\t\t\n\n<h3 style=\"text-align: center;\">FAQ<\/h3>\n<div class=\"accordion\" rel=\"1\">\n\n<div class=\"accordion-item\"><a href=\"#\" class=\"accordion-title plain\"><button class=\"toggle\"><i class=\"icon-angle-down\"><\/i><\/button><span>Quali sono gli orari di check-in\/check-out e di apertura dell'hotel?<\/span><\/a><div class=\"accordion-inner\">\n\n<p>L&#8217;hotel \u00e8 aperto 24 ore su 24. L&#8217;ingresso in camera \u00e8 possibile a partire dalle 15:00 e il check-out \u00e8 previsto prima di mezzogiorno. Potete lasciare i vostri bagagli nel nostro locale blindato in qualsiasi momento.<\/p>\n\n<\/div><\/div>\n<div class=\"accordion-item\"><a href=\"#\" class=\"accordion-title plain\"><button class=\"toggle\"><i class=\"icon-angle-down\"><\/i><\/button><span>Posso beneficiare di un check-out posticipato\/partenza posticipata?<\/span><\/a><div class=\"accordion-inner\">\n\n<p>A seconda della disponibilit\u00e0, possiamo organizzare una partenza posticipata o un arrivo prima delle 15:00. Per ciascuno di questi servizi verr\u00e0 addebitato un supplemento.<\/p>\n\n<\/div><\/div>\n<div class=\"accordion-item\"><a href=\"#\" class=\"accordion-title plain\"><button class=\"toggle\"><i class=\"icon-angle-down\"><\/i><\/button><span>La tariffa della camera \u00e8 indicata per persona o per camera?<\/span><\/a><div class=\"accordion-inner\">\n\n<p>Le tariffe si intendono per camera e per notte. Spesso esclude la colazione e in tutti i casi la tassa di soggiorno a favore del Comune di Parigi.<\/p>\n\n<\/div><\/div>\n<div class=\"accordion-item\"><a href=\"#\" class=\"accordion-title plain\"><button class=\"toggle\"><i class=\"icon-angle-down\"><\/i><\/button><span>La colazione \u00e8 inclusa nel prezzo?<\/span><\/a><div class=\"accordion-inner\">\n\n<p>La colazione \u00e8 extra (eccetto offerta speciale). La tariffa della formula buffet \u00e8 di 20 euro, mentre quella della formula express \u00e8 di 8 euro.* \u00c8 disponibile anche il servizio in camera al prezzo di 21 euro a persona.<br \/>\n* Tariffe per persona e soggette a modifiche senza preavviso.<\/p>\n\n<\/div><\/div>\n<div class=\"accordion-item\"><a href=\"#\" class=\"accordion-title plain\"><button class=\"toggle\"><i class=\"icon-angle-down\"><\/i><\/button><span>La vostra struttura \u00e8 adatta alle persone a mobilit\u00e0 ridotta?<\/span><\/a><div class=\"accordion-inner\">\n\n<p>Il nostro hotel offre due camere totalmente adattate per persone disabili e dispone di due ascensori. Vi invitiamo a specificare questa esigenza in anticipo al momento della prenotazione.<\/p>\n\n<\/div><\/div>\n<div class=\"accordion-item\"><a href=\"#\" class=\"accordion-title plain\"><button class=\"toggle\"><i class=\"icon-angle-down\"><\/i><\/button><span>Gli animali domestici sono ammessi nella vostra struttura?<\/span><\/a><div class=\"accordion-inner\">\n\n<p>Amiamo molto i nostri amici animali, ma non sono ammessi in albergo, indipendentemente dalle loro dimensioni o dal loro peso.<\/p>\n\n<\/div><\/div>\n<div class=\"accordion-item\"><a href=\"#\" class=\"accordion-title plain\"><button class=\"toggle\"><i class=\"icon-angle-down\"><\/i><\/button><span>L'hotel ha un ristorante?<\/span><\/a><div class=\"accordion-inner\">\n\n<p>In collaborazione con un vicino ristorante italiano, l\u2019hotel offre il servizio in camera per i vostri pranzi dalle 12:00 alle 14:00 e per le vostre cene dalle 19:00 alle 22:00.<\/p>\n\n<\/div><\/div>\n<div class=\"accordion-item\"><a href=\"#\" class=\"accordion-title plain\"><button class=\"toggle\"><i class=\"icon-angle-down\"><\/i><\/button><span>\u00c8 possibile lasciare i bagagli in hotel prima dell'arrivo o dopo la partenza?<\/span><\/a><div class=\"accordion-inner\">\n\n<p>Naturalmente, possiamo tenere i vostri bagagli nel nostro locale sicuro fino al vostro ingresso in camera o il pomeriggio della vostra partenza. Desideriamo tuttavia informarvi che questo locale non pu\u00f2 essere utilizzato come deposito bagagli.<\/p>\n\n<\/div><\/div>\n<div class=\"accordion-item\"><a href=\"#\" class=\"accordion-title plain\"><button class=\"toggle\"><i class=\"icon-angle-down\"><\/i><\/button><span>L'hotel dispone di un parcheggio?<\/span><\/a><div class=\"accordion-inner\">\n\n<p>Su richiesta e previa prenotazione, offriamo box chiusi in un&#8217;area sicura. Il parcheggio si trova a 400 metri a piedi dalla nostra struttura. Ogni box costa 32 euro a notte.<\/p>\n\n<\/div><\/div>\n<div class=\"accordion-item\"><a href=\"#\" class=\"accordion-title plain\"><button class=\"toggle\"><i class=\"icon-angle-down\"><\/i><\/button><span>L'hotel \u00e8 dotato di un terminale Internet e di accesso Wi-Fi?<\/span><\/a><div class=\"accordion-inner\">\n\n<p>La connessione Wi-Fi \u00e8 disponibile gratuitamente in tutto l&#8217;hotel. I codici vi saranno comunicati dalla Reception al vostro arrivo. I nostri team sono a vostra disposizione per qualsiasi richiesta di stampa di documenti o di ricerche specifiche.<\/p>\n\n<\/div><\/div>\n<div class=\"accordion-item\"><a href=\"#\" class=\"accordion-title plain\"><button class=\"toggle\"><i class=\"icon-angle-down\"><\/i><\/button><span>Posso chiedere un numero di camera specifico?<\/span><\/a><div class=\"accordion-inner\">\n\n<p>Non possiamo garantire un numero di camera per via della nostra programmazione. Tuttavia, comunicateci le vostre richieste e noi faremo del nostro meglio per soddisfarle.<\/p>\n\n<\/div><\/div>\n<div class=\"accordion-item\"><a href=\"#\" class=\"accordion-title plain\"><button class=\"toggle\"><i class=\"icon-angle-down\"><\/i><\/button><span>Come posso specificare una richiesta particolare?<\/span><\/a><div class=\"accordion-inner\">\n\n<p>Nella casella &#8220;commenti&#8221; o contattandoci. Faremo del nostro meglio per soddisfare la vostra richiesta.<\/p>\n\n<\/div><\/div>\n<div class=\"accordion-item\"><a href=\"#\" class=\"accordion-title plain\"><button class=\"toggle\"><i class=\"icon-angle-down\"><\/i><\/button><span>Come posso cancellare o modificare la mia prenotazione?<\/span><\/a><div class=\"accordion-inner\">\n\n<p>Le condizioni di cancellazione e di modifica sono riportate sulla votra conferma di prenotazione. Vi invitiamo a leggerle attentamente. Le nostre tariffe dipendono anche da queste condizioni. Non esitate a contattare l&#8217;hotel per ulteriori informazioni.<br \/:><br \/>\nPotete cancellare la vostra prenotazione cliccando sull&#8217;apposito link sulla vostra conferma. Se desiderate effettuare una modifica, contattate direttamente l&#8217;hotel via e-mail all&#8217;indirizzoreception@lesjardinsdemademoiselle.com<\/p>\n\n<\/div><\/div>\n<div class=\"accordion-item\"><a href=\"#\" class=\"accordion-title plain\"><button class=\"toggle\"><i class=\"icon-angle-down\"><\/i><\/button><span>Posso anticipare la mia partenza durante il mio soggiorno?<\/span><\/a><div class=\"accordion-inner\">\n\n<p>Vi chiediamo di informarci della vostra partenza anticipata 24 ore prima in modo che possiamo riassegnare la vostra camera. Trascorso questo termine, si applica la sanzione pari all&#8217;importo di una notte. Tuttavia, per i soggiorni prenotati a tariffa esclusiva con pagamento anticipato completo, non \u00e8 previsto alcun rimborso.<\/p>\n\n<\/div><\/div>\n<div class=\"accordion-item\"><a href=\"#\" class=\"accordion-title plain\"><button class=\"toggle\"><i class=\"icon-angle-down\"><\/i><\/button><span>Quali carte di credito accettate per il pagamento?<\/span><\/a><div class=\"accordion-inner\">\n\n<p>MasterCard, Visa, American Express<\/p>\n\n<\/div><\/div>\n<div class=\"accordion-item\"><a href=\"#\" class=\"accordion-title plain\"><button class=\"toggle\"><i class=\"icon-angle-down\"><\/i><\/button><span>L'hotel dispone di camere per fumatori?<\/span><\/a><div class=\"accordion-inner\">\n\n<p>No, nell&#8217;hotel \u00e8 assolutamente vietato fumare, sia nelle camere che nelle aree comuni. Vi preghiamo di non fumare sui balconi. Un posacenere \u00e8 a vostra disposizione all&#8217;esterno dell&#8217;hotel o sulla nostra terrazza all&#8217;aperto.<\/p>\n\n<\/div><\/div>\n<div class=\"accordion-item\"><a href=\"#\" class=\"accordion-title plain\"><button class=\"toggle\"><i class=\"icon-angle-down\"><\/i><\/button><span>Tutte le camere sono dotate di cassaforte?<\/span><\/a><div class=\"accordion-inner\">\n\n<p>S\u00ec, ogni camera include una cassaforte per laptop.<\/p>\n\n<\/div><\/div>\n<div class=\"accordion-item\"><a href=\"#\" class=\"accordion-title plain\"><button class=\"toggle\"><i class=\"icon-angle-down\"><\/i><\/button><span>Tutte le camere sono dotate di aria condizionata che funziona tutto l'anno?<\/span><\/a><div class=\"accordion-inner\">\n\n<p>Tutte le nostre camere sono climatizzate con comando autonomo. Questi condizionatori d&#8217;aria reversibili consentono anche di passare alla modalit\u00e0 di riscaldamento. In questo modo potrete ottenere la temperatura ideale per il vostro soggiorno durante tutto l&#8217;anno.<\/p>\n\n<\/div><\/div>\n<div class=\"accordion-item\"><a href=\"#\" class=\"accordion-title plain\"><button class=\"toggle\"><i class=\"icon-angle-down\"><\/i><\/button><span>Le camere sono spaziose?<\/span><\/a><div class=\"accordion-inner\">\n\n<p>La mancanza di spazio e di superfici disponibili nella capitale \u00e8 un problema reale, comune alla grande maggioranza degli alberghi parigini. Siate certi, tuttavia, che tutte le nostre camere corrispondono agli standard parigini e soddisfano i criteri richiesti dalle norme di classificazione degli hotel a 4 stelle. A seconda della categoria, la loro dimensione, compreso il bagno, varia da 15 m2 a 27 m2.<\/p>\n\n<\/div><\/div>\n<div class=\"accordion-item\"><a href=\"#\" class=\"accordion-title plain\"><button class=\"toggle\"><i class=\"icon-angle-down\"><\/i><\/button><span>C'\u00e8 una linea diretta nella camera?<\/span><\/a><div class=\"accordion-inner\">\n\n<p>Potete telefonare direttamente dalla vostra camera digitando lo 0 e poi il numero di telefono. Tutte le chiamate dall&#8217;esterno vengono inoltrate dalla reception, che trasferisce la chiamata o prende il messaggio in caso di assenza.<\/p>\n\n<\/div><\/div>\n<div class=\"accordion-item\"><a href=\"#\" class=\"accordion-title plain\"><button class=\"toggle\"><i class=\"icon-angle-down\"><\/i><\/button><span>Alcune camere hanno un balcone?<\/span><\/a><div class=\"accordion-inner\">\n\n<p>Tutte le nostre camere hanno un&#8217;uscita sull&#8217;esterno: un balcone personale, o l&#8217;accesso ai corridoi per tutte le camere che si affacciano sul giardino. Non possiamo garantire in modo specifico una camera con balcone o su un corridoio, ma non esitate a comunicarci le vostre preferenze.<\/p>\n\n<\/div><\/div>\n<div class=\"accordion-item\"><a href=\"#\" class=\"accordion-title plain\"><button class=\"toggle\"><i class=\"icon-angle-down\"><\/i><\/button><span>Se viaggio con un bambino, posso richiedere una culla?<\/span><\/a><div class=\"accordion-inner\">\n\n<p>Disponiamo di un lettino per bambini di et\u00e0 inferiore ai 3 anni. Vi segnaliamo che l&#8217;hotel non dispone di una camera tripla, ma offre la comodit\u00e0 di camere comunicanti che possono ospitare 4 persone.<\/p>\n\n<\/div><\/div>\n<div class=\"accordion-item\"><a href=\"#\" class=\"accordion-title plain\"><button class=\"toggle\"><i class=\"icon-angle-down\"><\/i><\/button><span>\u00c8 possibile richiedere un letto supplementare nella mia camera?<\/span><\/a><div class=\"accordion-inner\">\n\n<p>No, non disponiamo di un letto supplementare perch\u00e9 le dimensioni delle nostre camere non lo consentono.<\/p>\n\n<\/div><\/div>\n<div class=\"accordion-item\"><a href=\"#\" class=\"accordion-title plain\"><button class=\"toggle\"><i class=\"icon-angle-down\"><\/i><\/button><span>Posso usufruire di un servizio navetta aeroporto\/stazione?<\/span><\/a><div class=\"accordion-inner\">\n\n<p>Saremo lieti di prenotare per voi una navetta presso il nostro partner da o per l&#8217;aeroporto o la stazione ferroviaria. Contattate la reception per il prezzo di questo servizio. La reception sar\u00e0 lieta di prenotare un taxi o di consigliarvi sui mezzi pubblici.<\/p>\n\n<\/div><\/div>\n<div class=\"accordion-item\"><a href=\"#\" class=\"accordion-title plain\"><button class=\"toggle\"><i class=\"icon-angle-down\"><\/i><\/button><span>Quali sono le stazioni della metropolitana e della RER pi\u00f9 vicine al vostro hotel?<\/span><\/a><div class=\"accordion-inner\">\n\n<p>La metropolitana Commerce, linea 8, si trova a 2 minuti a piedi dall&#8217;hotel, sulla centralissima Rue du Commerce. Permette di raggiungere tutte le attrazioni turistiche di Parigi in meno di 10 minuti. Le stazioni a 5-10 minuti a piedi sono Emile Zola, linea 10 o La Motte Picquet Grenelle, linea 6.<br \/>\nGli autobus 70 e 88, a 1 minuto a piedi, servono molti quartieri parigini.<\/p>\n\n<\/div><\/div>\n<div class=\"accordion-item\"><a href=\"#\" class=\"accordion-title plain\"><button class=\"toggle\"><i class=\"icon-angle-down\"><\/i><\/button><span>Quali lingue si parlano alla reception?<\/span><\/a><div class=\"accordion-inner\">\n\n<p>Tutto il nostro staff vi accoglie e vi consiglia in francese e in inglese. Ogni receptionist parla una terza lingua: spagnolo, italiano, ecc.<\/p>\n\n<\/div><\/div>\n<div class=\"accordion-item\"><a href=\"#\" class=\"accordion-title plain\"><button class=\"toggle\"><i class=\"icon-angle-down\"><\/i><\/button><span>Quali sono gli orari e le tariffe della piscina?<\/span><\/a><div class=\"accordion-inner\">\n\n<p>La nostra area benessere (piscina, hammam e fitness) \u00e8 aperta dalle 8:00 a mezzogiorno e dalle 13:00 alle 22:00. Non ci sono costi aggiuntivi, l&#8217;offerta rientra nella trariffa soggiorno.<\/p>\n\n<\/div><\/div>\n<div class=\"accordion-item\"><a href=\"#\" class=\"accordion-title plain\"><button class=\"toggle\"><i class=\"icon-angle-down\"><\/i><\/button><span>La piscina \u00e8 aperta ai clienti esterni?<\/span><\/a><div class=\"accordion-inner\">\n\n<p>No, per motivi di sicurezza da un lato e per la comodit\u00e0 dei nostri servizi dall&#8217;altro, la piscina \u00e8 riservata esclusivamente ai nostri ospiti.<\/p>\n\n<\/div><\/div>\n<div class=\"accordion-item\"><a href=\"#\" class=\"accordion-title plain\"><button class=\"toggle\"><i class=\"icon-angle-down\"><\/i><\/button><span>Gli asciugamani sono forniti?<\/span><\/a><div class=\"accordion-inner\">\n\n<p>Ogni camera \u00e8 dotata di accappatoi e pantofole che potrete utilizzare per raggiungere la piscina. Se lo desiderate, l&#8217;area \u00e8 dotata anche di spogliatoi con asciugamani.<\/p>\n\n<\/div><\/div>\n\n<\/div>\n\n\t\t<\/div>\n\t\t\t<\/div>\n\n\t\n\n<\/div>\n\n\t\t<\/div>\n\n\t\t\n<style>\n#section_860738328 {\n  padding-top: 50px;\n  padding-bottom: 50px;\n  margin-bottom: 50px;\n}\n<\/style>\n\t<\/section>\n\t\n\n","protected":false},"excerpt":{"rendered":"","protected":false},"author":1,"featured_media":0,"parent":0,"menu_order":0,"comment_status":"closed","ping_status":"closed","template":"","meta":{"footnotes":""},"class_list":["post-1175","page","type-page","status-publish","hentry"],"yoast_head":"<!-- This site is optimized with the Yoast SEO plugin v25.1 - https:\/\/yoast.com\/wordpress\/plugins\/seo\/ -->\n<title>Jardins de Mademoiselle - Tutte le informazioni necessarie per il vostro soggiorno<\/title>\n<meta name=\"description\" content=\"Informazioni utili | Sito ufficiale Jardins de Mademoiselle | Miglior tariffa garantita sul nostro sito\" \/>\n<meta name=\"robots\" content=\"index, follow, max-snippet:-1, max-image-preview:large, max-video-preview:-1\" \/>\n<link rel=\"canonical\" href=\"https:\/\/www.hoteljardinsdemademoiselle.com\/it\/faq\/\" \/>\n<meta property=\"og:locale\" content=\"it_IT\" \/>\n<meta property=\"og:type\" content=\"article\" \/>\n<meta property=\"og:title\" content=\"Jardins de Mademoiselle - Tutte le informazioni necessarie per il vostro soggiorno\" \/>\n<meta property=\"og:description\" content=\"Informazioni utili | Sito ufficiale Jardins de Mademoiselle | Miglior tariffa garantita sul nostro sito\" \/>\n<meta property=\"og:url\" content=\"https:\/\/www.hoteljardinsdemademoiselle.com\/it\/faq\/\" \/>\n<meta property=\"og:site_name\" content=\"Les Jardins de Mademoiselle\" \/>\n<meta property=\"article:modified_time\" content=\"2023-07-31T08:50:26+00:00\" \/>\n<meta name=\"twitter:card\" content=\"summary_large_image\" \/>\n<meta name=\"twitter:label1\" content=\"Tempo di lettura stimato\" \/>\n\t<meta name=\"twitter:data1\" content=\"6 minuti\" \/>\n<script type=\"application\/ld+json\" class=\"yoast-schema-graph\">{\"@context\":\"https:\/\/schema.org\",\"@graph\":[{\"@type\":\"WebPage\",\"@id\":\"https:\/\/www.hoteljardinsdemademoiselle.com\/it\/faq\/\",\"url\":\"https:\/\/www.hoteljardinsdemademoiselle.com\/it\/faq\/\",\"name\":\"Jardins de Mademoiselle - Tutte le informazioni necessarie per il vostro soggiorno\",\"isPartOf\":{\"@id\":\"https:\/\/www.hoteljardinsdemademoiselle.com\/pt-br\/#website\"},\"datePublished\":\"2020-01-21T07:14:27+00:00\",\"dateModified\":\"2023-07-31T08:50:26+00:00\",\"description\":\"Informazioni utili | Sito ufficiale Jardins de Mademoiselle | Miglior tariffa garantita sul nostro sito\",\"breadcrumb\":{\"@id\":\"https:\/\/www.hoteljardinsdemademoiselle.com\/it\/faq\/#breadcrumb\"},\"inLanguage\":\"it-IT\",\"potentialAction\":[{\"@type\":\"ReadAction\",\"target\":[\"https:\/\/www.hoteljardinsdemademoiselle.com\/it\/faq\/\"]}]},{\"@type\":\"BreadcrumbList\",\"@id\":\"https:\/\/www.hoteljardinsdemademoiselle.com\/it\/faq\/#breadcrumb\",\"itemListElement\":[{\"@type\":\"ListItem\",\"position\":1,\"name\":\"Accueil\",\"item\":\"https:\/\/www.hoteljardinsdemademoiselle.com\/it\/\"},{\"@type\":\"ListItem\",\"position\":2,\"name\":\"FAQ\"}]},{\"@type\":\"WebSite\",\"@id\":\"https:\/\/www.hoteljardinsdemademoiselle.com\/pt-br\/#website\",\"url\":\"https:\/\/www.hoteljardinsdemademoiselle.com\/pt-br\/\",\"name\":\"Les Jardins de Mademoiselle\",\"description\":\"H\u00f4tel 4 \u00e9toiles &amp; Spa Paris\",\"potentialAction\":[{\"@type\":\"SearchAction\",\"target\":{\"@type\":\"EntryPoint\",\"urlTemplate\":\"https:\/\/www.hoteljardinsdemademoiselle.com\/pt-br\/?s={search_term_string}\"},\"query-input\":{\"@type\":\"PropertyValueSpecification\",\"valueRequired\":true,\"valueName\":\"search_term_string\"}}],\"inLanguage\":\"it-IT\"}]}<\/script>\n<!-- \/ Yoast SEO plugin. -->","yoast_head_json":{"title":"Jardins de Mademoiselle - Tutte le informazioni necessarie per il vostro soggiorno","description":"Informazioni utili | Sito ufficiale Jardins de Mademoiselle | Miglior tariffa garantita sul nostro sito","robots":{"index":"index","follow":"follow","max-snippet":"max-snippet:-1","max-image-preview":"max-image-preview:large","max-video-preview":"max-video-preview:-1"},"canonical":"https:\/\/www.hoteljardinsdemademoiselle.com\/it\/faq\/","og_locale":"it_IT","og_type":"article","og_title":"Jardins de Mademoiselle - Tutte le informazioni necessarie per il vostro soggiorno","og_description":"Informazioni utili | Sito ufficiale Jardins de Mademoiselle | Miglior tariffa garantita sul nostro sito","og_url":"https:\/\/www.hoteljardinsdemademoiselle.com\/it\/faq\/","og_site_name":"Les Jardins de Mademoiselle","article_modified_time":"2023-07-31T08:50:26+00:00","twitter_card":"summary_large_image","twitter_misc":{"Tempo di lettura stimato":"6 minuti"},"schema":{"@context":"https:\/\/schema.org","@graph":[{"@type":"WebPage","@id":"https:\/\/www.hoteljardinsdemademoiselle.com\/it\/faq\/","url":"https:\/\/www.hoteljardinsdemademoiselle.com\/it\/faq\/","name":"Jardins de Mademoiselle - Tutte le informazioni necessarie per il vostro soggiorno","isPartOf":{"@id":"https:\/\/www.hoteljardinsdemademoiselle.com\/pt-br\/#website"},"datePublished":"2020-01-21T07:14:27+00:00","dateModified":"2023-07-31T08:50:26+00:00","description":"Informazioni utili | Sito ufficiale Jardins de Mademoiselle | Miglior tariffa garantita sul nostro sito","breadcrumb":{"@id":"https:\/\/www.hoteljardinsdemademoiselle.com\/it\/faq\/#breadcrumb"},"inLanguage":"it-IT","potentialAction":[{"@type":"ReadAction","target":["https:\/\/www.hoteljardinsdemademoiselle.com\/it\/faq\/"]}]},{"@type":"BreadcrumbList","@id":"https:\/\/www.hoteljardinsdemademoiselle.com\/it\/faq\/#breadcrumb","itemListElement":[{"@type":"ListItem","position":1,"name":"Accueil","item":"https:\/\/www.hoteljardinsdemademoiselle.com\/it\/"},{"@type":"ListItem","position":2,"name":"FAQ"}]},{"@type":"WebSite","@id":"https:\/\/www.hoteljardinsdemademoiselle.com\/pt-br\/#website","url":"https:\/\/www.hoteljardinsdemademoiselle.com\/pt-br\/","name":"Les Jardins de Mademoiselle","description":"H\u00f4tel 4 \u00e9toiles &amp; Spa Paris","potentialAction":[{"@type":"SearchAction","target":{"@type":"EntryPoint","urlTemplate":"https:\/\/www.hoteljardinsdemademoiselle.com\/pt-br\/?s={search_term_string}"},"query-input":{"@type":"PropertyValueSpecification","valueRequired":true,"valueName":"search_term_string"}}],"inLanguage":"it-IT"}]}},"_links":{"self":[{"href":"https:\/\/www.hoteljardinsdemademoiselle.com\/it\/wp-json\/wp\/v2\/pages\/1175","targetHints":{"allow":["GET"]}}],"collection":[{"href":"https:\/\/www.hoteljardinsdemademoiselle.com\/it\/wp-json\/wp\/v2\/pages"}],"about":[{"href":"https:\/\/www.hoteljardinsdemademoiselle.com\/it\/wp-json\/wp\/v2\/types\/page"}],"author":[{"embeddable":true,"href":"https:\/\/www.hoteljardinsdemademoiselle.com\/it\/wp-json\/wp\/v2\/users\/1"}],"replies":[{"embeddable":true,"href":"https:\/\/www.hoteljardinsdemademoiselle.com\/it\/wp-json\/wp\/v2\/comments?post=1175"}],"version-history":[{"count":8,"href":"https:\/\/www.hoteljardinsdemademoiselle.com\/it\/wp-json\/wp\/v2\/pages\/1175\/revisions"}],"predecessor-version":[{"id":2266,"href":"https:\/\/www.hoteljardinsdemademoiselle.com\/it\/wp-json\/wp\/v2\/pages\/1175\/revisions\/2266"}],"wp:attachment":[{"href":"https:\/\/www.hoteljardinsdemademoiselle.com\/it\/wp-json\/wp\/v2\/media?parent=1175"}],"curies":[{"name":"wp","href":"https:\/\/api.w.org\/{rel}","templated":true}]}}