{"id":1155,"date":"2020-01-14T15:45:27","date_gmt":"2020-01-14T14:45:27","guid":{"rendered":"https:\/\/www.hoteljardinsdemademoiselle.com\/offre-business-entreprise\/"},"modified":"2024-07-11T15:48:46","modified_gmt":"2024-07-11T13:48:46","slug":"vantaggi-business-soggiorni-professionali","status":"publish","type":"page","link":"https:\/\/www.hoteljardinsdemademoiselle.com\/it\/vantaggi-business-soggiorni-professionali\/","title":{"rendered":"Business"},"content":{"rendered":"\n\t<section class=\"section\" id=\"section_553026027\">\n\t\t<div class=\"bg section-bg fill bg-fill  bg-loaded\" >\n\n\t\t\t\n\t\t\t<button class=\"scroll-for-more z-5 icon absolute bottom h-center\"><i class=\"icon-angle-down\" style=\"font-size:42px;\"><\/i><\/button>\n\t\t\t\n\n\t\t<\/div>\n\n\t\t<div class=\"section-content relative\">\n\t\t\t\n\n<div class=\"slider-wrapper relative\" id=\"slider-971828042\" >\n    <div class=\"slider slider-nav-circle slider-nav-large slider-nav-light slider-style-normal\"\n        data-flickity-options='{\n            \"cellAlign\": \"center\",\n            \"imagesLoaded\": true,\n            \"lazyLoad\": 1,\n            \"freeScroll\": false,\n            \"wrapAround\": true,\n            \"autoPlay\": 3000,\n            \"pauseAutoPlayOnHover\" : true,\n            \"prevNextButtons\": true,\n            \"contain\" : true,\n            \"adaptiveHeight\" : true,\n            \"dragThreshold\" : 10,\n            \"percentPosition\": true,\n            \"pageDots\": false,\n            \"rightToLeft\": false,\n            \"draggable\": true,\n            \"selectedAttraction\": 0.1,\n            \"parallax\" : 0,\n            \"friction\": 0.6        }'\n        >\n        \n\n\n  <div class=\"banner has-hover\" id=\"banner-646625210\">\n          <div class=\"banner-inner fill\">\n        <div class=\"banner-bg fill\" >\n            <div class=\"bg fill bg-fill \"><\/div>\n                                    \n                    <\/div>\n        <div class=\"banner-layers container\">\n            <div class=\"fill banner-link\"><\/div>            \n\n\n        <\/div>\n      <\/div>\n\n            \n<style>\n#banner-646625210 {\n  padding-top: 56.25%;\n}\n#banner-646625210 .bg.bg-loaded {\n  background-image: url(https:\/\/www.hoteljardinsdemademoiselle.com\/wp-content\/uploads\/2020\/01\/facade-les-jardins-de-mademoiselle-1.jpg);\n}\n<\/style>\n  <\/div>\n\n\n\n  <div class=\"banner has-hover\" id=\"banner-449422465\">\n          <div class=\"banner-inner fill\">\n        <div class=\"banner-bg fill\" >\n            <div class=\"bg fill bg-fill \"><\/div>\n                                    \n                    <\/div>\n        <div class=\"banner-layers container\">\n            <div class=\"fill banner-link\"><\/div>            \n\n\n        <\/div>\n      <\/div>\n\n            \n<style>\n#banner-449422465 {\n  padding-top: 56.25%;\n}\n#banner-449422465 .bg.bg-loaded {\n  background-image: url(https:\/\/www.hoteljardinsdemademoiselle.com\/wp-content\/uploads\/2020\/02\/HOTEL-JDM_CHAMBRE601_20.jpg);\n}\n<\/style>\n  <\/div>\n\n\n\n  <div class=\"banner has-hover\" id=\"banner-430678391\">\n          <div class=\"banner-inner fill\">\n        <div class=\"banner-bg fill\" >\n            <div class=\"bg fill bg-fill \"><\/div>\n                                    \n                    <\/div>\n        <div class=\"banner-layers container\">\n            <div class=\"fill banner-link\"><\/div>            \n\n\n        <\/div>\n      <\/div>\n\n            \n<style>\n#banner-430678391 {\n  padding-top: 56.25%;\n}\n#banner-430678391 .bg.bg-loaded {\n  background-image: url(https:\/\/www.hoteljardinsdemademoiselle.com\/wp-content\/uploads\/2020\/01\/piscine-jardins-de-mademoiselle-paris-4.jpg);\n}\n<\/style>\n  <\/div>\n\n\n\n     <\/div>\n\n     <div class=\"loading-spin dark large centered\"><\/div>\n\n     <\/div>\n\n\n\n\t\t<\/div>\n\n\t\t\n<style>\n#section_553026027 {\n  padding-top: 0px;\n  padding-bottom: 0px;\n}\n<\/style>\n\t<\/section>\n\t\n\t<section class=\"section\" id=\"section_217594992\">\n\t\t<div class=\"bg section-bg fill bg-fill  bg-loaded\" >\n\n\t\t\t\n\t\t\t\n\t\t\t\n\n\t\t<\/div>\n\n\t\t<div class=\"section-content relative\">\n\t\t\t\n\n<div class=\"row\"  id=\"row-218362023\">\n\n\n\t<div id=\"col-1363864785\" class=\"col small-12 large-12\"  >\n\t\t<div class=\"col-inner\"  >\n\t\t\t\n\t\t\t\n\n<h2 style=\"text-align: center;\">Approfittate dei vantaggi per i vostri soggiorni &#8220;professionali&#8221; durante tutto l&#8217;anno!<\/h2>\n<p><strong>Prenotando direttamente presso l&#8217;hotel, potrete beneficiare di vantaggi che solo i nostri team e il nostro sito ufficiale possono garantire.<\/strong><\/p>\n<p><strong>0% di commissioni e 100% vincente<\/strong><\/p>\n<ol>\n<li>Sconto immediato dalla prima notte di soggiorno.<\/li>\n<li>Un team 24 ore su 24, 7 giorni su 7, che risponde alle vostre richieste.<\/li>\n<li>Assistenza personalizzata, accesso prioritario ai servizi aziendali: parcheggio, servizi di portineria, prenotazione di sale riunioni, ecc.<\/li>\n<li>Fatturazione trasparente senza costi aggiuntivi di gestione<\/li>\n<li>Presentazione e formulazione della fattura secondo le procedure contabili della vostra azienda e invio via e-mail<\/li>\n<li>Premiamo la vostra fedelt\u00e0 con un&#8217;attenzione extra, in base alla disponibilit\u00e0 (priorit\u00e0 in lista d&#8217;attesa nei periodi di grande affluenza, attenzione alle vostre preferenze, selezione delle opzioni, check-in anticipato e check-out posticipato \u2026)<\/li>\n<li>Possibilit\u00e0 di partnership tutto l&#8217;anno che offre sconti esclusivi per tutti i vostri dipendenti tramite un codice riservato che vi sar\u00e0 consegnato al momento della firma del contratto aziendale.<\/li>\n<\/ol>\n<div class=\"row\"  id=\"row-1218750197\">\n\n\n\t<div id=\"col-790983613\" class=\"col medium-6 small-12 large-6\"  >\n\t\t<div class=\"col-inner\"  >\n\t\t\t\n\t\t\t\n\n\t<div class=\"img has-hover x md-x lg-x y md-y lg-y\" id=\"image_2102080448\">\n\t\t\t\t\t\t\t\t<div class=\"img-inner image-cover box-shadow-3 dark\" style=\"padding-top:50%;\">\n\t\t\t<img decoding=\"async\" width=\"300\" height=\"200\" src=\"https:\/\/www.hoteljardinsdemademoiselle.com\/wp-content\/uploads\/2020\/01\/piscine-jardins-de-mademoiselle-paris-4-300x200.jpg\" class=\"attachment-medium size-medium\" alt=\"piscine Les Jardins de Mademoiselle Paris\" srcset=\"https:\/\/www.hoteljardinsdemademoiselle.com\/wp-content\/uploads\/2020\/01\/piscine-jardins-de-mademoiselle-paris-4-300x200.jpg 300w, https:\/\/www.hoteljardinsdemademoiselle.com\/wp-content\/uploads\/2020\/01\/piscine-jardins-de-mademoiselle-paris-4-1024x683.jpg 1024w, https:\/\/www.hoteljardinsdemademoiselle.com\/wp-content\/uploads\/2020\/01\/piscine-jardins-de-mademoiselle-paris-4-768x512.jpg 768w, https:\/\/www.hoteljardinsdemademoiselle.com\/wp-content\/uploads\/2020\/01\/piscine-jardins-de-mademoiselle-paris-4-1536x1024.jpg 1536w, https:\/\/www.hoteljardinsdemademoiselle.com\/wp-content\/uploads\/2020\/01\/piscine-jardins-de-mademoiselle-paris-4.jpg 1800w\" sizes=\"(max-width: 300px) 100vw, 300px\" \/>\t\t\t\t\t\t\n\t\t\t\t\t<\/div>\n\t\t\t\t\t\t\t\t\n<style>\n#image_2102080448 {\n  width: 100%;\n}\n<\/style>\n\t<\/div>\n\t\n\n<p>Avete accesso alla nostra area benessere di 200 m2 con una piscina coperta di 15\u00d74 m, un hammam e una palestra<\/p>\n\n\t\t<\/div>\n\t\t\t<\/div>\n\n\t\n\n\t<div id=\"col-1554545216\" class=\"col medium-6 small-12 large-6\"  >\n\t\t<div class=\"col-inner\"  >\n\t\t\t\n\t\t\t\n\n\t<div class=\"img has-hover x md-x lg-x y md-y lg-y\" id=\"image_1493025828\">\n\t\t\t\t\t\t\t\t<div class=\"img-inner image-cover box-shadow-3 dark\" style=\"padding-top:50%;\">\n\t\t\t<img decoding=\"async\" width=\"683\" height=\"1024\" src=\"https:\/\/www.hoteljardinsdemademoiselle.com\/wp-content\/uploads\/2020\/02\/HOTEL-JDM_BAR_3-683x1024.jpg\" class=\"attachment-large size-large\" alt=\"\" srcset=\"https:\/\/www.hoteljardinsdemademoiselle.com\/wp-content\/uploads\/2020\/02\/HOTEL-JDM_BAR_3-683x1024.jpg 683w, https:\/\/www.hoteljardinsdemademoiselle.com\/wp-content\/uploads\/2020\/02\/HOTEL-JDM_BAR_3-200x300.jpg 200w, https:\/\/www.hoteljardinsdemademoiselle.com\/wp-content\/uploads\/2020\/02\/HOTEL-JDM_BAR_3-768x1152.jpg 768w, https:\/\/www.hoteljardinsdemademoiselle.com\/wp-content\/uploads\/2020\/02\/HOTEL-JDM_BAR_3-1024x1536.jpg 1024w, https:\/\/www.hoteljardinsdemademoiselle.com\/wp-content\/uploads\/2020\/02\/HOTEL-JDM_BAR_3.jpg 1280w\" sizes=\"(max-width: 683px) 100vw, 683px\" \/>\t\t\t\t\t\t\n\t\t\t\t\t<\/div>\n\t\t\t\t\t\t\t\t\n<style>\n#image_1493025828 {\n  width: 100%;\n}\n<\/style>\n\t<\/div>\n\t\n\n<p>La sala colazioni e il bar sono a vostra disposizione per i vostri appuntamenti o sedute di lavoro.<\/p>\n\n\t\t<\/div>\n\t\t\t<\/div>\n\n\t\n\n\n<style>\n#row-1218750197 > .col > .col-inner {\n  padding: 30px 0px 0px 0px;\n}\n<\/style>\n<\/div>\n<div class=\"row\"  id=\"row-2057635632\">\n\n\n\t<div id=\"col-932432327\" class=\"col medium-6 small-12 large-6\"  >\n\t\t<div class=\"col-inner\"  >\n\t\t\t\n\t\t\t\n\n\t<div class=\"img has-hover x md-x lg-x y md-y lg-y\" id=\"image_2013984625\">\n\t\t\t\t\t\t\t\t<div class=\"img-inner image-cover box-shadow-3 dark\" style=\"padding-top:50%;\">\n\t\t\t<img decoding=\"async\" width=\"1020\" height=\"680\" src=\"https:\/\/www.hoteljardinsdemademoiselle.com\/wp-content\/uploads\/2020\/02\/HOTEL-JDM_ROOFTOP_24-1024x683.jpg\" class=\"attachment-large size-large\" alt=\"\" srcset=\"https:\/\/www.hoteljardinsdemademoiselle.com\/wp-content\/uploads\/2020\/02\/HOTEL-JDM_ROOFTOP_24-1024x683.jpg 1024w, https:\/\/www.hoteljardinsdemademoiselle.com\/wp-content\/uploads\/2020\/02\/HOTEL-JDM_ROOFTOP_24-300x200.jpg 300w, https:\/\/www.hoteljardinsdemademoiselle.com\/wp-content\/uploads\/2020\/02\/HOTEL-JDM_ROOFTOP_24-768x512.jpg 768w, https:\/\/www.hoteljardinsdemademoiselle.com\/wp-content\/uploads\/2020\/02\/HOTEL-JDM_ROOFTOP_24-1536x1024.jpg 1536w, https:\/\/www.hoteljardinsdemademoiselle.com\/wp-content\/uploads\/2020\/02\/HOTEL-JDM_ROOFTOP_24.jpg 1920w\" sizes=\"(max-width: 1020px) 100vw, 1020px\" \/>\t\t\t\t\t\t\n\t\t\t\t\t<\/div>\n\t\t\t\t\t\t\t\t\n<style>\n#image_2013984625 {\n  width: 100%;\n}\n<\/style>\n\t<\/div>\n\t\n\n<p>Una splendida terrazza di 90 m2 con vista sui tetti di Parigi<\/p>\n\n\t\t<\/div>\n\t\t\t<\/div>\n\n\t\n\n\t<div id=\"col-790984303\" class=\"col medium-6 small-12 large-6\"  >\n\t\t<div class=\"col-inner\"  >\n\t\t\t\n\t\t\t\n\n\t<div class=\"img has-hover x md-x lg-x y md-y lg-y\" id=\"image_705443365\">\n\t\t\t\t\t\t\t\t<div class=\"img-inner image-cover box-shadow-3 dark\" style=\"padding-top:50%;\">\n\t\t\t<img decoding=\"async\" width=\"300\" height=\"200\" src=\"https:\/\/www.hoteljardinsdemademoiselle.com\/wp-content\/uploads\/2020\/01\/jardin-de-mademoiselle-300x200.jpg\" class=\"attachment-medium size-medium\" alt=\"jardins de mademoiselle\" srcset=\"https:\/\/www.hoteljardinsdemademoiselle.com\/wp-content\/uploads\/2020\/01\/jardin-de-mademoiselle-300x200.jpg 300w, https:\/\/www.hoteljardinsdemademoiselle.com\/wp-content\/uploads\/2020\/01\/jardin-de-mademoiselle-1024x683.jpg 1024w, https:\/\/www.hoteljardinsdemademoiselle.com\/wp-content\/uploads\/2020\/01\/jardin-de-mademoiselle-768x512.jpg 768w, https:\/\/www.hoteljardinsdemademoiselle.com\/wp-content\/uploads\/2020\/01\/jardin-de-mademoiselle-1536x1024.jpg 1536w, https:\/\/www.hoteljardinsdemademoiselle.com\/wp-content\/uploads\/2020\/01\/jardin-de-mademoiselle.jpg 1800w\" sizes=\"(max-width: 300px) 100vw, 300px\" \/>\t\t\t\t\t\t\n\t\t\t\t\t<\/div>\n\t\t\t\t\t\t\t\t\n<style>\n#image_705443365 {\n  width: 100%;\n}\n<\/style>\n\t<\/div>\n\t\n\n<p>Wi-Fi gratuito e illimitato<\/p>\n\n\t\t<\/div>\n\t\t\t<\/div>\n\n\t\n\n\n<style>\n#row-2057635632 > .col > .col-inner {\n  padding: 30px 0px 0px 0px;\n}\n<\/style>\n<\/div>\n<div class=\"row\"  id=\"row-925922991\">\n\n\n\t<div id=\"col-1009717845\" class=\"col medium-6 small-12 large-6\"  >\n\t\t<div class=\"col-inner\"  >\n\t\t\t\n\t\t\t\n\n\t<div class=\"img has-hover x md-x lg-x y md-y lg-y\" id=\"image_1008793374\">\n\t\t\t\t\t\t\t\t<div class=\"img-inner image-cover box-shadow-3 dark\" style=\"padding-top:50%;\">\n\t\t\t<img decoding=\"async\" width=\"683\" height=\"1024\" src=\"https:\/\/www.hoteljardinsdemademoiselle.com\/wp-content\/uploads\/2020\/02\/HOTEL-JDM_EXT_5-683x1024.jpg\" class=\"attachment-large size-large\" alt=\"\" srcset=\"https:\/\/www.hoteljardinsdemademoiselle.com\/wp-content\/uploads\/2020\/02\/HOTEL-JDM_EXT_5-683x1024.jpg 683w, https:\/\/www.hoteljardinsdemademoiselle.com\/wp-content\/uploads\/2020\/02\/HOTEL-JDM_EXT_5-200x300.jpg 200w, https:\/\/www.hoteljardinsdemademoiselle.com\/wp-content\/uploads\/2020\/02\/HOTEL-JDM_EXT_5-768x1152.jpg 768w, https:\/\/www.hoteljardinsdemademoiselle.com\/wp-content\/uploads\/2020\/02\/HOTEL-JDM_EXT_5-1024x1536.jpg 1024w, https:\/\/www.hoteljardinsdemademoiselle.com\/wp-content\/uploads\/2020\/02\/HOTEL-JDM_EXT_5.jpg 1280w\" sizes=\"(max-width: 683px) 100vw, 683px\" \/>\t\t\t\t\t\t\n\t\t\t\t\t<\/div>\n\t\t\t\t\t\t\t\t\n<style>\n#image_1008793374 {\n  width: 100%;\n}\n<\/style>\n\t<\/div>\n\t\n\n<p>Spazi verdi su 3 temi di giardino<\/p>\n\n\t\t<\/div>\n\t\t\t<\/div>\n\n\t\n\n\t<div id=\"col-1389272273\" class=\"col medium-6 small-12 large-6\"  >\n\t\t<div class=\"col-inner\"  >\n\t\t\t\n\t\t\t\n\n\t<div class=\"img has-hover x md-x lg-x y md-y lg-y\" id=\"image_1332995007\">\n\t\t\t\t\t\t\t\t<div class=\"img-inner image-cover box-shadow-3 dark\" style=\"padding-top:50%;\">\n\t\t\t<img decoding=\"async\" width=\"300\" height=\"200\" src=\"https:\/\/www.hoteljardinsdemademoiselle.com\/wp-content\/uploads\/2020\/01\/box-300x200.jpg\" class=\"attachment-medium size-medium\" alt=\"parking\" srcset=\"https:\/\/www.hoteljardinsdemademoiselle.com\/wp-content\/uploads\/2020\/01\/box-300x200.jpg 300w, https:\/\/www.hoteljardinsdemademoiselle.com\/wp-content\/uploads\/2020\/01\/box.jpg 500w\" sizes=\"(max-width: 300px) 100vw, 300px\" \/>\t\t\t\t\t\t\n\t\t\t\t\t<\/div>\n\t\t\t\t\t\t\t\t\n<style>\n#image_1332995007 {\n  width: 100%;\n}\n<\/style>\n\t<\/div>\n\t\n\n<p>Solo su prenotazione, la struttura offre box chiusi, in un parcheggio privato, a poco pi\u00f9 di 5 minuti a piedi.<\/p>\n\n\t\t<\/div>\n\t\t\t<\/div>\n\n\t\n\n\n<style>\n#row-925922991 > .col > .col-inner {\n  padding: 30px 0px 0px 0px;\n}\n<\/style>\n<\/div>\n<p style=\"text-align: center;\"><strong>Per i vostri eventi professionali\u00a0<\/strong><\/p>\n<p style=\"text-align: left;\"><u>Per i vostri eventi aziendali da 22 a 50 persone:<\/u> giornata di formazione, seminario, animazioni di Team Building, grazie al nostro accordo di collaborazione con il &#8220;Cosy Chic&#8221; usufruite di tariffe preferenziali per 125m2 di spazio che includono una sala riunioni, due saloni e una terrazza Zen. (Nei pressi dell&#8217;hotel)<br \/><a href=\"https:\/\/www.hoteljardinsdemademoiselle.com\/Plaquette-Seminaire-Cosy-Chic.pdf\" target=\"_blank\" rel=\"noopener noreferrer\">Consultate il nostro opuscolo<\/a><\/p>\n<p style=\"text-align: center;\">Siamo a vostra disposizione per fornirvi maggiori dettagli via e-mail: <br \/><strong> <a href=\"mailto:reception@lesjardinsdemademoiselle.com?subject=Partenariat+Corporate\" target=\"_blank\" rel=\"noopener noreferrer\">reception@lesjardinsdemademoiselle.com<\/a><\/strong><br \/><strong>o per telefono al numero<\/strong><br \/><strong>+ 33 1 56 23 91 00<\/strong><\/p>\n<p style=\"text-align: center;\"><strong>Accesso ai trasporti:<\/strong><br \/>Linea 8 della metropolitana: Commerce o Felix Faure<br \/>Metropolitana Linea 6, 8, 10: La Motte Piquet Grenelle<br \/>Metropolitana Linea 12: Convention<br \/>Accesso diretto in auto o taxi a Parigi Expo Porte de Versailles e Issy les Moulineaux<\/p>\n\n\t\t<\/div>\n\t\t\t<\/div>\n\n\t\n\n<\/div>\n\n\t\t<\/div>\n\n\t\t\n<style>\n#section_217594992 {\n  padding-top: 30px;\n  padding-bottom: 30px;\n}\n<\/style>\n\t<\/section>\n\t\n\t<section class=\"section\" id=\"section_1325255191\">\n\t\t<div class=\"bg section-bg fill bg-fill  bg-loaded\" >\n\n\t\t\t\n\t\t\t\n\t\t\t\n\n\t\t<\/div>\n\n\t\t<div class=\"section-content relative\">\n\t\t\t\n\n<h2 style=\"text-align: center;\">Seguiteci su Instangram<\/h2>\nInstagram did not return a 200.\n\n\n\t\t<\/div>\n\n\t\t\n<style>\n#section_1325255191 {\n  padding-top: 30px;\n  padding-bottom: 30px;\n}\n<\/style>\n\t<\/section>\n\t\n\n","protected":false},"excerpt":{"rendered":"","protected":false},"author":1,"featured_media":0,"parent":0,"menu_order":0,"comment_status":"closed","ping_status":"closed","template":"page-transparent-header.php","meta":{"footnotes":""},"class_list":["post-1155","page","type-page","status-publish","hentry"],"yoast_head":"<!-- This site is optimized with the Yoast SEO plugin v25.1 - https:\/\/yoast.com\/wordpress\/plugins\/seo\/ -->\n<title>Jardins de Mademoiselle Scoprite le nostre offerte aziendali e i vantaggi commerciali<\/title>\n<meta name=\"description\" content=\"I vantaggi business dell&#039;Hotel Jardins de Mademoiselle | Prenotate il vostro soggiorno di lavoro Miglior tariffa garantita sul nostro sito\" \/>\n<meta name=\"robots\" content=\"index, follow, max-snippet:-1, max-image-preview:large, max-video-preview:-1\" \/>\n<link rel=\"canonical\" href=\"https:\/\/www.hoteljardinsdemademoiselle.com\/it\/vantaggi-business-soggiorni-professionali\/\" \/>\n<meta property=\"og:locale\" content=\"it_IT\" \/>\n<meta property=\"og:type\" content=\"article\" \/>\n<meta property=\"og:title\" content=\"Jardins de Mademoiselle Scoprite le nostre offerte aziendali e i vantaggi commerciali\" \/>\n<meta property=\"og:description\" content=\"I vantaggi business dell&#039;Hotel Jardins de Mademoiselle | Prenotate il vostro soggiorno di lavoro Miglior tariffa garantita sul nostro sito\" \/>\n<meta property=\"og:url\" content=\"https:\/\/www.hoteljardinsdemademoiselle.com\/it\/vantaggi-business-soggiorni-professionali\/\" \/>\n<meta property=\"og:site_name\" content=\"Les Jardins de Mademoiselle\" \/>\n<meta property=\"article:modified_time\" content=\"2024-07-11T13:48:46+00:00\" \/>\n<meta name=\"twitter:card\" content=\"summary_large_image\" \/>\n<meta name=\"twitter:label1\" content=\"Tempo di lettura stimato\" \/>\n\t<meta name=\"twitter:data1\" content=\"3 minuti\" \/>\n<script type=\"application\/ld+json\" class=\"yoast-schema-graph\">{\"@context\":\"https:\/\/schema.org\",\"@graph\":[{\"@type\":\"WebPage\",\"@id\":\"https:\/\/www.hoteljardinsdemademoiselle.com\/it\/vantaggi-business-soggiorni-professionali\/\",\"url\":\"https:\/\/www.hoteljardinsdemademoiselle.com\/it\/vantaggi-business-soggiorni-professionali\/\",\"name\":\"Jardins de Mademoiselle Scoprite le nostre offerte aziendali e i vantaggi commerciali\",\"isPartOf\":{\"@id\":\"https:\/\/www.hoteljardinsdemademoiselle.com\/pt-br\/#website\"},\"datePublished\":\"2020-01-14T14:45:27+00:00\",\"dateModified\":\"2024-07-11T13:48:46+00:00\",\"description\":\"I vantaggi business dell'Hotel Jardins de Mademoiselle | Prenotate il vostro soggiorno di lavoro Miglior tariffa garantita sul nostro sito\",\"breadcrumb\":{\"@id\":\"https:\/\/www.hoteljardinsdemademoiselle.com\/it\/vantaggi-business-soggiorni-professionali\/#breadcrumb\"},\"inLanguage\":\"it-IT\",\"potentialAction\":[{\"@type\":\"ReadAction\",\"target\":[\"https:\/\/www.hoteljardinsdemademoiselle.com\/it\/vantaggi-business-soggiorni-professionali\/\"]}]},{\"@type\":\"BreadcrumbList\",\"@id\":\"https:\/\/www.hoteljardinsdemademoiselle.com\/it\/vantaggi-business-soggiorni-professionali\/#breadcrumb\",\"itemListElement\":[{\"@type\":\"ListItem\",\"position\":1,\"name\":\"Accueil\",\"item\":\"https:\/\/www.hoteljardinsdemademoiselle.com\/it\/\"},{\"@type\":\"ListItem\",\"position\":2,\"name\":\"Business\"}]},{\"@type\":\"WebSite\",\"@id\":\"https:\/\/www.hoteljardinsdemademoiselle.com\/pt-br\/#website\",\"url\":\"https:\/\/www.hoteljardinsdemademoiselle.com\/pt-br\/\",\"name\":\"Les Jardins de Mademoiselle\",\"description\":\"H\u00f4tel 4 \u00e9toiles &amp; Spa Paris\",\"potentialAction\":[{\"@type\":\"SearchAction\",\"target\":{\"@type\":\"EntryPoint\",\"urlTemplate\":\"https:\/\/www.hoteljardinsdemademoiselle.com\/pt-br\/?s={search_term_string}\"},\"query-input\":{\"@type\":\"PropertyValueSpecification\",\"valueRequired\":true,\"valueName\":\"search_term_string\"}}],\"inLanguage\":\"it-IT\"}]}<\/script>\n<!-- \/ Yoast SEO plugin. -->","yoast_head_json":{"title":"Jardins de Mademoiselle Scoprite le nostre offerte aziendali e i vantaggi commerciali","description":"I vantaggi business dell'Hotel Jardins de Mademoiselle | Prenotate il vostro soggiorno di lavoro Miglior tariffa garantita sul nostro sito","robots":{"index":"index","follow":"follow","max-snippet":"max-snippet:-1","max-image-preview":"max-image-preview:large","max-video-preview":"max-video-preview:-1"},"canonical":"https:\/\/www.hoteljardinsdemademoiselle.com\/it\/vantaggi-business-soggiorni-professionali\/","og_locale":"it_IT","og_type":"article","og_title":"Jardins de Mademoiselle Scoprite le nostre offerte aziendali e i vantaggi commerciali","og_description":"I vantaggi business dell'Hotel Jardins de Mademoiselle | Prenotate il vostro soggiorno di lavoro Miglior tariffa garantita sul nostro sito","og_url":"https:\/\/www.hoteljardinsdemademoiselle.com\/it\/vantaggi-business-soggiorni-professionali\/","og_site_name":"Les Jardins de Mademoiselle","article_modified_time":"2024-07-11T13:48:46+00:00","twitter_card":"summary_large_image","twitter_misc":{"Tempo di lettura stimato":"3 minuti"},"schema":{"@context":"https:\/\/schema.org","@graph":[{"@type":"WebPage","@id":"https:\/\/www.hoteljardinsdemademoiselle.com\/it\/vantaggi-business-soggiorni-professionali\/","url":"https:\/\/www.hoteljardinsdemademoiselle.com\/it\/vantaggi-business-soggiorni-professionali\/","name":"Jardins de Mademoiselle Scoprite le nostre offerte aziendali e i vantaggi commerciali","isPartOf":{"@id":"https:\/\/www.hoteljardinsdemademoiselle.com\/pt-br\/#website"},"datePublished":"2020-01-14T14:45:27+00:00","dateModified":"2024-07-11T13:48:46+00:00","description":"I vantaggi business dell'Hotel Jardins de Mademoiselle | Prenotate il vostro soggiorno di lavoro Miglior tariffa garantita sul nostro sito","breadcrumb":{"@id":"https:\/\/www.hoteljardinsdemademoiselle.com\/it\/vantaggi-business-soggiorni-professionali\/#breadcrumb"},"inLanguage":"it-IT","potentialAction":[{"@type":"ReadAction","target":["https:\/\/www.hoteljardinsdemademoiselle.com\/it\/vantaggi-business-soggiorni-professionali\/"]}]},{"@type":"BreadcrumbList","@id":"https:\/\/www.hoteljardinsdemademoiselle.com\/it\/vantaggi-business-soggiorni-professionali\/#breadcrumb","itemListElement":[{"@type":"ListItem","position":1,"name":"Accueil","item":"https:\/\/www.hoteljardinsdemademoiselle.com\/it\/"},{"@type":"ListItem","position":2,"name":"Business"}]},{"@type":"WebSite","@id":"https:\/\/www.hoteljardinsdemademoiselle.com\/pt-br\/#website","url":"https:\/\/www.hoteljardinsdemademoiselle.com\/pt-br\/","name":"Les Jardins de Mademoiselle","description":"H\u00f4tel 4 \u00e9toiles &amp; Spa Paris","potentialAction":[{"@type":"SearchAction","target":{"@type":"EntryPoint","urlTemplate":"https:\/\/www.hoteljardinsdemademoiselle.com\/pt-br\/?s={search_term_string}"},"query-input":{"@type":"PropertyValueSpecification","valueRequired":true,"valueName":"search_term_string"}}],"inLanguage":"it-IT"}]}},"_links":{"self":[{"href":"https:\/\/www.hoteljardinsdemademoiselle.com\/it\/wp-json\/wp\/v2\/pages\/1155","targetHints":{"allow":["GET"]}}],"collection":[{"href":"https:\/\/www.hoteljardinsdemademoiselle.com\/it\/wp-json\/wp\/v2\/pages"}],"about":[{"href":"https:\/\/www.hoteljardinsdemademoiselle.com\/it\/wp-json\/wp\/v2\/types\/page"}],"author":[{"embeddable":true,"href":"https:\/\/www.hoteljardinsdemademoiselle.com\/it\/wp-json\/wp\/v2\/users\/1"}],"replies":[{"embeddable":true,"href":"https:\/\/www.hoteljardinsdemademoiselle.com\/it\/wp-json\/wp\/v2\/comments?post=1155"}],"version-history":[{"count":5,"href":"https:\/\/www.hoteljardinsdemademoiselle.com\/it\/wp-json\/wp\/v2\/pages\/1155\/revisions"}],"predecessor-version":[{"id":3548,"href":"https:\/\/www.hoteljardinsdemademoiselle.com\/it\/wp-json\/wp\/v2\/pages\/1155\/revisions\/3548"}],"wp:attachment":[{"href":"https:\/\/www.hoteljardinsdemademoiselle.com\/it\/wp-json\/wp\/v2\/media?parent=1155"}],"curies":[{"name":"wp","href":"https:\/\/api.w.org\/{rel}","templated":true}]}}