{"id":1227,"date":"2020-01-06T11:24:32","date_gmt":"2020-01-06T10:24:32","guid":{"rendered":"https:\/\/www.hoteljardinsdemademoiselle.com\/suite-tour-eiffel-terrasse\/"},"modified":"2025-06-16T19:05:54","modified_gmt":"2025-06-16T17:05:54","slug":"suite-torre-eiffel-terraza","status":"publish","type":"page","link":"https:\/\/www.hoteljardinsdemademoiselle.com\/es\/suite-torre-eiffel-terraza\/","title":{"rendered":"Suite Tour Eiffel Terrasse"},"content":{"rendered":"\n\t<section class=\"section\" id=\"section_1757798089\">\n\t\t<div class=\"bg section-bg fill bg-fill  bg-loaded\" >\n\n\t\t\t\n\t\t\t\n\t\t\t\n\n\t\t<\/div>\n\n\t\t<div class=\"section-content relative\">\n\t\t\t\n\n<div class=\"slider-wrapper relative\" id=\"slider-2032370288\" >\n    <div class=\"slider slider-nav-circle slider-nav-large slider-nav-light slider-style-normal\"\n        data-flickity-options='{\n            \"cellAlign\": \"center\",\n            \"imagesLoaded\": true,\n            \"lazyLoad\": 1,\n            \"freeScroll\": false,\n            \"wrapAround\": true,\n            \"autoPlay\": 6000,\n            \"pauseAutoPlayOnHover\" : true,\n            \"prevNextButtons\": true,\n            \"contain\" : true,\n            \"adaptiveHeight\" : true,\n            \"dragThreshold\" : 10,\n            \"percentPosition\": true,\n            \"pageDots\": true,\n            \"rightToLeft\": false,\n            \"draggable\": true,\n            \"selectedAttraction\": 0.1,\n            \"parallax\" : 0,\n            \"friction\": 0.6        }'\n        >\n        \n\n\n  <div class=\"banner has-hover\" id=\"banner-717186887\">\n          <div class=\"banner-inner fill\">\n        <div class=\"banner-bg fill\" >\n            <div class=\"bg fill bg-fill \"><\/div>\n                                    \n                    <\/div>\n        <div class=\"banner-layers container\">\n            <div class=\"fill banner-link\"><\/div>            \n\n\n        <\/div>\n      <\/div>\n\n            \n<style>\n#banner-717186887 {\n  padding-top: 56.25%;\n}\n#banner-717186887 .bg.bg-loaded {\n  background-image: url(https:\/\/www.hoteljardinsdemademoiselle.com\/wp-content\/uploads\/2020\/02\/HOTEL-JDM_CHAMBRE601_12.jpg);\n}\n<\/style>\n  <\/div>\n\n\n\n  <div class=\"banner has-hover\" id=\"banner-1958307506\">\n          <div class=\"banner-inner fill\">\n        <div class=\"banner-bg fill\" >\n            <div class=\"bg fill bg-fill \"><\/div>\n                                    \n                    <\/div>\n        <div class=\"banner-layers container\">\n            <div class=\"fill banner-link\"><\/div>            \n\n\n        <\/div>\n      <\/div>\n\n            \n<style>\n#banner-1958307506 {\n  padding-top: 56.25%;\n}\n#banner-1958307506 .bg.bg-loaded {\n  background-image: url(https:\/\/www.hoteljardinsdemademoiselle.com\/wp-content\/uploads\/2020\/02\/HOTEL-JDM_CHAMBRE601_9.jpg);\n}\n<\/style>\n  <\/div>\n\n\n\n  <div class=\"banner has-hover\" id=\"banner-678363694\">\n          <div class=\"banner-inner fill\">\n        <div class=\"banner-bg fill\" >\n            <div class=\"bg fill bg-fill \"><\/div>\n                                    \n                    <\/div>\n        <div class=\"banner-layers container\">\n            <div class=\"fill banner-link\"><\/div>            \n\n\n        <\/div>\n      <\/div>\n\n            \n<style>\n#banner-678363694 {\n  padding-top: 56.25%;\n}\n#banner-678363694 .bg.bg-loaded {\n  background-image: url(https:\/\/www.hoteljardinsdemademoiselle.com\/wp-content\/uploads\/2020\/02\/HOTEL-JDM_CHAMBRE601_16.jpg);\n}\n<\/style>\n  <\/div>\n\n\n\n  <div class=\"banner has-hover\" id=\"banner-1781649438\">\n          <div class=\"banner-inner fill\">\n        <div class=\"banner-bg fill\" >\n            <div class=\"bg fill bg-fill \"><\/div>\n                                    \n                    <\/div>\n        <div class=\"banner-layers container\">\n            <div class=\"fill banner-link\"><\/div>            \n\n\n        <\/div>\n      <\/div>\n\n            \n<style>\n#banner-1781649438 {\n  padding-top: 56.25%;\n}\n#banner-1781649438 .bg.bg-loaded {\n  background-image: url(https:\/\/www.hoteljardinsdemademoiselle.com\/wp-content\/uploads\/2020\/02\/HOTEL-JDM_CHAMBRE601_21.jpg);\n}\n<\/style>\n  <\/div>\n\n\n\n  <div class=\"banner has-hover\" id=\"banner-443041800\">\n          <div class=\"banner-inner fill\">\n        <div class=\"banner-bg fill\" >\n            <div class=\"bg fill bg-fill \"><\/div>\n                                    \n                    <\/div>\n        <div class=\"banner-layers container\">\n            <div class=\"fill banner-link\"><\/div>            \n\n\n        <\/div>\n      <\/div>\n\n            \n<style>\n#banner-443041800 {\n  padding-top: 56.25%;\n}\n#banner-443041800 .bg.bg-loaded {\n  background-image: url(https:\/\/www.hoteljardinsdemademoiselle.com\/wp-content\/uploads\/2020\/02\/HOTEL-JDM_CHAMBRE601_6.jpg);\n}\n<\/style>\n  <\/div>\n\n\n\n     <\/div>\n\n     <div class=\"loading-spin dark large centered\"><\/div>\n\n     <\/div>\n\n\n\n\t\t<\/div>\n\n\t\t\n<style>\n#section_1757798089 {\n  padding-top: 0px;\n  padding-bottom: 0px;\n}\n<\/style>\n\t<\/section>\n\t\n\t<section class=\"section\" id=\"section_321937131\">\n\t\t<div class=\"bg section-bg fill bg-fill  bg-loaded\" >\n\n\t\t\t\n\t\t\t\n\t\t\t\n\n\t\t<\/div>\n\n\t\t<div class=\"section-content relative\">\n\t\t\t\n\n<div class=\"row\"  id=\"row-80771475\">\n\n\n\t<div id=\"col-488238402\" class=\"col small-12 large-12\"  >\n\t\t<div class=\"col-inner\"  >\n\t\t\t\n\t\t\t\n\n<h2 style=\"text-align: center;\">Suite Eiffel Terraza<\/h2>\n<p style=\"text-align: center;\">2 personas \u2013 25 m\u00b2 + 15 m\u00b2 de terraza \u2013 Cama de 160 cm<\/p>\n<p>La Suite Eiffel Terraza es nuestra suite m\u00e1s parisina. Ofrece una terraza arbolada privada de 15 m\u00b2 en d\u00faplex. Disfrutar\u00e1s de una vista de 360\u00b0 sobre los m\u00edticos tejados de Par\u00eds, la Torre Eiffel y la Tour Montparnasse.<br \/>\nUn lugar ideal para terminar una velada rom\u00e1ntica, admirando la \u00abCiudad de las Luces\u00bb.<\/p>\n<a rel=\"noopener noreferrer\" href=\"https:\/\/www.secure-hotel-booking.com\/Les-Jardins-de-Mademoiselle\/2XA3\/dateselection?language=es\" target=\"_blank\" class=\"button secondary is-outline lowercase expand\"  >\n    <span>Reserva tu habitaci\u00f3n<\/span>\n  <\/a>\n\n\n<div class=\"row row-small\"  id=\"row-1297593077\">\n\n\n\t<div id=\"col-2065756589\" class=\"col small-12 large-12\"  >\n\t\t<div class=\"col-inner\"  >\n\t\t\t\n\t\t\t\n\n<p style=\"text-align:center\"> <img decoding=\"async\" class=\"alignnone size-medium wp-image-7159\" src=\"http:\/\/www.hoteljardinsdemademoiselle.com\/images\/pictos\/seche-cheveux.png\" alt=\"\" title=\"Secador\" width=\"70\" height=\"65\"> <img decoding=\"async\" class=\"alignnone size-medium wp-image-7166\" src=\"http:\/\/www.hoteljardinsdemademoiselle.com\/images\/pictos\/\/serviettes-peignoir.png\" alt=\"\" title=\"Albornoz\" width=\"70\" height=\"65\"> <img decoding=\"async\" class=\"alignnone size-medium wp-image-7173\" src=\"http:\/\/www.hoteljardinsdemademoiselle.com\/images\/pictos\/telephone.png\" alt=\"\" title=\"Tel\u00e9fono\" width=\"70\" height=\"65\"> <img decoding=\"async\" class=\"alignnone size-medium wp-image-7180\" src=\"http:\/\/www.hoteljardinsdemademoiselle.com\/images\/pictos\/television.png\" alt=\"\" title=\"Pantalla plana\" width=\"70\" height=\"65\"> <img decoding=\"async\" class=\"alignnone size-medium wp-image-7187\" src=\"http:\/\/www.hoteljardinsdemademoiselle.com\/images\/pictos\/wifi.png\" alt=\"\" title=\"Wifi gratuito\" width=\"70\" height=\"65\"> <img decoding=\"async\" class=\"alignnone size-medium wp-image-7194\" src=\"http:\/\/www.hoteljardinsdemademoiselle.com\/images\/pictos\/air-conditionne.png\" alt=\"\" title=\"Climatizaci\u00f3n individual\" width=\"70\" height=\"65\"> <img decoding=\"async\" class=\"alignnone size-medium wp-image-7201\" src=\"http:\/\/www.hoteljardinsdemademoiselle.com\/images\/pictos\/baignoire.png\" alt=\"\" title=\"Cuarto de ba\u00f1o con ducha o ba\u00f1era\" width=\"70\" height=\"65\"> <img decoding=\"async\" class=\"alignnone size-medium wp-image-7208\" src=\"http:\/\/www.hoteljardinsdemademoiselle.com\/images\/pictos\/coffre-fort.png\" alt=\"\" title=\"Caja fuerte\" width=\"70\" height=\"65\"> <img decoding=\"async\" class=\"alignnone size-medium wp-image-7215\" src=\"http:\/\/www.hoteljardinsdemademoiselle.com\/images\/pictos\/non-fumeur.png\" alt=\"\" title=\"No fumador\" width=\"70\" height=\"65\"> <img decoding=\"async\" class=\"alignnone size-medium wp-image-7222\" src=\"http:\/\/www.hoteljardinsdemademoiselle.com\/images\/pictos\/plateau-courtoisie.png\" alt=\"\" title=\"Bandeja de bienvenida\" width=\"70\" height=\"65\"> <img decoding=\"async\" class=\"alignnone size-medium wp-image-7229\" src=\"http:\/\/www.hoteljardinsdemademoiselle.com\/images\/pictos\/produits-acceuil.png\" alt=\"\" title=\"Productos de bienvenida \" width=\"70\" height=\"65\"><\/p>\n<h3 style=\"text-align: center;\">Equipamiento e informaci\u00f3n<\/h3>\n<p>El desayuno se sirve en su habitaci\u00f3n o en el sal\u00f3n de Les Jardins de Mademoiselle de 7:30 a 10:00 entre semana y de 7:30 a 11:00 los fines de semana.<\/p>\n\n\t\t<\/div>\n\t\t\t<\/div>\n\n\t\n\n\n<style>\n#row-1297593077 > .col > .col-inner {\n  padding: 30px 0px 0px 0px;\n}\n<\/style>\n<\/div>\n<div class=\"row row-small\"  id=\"row-1333737811\">\n\n\n\t<div id=\"col-7220409\" class=\"col medium-6 small-12 large-6\"  >\n\t\t<div class=\"col-inner\"  >\n\t\t\t\n\t\t\t\n\n<ul>\n<li>Wifi gratuita e ilimitada<\/li>\n<li>Vistas a la rue Mademoiselle<\/li>\n<li>Escritorio con silla<\/li>\n<li>Albornoces y pantuflas<\/li>\n<li>Productos de aseo Sothys<\/li>\n<li>Guardarropa, c\u00f3modas y numerosos espacios de almacenaje<\/li>\n<\/ul>\n\n\t\t<\/div>\n\t\t\t<\/div>\n\n\t\n\n\t<div id=\"col-1925252779\" class=\"col medium-6 small-12 large-6\"  >\n\t\t<div class=\"col-inner\"  >\n\t\t\t\n\t\t\t\n\n<ul>\n<li>Bandeja de cortes\u00eda: hervidor, tazas, caf\u00e9, t\u00e9 y una cafetera de c\u00e1psulas<\/li>\n<li>SmartTV de pantalla plana con canales internacionales<\/li>\n<li>Mesillas de noche con l\u00e1mpara<\/li>\n<li>Cabecero con regulador de intensidad<\/li>\n<li>Minibar con agua de manantial<\/li>\n<li>beIN Sports<\/li>\n<\/ul>\n\n\t\t<\/div>\n\t\t\t<\/div>\n\n\t\n\n<\/div>\n\n\t\t<\/div>\n\t\t\t<\/div>\n\n\t\n\n<\/div>\n\n\t\t<\/div>\n\n\t\t\n<style>\n#section_321937131 {\n  padding-top: 30px;\n  padding-bottom: 30px;\n}\n<\/style>\n\t<\/section>\n\t\n\n","protected":false},"excerpt":{"rendered":"","protected":false},"author":1,"featured_media":0,"parent":0,"menu_order":0,"comment_status":"closed","ping_status":"closed","template":"page-transparent-header.php","meta":{"footnotes":""},"class_list":["post-1227","page","type-page","status-publish","hentry"],"yoast_head":"<!-- This site is optimized with the Yoast SEO plugin v25.1 - https:\/\/yoast.com\/wordpress\/plugins\/seo\/ -->\n<title>Jardins de Mademoiselle Suite Eiffel con terraza - Hotel con SPA Par\u00eds distrito 15<\/title>\n<meta name=\"description\" content=\"La Suite Eiffel Terraza de nuestro hotel de 4* con piscina situado en el coraz\u00f3n del distrito 15 de Par\u00eds. 2 personas \u2013 25 m\u00b2 + 15 m\u00b2 de terraza \u2013 Cama de 160 cm\" \/>\n<meta name=\"robots\" content=\"index, follow, max-snippet:-1, max-image-preview:large, max-video-preview:-1\" \/>\n<link rel=\"canonical\" href=\"https:\/\/www.hoteljardinsdemademoiselle.com\/es\/suite-torre-eiffel-terraza\/\" \/>\n<meta property=\"og:locale\" content=\"es_ES\" \/>\n<meta property=\"og:type\" content=\"article\" \/>\n<meta property=\"og:title\" content=\"Jardins de Mademoiselle Suite Eiffel con terraza - Hotel con SPA Par\u00eds distrito 15\" \/>\n<meta property=\"og:description\" content=\"La Suite Eiffel Terraza de nuestro hotel de 4* con piscina situado en el coraz\u00f3n del distrito 15 de Par\u00eds. 2 personas \u2013 25 m\u00b2 + 15 m\u00b2 de terraza \u2013 Cama de 160 cm\" \/>\n<meta property=\"og:url\" content=\"https:\/\/www.hoteljardinsdemademoiselle.com\/es\/suite-torre-eiffel-terraza\/\" \/>\n<meta property=\"og:site_name\" content=\"Les Jardins de Mademoiselle\" \/>\n<meta property=\"article:modified_time\" content=\"2025-06-16T17:05:54+00:00\" \/>\n<meta name=\"twitter:card\" content=\"summary_large_image\" \/>\n<meta name=\"twitter:label1\" content=\"Tiempo de lectura\" \/>\n\t<meta name=\"twitter:data1\" content=\"1 minuto\" \/>\n<script type=\"application\/ld+json\" class=\"yoast-schema-graph\">{\"@context\":\"https:\/\/schema.org\",\"@graph\":[{\"@type\":\"WebPage\",\"@id\":\"https:\/\/www.hoteljardinsdemademoiselle.com\/es\/suite-torre-eiffel-terraza\/\",\"url\":\"https:\/\/www.hoteljardinsdemademoiselle.com\/es\/suite-torre-eiffel-terraza\/\",\"name\":\"Jardins de Mademoiselle Suite Eiffel con terraza - Hotel con SPA Par\u00eds distrito 15\",\"isPartOf\":{\"@id\":\"https:\/\/www.hoteljardinsdemademoiselle.com\/pt-br\/#website\"},\"primaryImageOfPage\":{\"@id\":\"https:\/\/www.hoteljardinsdemademoiselle.com\/es\/suite-torre-eiffel-terraza\/#primaryimage\"},\"image\":{\"@id\":\"https:\/\/www.hoteljardinsdemademoiselle.com\/es\/suite-torre-eiffel-terraza\/#primaryimage\"},\"thumbnailUrl\":\"http:\/\/www.hoteljardinsdemademoiselle.com\/images\/pictos\/seche-cheveux.png\",\"datePublished\":\"2020-01-06T10:24:32+00:00\",\"dateModified\":\"2025-06-16T17:05:54+00:00\",\"description\":\"La Suite Eiffel Terraza de nuestro hotel de 4* con piscina situado en el coraz\u00f3n del distrito 15 de Par\u00eds. 2 personas \u2013 25 m\u00b2 + 15 m\u00b2 de terraza \u2013 Cama de 160 cm\",\"breadcrumb\":{\"@id\":\"https:\/\/www.hoteljardinsdemademoiselle.com\/es\/suite-torre-eiffel-terraza\/#breadcrumb\"},\"inLanguage\":\"es\",\"potentialAction\":[{\"@type\":\"ReadAction\",\"target\":[\"https:\/\/www.hoteljardinsdemademoiselle.com\/es\/suite-torre-eiffel-terraza\/\"]}]},{\"@type\":\"ImageObject\",\"inLanguage\":\"es\",\"@id\":\"https:\/\/www.hoteljardinsdemademoiselle.com\/es\/suite-torre-eiffel-terraza\/#primaryimage\",\"url\":\"http:\/\/www.hoteljardinsdemademoiselle.com\/images\/pictos\/seche-cheveux.png\",\"contentUrl\":\"http:\/\/www.hoteljardinsdemademoiselle.com\/images\/pictos\/seche-cheveux.png\"},{\"@type\":\"BreadcrumbList\",\"@id\":\"https:\/\/www.hoteljardinsdemademoiselle.com\/es\/suite-torre-eiffel-terraza\/#breadcrumb\",\"itemListElement\":[{\"@type\":\"ListItem\",\"position\":1,\"name\":\"Accueil\",\"item\":\"https:\/\/www.hoteljardinsdemademoiselle.com\/es\/\"},{\"@type\":\"ListItem\",\"position\":2,\"name\":\"Suite Tour Eiffel Terrasse\"}]},{\"@type\":\"WebSite\",\"@id\":\"https:\/\/www.hoteljardinsdemademoiselle.com\/pt-br\/#website\",\"url\":\"https:\/\/www.hoteljardinsdemademoiselle.com\/pt-br\/\",\"name\":\"Les Jardins de Mademoiselle\",\"description\":\"H\u00f4tel 4 \u00e9toiles &amp; Spa Paris\",\"potentialAction\":[{\"@type\":\"SearchAction\",\"target\":{\"@type\":\"EntryPoint\",\"urlTemplate\":\"https:\/\/www.hoteljardinsdemademoiselle.com\/pt-br\/?s={search_term_string}\"},\"query-input\":{\"@type\":\"PropertyValueSpecification\",\"valueRequired\":true,\"valueName\":\"search_term_string\"}}],\"inLanguage\":\"es\"}]}<\/script>\n<!-- \/ Yoast SEO plugin. -->","yoast_head_json":{"title":"Jardins de Mademoiselle Suite Eiffel con terraza - Hotel con SPA Par\u00eds distrito 15","description":"La Suite Eiffel Terraza de nuestro hotel de 4* con piscina situado en el coraz\u00f3n del distrito 15 de Par\u00eds. 2 personas \u2013 25 m\u00b2 + 15 m\u00b2 de terraza \u2013 Cama de 160 cm","robots":{"index":"index","follow":"follow","max-snippet":"max-snippet:-1","max-image-preview":"max-image-preview:large","max-video-preview":"max-video-preview:-1"},"canonical":"https:\/\/www.hoteljardinsdemademoiselle.com\/es\/suite-torre-eiffel-terraza\/","og_locale":"es_ES","og_type":"article","og_title":"Jardins de Mademoiselle Suite Eiffel con terraza - Hotel con SPA Par\u00eds distrito 15","og_description":"La Suite Eiffel Terraza de nuestro hotel de 4* con piscina situado en el coraz\u00f3n del distrito 15 de Par\u00eds. 2 personas \u2013 25 m\u00b2 + 15 m\u00b2 de terraza \u2013 Cama de 160 cm","og_url":"https:\/\/www.hoteljardinsdemademoiselle.com\/es\/suite-torre-eiffel-terraza\/","og_site_name":"Les Jardins de Mademoiselle","article_modified_time":"2025-06-16T17:05:54+00:00","twitter_card":"summary_large_image","twitter_misc":{"Tiempo de lectura":"1 minuto"},"schema":{"@context":"https:\/\/schema.org","@graph":[{"@type":"WebPage","@id":"https:\/\/www.hoteljardinsdemademoiselle.com\/es\/suite-torre-eiffel-terraza\/","url":"https:\/\/www.hoteljardinsdemademoiselle.com\/es\/suite-torre-eiffel-terraza\/","name":"Jardins de Mademoiselle Suite Eiffel con terraza - Hotel con SPA Par\u00eds distrito 15","isPartOf":{"@id":"https:\/\/www.hoteljardinsdemademoiselle.com\/pt-br\/#website"},"primaryImageOfPage":{"@id":"https:\/\/www.hoteljardinsdemademoiselle.com\/es\/suite-torre-eiffel-terraza\/#primaryimage"},"image":{"@id":"https:\/\/www.hoteljardinsdemademoiselle.com\/es\/suite-torre-eiffel-terraza\/#primaryimage"},"thumbnailUrl":"http:\/\/www.hoteljardinsdemademoiselle.com\/images\/pictos\/seche-cheveux.png","datePublished":"2020-01-06T10:24:32+00:00","dateModified":"2025-06-16T17:05:54+00:00","description":"La Suite Eiffel Terraza de nuestro hotel de 4* con piscina situado en el coraz\u00f3n del distrito 15 de Par\u00eds. 2 personas \u2013 25 m\u00b2 + 15 m\u00b2 de terraza \u2013 Cama de 160 cm","breadcrumb":{"@id":"https:\/\/www.hoteljardinsdemademoiselle.com\/es\/suite-torre-eiffel-terraza\/#breadcrumb"},"inLanguage":"es","potentialAction":[{"@type":"ReadAction","target":["https:\/\/www.hoteljardinsdemademoiselle.com\/es\/suite-torre-eiffel-terraza\/"]}]},{"@type":"ImageObject","inLanguage":"es","@id":"https:\/\/www.hoteljardinsdemademoiselle.com\/es\/suite-torre-eiffel-terraza\/#primaryimage","url":"http:\/\/www.hoteljardinsdemademoiselle.com\/images\/pictos\/seche-cheveux.png","contentUrl":"http:\/\/www.hoteljardinsdemademoiselle.com\/images\/pictos\/seche-cheveux.png"},{"@type":"BreadcrumbList","@id":"https:\/\/www.hoteljardinsdemademoiselle.com\/es\/suite-torre-eiffel-terraza\/#breadcrumb","itemListElement":[{"@type":"ListItem","position":1,"name":"Accueil","item":"https:\/\/www.hoteljardinsdemademoiselle.com\/es\/"},{"@type":"ListItem","position":2,"name":"Suite Tour Eiffel Terrasse"}]},{"@type":"WebSite","@id":"https:\/\/www.hoteljardinsdemademoiselle.com\/pt-br\/#website","url":"https:\/\/www.hoteljardinsdemademoiselle.com\/pt-br\/","name":"Les Jardins de Mademoiselle","description":"H\u00f4tel 4 \u00e9toiles &amp; Spa Paris","potentialAction":[{"@type":"SearchAction","target":{"@type":"EntryPoint","urlTemplate":"https:\/\/www.hoteljardinsdemademoiselle.com\/pt-br\/?s={search_term_string}"},"query-input":{"@type":"PropertyValueSpecification","valueRequired":true,"valueName":"search_term_string"}}],"inLanguage":"es"}]}},"_links":{"self":[{"href":"https:\/\/www.hoteljardinsdemademoiselle.com\/es\/wp-json\/wp\/v2\/pages\/1227","targetHints":{"allow":["GET"]}}],"collection":[{"href":"https:\/\/www.hoteljardinsdemademoiselle.com\/es\/wp-json\/wp\/v2\/pages"}],"about":[{"href":"https:\/\/www.hoteljardinsdemademoiselle.com\/es\/wp-json\/wp\/v2\/types\/page"}],"author":[{"embeddable":true,"href":"https:\/\/www.hoteljardinsdemademoiselle.com\/es\/wp-json\/wp\/v2\/users\/1"}],"replies":[{"embeddable":true,"href":"https:\/\/www.hoteljardinsdemademoiselle.com\/es\/wp-json\/wp\/v2\/comments?post=1227"}],"version-history":[{"count":7,"href":"https:\/\/www.hoteljardinsdemademoiselle.com\/es\/wp-json\/wp\/v2\/pages\/1227\/revisions"}],"predecessor-version":[{"id":3724,"href":"https:\/\/www.hoteljardinsdemademoiselle.com\/es\/wp-json\/wp\/v2\/pages\/1227\/revisions\/3724"}],"wp:attachment":[{"href":"https:\/\/www.hoteljardinsdemademoiselle.com\/es\/wp-json\/wp\/v2\/media?parent=1227"}],"curies":[{"name":"wp","href":"https:\/\/api.w.org\/{rel}","templated":true}]}}