{"id":1212,"date":"2020-01-06T14:23:46","date_gmt":"2020-01-06T13:23:46","guid":{"rendered":"https:\/\/www.hoteljardinsdemademoiselle.com\/spa-forme-et-fitness-hotel-paris\/"},"modified":"2024-07-10T17:55:26","modified_gmt":"2024-07-10T15:55:26","slug":"spa-gimnasio-piscina-hotel-paris","status":"publish","type":"page","link":"https:\/\/www.hoteljardinsdemademoiselle.com\/es\/spa-gimnasio-piscina-hotel-paris\/","title":{"rendered":"Spa"},"content":{"rendered":"\n\t<section class=\"section\" id=\"section_416127208\">\n\t\t<div class=\"bg section-bg fill bg-fill  bg-loaded\" >\n\n\t\t\t\n\t\t\t<button class=\"scroll-for-more z-5 icon absolute bottom h-center\"><i class=\"icon-angle-down\" style=\"font-size:42px;\"><\/i><\/button>\n\t\t\t\n\n\t\t<\/div>\n\n\t\t<div class=\"section-content relative\">\n\t\t\t\n\n<div class=\"slider-wrapper relative\" id=\"slider-1451715902\" >\n    <div class=\"slider slider-nav-circle slider-nav-large slider-nav-light slider-style-normal\"\n        data-flickity-options='{\n            \"cellAlign\": \"center\",\n            \"imagesLoaded\": true,\n            \"lazyLoad\": 1,\n            \"freeScroll\": false,\n            \"wrapAround\": true,\n            \"autoPlay\": 3000,\n            \"pauseAutoPlayOnHover\" : true,\n            \"prevNextButtons\": true,\n            \"contain\" : true,\n            \"adaptiveHeight\" : true,\n            \"dragThreshold\" : 10,\n            \"percentPosition\": true,\n            \"pageDots\": false,\n            \"rightToLeft\": false,\n            \"draggable\": true,\n            \"selectedAttraction\": 0.1,\n            \"parallax\" : 0,\n            \"friction\": 0.6        }'\n        >\n        \n\n\n  <div class=\"banner has-hover\" id=\"banner-1039588293\">\n          <div class=\"banner-inner fill\">\n        <div class=\"banner-bg fill\" >\n            <div class=\"bg fill bg-fill \"><\/div>\n                                    \n                    <\/div>\n        <div class=\"banner-layers container\">\n            <div class=\"fill banner-link\"><\/div>            \n\n\n        <\/div>\n      <\/div>\n\n            \n<style>\n#banner-1039588293 {\n  padding-top: 56.25%;\n}\n#banner-1039588293 .bg.bg-loaded {\n  background-image: url(https:\/\/www.hoteljardinsdemademoiselle.com\/wp-content\/uploads\/2019\/12\/piscine-jardins-de-mademoiselle-paris.jpg);\n}\n<\/style>\n  <\/div>\n\n\n\n  <div class=\"banner has-hover\" id=\"banner-2115719914\">\n          <div class=\"banner-inner fill\">\n        <div class=\"banner-bg fill\" >\n            <div class=\"bg fill bg-fill \"><\/div>\n                                    \n                    <\/div>\n        <div class=\"banner-layers container\">\n            <div class=\"fill banner-link\"><\/div>            \n\n\n        <\/div>\n      <\/div>\n\n            \n<style>\n#banner-2115719914 {\n  padding-top: 56.25%;\n}\n#banner-2115719914 .bg.bg-loaded {\n  background-image: url(https:\/\/www.hoteljardinsdemademoiselle.com\/wp-content\/uploads\/2020\/02\/HOTEL-JDM_SPA_10.jpg);\n}\n<\/style>\n  <\/div>\n\n\n\n  <div class=\"banner has-hover\" id=\"banner-1187110237\">\n          <div class=\"banner-inner fill\">\n        <div class=\"banner-bg fill\" >\n            <div class=\"bg fill bg-fill \"><\/div>\n                                    \n                    <\/div>\n        <div class=\"banner-layers container\">\n            <div class=\"fill banner-link\"><\/div>            \n\n\n        <\/div>\n      <\/div>\n\n            \n<style>\n#banner-1187110237 {\n  padding-top: 56.25%;\n}\n#banner-1187110237 .bg.bg-loaded {\n  background-image: url(https:\/\/www.hoteljardinsdemademoiselle.com\/wp-content\/uploads\/2020\/01\/piscine-jardins-de-mademoiselle-paris-4.jpg);\n}\n<\/style>\n  <\/div>\n\n\n\n  <div class=\"banner has-hover\" id=\"banner-207177359\">\n          <div class=\"banner-inner fill\">\n        <div class=\"banner-bg fill\" >\n            <div class=\"bg fill bg-fill \"><\/div>\n                                    \n                    <\/div>\n        <div class=\"banner-layers container\">\n            <div class=\"fill banner-link\"><\/div>            \n\n\n        <\/div>\n      <\/div>\n\n            \n<style>\n#banner-207177359 {\n  padding-top: 56.25%;\n}\n#banner-207177359 .bg.bg-loaded {\n  background-image: url(https:\/\/www.hoteljardinsdemademoiselle.com\/wp-content\/uploads\/2020\/01\/piscine-jardins-de-mademoiselle-paris-16.jpg);\n}\n<\/style>\n  <\/div>\n\n\n\n  <div class=\"banner has-hover\" id=\"banner-363037305\">\n          <div class=\"banner-inner fill\">\n        <div class=\"banner-bg fill\" >\n            <div class=\"bg fill bg-fill \"><\/div>\n                                    \n                    <\/div>\n        <div class=\"banner-layers container\">\n            <div class=\"fill banner-link\"><\/div>            \n\n\n        <\/div>\n      <\/div>\n\n            \n<style>\n#banner-363037305 {\n  padding-top: 56.25%;\n}\n#banner-363037305 .bg.bg-loaded {\n  background-image: url(https:\/\/www.hoteljardinsdemademoiselle.com\/wp-content\/uploads\/2020\/02\/HOTEL-JDM_SPA_2.jpg);\n}\n<\/style>\n  <\/div>\n\n\n\n  <div class=\"banner has-hover\" id=\"banner-1378177896\">\n          <div class=\"banner-inner fill\">\n        <div class=\"banner-bg fill\" >\n            <div class=\"bg fill bg-fill \"><\/div>\n                                    \n                    <\/div>\n        <div class=\"banner-layers container\">\n            <div class=\"fill banner-link\"><\/div>            \n\n\n        <\/div>\n      <\/div>\n\n            \n<style>\n#banner-1378177896 {\n  padding-top: 56.25%;\n}\n#banner-1378177896 .bg.bg-loaded {\n  background-image: url(https:\/\/www.hoteljardinsdemademoiselle.com\/wp-content\/uploads\/2020\/01\/sauna-les-jardins-de-mademoiselle-paris-4.jpg);\n}\n<\/style>\n  <\/div>\n\n\n\n  <div class=\"banner has-hover\" id=\"banner-1745245148\">\n          <div class=\"banner-inner fill\">\n        <div class=\"banner-bg fill\" >\n            <div class=\"bg fill bg-fill \"><\/div>\n                                    \n                    <\/div>\n        <div class=\"banner-layers container\">\n            <div class=\"fill banner-link\"><\/div>            \n\n\n        <\/div>\n      <\/div>\n\n            \n<style>\n#banner-1745245148 {\n  padding-top: 56.25%;\n}\n#banner-1745245148 .bg.bg-loaded {\n  background-image: url(https:\/\/www.hoteljardinsdemademoiselle.com\/wp-content\/uploads\/2020\/02\/HOTEL-JDM_SPA_3.jpg);\n}\n<\/style>\n  <\/div>\n\n\n\n  <div class=\"banner has-hover\" id=\"banner-682117460\">\n          <div class=\"banner-inner fill\">\n        <div class=\"banner-bg fill\" >\n            <div class=\"bg fill bg-fill \"><\/div>\n                                    \n                    <\/div>\n        <div class=\"banner-layers container\">\n            <div class=\"fill banner-link\"><\/div>            \n\n\n        <\/div>\n      <\/div>\n\n            \n<style>\n#banner-682117460 {\n  padding-top: 56.25%;\n}\n#banner-682117460 .bg.bg-loaded {\n  background-image: url(https:\/\/www.hoteljardinsdemademoiselle.com\/wp-content\/uploads\/2020\/01\/sauna-les-jardins-de-mademoiselle-paris-1.jpg);\n}\n<\/style>\n  <\/div>\n\n\n\n  <div class=\"banner has-hover\" id=\"banner-1653663746\">\n          <div class=\"banner-inner fill\">\n        <div class=\"banner-bg fill\" >\n            <div class=\"bg fill bg-fill \"><\/div>\n                                    \n                    <\/div>\n        <div class=\"banner-layers container\">\n            <div class=\"fill banner-link\"><\/div>            \n\n\n        <\/div>\n      <\/div>\n\n            \n<style>\n#banner-1653663746 {\n  padding-top: 56.25%;\n}\n#banner-1653663746 .bg.bg-loaded {\n  background-image: url(https:\/\/www.hoteljardinsdemademoiselle.com\/wp-content\/uploads\/2020\/01\/salle-de-sport-les-jardins-de-mademoiselle.jpg);\n}\n<\/style>\n  <\/div>\n\n\n\n     <\/div>\n\n     <div class=\"loading-spin dark large centered\"><\/div>\n\n     <\/div>\n\n\n\n\t\t<\/div>\n\n\t\t\n<style>\n#section_416127208 {\n  padding-top: 0px;\n  padding-bottom: 0px;\n}\n<\/style>\n\t<\/section>\n\t\n\t<section class=\"section\" id=\"section_473470881\">\n\t\t<div class=\"bg section-bg fill bg-fill  bg-loaded\" >\n\n\t\t\t\n\t\t\t\n\t\t\t\n\n\t\t<\/div>\n\n\t\t<div class=\"section-content relative\">\n\t\t\t\n\n<div class=\"row\"  id=\"row-172467661\">\n\n\n\t<div id=\"col-928642341\" class=\"col small-12 large-12\"  >\n\t\t<div class=\"col-inner\"  >\n\t\t\t\n\t\t\t\n\n<h2 style=\"text-align: center;\">Spa, gimnasio y piscina<\/h2>\n<p>El magn\u00edfico y espectacular espacio de bienestar del hotel les Jardins de Mademoiselle acoge en sus 200 m\u00b2 una piscina cubierta y climatizada equipada con una cascada y un jacuzzi, un hammam incre\u00edble y un gimnasio. Todo se ha dise\u00f1ado para ofrecer una relajaci\u00f3n m\u00e1xima.<\/p>\n<p>Espacio abierto todos los d\u00edas de 8:00 a mediod\u00eda y de 13:00 a 22:00<\/p>\n<p><strong>De acuerdo con la normativa sanitaria, nuestra zona de bienestar es accesible de 8 a.m. a 10 p.m. en semiprivatizaci\u00f3n (4 personas m\u00e1ximo) por un per\u00edodo de 45 minutos.<\/strong><\/p>\n<p><strong>Siguiendo las recomendaciones de salud, nuestra \u00e1rea de fitness tambi\u00e9n est\u00e1 disponible con reserva por 30 minutos (2 personas m\u00e1ximo)<\/strong><\/p>\n<a rel=\"noopener noreferrer\" href=\"https:\/\/www.secure-hotel-booking.com\/Les-Jardins-de-Mademoiselle\/2XA3\/dateselection?language=es\" target=\"_blank\" class=\"button secondary is-outline lowercase expand\"  >\n    <span>Reserva tu habitaci\u00f3n<\/span>\n  <\/a>\n\n\n\n\t\t<\/div>\n\t\t\t<\/div>\n\n\t\n\n<\/div>\n\n\t\t<\/div>\n\n\t\t\n<style>\n#section_473470881 {\n  padding-top: 30px;\n  padding-bottom: 30px;\n}\n<\/style>\n\t<\/section>\n\t\n\t<section class=\"section\" id=\"section_1757706308\">\n\t\t<div class=\"bg section-bg fill bg-fill  bg-loaded\" >\n\n\t\t\t\n\t\t\t<div class=\"section-bg-overlay absolute fill\"><\/div>\n\t\t\t\n\n\t\t<\/div>\n\n\t\t<div class=\"section-content relative\">\n\t\t\t\n\n<div class=\"row row-collapse row-full-width align-middle\"  id=\"row-1791857429\">\n\n\n\t<div id=\"col-1108651841\" class=\"col medium-6 small-12 large-6\"  >\n\t\t<div class=\"col-inner text-center\" style=\"max-width:520px;\" >\n\t\t\t\n\t\t\t\n\n<h2>\u00bfQuieres recuperar fuerzas?<\/h2>\n<p>El ambiente zen, los exquisitos mosaicos y la luz suave crean unas condiciones ideales para disfrutar de un momento perfecto, ideal para relajarse.<\/p>\n<p>Un hammam con capacidad para 10 personas, un gimnasio con m\u00e1quinas Technogym, dos vestuarios no mixtos y duchas completan este espacio de bienestar.<\/p>\n<p>Para completar este momento de tranquilidad, el espacio de bienestar de les Jardins de Mademoiselle ofrece bebidas fr\u00edas detox caseras.<\/p>\n\n\t\t<\/div>\n\t\t\n<style>\n#col-1108651841 > .col-inner {\n  padding: 20px 20px 20px 20px;\n}\n<\/style>\n\t<\/div>\n\n\t\n\n\t<div id=\"col-1529651450\" class=\"col medium-6 small-12 large-6\"  >\n\t\t<div class=\"col-inner\"  >\n\t\t\t\n\t\t\t\n\n\t<div class=\"img has-hover x md-x lg-x y md-y lg-y\" id=\"image_1852317936\">\n\t\t\t\t\t\t\t\t<div class=\"img-inner dark\" >\n\t\t\t<img decoding=\"async\" width=\"1020\" height=\"680\" src=\"https:\/\/www.hoteljardinsdemademoiselle.com\/wp-content\/uploads\/2020\/01\/sauna-les-jardins-de-mademoiselle-paris-4-1024x683.jpg\" class=\"attachment-large size-large\" alt=\"Sauna Hammam Les Jardins de Mademoiselle Paris\" srcset=\"https:\/\/www.hoteljardinsdemademoiselle.com\/wp-content\/uploads\/2020\/01\/sauna-les-jardins-de-mademoiselle-paris-4-1024x683.jpg 1024w, https:\/\/www.hoteljardinsdemademoiselle.com\/wp-content\/uploads\/2020\/01\/sauna-les-jardins-de-mademoiselle-paris-4-300x200.jpg 300w, https:\/\/www.hoteljardinsdemademoiselle.com\/wp-content\/uploads\/2020\/01\/sauna-les-jardins-de-mademoiselle-paris-4-768x512.jpg 768w, https:\/\/www.hoteljardinsdemademoiselle.com\/wp-content\/uploads\/2020\/01\/sauna-les-jardins-de-mademoiselle-paris-4-1536x1024.jpg 1536w, https:\/\/www.hoteljardinsdemademoiselle.com\/wp-content\/uploads\/2020\/01\/sauna-les-jardins-de-mademoiselle-paris-4.jpg 1800w\" sizes=\"(max-width: 1020px) 100vw, 1020px\" \/>\t\t\t\t\t\t\n\t\t\t\t\t<\/div>\n\t\t\t\t\t\t\t\t\n<style>\n#image_1852317936 {\n  width: 100%;\n}\n<\/style>\n\t<\/div>\n\t\n\n\n\t\t<\/div>\n\t\t\t<\/div>\n\n\t\n\n<\/div>\n\n\t\t<\/div>\n\n\t\t\n<style>\n#section_1757706308 {\n  padding-top: 0px;\n  padding-bottom: 0px;\n  background-color: rgb(247, 247, 247);\n}\n#section_1757706308 .section-bg-overlay {\n  background-color: rgba(255, 255, 255, 0.85);\n}\n<\/style>\n\t<\/section>\n\t\n\t<section class=\"section\" id=\"section_1689923980\">\n\t\t<div class=\"bg section-bg fill bg-fill  bg-loaded\" >\n\n\t\t\t\n\t\t\t\n\t\t\t\n\n\t\t<\/div>\n\n\t\t<div class=\"section-content relative\">\n\t\t\t\n\n<h2 style=\"text-align: center;\">S\u00edguenos en Instagram<\/h2>\nInstagram did not return a 200.\n\n\n\t\t<\/div>\n\n\t\t\n<style>\n#section_1689923980 {\n  padding-top: 30px;\n  padding-bottom: 30px;\n}\n<\/style>\n\t<\/section>\n\t\n\n","protected":false},"excerpt":{"rendered":"","protected":false},"author":1,"featured_media":0,"parent":0,"menu_order":0,"comment_status":"closed","ping_status":"closed","template":"page-transparent-header.php","meta":{"footnotes":""},"class_list":["post-1212","page","type-page","status-publish","hentry"],"yoast_head":"<!-- This site is optimized with the Yoast SEO plugin v25.1 - https:\/\/yoast.com\/wordpress\/plugins\/seo\/ -->\n<title>Jardins de Mademoiselle - Nuestro hotel con SPA y piscina climatizada en Par\u00eds<\/title>\n<meta name=\"description\" content=\"Descubre el SPA con piscina climatizada, hammam y gimnasio en nuestro hotel de 4 estrellas con piscina situado en el coraz\u00f3n de Par\u00eds. Mejor precio garantizado\" \/>\n<meta name=\"robots\" content=\"index, follow, max-snippet:-1, max-image-preview:large, max-video-preview:-1\" \/>\n<link rel=\"canonical\" href=\"https:\/\/www.hoteljardinsdemademoiselle.com\/es\/spa-gimnasio-piscina-hotel-paris\/\" \/>\n<meta property=\"og:locale\" content=\"es_ES\" \/>\n<meta property=\"og:type\" content=\"article\" \/>\n<meta property=\"og:title\" content=\"Jardins de Mademoiselle - Nuestro hotel con SPA y piscina climatizada en Par\u00eds\" \/>\n<meta property=\"og:description\" content=\"Descubre el SPA con piscina climatizada, hammam y gimnasio en nuestro hotel de 4 estrellas con piscina situado en el coraz\u00f3n de Par\u00eds. Mejor precio garantizado\" \/>\n<meta property=\"og:url\" content=\"https:\/\/www.hoteljardinsdemademoiselle.com\/es\/spa-gimnasio-piscina-hotel-paris\/\" \/>\n<meta property=\"og:site_name\" content=\"Les Jardins de Mademoiselle\" \/>\n<meta property=\"article:modified_time\" content=\"2024-07-10T15:55:26+00:00\" \/>\n<meta name=\"twitter:card\" content=\"summary_large_image\" \/>\n<meta name=\"twitter:label1\" content=\"Tiempo de lectura\" \/>\n\t<meta name=\"twitter:data1\" content=\"2 minutos\" \/>\n<script type=\"application\/ld+json\" class=\"yoast-schema-graph\">{\"@context\":\"https:\/\/schema.org\",\"@graph\":[{\"@type\":\"WebPage\",\"@id\":\"https:\/\/www.hoteljardinsdemademoiselle.com\/es\/spa-gimnasio-piscina-hotel-paris\/\",\"url\":\"https:\/\/www.hoteljardinsdemademoiselle.com\/es\/spa-gimnasio-piscina-hotel-paris\/\",\"name\":\"Jardins de Mademoiselle - Nuestro hotel con SPA y piscina climatizada en Par\u00eds\",\"isPartOf\":{\"@id\":\"https:\/\/www.hoteljardinsdemademoiselle.com\/pt-br\/#website\"},\"datePublished\":\"2020-01-06T13:23:46+00:00\",\"dateModified\":\"2024-07-10T15:55:26+00:00\",\"description\":\"Descubre el SPA con piscina climatizada, hammam y gimnasio en nuestro hotel de 4 estrellas con piscina situado en el coraz\u00f3n de Par\u00eds. Mejor precio garantizado\",\"breadcrumb\":{\"@id\":\"https:\/\/www.hoteljardinsdemademoiselle.com\/es\/spa-gimnasio-piscina-hotel-paris\/#breadcrumb\"},\"inLanguage\":\"es\",\"potentialAction\":[{\"@type\":\"ReadAction\",\"target\":[\"https:\/\/www.hoteljardinsdemademoiselle.com\/es\/spa-gimnasio-piscina-hotel-paris\/\"]}]},{\"@type\":\"BreadcrumbList\",\"@id\":\"https:\/\/www.hoteljardinsdemademoiselle.com\/es\/spa-gimnasio-piscina-hotel-paris\/#breadcrumb\",\"itemListElement\":[{\"@type\":\"ListItem\",\"position\":1,\"name\":\"Accueil\",\"item\":\"https:\/\/www.hoteljardinsdemademoiselle.com\/es\/\"},{\"@type\":\"ListItem\",\"position\":2,\"name\":\"Spa\"}]},{\"@type\":\"WebSite\",\"@id\":\"https:\/\/www.hoteljardinsdemademoiselle.com\/pt-br\/#website\",\"url\":\"https:\/\/www.hoteljardinsdemademoiselle.com\/pt-br\/\",\"name\":\"Les Jardins de Mademoiselle\",\"description\":\"H\u00f4tel 4 \u00e9toiles &amp; Spa Paris\",\"potentialAction\":[{\"@type\":\"SearchAction\",\"target\":{\"@type\":\"EntryPoint\",\"urlTemplate\":\"https:\/\/www.hoteljardinsdemademoiselle.com\/pt-br\/?s={search_term_string}\"},\"query-input\":{\"@type\":\"PropertyValueSpecification\",\"valueRequired\":true,\"valueName\":\"search_term_string\"}}],\"inLanguage\":\"es\"}]}<\/script>\n<!-- \/ Yoast SEO plugin. -->","yoast_head_json":{"title":"Jardins de Mademoiselle - Nuestro hotel con SPA y piscina climatizada en Par\u00eds","description":"Descubre el SPA con piscina climatizada, hammam y gimnasio en nuestro hotel de 4 estrellas con piscina situado en el coraz\u00f3n de Par\u00eds. Mejor precio garantizado","robots":{"index":"index","follow":"follow","max-snippet":"max-snippet:-1","max-image-preview":"max-image-preview:large","max-video-preview":"max-video-preview:-1"},"canonical":"https:\/\/www.hoteljardinsdemademoiselle.com\/es\/spa-gimnasio-piscina-hotel-paris\/","og_locale":"es_ES","og_type":"article","og_title":"Jardins de Mademoiselle - Nuestro hotel con SPA y piscina climatizada en Par\u00eds","og_description":"Descubre el SPA con piscina climatizada, hammam y gimnasio en nuestro hotel de 4 estrellas con piscina situado en el coraz\u00f3n de Par\u00eds. Mejor precio garantizado","og_url":"https:\/\/www.hoteljardinsdemademoiselle.com\/es\/spa-gimnasio-piscina-hotel-paris\/","og_site_name":"Les Jardins de Mademoiselle","article_modified_time":"2024-07-10T15:55:26+00:00","twitter_card":"summary_large_image","twitter_misc":{"Tiempo de lectura":"2 minutos"},"schema":{"@context":"https:\/\/schema.org","@graph":[{"@type":"WebPage","@id":"https:\/\/www.hoteljardinsdemademoiselle.com\/es\/spa-gimnasio-piscina-hotel-paris\/","url":"https:\/\/www.hoteljardinsdemademoiselle.com\/es\/spa-gimnasio-piscina-hotel-paris\/","name":"Jardins de Mademoiselle - Nuestro hotel con SPA y piscina climatizada en Par\u00eds","isPartOf":{"@id":"https:\/\/www.hoteljardinsdemademoiselle.com\/pt-br\/#website"},"datePublished":"2020-01-06T13:23:46+00:00","dateModified":"2024-07-10T15:55:26+00:00","description":"Descubre el SPA con piscina climatizada, hammam y gimnasio en nuestro hotel de 4 estrellas con piscina situado en el coraz\u00f3n de Par\u00eds. Mejor precio garantizado","breadcrumb":{"@id":"https:\/\/www.hoteljardinsdemademoiselle.com\/es\/spa-gimnasio-piscina-hotel-paris\/#breadcrumb"},"inLanguage":"es","potentialAction":[{"@type":"ReadAction","target":["https:\/\/www.hoteljardinsdemademoiselle.com\/es\/spa-gimnasio-piscina-hotel-paris\/"]}]},{"@type":"BreadcrumbList","@id":"https:\/\/www.hoteljardinsdemademoiselle.com\/es\/spa-gimnasio-piscina-hotel-paris\/#breadcrumb","itemListElement":[{"@type":"ListItem","position":1,"name":"Accueil","item":"https:\/\/www.hoteljardinsdemademoiselle.com\/es\/"},{"@type":"ListItem","position":2,"name":"Spa"}]},{"@type":"WebSite","@id":"https:\/\/www.hoteljardinsdemademoiselle.com\/pt-br\/#website","url":"https:\/\/www.hoteljardinsdemademoiselle.com\/pt-br\/","name":"Les Jardins de Mademoiselle","description":"H\u00f4tel 4 \u00e9toiles &amp; Spa Paris","potentialAction":[{"@type":"SearchAction","target":{"@type":"EntryPoint","urlTemplate":"https:\/\/www.hoteljardinsdemademoiselle.com\/pt-br\/?s={search_term_string}"},"query-input":{"@type":"PropertyValueSpecification","valueRequired":true,"valueName":"search_term_string"}}],"inLanguage":"es"}]}},"_links":{"self":[{"href":"https:\/\/www.hoteljardinsdemademoiselle.com\/es\/wp-json\/wp\/v2\/pages\/1212","targetHints":{"allow":["GET"]}}],"collection":[{"href":"https:\/\/www.hoteljardinsdemademoiselle.com\/es\/wp-json\/wp\/v2\/pages"}],"about":[{"href":"https:\/\/www.hoteljardinsdemademoiselle.com\/es\/wp-json\/wp\/v2\/types\/page"}],"author":[{"embeddable":true,"href":"https:\/\/www.hoteljardinsdemademoiselle.com\/es\/wp-json\/wp\/v2\/users\/1"}],"replies":[{"embeddable":true,"href":"https:\/\/www.hoteljardinsdemademoiselle.com\/es\/wp-json\/wp\/v2\/comments?post=1212"}],"version-history":[{"count":6,"href":"https:\/\/www.hoteljardinsdemademoiselle.com\/es\/wp-json\/wp\/v2\/pages\/1212\/revisions"}],"predecessor-version":[{"id":3544,"href":"https:\/\/www.hoteljardinsdemademoiselle.com\/es\/wp-json\/wp\/v2\/pages\/1212\/revisions\/3544"}],"wp:attachment":[{"href":"https:\/\/www.hoteljardinsdemademoiselle.com\/es\/wp-json\/wp\/v2\/media?parent=1212"}],"curies":[{"name":"wp","href":"https:\/\/api.w.org\/{rel}","templated":true}]}}