{"id":1207,"date":"2020-01-06T16:20:09","date_gmt":"2020-01-06T15:20:09","guid":{"rendered":"https:\/\/www.hoteljardinsdemademoiselle.com\/situation-contact-hotel-paris\/"},"modified":"2020-03-05T16:48:35","modified_gmt":"2020-03-05T15:48:35","slug":"ubicacion-hotel-paris","status":"publish","type":"page","link":"https:\/\/www.hoteljardinsdemademoiselle.com\/es\/ubicacion-hotel-paris\/","title":{"rendered":"Situation"},"content":{"rendered":"\n\t<section class=\"section\" id=\"section_2079267638\">\n\t\t<div class=\"bg section-bg fill bg-fill  bg-loaded\" >\n\n\t\t\t\n\t\t\t\n\t\t\t\n\n\t\t<\/div>\n\n\t\t<div class=\"section-content relative\">\n\t\t\t\n\n<p><iframe loading=\"lazy\" src=\"https:\/\/www.google.com\/maps\/embed?pb=!1m18!1m12!1m3!1d8831.95917418219!2d2.289398236179337!3d48.84376826764193!2m3!1f0!2f0!3f0!3m2!1i1024!2i768!4f13.1!3m3!1m2!1s0x47e67016eea3fa4f%3A0x150d9ca162e3cdcb!2s15%20Rue%20Mademoiselle%2C%2075015%20Paris!5e0!3m2!1sfr!2sfr!4v1578324136978!5m2!1sfr!2sfr\" width=\"100%\" height=\"350\" frameborder=\"0\" style=\"border:0;\" allowfullscreen=\"\"><\/iframe><\/p>\n\n\t\t<\/div>\n\n\t\t\n<style>\n#section_2079267638 {\n  padding-top: 0px;\n  padding-bottom: 0px;\n  min-height: 300px;\n}\n<\/style>\n\t<\/section>\n\t\n\t<section class=\"section\" id=\"section_1293911223\">\n\t\t<div class=\"bg section-bg fill bg-fill  bg-loaded\" >\n\n\t\t\t\n\t\t\t\n\t\t\t\n\n\t\t<\/div>\n\n\t\t<div class=\"section-content relative\">\n\t\t\t\n\n<div class=\"row\"  id=\"row-1445957767\">\n\n\n\t<div id=\"col-1517432962\" class=\"col small-12 large-12\"  >\n\t\t<div class=\"col-inner\"  >\n\t\t\t\n\t\t\t\n\n<h3 style=\"text-align: center;\">Una ubicaci\u00f3n privilegiada<\/h3>\n<div class=\"row\"  id=\"row-1425257852\">\n\n\n\t<div id=\"col-960804951\" class=\"col medium-6 small-12 large-6\"  >\n\t\t<div class=\"col-inner\"  >\n\t\t\t\n\t\t\t\n\n<p>El hotel 4*\u00a0Les Jardins de Mademoiselle\u00a0disfruta de una ubicaci\u00f3n privilegiada, a pocos pasos de la concurrida rue du Commerce.\u00a0<br \/><br \/>\nEstar\u00e1s comunicado con los puntos m\u00e1s importantes de la \u00abCiudad de la Luz\u00bb, incluido el nuevo Estado Mayor del Ej\u00e9rcito de Balard, a trav\u00e9s de la l\u00ednea 8 de metro, en la estaci\u00f3n Commerce.<br \/><br \/>\nTambi\u00e9n se puede llegar f\u00e1cilmente al parque de exposiciones de la Porte de Versailles. \u00a1Este establecimiento parisino es perfecto tanto para viajes de negocios como de placer!\u00a0<br \/><br \/>\nIdiomas hablados: ingl\u00e9s, espa\u00f1ol, italiano<\/p>\n\n\t\t<\/div>\n\t\t\t<\/div>\n\n\t\n\n\t<div id=\"col-380769110\" class=\"col medium-6 small-12 large-6\"  >\n\t\t<div class=\"col-inner\"  >\n\t\t\t\n\t\t\t\n\n<p><strong>Medios de transporte:<\/strong><br \/>L\u00ednea 8 de metro: Commerce o Felix Faure <br \/>L\u00edneas 6, 8 y 10 de metro: La Motte-Picquet &#8211; Grenelle <br \/>L\u00ednea 12 de metro: Convention <br \/>Acceso directo en coche o taxi por Paris Expo Porte de Versailles e Issy les Moulineaux<\/p>\n<p>Nuestro personal estar\u00e1 a tu disposici\u00f3n en cualquier momento del d\u00eda.<br \/>Por correo electr\u00f3nico en\u00a0<a title=\"\" href=\"mailto:reception@lesjardinsdemademoiselle.com\">reception@lesjardinsdemademoiselle.com<\/a><br \/>Por tel\u00e9fono en el +33 1 56 23 91 00<\/p>\n\n\t\t<\/div>\n\t\t\t<\/div>\n\n\t\n\n\n<style>\n#row-1425257852 > .col > .col-inner {\n  padding: 30px 0px 0px 0px;\n}\n<\/style>\n<\/div>\n\n\t\t<\/div>\n\t\t\t<\/div>\n\n\t\n\n\t<div id=\"col-1292842656\" class=\"col small-12 large-12\"  >\n\t\t<div class=\"col-inner\"  >\n\t\t\t\n\t\t\t\n\n\t<div class=\"img has-hover x md-x lg-x y md-y lg-y\" id=\"image_166658094\">\n\t\t\t\t\t\t\t\t<div class=\"img-inner dark\" >\n\t\t\t<img decoding=\"async\" width=\"1020\" height=\"680\" src=\"https:\/\/www.hoteljardinsdemademoiselle.com\/wp-content\/uploads\/2020\/01\/suite-jardins-de-mademoiselle-paris-5-1024x683.jpg\" class=\"attachment-large size-large\" alt=\"suite les jardins de mademoiselle paris\" srcset=\"https:\/\/www.hoteljardinsdemademoiselle.com\/wp-content\/uploads\/2020\/01\/suite-jardins-de-mademoiselle-paris-5-1024x683.jpg 1024w, https:\/\/www.hoteljardinsdemademoiselle.com\/wp-content\/uploads\/2020\/01\/suite-jardins-de-mademoiselle-paris-5-300x200.jpg 300w, https:\/\/www.hoteljardinsdemademoiselle.com\/wp-content\/uploads\/2020\/01\/suite-jardins-de-mademoiselle-paris-5-768x512.jpg 768w, https:\/\/www.hoteljardinsdemademoiselle.com\/wp-content\/uploads\/2020\/01\/suite-jardins-de-mademoiselle-paris-5-1536x1024.jpg 1536w, https:\/\/www.hoteljardinsdemademoiselle.com\/wp-content\/uploads\/2020\/01\/suite-jardins-de-mademoiselle-paris-5.jpg 1800w\" sizes=\"(max-width: 1020px) 100vw, 1020px\" \/>\t\t\t\t\t\t\n\t\t\t\t\t<\/div>\n\t\t\t\t\t\t\t\t\n<style>\n#image_166658094 {\n  width: 100%;\n}\n<\/style>\n\t<\/div>\n\t\n\n\n\t\t<\/div>\n\t\t\t<\/div>\n\n\t\n\n<\/div>\n\n\t\t<\/div>\n\n\t\t\n<style>\n#section_1293911223 {\n  padding-top: 30px;\n  padding-bottom: 30px;\n}\n<\/style>\n\t<\/section>\n\t\n\t<section class=\"section\" id=\"section_818728070\">\n\t\t<div class=\"bg section-bg fill bg-fill  bg-loaded\" >\n\n\t\t\t\n\t\t\t\n\t\t\t\n\n\t\t<\/div>\n\n\t\t<div class=\"section-content relative\">\n\t\t\t\n\n<h2 style=\"text-align: center;\">S\u00edguenos en Instagram<\/h2>\nInstagram has returned invalid data.\n\n\n\t\t<\/div>\n\n\t\t\n<style>\n#section_818728070 {\n  padding-top: 30px;\n  padding-bottom: 30px;\n}\n<\/style>\n\t<\/section>\n\t\n\n","protected":false},"excerpt":{"rendered":"","protected":false},"author":1,"featured_media":0,"parent":0,"menu_order":0,"comment_status":"closed","ping_status":"closed","template":"page-blank.php","meta":{"footnotes":""},"class_list":["post-1207","page","type-page","status-publish","hentry"],"yoast_head":"<!-- This site is optimized with the Yoast SEO plugin v25.1 - https:\/\/yoast.com\/wordpress\/plugins\/seo\/ -->\n<title>Jardins de Mademoiselle un hotel con una ubicaci\u00f3n perfecta, en el distrito 15 de Par\u00eds<\/title>\n<meta name=\"description\" content=\"El hotel tiene una ubicaci\u00f3n ideal, cerca de la rue du Commerce. Un barrio concurrido y lleno de tiendas. Tambi\u00e9n se puede acceder f\u00e1cilmente a Paris Expo Porte de Versailles\" \/>\n<meta name=\"robots\" content=\"index, follow, max-snippet:-1, max-image-preview:large, max-video-preview:-1\" \/>\n<link rel=\"canonical\" href=\"https:\/\/www.hoteljardinsdemademoiselle.com\/es\/ubicacion-hotel-paris\/\" \/>\n<meta property=\"og:locale\" content=\"es_ES\" \/>\n<meta property=\"og:type\" content=\"article\" \/>\n<meta property=\"og:title\" content=\"Jardins de Mademoiselle un hotel con una ubicaci\u00f3n perfecta, en el distrito 15 de Par\u00eds\" \/>\n<meta property=\"og:description\" content=\"El hotel tiene una ubicaci\u00f3n ideal, cerca de la rue du Commerce. Un barrio concurrido y lleno de tiendas. Tambi\u00e9n se puede acceder f\u00e1cilmente a Paris Expo Porte de Versailles\" \/>\n<meta property=\"og:url\" content=\"https:\/\/www.hoteljardinsdemademoiselle.com\/es\/ubicacion-hotel-paris\/\" \/>\n<meta property=\"og:site_name\" content=\"Les Jardins de Mademoiselle\" \/>\n<meta property=\"article:modified_time\" content=\"2020-03-05T15:48:35+00:00\" \/>\n<meta name=\"twitter:card\" content=\"summary_large_image\" \/>\n<meta name=\"twitter:label1\" content=\"Tiempo de lectura\" \/>\n\t<meta name=\"twitter:data1\" content=\"1 minuto\" \/>\n<script type=\"application\/ld+json\" class=\"yoast-schema-graph\">{\"@context\":\"https:\/\/schema.org\",\"@graph\":[{\"@type\":\"WebPage\",\"@id\":\"https:\/\/www.hoteljardinsdemademoiselle.com\/es\/ubicacion-hotel-paris\/\",\"url\":\"https:\/\/www.hoteljardinsdemademoiselle.com\/es\/ubicacion-hotel-paris\/\",\"name\":\"Jardins de Mademoiselle un hotel con una ubicaci\u00f3n perfecta, en el distrito 15 de Par\u00eds\",\"isPartOf\":{\"@id\":\"https:\/\/www.hoteljardinsdemademoiselle.com\/pt-br\/#website\"},\"datePublished\":\"2020-01-06T15:20:09+00:00\",\"dateModified\":\"2020-03-05T15:48:35+00:00\",\"description\":\"El hotel tiene una ubicaci\u00f3n ideal, cerca de la rue du Commerce. Un barrio concurrido y lleno de tiendas. Tambi\u00e9n se puede acceder f\u00e1cilmente a Paris Expo Porte de Versailles\",\"breadcrumb\":{\"@id\":\"https:\/\/www.hoteljardinsdemademoiselle.com\/es\/ubicacion-hotel-paris\/#breadcrumb\"},\"inLanguage\":\"es\",\"potentialAction\":[{\"@type\":\"ReadAction\",\"target\":[\"https:\/\/www.hoteljardinsdemademoiselle.com\/es\/ubicacion-hotel-paris\/\"]}]},{\"@type\":\"BreadcrumbList\",\"@id\":\"https:\/\/www.hoteljardinsdemademoiselle.com\/es\/ubicacion-hotel-paris\/#breadcrumb\",\"itemListElement\":[{\"@type\":\"ListItem\",\"position\":1,\"name\":\"Accueil\",\"item\":\"https:\/\/www.hoteljardinsdemademoiselle.com\/es\/\"},{\"@type\":\"ListItem\",\"position\":2,\"name\":\"Situation\"}]},{\"@type\":\"WebSite\",\"@id\":\"https:\/\/www.hoteljardinsdemademoiselle.com\/pt-br\/#website\",\"url\":\"https:\/\/www.hoteljardinsdemademoiselle.com\/pt-br\/\",\"name\":\"Les Jardins de Mademoiselle\",\"description\":\"H\u00f4tel 4 \u00e9toiles &amp; Spa Paris\",\"potentialAction\":[{\"@type\":\"SearchAction\",\"target\":{\"@type\":\"EntryPoint\",\"urlTemplate\":\"https:\/\/www.hoteljardinsdemademoiselle.com\/pt-br\/?s={search_term_string}\"},\"query-input\":{\"@type\":\"PropertyValueSpecification\",\"valueRequired\":true,\"valueName\":\"search_term_string\"}}],\"inLanguage\":\"es\"}]}<\/script>\n<!-- \/ Yoast SEO plugin. -->","yoast_head_json":{"title":"Jardins de Mademoiselle un hotel con una ubicaci\u00f3n perfecta, en el distrito 15 de Par\u00eds","description":"El hotel tiene una ubicaci\u00f3n ideal, cerca de la rue du Commerce. Un barrio concurrido y lleno de tiendas. Tambi\u00e9n se puede acceder f\u00e1cilmente a Paris Expo Porte de Versailles","robots":{"index":"index","follow":"follow","max-snippet":"max-snippet:-1","max-image-preview":"max-image-preview:large","max-video-preview":"max-video-preview:-1"},"canonical":"https:\/\/www.hoteljardinsdemademoiselle.com\/es\/ubicacion-hotel-paris\/","og_locale":"es_ES","og_type":"article","og_title":"Jardins de Mademoiselle un hotel con una ubicaci\u00f3n perfecta, en el distrito 15 de Par\u00eds","og_description":"El hotel tiene una ubicaci\u00f3n ideal, cerca de la rue du Commerce. Un barrio concurrido y lleno de tiendas. Tambi\u00e9n se puede acceder f\u00e1cilmente a Paris Expo Porte de Versailles","og_url":"https:\/\/www.hoteljardinsdemademoiselle.com\/es\/ubicacion-hotel-paris\/","og_site_name":"Les Jardins de Mademoiselle","article_modified_time":"2020-03-05T15:48:35+00:00","twitter_card":"summary_large_image","twitter_misc":{"Tiempo de lectura":"1 minuto"},"schema":{"@context":"https:\/\/schema.org","@graph":[{"@type":"WebPage","@id":"https:\/\/www.hoteljardinsdemademoiselle.com\/es\/ubicacion-hotel-paris\/","url":"https:\/\/www.hoteljardinsdemademoiselle.com\/es\/ubicacion-hotel-paris\/","name":"Jardins de Mademoiselle un hotel con una ubicaci\u00f3n perfecta, en el distrito 15 de Par\u00eds","isPartOf":{"@id":"https:\/\/www.hoteljardinsdemademoiselle.com\/pt-br\/#website"},"datePublished":"2020-01-06T15:20:09+00:00","dateModified":"2020-03-05T15:48:35+00:00","description":"El hotel tiene una ubicaci\u00f3n ideal, cerca de la rue du Commerce. Un barrio concurrido y lleno de tiendas. Tambi\u00e9n se puede acceder f\u00e1cilmente a Paris Expo Porte de Versailles","breadcrumb":{"@id":"https:\/\/www.hoteljardinsdemademoiselle.com\/es\/ubicacion-hotel-paris\/#breadcrumb"},"inLanguage":"es","potentialAction":[{"@type":"ReadAction","target":["https:\/\/www.hoteljardinsdemademoiselle.com\/es\/ubicacion-hotel-paris\/"]}]},{"@type":"BreadcrumbList","@id":"https:\/\/www.hoteljardinsdemademoiselle.com\/es\/ubicacion-hotel-paris\/#breadcrumb","itemListElement":[{"@type":"ListItem","position":1,"name":"Accueil","item":"https:\/\/www.hoteljardinsdemademoiselle.com\/es\/"},{"@type":"ListItem","position":2,"name":"Situation"}]},{"@type":"WebSite","@id":"https:\/\/www.hoteljardinsdemademoiselle.com\/pt-br\/#website","url":"https:\/\/www.hoteljardinsdemademoiselle.com\/pt-br\/","name":"Les Jardins de Mademoiselle","description":"H\u00f4tel 4 \u00e9toiles &amp; Spa Paris","potentialAction":[{"@type":"SearchAction","target":{"@type":"EntryPoint","urlTemplate":"https:\/\/www.hoteljardinsdemademoiselle.com\/pt-br\/?s={search_term_string}"},"query-input":{"@type":"PropertyValueSpecification","valueRequired":true,"valueName":"search_term_string"}}],"inLanguage":"es"}]}},"_links":{"self":[{"href":"https:\/\/www.hoteljardinsdemademoiselle.com\/es\/wp-json\/wp\/v2\/pages\/1207","targetHints":{"allow":["GET"]}}],"collection":[{"href":"https:\/\/www.hoteljardinsdemademoiselle.com\/es\/wp-json\/wp\/v2\/pages"}],"about":[{"href":"https:\/\/www.hoteljardinsdemademoiselle.com\/es\/wp-json\/wp\/v2\/types\/page"}],"author":[{"embeddable":true,"href":"https:\/\/www.hoteljardinsdemademoiselle.com\/es\/wp-json\/wp\/v2\/users\/1"}],"replies":[{"embeddable":true,"href":"https:\/\/www.hoteljardinsdemademoiselle.com\/es\/wp-json\/wp\/v2\/comments?post=1207"}],"version-history":[{"count":3,"href":"https:\/\/www.hoteljardinsdemademoiselle.com\/es\/wp-json\/wp\/v2\/pages\/1207\/revisions"}],"predecessor-version":[{"id":1372,"href":"https:\/\/www.hoteljardinsdemademoiselle.com\/es\/wp-json\/wp\/v2\/pages\/1207\/revisions\/1372"}],"wp:attachment":[{"href":"https:\/\/www.hoteljardinsdemademoiselle.com\/es\/wp-json\/wp\/v2\/media?parent=1207"}],"curies":[{"name":"wp","href":"https:\/\/api.w.org\/{rel}","templated":true}]}}