{"id":1197,"date":"2020-01-06T16:34:44","date_gmt":"2020-01-06T15:34:44","guid":{"rendered":"https:\/\/www.hoteljardinsdemademoiselle.com\/offres-4-etoiles-hotel-paris\/"},"modified":"2024-07-12T09:37:59","modified_gmt":"2024-07-12T07:37:59","slug":"ofertas-4-estrellas-hotel-paris","status":"publish","type":"page","link":"https:\/\/www.hoteljardinsdemademoiselle.com\/es\/ofertas-4-estrellas-hotel-paris\/","title":{"rendered":"Offres"},"content":{"rendered":"\n\t<section class=\"section\" id=\"section_1884070840\">\n\t\t<div class=\"bg section-bg fill bg-fill  bg-loaded\" >\n\n\t\t\t\n\t\t\t\n\t\t\t\n\n\t\t<\/div>\n\n\t\t<div class=\"section-content relative\">\n\t\t\t\n\n<div class=\"slider-wrapper relative\" id=\"slider-227743142\" >\n    <div class=\"slider slider-nav-circle slider-nav-large slider-nav-light slider-style-normal\"\n        data-flickity-options='{\n            \"cellAlign\": \"center\",\n            \"imagesLoaded\": true,\n            \"lazyLoad\": 1,\n            \"freeScroll\": false,\n            \"wrapAround\": true,\n            \"autoPlay\": 3000,\n            \"pauseAutoPlayOnHover\" : true,\n            \"prevNextButtons\": true,\n            \"contain\" : true,\n            \"adaptiveHeight\" : true,\n            \"dragThreshold\" : 10,\n            \"percentPosition\": true,\n            \"pageDots\": true,\n            \"rightToLeft\": false,\n            \"draggable\": true,\n            \"selectedAttraction\": 0.1,\n            \"parallax\" : 0,\n            \"friction\": 0.6        }'\n        >\n        \n\n\n  <div class=\"banner has-hover\" id=\"banner-1650279687\">\n          <div class=\"banner-inner fill\">\n        <div class=\"banner-bg fill\" >\n            <div class=\"bg fill bg-fill \"><\/div>\n                                    \n                    <\/div>\n        <div class=\"banner-layers container\">\n            <div class=\"fill banner-link\"><\/div>            \n\n   <div id=\"text-box-1571815403\" class=\"text-box banner-layer x50 md-x50 lg-x50 y45 md-y25 lg-y15 res-text\">\n                                <div class=\"text-box-content text dark\">\n              \n              <div class=\"text-inner text-center\">\n                  \n\n<p style=\"text-align: center; margin-top: 0px;\"><img decoding=\"async\" class=\"aligncenter wp-image-366 size-full\" src=\"http:\/\/www.hoteljardinsdemademoiselle.com\/wp-content\/uploads\/2019\/12\/LOGO-texte-LES-JARDINS-DE-MADEMOISELLE-1.png\" alt=\"\" width=\"300\" height=\"40\"><\/p>\n\n              <\/div>\n           <\/div>\n                            \n<style>\n#text-box-1571815403 {\n  margin: 0px 0px 0px -20px;\n  width: 60%;\n}\n#text-box-1571815403 .text-box-content {\n  font-size: 100%;\n}\n<\/style>\n    <\/div>\n \n\n        <\/div>\n      <\/div>\n\n            \n<style>\n#banner-1650279687 {\n  padding-top: 56.25%;\n}\n#banner-1650279687 .bg.bg-loaded {\n  background-image: url(https:\/\/www.hoteljardinsdemademoiselle.com\/wp-content\/uploads\/2020\/02\/HOTEL-JDM_BAR_3.jpg);\n}\n@media (min-width:850px) {\n  #banner-1650279687 {\n    padding-top: 500px;\n  }\n}\n<\/style>\n  <\/div>\n\n\n\n  <div class=\"banner has-hover\" id=\"banner-1866298446\">\n          <div class=\"banner-inner fill\">\n        <div class=\"banner-bg fill\" >\n            <div class=\"bg fill bg-fill \"><\/div>\n                                    \n                    <\/div>\n        <div class=\"banner-layers container\">\n            <div class=\"fill banner-link\"><\/div>            \n\n   <div id=\"text-box-430033157\" class=\"text-box banner-layer x50 md-x50 lg-x50 y45 md-y25 lg-y15 res-text\">\n                                <div class=\"text-box-content text dark\">\n              \n              <div class=\"text-inner text-center\">\n                  \n\n<p style=\"text-align: center; margin-top: 0px;\"><img decoding=\"async\" class=\"aligncenter wp-image-366 size-full\" src=\"http:\/\/www.hoteljardinsdemademoiselle.com\/wp-content\/uploads\/2019\/12\/LOGO-texte-LES-JARDINS-DE-MADEMOISELLE-1.png\" alt=\"\" width=\"300\" height=\"40\"><\/p>\n\n              <\/div>\n           <\/div>\n                            \n<style>\n#text-box-430033157 {\n  margin: 0px 0px 0px -20px;\n  width: 60%;\n}\n#text-box-430033157 .text-box-content {\n  font-size: 100%;\n}\n<\/style>\n    <\/div>\n \n\n        <\/div>\n      <\/div>\n\n            \n<style>\n#banner-1866298446 {\n  padding-top: 56.25%;\n}\n#banner-1866298446 .bg.bg-loaded {\n  background-image: url(https:\/\/www.hoteljardinsdemademoiselle.com\/wp-content\/uploads\/2020\/02\/HOTEL-JDM_CHAMBRE601_15.jpg);\n}\n@media (min-width:850px) {\n  #banner-1866298446 {\n    padding-top: 500px;\n  }\n}\n<\/style>\n  <\/div>\n\n\n\n  <div class=\"banner has-hover\" id=\"banner-983570562\">\n          <div class=\"banner-inner fill\">\n        <div class=\"banner-bg fill\" >\n            <div class=\"bg fill bg-fill \"><\/div>\n                                    \n                    <\/div>\n        <div class=\"banner-layers container\">\n            <div class=\"fill banner-link\"><\/div>            \n\n   <div id=\"text-box-1853997441\" class=\"text-box banner-layer x50 md-x50 lg-x50 y45 md-y25 lg-y15 res-text\">\n                                <div class=\"text-box-content text dark\">\n              \n              <div class=\"text-inner text-center\">\n                  \n\n<p style=\"text-align: center; margin-top: 0px;\"><img decoding=\"async\" class=\"aligncenter wp-image-366 size-full\" src=\"http:\/\/www.hoteljardinsdemademoiselle.com\/wp-content\/uploads\/2019\/12\/LOGO-texte-LES-JARDINS-DE-MADEMOISELLE-1.png\" alt=\"\" width=\"300\" height=\"40\"><\/p>\n\n              <\/div>\n           <\/div>\n                            \n<style>\n#text-box-1853997441 {\n  margin: 0px 0px 0px -20px;\n  width: 60%;\n}\n#text-box-1853997441 .text-box-content {\n  font-size: 100%;\n}\n<\/style>\n    <\/div>\n \n\n        <\/div>\n      <\/div>\n\n            \n<style>\n#banner-983570562 {\n  padding-top: 56.25%;\n}\n#banner-983570562 .bg.bg-loaded {\n  background-image: url(https:\/\/www.hoteljardinsdemademoiselle.com\/wp-content\/uploads\/2020\/02\/HOTEL-JDM_EXT_1.jpg);\n}\n@media (min-width:850px) {\n  #banner-983570562 {\n    padding-top: 500px;\n  }\n}\n<\/style>\n  <\/div>\n\n\n\n  <div class=\"banner has-hover\" id=\"banner-743054003\">\n          <div class=\"banner-inner fill\">\n        <div class=\"banner-bg fill\" >\n            <div class=\"bg fill bg-fill \"><\/div>\n                                    \n                    <\/div>\n        <div class=\"banner-layers container\">\n            <div class=\"fill banner-link\"><\/div>            \n\n   <div id=\"text-box-1186119697\" class=\"text-box banner-layer x50 md-x50 lg-x50 y45 md-y25 lg-y15 res-text\">\n                                <div class=\"text-box-content text dark\">\n              \n              <div class=\"text-inner text-center\">\n                  \n\n<p style=\"text-align: center; margin-top: 0px;\"><img decoding=\"async\" class=\"aligncenter wp-image-366 size-full\" src=\"http:\/\/www.hoteljardinsdemademoiselle.com\/wp-content\/uploads\/2019\/12\/LOGO-texte-LES-JARDINS-DE-MADEMOISELLE-1.png\" alt=\"\" width=\"300\" height=\"40\"><\/p>\n\n              <\/div>\n           <\/div>\n                            \n<style>\n#text-box-1186119697 {\n  margin: 0px 0px 0px -20px;\n  width: 60%;\n}\n#text-box-1186119697 .text-box-content {\n  font-size: 100%;\n}\n<\/style>\n    <\/div>\n \n\n        <\/div>\n      <\/div>\n\n            \n<style>\n#banner-743054003 {\n  padding-top: 56.25%;\n}\n#banner-743054003 .bg.bg-loaded {\n  background-image: url(https:\/\/www.hoteljardinsdemademoiselle.com\/wp-content\/uploads\/2020\/02\/HOTEL-JDM_SPA_8.jpg);\n}\n@media (min-width:850px) {\n  #banner-743054003 {\n    padding-top: 500px;\n  }\n}\n<\/style>\n  <\/div>\n\n\n\n     <\/div>\n\n     <div class=\"loading-spin dark large centered\"><\/div>\n\n     <\/div>\n\n\n\n\t\t<\/div>\n\n\t\t\n<style>\n#section_1884070840 {\n  padding-top: 0px;\n  padding-bottom: 0px;\n}\n<\/style>\n\t<\/section>\n\t\n\t<section class=\"section\" id=\"section_1813314884\">\n\t\t<div class=\"bg section-bg fill bg-fill  bg-loaded\" >\n\n\t\t\t\n\t\t\t\n\t\t\t\n\n\t\t<\/div>\n\n\t\t<div class=\"section-content relative\">\n\t\t\t\n\n<h5 style=\"color: #a28347; text-transform: uppercase; margin-top: 10px; margin-bottom: 10px; font-size: 16px; text-align: center;\">WEB OFICIAL DEL HOTEL<br \/> MEJOR PRECIO GARANTIZADO<\/h5>\n<div class=\"row row-large row-dashed\"  id=\"row-13702171\">\n\n\n\t<div id=\"col-281955963\" class=\"col medium-4 small-12 large-4\"  >\n\t\t<div class=\"col-inner\"  >\n\t\t\t\n\t\t\t\n\n\t<div class=\"img has-hover x md-x lg-x y md-y lg-y\" id=\"image_1760290649\">\n\t\t\t\t\t\t\t\t<div class=\"img-inner dark\" >\n\t\t\t<img decoding=\"async\" width=\"500\" height=\"220\" src=\"https:\/\/www.hoteljardinsdemademoiselle.com\/wp-content\/uploads\/2019\/12\/champagne-et-roses-1.jpg\" class=\"attachment-large size-large\" alt=\"\" srcset=\"https:\/\/www.hoteljardinsdemademoiselle.com\/wp-content\/uploads\/2019\/12\/champagne-et-roses-1.jpg 500w, https:\/\/www.hoteljardinsdemademoiselle.com\/wp-content\/uploads\/2019\/12\/champagne-et-roses-1-300x132.jpg 300w\" sizes=\"(max-width: 500px) 100vw, 500px\" \/>\t\t\t\t\t\t\n\t\t\t\t\t<\/div>\n\t\t\t\t\t\t\t\t\n<style>\n#image_1760290649 {\n  width: 100%;\n}\n<\/style>\n\t<\/div>\n\t\n\n<a rel=\"noopener noreferrer\" href=\"https:\/\/www.secure-hotel-booking.com\/Les-Jardins-de-Mademoiselle\/2XA3\/dateselection?language=es\" target=\"_blank\" class=\"button secondary is-small lowercase expand\"  >\n    <span>Detalles y reserva<\/span>\n  <\/a>\n\n\n<h5 style=\"text-align: center;\">ESCAPADA ROM\u00c1NTICA<\/h5>\n<ul>\n<li>Un desayuno para dos personas por d\u00eda servido en la suite<\/li>\n<li>Lluvia de p\u00e9talos de rosa en tu habitaci\u00f3n el d\u00eda de llegada, \u00bd botella de champ\u00e1n y macarons<\/li>\n<li>Acceso privado, solo para vosotros, a nuestro espacio de bienestar, abierto de forma extraordinaria de 22:30 a 23:30 (previa reserva)<\/li>\n<li>Salida tard\u00eda hasta las 13:30. En funci\u00f3n de la disponibilidad \u00a0 \u00a0 \u00a0<\/li>\n<\/ul>\n\n\t\t<\/div>\n\t\t\t<\/div>\n\n\t\n\n\t<div id=\"col-822933297\" class=\"col medium-4 small-12 large-4\"  >\n\t\t<div class=\"col-inner\"  >\n\t\t\t\n\t\t\t\n\n\t<div class=\"img has-hover x md-x lg-x y md-y lg-y\" id=\"image_528346762\">\n\t\t\t\t\t\t\t\t<div class=\"img-inner dark\" >\n\t\t\t<img decoding=\"async\" width=\"500\" height=\"220\" src=\"https:\/\/www.hoteljardinsdemademoiselle.com\/wp-content\/uploads\/2019\/12\/paris-je-taime.jpg\" class=\"attachment-large size-large\" alt=\"offre paris je t&#039;aime\" srcset=\"https:\/\/www.hoteljardinsdemademoiselle.com\/wp-content\/uploads\/2019\/12\/paris-je-taime.jpg 500w, https:\/\/www.hoteljardinsdemademoiselle.com\/wp-content\/uploads\/2019\/12\/paris-je-taime-300x132.jpg 300w\" sizes=\"(max-width: 500px) 100vw, 500px\" \/>\t\t\t\t\t\t\n\t\t\t\t\t<\/div>\n\t\t\t\t\t\t\t\t\n<style>\n#image_528346762 {\n  width: 100%;\n}\n<\/style>\n\t<\/div>\n\t\n\n<a rel=\"noopener noreferrer\" href=\"https:\/\/www.secure-hotel-booking.com\/Les-Jardins-de-Mademoiselle\/2XA3\/dateselection?language=es\" target=\"_blank\" class=\"button secondary is-small lowercase expand\"  >\n    <span>Detalles y reserva<\/span>\n  <\/a>\n\n\n<h5 style=\"text-align: center;\">PARIS JE T&#8217;AIME<\/h5>\n<ul>\n<li>Todos los d\u00edas, desayuno parisino para dos personas servido en tu habitaci\u00f3n<\/li>\n<li>Crucero de una hora por el Sena para dos personas<\/li>\n<li>Una botella de vino tinto en la habitaci\u00f3n durante tu estancia<\/li>\n<li>Una tabla de embutido y queso para compartir en la habitaci\u00f3n o en el bar por estancia<\/li>\n<\/ul>\n\n\t\t<\/div>\n\t\t\t<\/div>\n\n\t\n\n\t<div id=\"col-474944261\" class=\"col medium-4 small-12 large-4\"  >\n\t\t<div class=\"col-inner\"  >\n\t\t\t\n\t\t\t\n\n\t<div class=\"img has-hover x md-x lg-x y md-y lg-y\" id=\"image_1653977119\">\n\t\t\t\t\t\t\t\t<div class=\"img-inner dark\" >\n\t\t\t<img decoding=\"async\" width=\"500\" height=\"220\" src=\"https:\/\/www.hoteljardinsdemademoiselle.com\/wp-content\/uploads\/2019\/12\/offre-famille.jpg\" class=\"attachment-large size-large\" alt=\"\" srcset=\"https:\/\/www.hoteljardinsdemademoiselle.com\/wp-content\/uploads\/2019\/12\/offre-famille.jpg 500w, https:\/\/www.hoteljardinsdemademoiselle.com\/wp-content\/uploads\/2019\/12\/offre-famille-300x132.jpg 300w\" sizes=\"(max-width: 500px) 100vw, 500px\" \/>\t\t\t\t\t\t\n\t\t\t\t\t<\/div>\n\t\t\t\t\t\t\t\t\n<style>\n#image_1653977119 {\n  width: 100%;\n}\n<\/style>\n\t<\/div>\n\t\n\n<a rel=\"noopener noreferrer\" href=\"https:\/\/www.secure-hotel-booking.com\/Les-Jardins-de-Mademoiselle\/2XA3\/dateselection?language=es\" target=\"_blank\" class=\"button secondary is-small lowercase expand\"  >\n    <span>Detalles y reserva<\/span>\n  <\/a>\n\n\n<h5 style=\"text-align: center;\">MOMENTOS EN FAMILIA<\/h5>\n<ul>\n<li>Desayuno tipo buf\u00e9 en familia durante la estancia<\/li>\n<li>Una recepci\u00f3n en habitaci\u00f3n personalizada para peque\u00f1os y grandes<\/li>\n<li>Crucero de una hora por el Sena<\/li>\n<\/ul>\n\n\t\t<\/div>\n\t\t\t<\/div>\n\n\t\n\n<\/div>\n<div class=\"is-divider divider clearfix\" style=\"max-width:100%;\"><\/div>\n\n\n\t\t<\/div>\n\n\t\t\n<style>\n#section_1813314884 {\n  padding-top: 0px;\n  padding-bottom: 0px;\n}\n@media (min-width:850px) {\n  #section_1813314884 {\n    padding-top: 30px;\n    padding-bottom: 30px;\n  }\n}\n<\/style>\n\t<\/section>\n\t\n\t<section class=\"section\" id=\"section_1945121341\">\n\t\t<div class=\"bg section-bg fill bg-fill  bg-loaded\" >\n\n\t\t\t\n\t\t\t\n\t\t\t\n\n\t\t<\/div>\n\n\t\t<div class=\"section-content relative\">\n\t\t\t\n\n<p style=\"margin:0px; padding:0px;\"><iframe loading=\"lazy\" src=\"https:\/\/www.google.com\/maps\/embed?pb=!1m18!1m12!1m3!1d10502.6763189311!2d2.2983744878224406!3d48.845450516643666!2m3!1f0!2f0!3f0!3m2!1i1024!2i768!4f13.1!3m3!1m2!1s0x47e67016eea3fa4f%3A0x150d9ca162e3cdcb!2s15%20Rue%20Mademoiselle%2C%2075015%20Paris!5e0!3m2!1sfr!2sfr!4v1576647419087!5m2!1sfr!2sfr\" width=\"100%\" height=\"300\" frameborder=\"0\" style=\"border:0;\" allowfullscreen=\"\"><\/iframe><\/p>\n\n\t\t<\/div>\n\n\t\t\n<style>\n#section_1945121341 {\n  padding-top: 0px;\n  padding-bottom: 0px;\n  margin-bottom: 0px;\n}\n<\/style>\n\t<\/section>\n\t\n\t<section class=\"section\" id=\"section_577476664\">\n\t\t<div class=\"bg section-bg fill bg-fill  bg-loaded\" >\n\n\t\t\t\n\t\t\t\n\t\t\t\n\n\t\t<\/div>\n\n\t\t<div class=\"section-content relative\">\n\t\t\t\n\n<h2 style=\"text-align: center;\">S\u00edguenos en Instagram<\/h2>\nInstagram has returned invalid data.\n\n\n\t\t<\/div>\n\n\t\t\n<style>\n#section_577476664 {\n  padding-top: 30px;\n  padding-bottom: 30px;\n}\n<\/style>\n\t<\/section>\n\t\n\n","protected":false},"excerpt":{"rendered":"","protected":false},"author":1,"featured_media":0,"parent":0,"menu_order":0,"comment_status":"closed","ping_status":"closed","template":"page-blank.php","meta":{"footnotes":""},"class_list":["post-1197","page","type-page","status-publish","hentry"],"yoast_head":"<!-- This site is optimized with the Yoast SEO plugin v25.1 - https:\/\/yoast.com\/wordpress\/plugins\/seo\/ -->\n<title>Descubre las ofertas especiales del hotel Jardins de Mademoiselle Hotel de 4 estrellas<\/title>\n<meta name=\"description\" content=\"Las Ofertas especiales de les Jardins de Mademoiselle | Mejor precio garantizado en nuestra web Reserva sin intermediarios\" \/>\n<meta name=\"robots\" content=\"index, follow, max-snippet:-1, max-image-preview:large, max-video-preview:-1\" \/>\n<link rel=\"canonical\" href=\"https:\/\/www.hoteljardinsdemademoiselle.com\/es\/ofertas-4-estrellas-hotel-paris\/\" \/>\n<meta property=\"og:locale\" content=\"es_ES\" \/>\n<meta property=\"og:type\" content=\"article\" \/>\n<meta property=\"og:title\" content=\"Descubre las ofertas especiales del hotel Jardins de Mademoiselle Hotel de 4 estrellas\" \/>\n<meta property=\"og:description\" content=\"Las Ofertas especiales de les Jardins de Mademoiselle | Mejor precio garantizado en nuestra web Reserva sin intermediarios\" \/>\n<meta property=\"og:url\" content=\"https:\/\/www.hoteljardinsdemademoiselle.com\/es\/ofertas-4-estrellas-hotel-paris\/\" \/>\n<meta property=\"og:site_name\" content=\"Les Jardins de Mademoiselle\" \/>\n<meta property=\"article:modified_time\" content=\"2024-07-12T07:37:59+00:00\" \/>\n<meta property=\"og:image\" content=\"http:\/\/www.hoteljardinsdemademoiselle.com\/wp-content\/uploads\/2019\/12\/LOGO-texte-LES-JARDINS-DE-MADEMOISELLE-1.png\" \/>\n<meta name=\"twitter:card\" content=\"summary_large_image\" \/>\n<meta name=\"twitter:label1\" content=\"Tiempo de lectura\" \/>\n\t<meta name=\"twitter:data1\" content=\"2 minutos\" \/>\n<script type=\"application\/ld+json\" class=\"yoast-schema-graph\">{\"@context\":\"https:\/\/schema.org\",\"@graph\":[{\"@type\":\"WebPage\",\"@id\":\"https:\/\/www.hoteljardinsdemademoiselle.com\/es\/ofertas-4-estrellas-hotel-paris\/\",\"url\":\"https:\/\/www.hoteljardinsdemademoiselle.com\/es\/ofertas-4-estrellas-hotel-paris\/\",\"name\":\"Descubre las ofertas especiales del hotel Jardins de Mademoiselle Hotel de 4 estrellas\",\"isPartOf\":{\"@id\":\"https:\/\/www.hoteljardinsdemademoiselle.com\/pt-br\/#website\"},\"primaryImageOfPage\":{\"@id\":\"https:\/\/www.hoteljardinsdemademoiselle.com\/es\/ofertas-4-estrellas-hotel-paris\/#primaryimage\"},\"image\":{\"@id\":\"https:\/\/www.hoteljardinsdemademoiselle.com\/es\/ofertas-4-estrellas-hotel-paris\/#primaryimage\"},\"thumbnailUrl\":\"http:\/\/www.hoteljardinsdemademoiselle.com\/wp-content\/uploads\/2019\/12\/LOGO-texte-LES-JARDINS-DE-MADEMOISELLE-1.png\",\"datePublished\":\"2020-01-06T15:34:44+00:00\",\"dateModified\":\"2024-07-12T07:37:59+00:00\",\"description\":\"Las Ofertas especiales de les Jardins de Mademoiselle | Mejor precio garantizado en nuestra web Reserva sin intermediarios\",\"breadcrumb\":{\"@id\":\"https:\/\/www.hoteljardinsdemademoiselle.com\/es\/ofertas-4-estrellas-hotel-paris\/#breadcrumb\"},\"inLanguage\":\"es\",\"potentialAction\":[{\"@type\":\"ReadAction\",\"target\":[\"https:\/\/www.hoteljardinsdemademoiselle.com\/es\/ofertas-4-estrellas-hotel-paris\/\"]}]},{\"@type\":\"ImageObject\",\"inLanguage\":\"es\",\"@id\":\"https:\/\/www.hoteljardinsdemademoiselle.com\/es\/ofertas-4-estrellas-hotel-paris\/#primaryimage\",\"url\":\"http:\/\/www.hoteljardinsdemademoiselle.com\/wp-content\/uploads\/2019\/12\/LOGO-texte-LES-JARDINS-DE-MADEMOISELLE-1.png\",\"contentUrl\":\"http:\/\/www.hoteljardinsdemademoiselle.com\/wp-content\/uploads\/2019\/12\/LOGO-texte-LES-JARDINS-DE-MADEMOISELLE-1.png\"},{\"@type\":\"BreadcrumbList\",\"@id\":\"https:\/\/www.hoteljardinsdemademoiselle.com\/es\/ofertas-4-estrellas-hotel-paris\/#breadcrumb\",\"itemListElement\":[{\"@type\":\"ListItem\",\"position\":1,\"name\":\"Accueil\",\"item\":\"https:\/\/www.hoteljardinsdemademoiselle.com\/es\/\"},{\"@type\":\"ListItem\",\"position\":2,\"name\":\"Offres\"}]},{\"@type\":\"WebSite\",\"@id\":\"https:\/\/www.hoteljardinsdemademoiselle.com\/pt-br\/#website\",\"url\":\"https:\/\/www.hoteljardinsdemademoiselle.com\/pt-br\/\",\"name\":\"Les Jardins de Mademoiselle\",\"description\":\"H\u00f4tel 4 \u00e9toiles &amp; Spa Paris\",\"potentialAction\":[{\"@type\":\"SearchAction\",\"target\":{\"@type\":\"EntryPoint\",\"urlTemplate\":\"https:\/\/www.hoteljardinsdemademoiselle.com\/pt-br\/?s={search_term_string}\"},\"query-input\":{\"@type\":\"PropertyValueSpecification\",\"valueRequired\":true,\"valueName\":\"search_term_string\"}}],\"inLanguage\":\"es\"}]}<\/script>\n<!-- \/ Yoast SEO plugin. -->","yoast_head_json":{"title":"Descubre las ofertas especiales del hotel Jardins de Mademoiselle Hotel de 4 estrellas","description":"Las Ofertas especiales de les Jardins de Mademoiselle | Mejor precio garantizado en nuestra web Reserva sin intermediarios","robots":{"index":"index","follow":"follow","max-snippet":"max-snippet:-1","max-image-preview":"max-image-preview:large","max-video-preview":"max-video-preview:-1"},"canonical":"https:\/\/www.hoteljardinsdemademoiselle.com\/es\/ofertas-4-estrellas-hotel-paris\/","og_locale":"es_ES","og_type":"article","og_title":"Descubre las ofertas especiales del hotel Jardins de Mademoiselle Hotel de 4 estrellas","og_description":"Las Ofertas especiales de les Jardins de Mademoiselle | Mejor precio garantizado en nuestra web Reserva sin intermediarios","og_url":"https:\/\/www.hoteljardinsdemademoiselle.com\/es\/ofertas-4-estrellas-hotel-paris\/","og_site_name":"Les Jardins de Mademoiselle","article_modified_time":"2024-07-12T07:37:59+00:00","og_image":[{"url":"http:\/\/www.hoteljardinsdemademoiselle.com\/wp-content\/uploads\/2019\/12\/LOGO-texte-LES-JARDINS-DE-MADEMOISELLE-1.png","type":"","width":"","height":""}],"twitter_card":"summary_large_image","twitter_misc":{"Tiempo de lectura":"2 minutos"},"schema":{"@context":"https:\/\/schema.org","@graph":[{"@type":"WebPage","@id":"https:\/\/www.hoteljardinsdemademoiselle.com\/es\/ofertas-4-estrellas-hotel-paris\/","url":"https:\/\/www.hoteljardinsdemademoiselle.com\/es\/ofertas-4-estrellas-hotel-paris\/","name":"Descubre las ofertas especiales del hotel Jardins de Mademoiselle Hotel de 4 estrellas","isPartOf":{"@id":"https:\/\/www.hoteljardinsdemademoiselle.com\/pt-br\/#website"},"primaryImageOfPage":{"@id":"https:\/\/www.hoteljardinsdemademoiselle.com\/es\/ofertas-4-estrellas-hotel-paris\/#primaryimage"},"image":{"@id":"https:\/\/www.hoteljardinsdemademoiselle.com\/es\/ofertas-4-estrellas-hotel-paris\/#primaryimage"},"thumbnailUrl":"http:\/\/www.hoteljardinsdemademoiselle.com\/wp-content\/uploads\/2019\/12\/LOGO-texte-LES-JARDINS-DE-MADEMOISELLE-1.png","datePublished":"2020-01-06T15:34:44+00:00","dateModified":"2024-07-12T07:37:59+00:00","description":"Las Ofertas especiales de les Jardins de Mademoiselle | Mejor precio garantizado en nuestra web Reserva sin intermediarios","breadcrumb":{"@id":"https:\/\/www.hoteljardinsdemademoiselle.com\/es\/ofertas-4-estrellas-hotel-paris\/#breadcrumb"},"inLanguage":"es","potentialAction":[{"@type":"ReadAction","target":["https:\/\/www.hoteljardinsdemademoiselle.com\/es\/ofertas-4-estrellas-hotel-paris\/"]}]},{"@type":"ImageObject","inLanguage":"es","@id":"https:\/\/www.hoteljardinsdemademoiselle.com\/es\/ofertas-4-estrellas-hotel-paris\/#primaryimage","url":"http:\/\/www.hoteljardinsdemademoiselle.com\/wp-content\/uploads\/2019\/12\/LOGO-texte-LES-JARDINS-DE-MADEMOISELLE-1.png","contentUrl":"http:\/\/www.hoteljardinsdemademoiselle.com\/wp-content\/uploads\/2019\/12\/LOGO-texte-LES-JARDINS-DE-MADEMOISELLE-1.png"},{"@type":"BreadcrumbList","@id":"https:\/\/www.hoteljardinsdemademoiselle.com\/es\/ofertas-4-estrellas-hotel-paris\/#breadcrumb","itemListElement":[{"@type":"ListItem","position":1,"name":"Accueil","item":"https:\/\/www.hoteljardinsdemademoiselle.com\/es\/"},{"@type":"ListItem","position":2,"name":"Offres"}]},{"@type":"WebSite","@id":"https:\/\/www.hoteljardinsdemademoiselle.com\/pt-br\/#website","url":"https:\/\/www.hoteljardinsdemademoiselle.com\/pt-br\/","name":"Les Jardins de Mademoiselle","description":"H\u00f4tel 4 \u00e9toiles &amp; Spa Paris","potentialAction":[{"@type":"SearchAction","target":{"@type":"EntryPoint","urlTemplate":"https:\/\/www.hoteljardinsdemademoiselle.com\/pt-br\/?s={search_term_string}"},"query-input":{"@type":"PropertyValueSpecification","valueRequired":true,"valueName":"search_term_string"}}],"inLanguage":"es"}]}},"_links":{"self":[{"href":"https:\/\/www.hoteljardinsdemademoiselle.com\/es\/wp-json\/wp\/v2\/pages\/1197","targetHints":{"allow":["GET"]}}],"collection":[{"href":"https:\/\/www.hoteljardinsdemademoiselle.com\/es\/wp-json\/wp\/v2\/pages"}],"about":[{"href":"https:\/\/www.hoteljardinsdemademoiselle.com\/es\/wp-json\/wp\/v2\/types\/page"}],"author":[{"embeddable":true,"href":"https:\/\/www.hoteljardinsdemademoiselle.com\/es\/wp-json\/wp\/v2\/users\/1"}],"replies":[{"embeddable":true,"href":"https:\/\/www.hoteljardinsdemademoiselle.com\/es\/wp-json\/wp\/v2\/comments?post=1197"}],"version-history":[{"count":5,"href":"https:\/\/www.hoteljardinsdemademoiselle.com\/es\/wp-json\/wp\/v2\/pages\/1197\/revisions"}],"predecessor-version":[{"id":3556,"href":"https:\/\/www.hoteljardinsdemademoiselle.com\/es\/wp-json\/wp\/v2\/pages\/1197\/revisions\/3556"}],"wp:attachment":[{"href":"https:\/\/www.hoteljardinsdemademoiselle.com\/es\/wp-json\/wp\/v2\/media?parent=1197"}],"curies":[{"name":"wp","href":"https:\/\/api.w.org\/{rel}","templated":true}]}}