{"id":1224,"date":"2020-01-06T11:24:32","date_gmt":"2020-01-06T10:24:32","guid":{"rendered":"https:\/\/www.hoteljardinsdemademoiselle.com\/suite-tour-eiffel-terrasse\/"},"modified":"2025-06-16T18:27:58","modified_gmt":"2025-06-16T16:27:58","slug":"eiffelturm-suite-terrasse","status":"publish","type":"page","link":"https:\/\/www.hoteljardinsdemademoiselle.com\/de\/eiffelturm-suite-terrasse\/","title":{"rendered":"Suite Tour Eiffel Terrasse"},"content":{"rendered":"\n\t<section class=\"section\" id=\"section_264148864\">\n\t\t<div class=\"bg section-bg fill bg-fill  bg-loaded\" >\n\n\t\t\t\n\t\t\t\n\t\t\t\n\n\t\t<\/div>\n\n\t\t<div class=\"section-content relative\">\n\t\t\t\n\n<div class=\"slider-wrapper relative\" id=\"slider-491116936\" >\n    <div class=\"slider slider-nav-circle slider-nav-large slider-nav-light slider-style-normal\"\n        data-flickity-options='{\n            \"cellAlign\": \"center\",\n            \"imagesLoaded\": true,\n            \"lazyLoad\": 1,\n            \"freeScroll\": false,\n            \"wrapAround\": true,\n            \"autoPlay\": 6000,\n            \"pauseAutoPlayOnHover\" : true,\n            \"prevNextButtons\": true,\n            \"contain\" : true,\n            \"adaptiveHeight\" : true,\n            \"dragThreshold\" : 10,\n            \"percentPosition\": true,\n            \"pageDots\": true,\n            \"rightToLeft\": false,\n            \"draggable\": true,\n            \"selectedAttraction\": 0.1,\n            \"parallax\" : 0,\n            \"friction\": 0.6        }'\n        >\n        \n\n\n  <div class=\"banner has-hover is-full-height\" id=\"banner-1659297391\">\n          <div class=\"banner-inner fill\">\n        <div class=\"banner-bg fill\" >\n            <div class=\"bg fill bg-fill \"><\/div>\n                                    \n                    <\/div>\n        <div class=\"banner-layers container\">\n            <div class=\"fill banner-link\"><\/div>            \n\n\n        <\/div>\n      <\/div>\n\n            \n<style>\n#banner-1659297391 {\n  padding-top: 56.25%;\n}\n#banner-1659297391 .bg.bg-loaded {\n  background-image: url(https:\/\/www.hoteljardinsdemademoiselle.com\/wp-content\/uploads\/2020\/02\/HOTEL-JDM_CHAMBRE601_12.jpg);\n}\n@media (min-width:850px) {\n  #banner-1659297391 {\n    padding-top: 100%;\n  }\n}\n<\/style>\n  <\/div>\n\n\n\n  <div class=\"banner has-hover is-full-height\" id=\"banner-260601907\">\n          <div class=\"banner-inner fill\">\n        <div class=\"banner-bg fill\" >\n            <div class=\"bg fill bg-fill \"><\/div>\n                                    \n                    <\/div>\n        <div class=\"banner-layers container\">\n            <div class=\"fill banner-link\"><\/div>            \n\n\n        <\/div>\n      <\/div>\n\n            \n<style>\n#banner-260601907 {\n  padding-top: 56.25%;\n}\n#banner-260601907 .bg.bg-loaded {\n  background-image: url(https:\/\/www.hoteljardinsdemademoiselle.com\/wp-content\/uploads\/2020\/02\/HOTEL-JDM_CHAMBRE601_9.jpg);\n}\n@media (min-width:850px) {\n  #banner-260601907 {\n    padding-top: 100%;\n  }\n}\n<\/style>\n  <\/div>\n\n\n\n  <div class=\"banner has-hover is-full-height\" id=\"banner-614337645\">\n          <div class=\"banner-inner fill\">\n        <div class=\"banner-bg fill\" >\n            <div class=\"bg fill bg-fill \"><\/div>\n                                    \n                    <\/div>\n        <div class=\"banner-layers container\">\n            <div class=\"fill banner-link\"><\/div>            \n\n\n        <\/div>\n      <\/div>\n\n            \n<style>\n#banner-614337645 {\n  padding-top: 56.25%;\n}\n#banner-614337645 .bg.bg-loaded {\n  background-image: url(https:\/\/www.hoteljardinsdemademoiselle.com\/wp-content\/uploads\/2020\/02\/HOTEL-JDM_CHAMBRE601_16.jpg);\n}\n@media (min-width:850px) {\n  #banner-614337645 {\n    padding-top: 100%;\n  }\n}\n<\/style>\n  <\/div>\n\n\n\n  <div class=\"banner has-hover is-full-height\" id=\"banner-1298524730\">\n          <div class=\"banner-inner fill\">\n        <div class=\"banner-bg fill\" >\n            <div class=\"bg fill bg-fill \"><\/div>\n                                    \n                    <\/div>\n        <div class=\"banner-layers container\">\n            <div class=\"fill banner-link\"><\/div>            \n\n\n        <\/div>\n      <\/div>\n\n            \n<style>\n#banner-1298524730 {\n  padding-top: 56.25%;\n}\n#banner-1298524730 .bg.bg-loaded {\n  background-image: url(https:\/\/www.hoteljardinsdemademoiselle.com\/wp-content\/uploads\/2020\/02\/HOTEL-JDM_CHAMBRE601_21.jpg);\n}\n@media (min-width:850px) {\n  #banner-1298524730 {\n    padding-top: 100%;\n  }\n}\n<\/style>\n  <\/div>\n\n\n\n  <div class=\"banner has-hover is-full-height\" id=\"banner-572813119\">\n          <div class=\"banner-inner fill\">\n        <div class=\"banner-bg fill\" >\n            <div class=\"bg fill bg-fill \"><\/div>\n                                    \n                    <\/div>\n        <div class=\"banner-layers container\">\n            <div class=\"fill banner-link\"><\/div>            \n\n\n        <\/div>\n      <\/div>\n\n            \n<style>\n#banner-572813119 {\n  padding-top: 56.25%;\n}\n#banner-572813119 .bg.bg-loaded {\n  background-image: url(https:\/\/www.hoteljardinsdemademoiselle.com\/wp-content\/uploads\/2020\/02\/HOTEL-JDM_CHAMBRE601_6.jpg);\n}\n@media (min-width:850px) {\n  #banner-572813119 {\n    padding-top: 100%;\n  }\n}\n<\/style>\n  <\/div>\n\n\n\n     <\/div>\n\n     <div class=\"loading-spin dark large centered\"><\/div>\n\n     <\/div>\n\n\n\n\t\t<\/div>\n\n\t\t\n<style>\n#section_264148864 {\n  padding-top: 0px;\n  padding-bottom: 0px;\n}\n<\/style>\n\t<\/section>\n\t\n\t<section class=\"section\" id=\"section_1831884369\">\n\t\t<div class=\"bg section-bg fill bg-fill  bg-loaded\" >\n\n\t\t\t\n\t\t\t\n\t\t\t\n\n\t\t<\/div>\n\n\t\t<div class=\"section-content relative\">\n\t\t\t\n\n<div class=\"row\"  id=\"row-494012185\">\n\n\n\t<div id=\"col-1820502326\" class=\"col small-12 large-12\"  >\n\t\t<div class=\"col-inner\"  >\n\t\t\t\n\t\t\t\n\n<h2 style=\"text-align: center;\">Eiffelturm-Suite Terrasse<\/h2>\n<p style=\"text-align: center;\">2 Personen \u2013 25 m\u00b2 + 15 m\u00b2 gro\u00dfe Terrasse \u2013 Bett 160 cm<\/p>\n<p>Die Suite Eiffel Terrasse ist die &#8222;pariserischste&#8220; unserer Suiten. Sie bietet Ihnen eine 15 m\u00b2 gro\u00dfe, baumbestandene Duplex-Privatterrasse. Mit der Suite Eiffel Terrasse genie\u00dfen Sie eine Rundumsicht auf die mythischen D\u00e4cher der Stadt Paris, den Eiffelturm und den Tour Montparnasse.<br \/>\nEin idealer Ort, um einen romantischen Abend zu erleben und dabei die Lichter der Stadt zu bewundern.<\/p>\n<a rel=\"noopener noreferrer\" href=\"https:\/\/www.secure-hotel-booking.com\/Les-Jardins-de-Mademoiselle\/2XA3\/dateselection?language=de\" target=\"_blank\" class=\"button secondary is-outline lowercase expand\"  >\n    <span>Buchen Sie Ihr Zimmer<\/span>\n  <\/a>\n\n\n<div class=\"row row-small\"  id=\"row-1092144400\">\n\n\n\t<div id=\"col-1033277214\" class=\"col small-12 large-12\"  >\n\t\t<div class=\"col-inner\"  >\n\t\t\t\n\t\t\t\n\n<p style=\"text-align:center\"> <img decoding=\"async\" class=\"alignnone size-medium wp-image-7159\" src=\"http:\/\/www.hoteljardinsdemademoiselle.com\/images\/pictos\/seche-cheveux.png\" alt=\"\" title=\"Haartrockner\" width=\"70\" height=\"65\"> <img decoding=\"async\" class=\"alignnone size-medium wp-image-7166\" src=\"http:\/\/www.hoteljardinsdemademoiselle.com\/images\/pictos\/\/serviettes-peignoir.png\" alt=\"\" title=\"Badet\u00fccher \/ Badem\u00e4ntel\" width=\"70\" height=\"65\"> <img decoding=\"async\" class=\"alignnone size-medium wp-image-7173\" src=\"http:\/\/www.hoteljardinsdemademoiselle.com\/images\/pictos\/telephone.png\" alt=\"\" title=\"Telefon\" width=\"70\" height=\"65\"> <img decoding=\"async\" class=\"alignnone size-medium wp-image-7180\" src=\"http:\/\/www.hoteljardinsdemademoiselle.com\/images\/pictos\/television.png\" alt=\"\" title=\"Flachbildfernseher\" width=\"70\" height=\"65\"> <img decoding=\"async\" class=\"alignnone size-medium wp-image-7187\" src=\"http:\/\/www.hoteljardinsdemademoiselle.com\/images\/pictos\/wifi.png\" alt=\"\" title=\"Kostenloses WLAN\" width=\"70\" height=\"65\"> <img decoding=\"async\" class=\"alignnone size-medium wp-image-7194\" src=\"http:\/\/www.hoteljardinsdemademoiselle.com\/images\/pictos\/air-conditionne.png\" alt=\"\" title=\"Individuelle Klimaanlage\" width=\"70\" height=\"65\"> <img decoding=\"async\" class=\"alignnone size-medium wp-image-7201\" src=\"http:\/\/www.hoteljardinsdemademoiselle.com\/images\/pictos\/baignoire.png\" alt=\"\" title=\"Dusche oder Badewanne\" width=\"70\" height=\"65\"> <img decoding=\"async\" class=\"alignnone size-medium wp-image-7208\" src=\"http:\/\/www.hoteljardinsdemademoiselle.com\/images\/pictos\/coffre-fort.png\" alt=\"\" title=\"Safe\" width=\"70\" height=\"65\"> <img decoding=\"async\" class=\"alignnone size-medium wp-image-7215\" src=\"http:\/\/www.hoteljardinsdemademoiselle.com\/images\/pictos\/non-fumeur.png\" alt=\"\" title=\"Nichtraucher\" width=\"70\" height=\"65\"> <img decoding=\"async\" class=\"alignnone size-medium wp-image-7222\" src=\"http:\/\/www.hoteljardinsdemademoiselle.com\/images\/pictos\/plateau-courtoisie.png\" alt=\"\" title=\"Begr\u00fc\u00dfungstablett\" width=\"70\" height=\"65\"> <img decoding=\"async\" class=\"alignnone size-medium wp-image-7229\" src=\"http:\/\/www.hoteljardinsdemademoiselle.com\/images\/pictos\/produits-acceuil.png\" alt=\"\" title=\"K\u00f6rperpflegeprodukte\" width=\"70\" height=\"65\"><\/p>\n<h3 style=\"text-align: center;\">Ausstattung &#038; Informationen<\/h3>\n<p>Das Fr\u00fchst\u00fcck wird Ihnen wochentags von 7:30 bis 10:00 Uhr und am Wochenende von 7:30 bis 11:00 Uhr auf Ihrem Zimmer oder in der Lounge des Les Jardins de Mademoiselle serviert.<\/p>\n\n\t\t<\/div>\n\t\t\t<\/div>\n\n\t\n\n\n<style>\n#row-1092144400 > .col > .col-inner {\n  padding: 30px 0px 0px 0px;\n}\n<\/style>\n<\/div>\n<div class=\"row row-small\"  id=\"row-18436759\">\n\n\n\t<div id=\"col-504727321\" class=\"col medium-6 small-12 large-6\"  >\n\t\t<div class=\"col-inner\"  >\n\t\t\t\n\t\t\t\n\n<ul>\n<li>Kostenloses und unbeschr\u00e4nktes WLAN<\/li>\n<li>Blick auf die Rue Mademoiselle<\/li>\n<li>Schreibtisch mit Stuhl<\/li>\n<li>Badem\u00e4ntel und Slipper<\/li>\n<li>K\u00f6rperpflegeprodukte der Marke Sothys<\/li>\n<li>Kleiderschrank, Kommoden und zahlreiche Ablagem\u00f6glichkeiten<\/li>\n<\/ul>\n\n\t\t<\/div>\n\t\t\t<\/div>\n\n\t\n\n\t<div id=\"col-1183898394\" class=\"col medium-6 small-12 large-6\"  >\n\t\t<div class=\"col-inner\"  >\n\t\t\t\n\t\t\t\n\n<ul>\n<li>Begr\u00fc\u00dfungstablett: Wasserkocher, Tassen, Kaffee, Tee und Kapselmaschine<\/li>\n<li>SmartTV-Flachbildschirm mit internationalen Programmen<\/li>\n<li>Nachttische mit Lampen<\/li>\n<li>Bettkopfteil mit Lichtdimmer<\/li>\n<li>Minibar mit Quellwasser<\/li>\n<li>beIN Sports<\/li>\n<\/ul>\n\n\t\t<\/div>\n\t\t\t<\/div>\n\n\t\n\n<\/div>\n\n\t\t<\/div>\n\t\t\t<\/div>\n\n\t\n\n<\/div>\n\n\t\t<\/div>\n\n\t\t\n<style>\n#section_1831884369 {\n  padding-top: 30px;\n  padding-bottom: 30px;\n}\n<\/style>\n\t<\/section>\n\t\n\n","protected":false},"excerpt":{"rendered":"","protected":false},"author":1,"featured_media":0,"parent":0,"menu_order":0,"comment_status":"closed","ping_status":"closed","template":"page-transparent-header.php","meta":{"footnotes":""},"class_list":["post-1224","page","type-page","status-publish","hentry"],"yoast_head":"<!-- This site is optimized with the Yoast SEO plugin v25.1 - https:\/\/yoast.com\/wordpress\/plugins\/seo\/ -->\n<title>Les Jardins de Mademoiselle Suite Eiffel mit Terrasse - Hotel mit SPA Paris 15. Arrondissement<\/title>\n<meta name=\"description\" content=\"Die Suite Eiffel Terrasse unseres 4-Sterne-Hotels mit Pool im Herzen des 15. Arrondissements de Paris. 2 Personen \u2013 25 m\u00b2 + 15 m\u00b2 gro\u00dfe Terrasse \u2013 Bett 160 cm\" \/>\n<meta name=\"robots\" content=\"index, follow, max-snippet:-1, max-image-preview:large, max-video-preview:-1\" \/>\n<link rel=\"canonical\" href=\"https:\/\/www.hoteljardinsdemademoiselle.com\/de\/eiffelturm-suite-terrasse\/\" \/>\n<meta property=\"og:locale\" content=\"de_DE\" \/>\n<meta property=\"og:type\" content=\"article\" \/>\n<meta property=\"og:title\" content=\"Les Jardins de Mademoiselle Suite Eiffel mit Terrasse - Hotel mit SPA Paris 15. Arrondissement\" \/>\n<meta property=\"og:description\" content=\"Die Suite Eiffel Terrasse unseres 4-Sterne-Hotels mit Pool im Herzen des 15. Arrondissements de Paris. 2 Personen \u2013 25 m\u00b2 + 15 m\u00b2 gro\u00dfe Terrasse \u2013 Bett 160 cm\" \/>\n<meta property=\"og:url\" content=\"https:\/\/www.hoteljardinsdemademoiselle.com\/de\/eiffelturm-suite-terrasse\/\" \/>\n<meta property=\"og:site_name\" content=\"Les Jardins de Mademoiselle\" \/>\n<meta property=\"article:modified_time\" content=\"2025-06-16T16:27:58+00:00\" \/>\n<meta name=\"twitter:card\" content=\"summary_large_image\" \/>\n<meta name=\"twitter:label1\" content=\"Gesch\u00e4tzte Lesezeit\" \/>\n\t<meta name=\"twitter:data1\" content=\"1\u00a0Minute\" \/>\n<script type=\"application\/ld+json\" class=\"yoast-schema-graph\">{\"@context\":\"https:\/\/schema.org\",\"@graph\":[{\"@type\":\"WebPage\",\"@id\":\"https:\/\/www.hoteljardinsdemademoiselle.com\/de\/eiffelturm-suite-terrasse\/\",\"url\":\"https:\/\/www.hoteljardinsdemademoiselle.com\/de\/eiffelturm-suite-terrasse\/\",\"name\":\"Les Jardins de Mademoiselle Suite Eiffel mit Terrasse - Hotel mit SPA Paris 15. Arrondissement\",\"isPartOf\":{\"@id\":\"https:\/\/www.hoteljardinsdemademoiselle.com\/pt-br\/#website\"},\"primaryImageOfPage\":{\"@id\":\"https:\/\/www.hoteljardinsdemademoiselle.com\/de\/eiffelturm-suite-terrasse\/#primaryimage\"},\"image\":{\"@id\":\"https:\/\/www.hoteljardinsdemademoiselle.com\/de\/eiffelturm-suite-terrasse\/#primaryimage\"},\"thumbnailUrl\":\"http:\/\/www.hoteljardinsdemademoiselle.com\/images\/pictos\/seche-cheveux.png\",\"datePublished\":\"2020-01-06T10:24:32+00:00\",\"dateModified\":\"2025-06-16T16:27:58+00:00\",\"description\":\"Die Suite Eiffel Terrasse unseres 4-Sterne-Hotels mit Pool im Herzen des 15. Arrondissements de Paris. 2 Personen \u2013 25 m\u00b2 + 15 m\u00b2 gro\u00dfe Terrasse \u2013 Bett 160 cm\",\"breadcrumb\":{\"@id\":\"https:\/\/www.hoteljardinsdemademoiselle.com\/de\/eiffelturm-suite-terrasse\/#breadcrumb\"},\"inLanguage\":\"de\",\"potentialAction\":[{\"@type\":\"ReadAction\",\"target\":[\"https:\/\/www.hoteljardinsdemademoiselle.com\/de\/eiffelturm-suite-terrasse\/\"]}]},{\"@type\":\"ImageObject\",\"inLanguage\":\"de\",\"@id\":\"https:\/\/www.hoteljardinsdemademoiselle.com\/de\/eiffelturm-suite-terrasse\/#primaryimage\",\"url\":\"http:\/\/www.hoteljardinsdemademoiselle.com\/images\/pictos\/seche-cheveux.png\",\"contentUrl\":\"http:\/\/www.hoteljardinsdemademoiselle.com\/images\/pictos\/seche-cheveux.png\"},{\"@type\":\"BreadcrumbList\",\"@id\":\"https:\/\/www.hoteljardinsdemademoiselle.com\/de\/eiffelturm-suite-terrasse\/#breadcrumb\",\"itemListElement\":[{\"@type\":\"ListItem\",\"position\":1,\"name\":\"Accueil\",\"item\":\"https:\/\/www.hoteljardinsdemademoiselle.com\/de\/\"},{\"@type\":\"ListItem\",\"position\":2,\"name\":\"Suite Tour Eiffel Terrasse\"}]},{\"@type\":\"WebSite\",\"@id\":\"https:\/\/www.hoteljardinsdemademoiselle.com\/pt-br\/#website\",\"url\":\"https:\/\/www.hoteljardinsdemademoiselle.com\/pt-br\/\",\"name\":\"Les Jardins de Mademoiselle\",\"description\":\"H\u00f4tel 4 \u00e9toiles &amp; Spa Paris\",\"potentialAction\":[{\"@type\":\"SearchAction\",\"target\":{\"@type\":\"EntryPoint\",\"urlTemplate\":\"https:\/\/www.hoteljardinsdemademoiselle.com\/pt-br\/?s={search_term_string}\"},\"query-input\":{\"@type\":\"PropertyValueSpecification\",\"valueRequired\":true,\"valueName\":\"search_term_string\"}}],\"inLanguage\":\"de\"}]}<\/script>\n<!-- \/ Yoast SEO plugin. -->","yoast_head_json":{"title":"Les Jardins de Mademoiselle Suite Eiffel mit Terrasse - Hotel mit SPA Paris 15. Arrondissement","description":"Die Suite Eiffel Terrasse unseres 4-Sterne-Hotels mit Pool im Herzen des 15. Arrondissements de Paris. 2 Personen \u2013 25 m\u00b2 + 15 m\u00b2 gro\u00dfe Terrasse \u2013 Bett 160 cm","robots":{"index":"index","follow":"follow","max-snippet":"max-snippet:-1","max-image-preview":"max-image-preview:large","max-video-preview":"max-video-preview:-1"},"canonical":"https:\/\/www.hoteljardinsdemademoiselle.com\/de\/eiffelturm-suite-terrasse\/","og_locale":"de_DE","og_type":"article","og_title":"Les Jardins de Mademoiselle Suite Eiffel mit Terrasse - Hotel mit SPA Paris 15. Arrondissement","og_description":"Die Suite Eiffel Terrasse unseres 4-Sterne-Hotels mit Pool im Herzen des 15. Arrondissements de Paris. 2 Personen \u2013 25 m\u00b2 + 15 m\u00b2 gro\u00dfe Terrasse \u2013 Bett 160 cm","og_url":"https:\/\/www.hoteljardinsdemademoiselle.com\/de\/eiffelturm-suite-terrasse\/","og_site_name":"Les Jardins de Mademoiselle","article_modified_time":"2025-06-16T16:27:58+00:00","twitter_card":"summary_large_image","twitter_misc":{"Gesch\u00e4tzte Lesezeit":"1\u00a0Minute"},"schema":{"@context":"https:\/\/schema.org","@graph":[{"@type":"WebPage","@id":"https:\/\/www.hoteljardinsdemademoiselle.com\/de\/eiffelturm-suite-terrasse\/","url":"https:\/\/www.hoteljardinsdemademoiselle.com\/de\/eiffelturm-suite-terrasse\/","name":"Les Jardins de Mademoiselle Suite Eiffel mit Terrasse - Hotel mit SPA Paris 15. Arrondissement","isPartOf":{"@id":"https:\/\/www.hoteljardinsdemademoiselle.com\/pt-br\/#website"},"primaryImageOfPage":{"@id":"https:\/\/www.hoteljardinsdemademoiselle.com\/de\/eiffelturm-suite-terrasse\/#primaryimage"},"image":{"@id":"https:\/\/www.hoteljardinsdemademoiselle.com\/de\/eiffelturm-suite-terrasse\/#primaryimage"},"thumbnailUrl":"http:\/\/www.hoteljardinsdemademoiselle.com\/images\/pictos\/seche-cheveux.png","datePublished":"2020-01-06T10:24:32+00:00","dateModified":"2025-06-16T16:27:58+00:00","description":"Die Suite Eiffel Terrasse unseres 4-Sterne-Hotels mit Pool im Herzen des 15. Arrondissements de Paris. 2 Personen \u2013 25 m\u00b2 + 15 m\u00b2 gro\u00dfe Terrasse \u2013 Bett 160 cm","breadcrumb":{"@id":"https:\/\/www.hoteljardinsdemademoiselle.com\/de\/eiffelturm-suite-terrasse\/#breadcrumb"},"inLanguage":"de","potentialAction":[{"@type":"ReadAction","target":["https:\/\/www.hoteljardinsdemademoiselle.com\/de\/eiffelturm-suite-terrasse\/"]}]},{"@type":"ImageObject","inLanguage":"de","@id":"https:\/\/www.hoteljardinsdemademoiselle.com\/de\/eiffelturm-suite-terrasse\/#primaryimage","url":"http:\/\/www.hoteljardinsdemademoiselle.com\/images\/pictos\/seche-cheveux.png","contentUrl":"http:\/\/www.hoteljardinsdemademoiselle.com\/images\/pictos\/seche-cheveux.png"},{"@type":"BreadcrumbList","@id":"https:\/\/www.hoteljardinsdemademoiselle.com\/de\/eiffelturm-suite-terrasse\/#breadcrumb","itemListElement":[{"@type":"ListItem","position":1,"name":"Accueil","item":"https:\/\/www.hoteljardinsdemademoiselle.com\/de\/"},{"@type":"ListItem","position":2,"name":"Suite Tour Eiffel Terrasse"}]},{"@type":"WebSite","@id":"https:\/\/www.hoteljardinsdemademoiselle.com\/pt-br\/#website","url":"https:\/\/www.hoteljardinsdemademoiselle.com\/pt-br\/","name":"Les Jardins de Mademoiselle","description":"H\u00f4tel 4 \u00e9toiles &amp; Spa Paris","potentialAction":[{"@type":"SearchAction","target":{"@type":"EntryPoint","urlTemplate":"https:\/\/www.hoteljardinsdemademoiselle.com\/pt-br\/?s={search_term_string}"},"query-input":{"@type":"PropertyValueSpecification","valueRequired":true,"valueName":"search_term_string"}}],"inLanguage":"de"}]}},"_links":{"self":[{"href":"https:\/\/www.hoteljardinsdemademoiselle.com\/de\/wp-json\/wp\/v2\/pages\/1224","targetHints":{"allow":["GET"]}}],"collection":[{"href":"https:\/\/www.hoteljardinsdemademoiselle.com\/de\/wp-json\/wp\/v2\/pages"}],"about":[{"href":"https:\/\/www.hoteljardinsdemademoiselle.com\/de\/wp-json\/wp\/v2\/types\/page"}],"author":[{"embeddable":true,"href":"https:\/\/www.hoteljardinsdemademoiselle.com\/de\/wp-json\/wp\/v2\/users\/1"}],"replies":[{"embeddable":true,"href":"https:\/\/www.hoteljardinsdemademoiselle.com\/de\/wp-json\/wp\/v2\/comments?post=1224"}],"version-history":[{"count":9,"href":"https:\/\/www.hoteljardinsdemademoiselle.com\/de\/wp-json\/wp\/v2\/pages\/1224\/revisions"}],"predecessor-version":[{"id":3707,"href":"https:\/\/www.hoteljardinsdemademoiselle.com\/de\/wp-json\/wp\/v2\/pages\/1224\/revisions\/3707"}],"wp:attachment":[{"href":"https:\/\/www.hoteljardinsdemademoiselle.com\/de\/wp-json\/wp\/v2\/media?parent=1224"}],"curies":[{"name":"wp","href":"https:\/\/api.w.org\/{rel}","templated":true}]}}