{"id":1204,"date":"2020-01-06T16:20:09","date_gmt":"2020-01-06T15:20:09","guid":{"rendered":"https:\/\/www.hoteljardinsdemademoiselle.com\/situation-contact-hotel-paris\/"},"modified":"2020-03-06T14:26:29","modified_gmt":"2020-03-06T13:26:29","slug":"lage-hotel-paris","status":"publish","type":"page","link":"https:\/\/www.hoteljardinsdemademoiselle.com\/de\/lage-hotel-paris\/","title":{"rendered":"Situation"},"content":{"rendered":"\n\t<section class=\"section\" id=\"section_626550137\">\n\t\t<div class=\"bg section-bg fill bg-fill  bg-loaded\" >\n\n\t\t\t\n\t\t\t\n\t\t\t\n\n\t\t<\/div>\n\n\t\t<div class=\"section-content relative\">\n\t\t\t\n\n<p><iframe loading=\"lazy\" src=\"https:\/\/www.google.com\/maps\/embed?pb=!1m18!1m12!1m3!1d8831.95917418219!2d2.289398236179337!3d48.84376826764193!2m3!1f0!2f0!3f0!3m2!1i1024!2i768!4f13.1!3m3!1m2!1s0x47e67016eea3fa4f%3A0x150d9ca162e3cdcb!2s15%20Rue%20Mademoiselle%2C%2075015%20Paris!5e0!3m2!1sfr!2sfr!4v1578324136978!5m2!1sfr!2sfr\" width=\"100%\" height=\"350\" frameborder=\"0\" style=\"border:0;\" allowfullscreen=\"\"><\/iframe><\/p>\n\n\t\t<\/div>\n\n\t\t\n<style>\n#section_626550137 {\n  padding-top: 0px;\n  padding-bottom: 0px;\n  min-height: 300px;\n}\n<\/style>\n\t<\/section>\n\t\n\t<section class=\"section\" id=\"section_1229112213\">\n\t\t<div class=\"bg section-bg fill bg-fill  bg-loaded\" >\n\n\t\t\t\n\t\t\t\n\t\t\t\n\n\t\t<\/div>\n\n\t\t<div class=\"section-content relative\">\n\t\t\t\n\n<div class=\"row\"  id=\"row-1699404419\">\n\n\n\t<div id=\"col-834575567\" class=\"col small-12 large-12\"  >\n\t\t<div class=\"col-inner\"  >\n\t\t\t\n\t\t\t\n\n<h3 style=\"text-align: center;\">Bevorzugte Lage<\/h3>\n<div class=\"row\"  id=\"row-1147801251\">\n\n\n\t<div id=\"col-1845754389\" class=\"col medium-6 small-12 large-6\"  >\n\t\t<div class=\"col-inner\"  >\n\t\t\t\n\t\t\t\n\n<p>Das 4-Sterne-Hotel <strong>Les Jardins de Mademoiselle<\/strong> bietet eine bevorzugte Lage ganz in der N\u00e4he der sehr belebten Rue du Commerce.\u00a0<\/p>\n<p>Durch die direkte Anbindung an die Metrolinie 8 (Haltestelle Commerce) sind die bedeutendsten St\u00e4tten der Stadt der Lichter und sogar das neue Verteidigungsministerium Hexagone Balard bequem erreichbar.<\/p>\n<p>Die Lage des Hotels ist au\u00dferdem ideal, um das Messegel\u00e4nde Parc des Expositions de la Porte de Versailles zu erreichen \u2013 ein Pariser Haus, das sowohl f\u00fcr Business- als auch f\u00fcr Entspannungsaufenthalte die optimale L\u00f6sung darstellt!\u00a0<\/p>\n<p>Im Hotel gesprochene Sprachen: Englisch, Spanisch, Italienisch<\/p>\n\n\t\t<\/div>\n\t\t\t<\/div>\n\n\t\n\n\t<div id=\"col-2042114965\" class=\"col medium-6 small-12 large-6\"  >\n\t\t<div class=\"col-inner\"  >\n\t\t\t\n\t\t\t\n\n<p><strong>Anfahrt mit den \u00f6ffentlichen Verkehrsmitteln: <\/strong><br \/>Metrolinie 8: Commerce oder F\u00e9lix Faure<br \/>Metrolinie 6, 8, 10: La Motte-Piquet-Grenelle<br \/>Metrolinie 12: Convention<br \/>Direkte Anfahrt mit dem Auto oder Taxi zur Paris Expo Porte de Versailles und nach Issy-les-Moulineaux<\/p>\n<p>Unser Team steht zu jeder beliebigen Tageszeit zu Ihrer Verf\u00fcgung;<br \/>Per E-Mail an <a title=\"\" href=\"mailto:reception@lesjardinsdemademoiselle.com\">reception@lesjardinsdemademoiselle.com<\/a><br\/>Telefonisch unter der Rufnummer +33 1 56 23 91 00<\/p>\n\n\t\t<\/div>\n\t\t\t<\/div>\n\n\t\n\n\n<style>\n#row-1147801251 > .col > .col-inner {\n  padding: 30px 0px 0px 0px;\n}\n<\/style>\n<\/div>\n\n\t\t<\/div>\n\t\t\t<\/div>\n\n\t\n\n\t<div id=\"col-725841489\" class=\"col small-12 large-12\"  >\n\t\t<div class=\"col-inner\"  >\n\t\t\t\n\t\t\t\n\n\t<div class=\"img has-hover x md-x lg-x y md-y lg-y\" id=\"image_238048404\">\n\t\t\t\t\t\t\t\t<div class=\"img-inner dark\" >\n\t\t\t<img decoding=\"async\" width=\"1020\" height=\"680\" src=\"https:\/\/www.hoteljardinsdemademoiselle.com\/wp-content\/uploads\/2020\/01\/suite-jardins-de-mademoiselle-paris-5-1024x683.jpg\" class=\"attachment-large size-large\" alt=\"suite les jardins de mademoiselle paris\" srcset=\"https:\/\/www.hoteljardinsdemademoiselle.com\/wp-content\/uploads\/2020\/01\/suite-jardins-de-mademoiselle-paris-5-1024x683.jpg 1024w, https:\/\/www.hoteljardinsdemademoiselle.com\/wp-content\/uploads\/2020\/01\/suite-jardins-de-mademoiselle-paris-5-300x200.jpg 300w, https:\/\/www.hoteljardinsdemademoiselle.com\/wp-content\/uploads\/2020\/01\/suite-jardins-de-mademoiselle-paris-5-768x512.jpg 768w, https:\/\/www.hoteljardinsdemademoiselle.com\/wp-content\/uploads\/2020\/01\/suite-jardins-de-mademoiselle-paris-5-1536x1024.jpg 1536w, https:\/\/www.hoteljardinsdemademoiselle.com\/wp-content\/uploads\/2020\/01\/suite-jardins-de-mademoiselle-paris-5.jpg 1800w\" sizes=\"(max-width: 1020px) 100vw, 1020px\" \/>\t\t\t\t\t\t\n\t\t\t\t\t<\/div>\n\t\t\t\t\t\t\t\t\n<style>\n#image_238048404 {\n  width: 100%;\n}\n<\/style>\n\t<\/div>\n\t\n\n\n\t\t<\/div>\n\t\t\t<\/div>\n\n\t\n\n<\/div>\n\n\t\t<\/div>\n\n\t\t\n<style>\n#section_1229112213 {\n  padding-top: 30px;\n  padding-bottom: 30px;\n}\n<\/style>\n\t<\/section>\n\t\n\t<section class=\"section\" id=\"section_2125994949\">\n\t\t<div class=\"bg section-bg fill bg-fill  bg-loaded\" >\n\n\t\t\t\n\t\t\t\n\t\t\t\n\n\t\t<\/div>\n\n\t\t<div class=\"section-content relative\">\n\t\t\t\n\n<h2 style=\"text-align: center;\">Folgen Sie uns auf Instagram<\/h2>\nInstagram did not return a 200.\n\n\n\t\t<\/div>\n\n\t\t\n<style>\n#section_2125994949 {\n  padding-top: 30px;\n  padding-bottom: 30px;\n}\n<\/style>\n\t<\/section>\n\t\n\n","protected":false},"excerpt":{"rendered":"","protected":false},"author":1,"featured_media":0,"parent":0,"menu_order":0,"comment_status":"closed","ping_status":"closed","template":"page-blank.php","meta":{"footnotes":""},"class_list":["post-1204","page","type-page","status-publish","hentry"],"yoast_head":"<!-- This site is optimized with the Yoast SEO plugin v25.1 - https:\/\/yoast.com\/wordpress\/plugins\/seo\/ -->\n<title>Les Jardins de Mademoiselle \u2013 ein perfekt gelegenes Hotel im 15. Arrondissement in Paris<\/title>\n<meta name=\"description\" content=\"Das Hotel ist perfekt in der N\u00e4he der Rue du Commerce gelegen. Lebendiges Gesch\u00e4ftsviertel. Paris Expo Porte de Versailles ist ebenfalls bequem erreichbar\" \/>\n<meta name=\"robots\" content=\"index, follow, max-snippet:-1, max-image-preview:large, max-video-preview:-1\" \/>\n<link rel=\"canonical\" href=\"https:\/\/www.hoteljardinsdemademoiselle.com\/de\/lage-hotel-paris\/\" \/>\n<meta property=\"og:locale\" content=\"de_DE\" \/>\n<meta property=\"og:type\" content=\"article\" \/>\n<meta property=\"og:title\" content=\"Les Jardins de Mademoiselle \u2013 ein perfekt gelegenes Hotel im 15. Arrondissement in Paris\" \/>\n<meta property=\"og:description\" content=\"Das Hotel ist perfekt in der N\u00e4he der Rue du Commerce gelegen. Lebendiges Gesch\u00e4ftsviertel. Paris Expo Porte de Versailles ist ebenfalls bequem erreichbar\" \/>\n<meta property=\"og:url\" content=\"https:\/\/www.hoteljardinsdemademoiselle.com\/de\/lage-hotel-paris\/\" \/>\n<meta property=\"og:site_name\" content=\"Les Jardins de Mademoiselle\" \/>\n<meta property=\"article:modified_time\" content=\"2020-03-06T13:26:29+00:00\" \/>\n<meta name=\"twitter:card\" content=\"summary_large_image\" \/>\n<meta name=\"twitter:label1\" content=\"Gesch\u00e4tzte Lesezeit\" \/>\n\t<meta name=\"twitter:data1\" content=\"1\u00a0Minute\" \/>\n<script type=\"application\/ld+json\" class=\"yoast-schema-graph\">{\"@context\":\"https:\/\/schema.org\",\"@graph\":[{\"@type\":\"WebPage\",\"@id\":\"https:\/\/www.hoteljardinsdemademoiselle.com\/de\/lage-hotel-paris\/\",\"url\":\"https:\/\/www.hoteljardinsdemademoiselle.com\/de\/lage-hotel-paris\/\",\"name\":\"Les Jardins de Mademoiselle \u2013 ein perfekt gelegenes Hotel im 15. Arrondissement in Paris\",\"isPartOf\":{\"@id\":\"https:\/\/www.hoteljardinsdemademoiselle.com\/pt-br\/#website\"},\"datePublished\":\"2020-01-06T15:20:09+00:00\",\"dateModified\":\"2020-03-06T13:26:29+00:00\",\"description\":\"Das Hotel ist perfekt in der N\u00e4he der Rue du Commerce gelegen. Lebendiges Gesch\u00e4ftsviertel. Paris Expo Porte de Versailles ist ebenfalls bequem erreichbar\",\"breadcrumb\":{\"@id\":\"https:\/\/www.hoteljardinsdemademoiselle.com\/de\/lage-hotel-paris\/#breadcrumb\"},\"inLanguage\":\"de\",\"potentialAction\":[{\"@type\":\"ReadAction\",\"target\":[\"https:\/\/www.hoteljardinsdemademoiselle.com\/de\/lage-hotel-paris\/\"]}]},{\"@type\":\"BreadcrumbList\",\"@id\":\"https:\/\/www.hoteljardinsdemademoiselle.com\/de\/lage-hotel-paris\/#breadcrumb\",\"itemListElement\":[{\"@type\":\"ListItem\",\"position\":1,\"name\":\"Accueil\",\"item\":\"https:\/\/www.hoteljardinsdemademoiselle.com\/de\/\"},{\"@type\":\"ListItem\",\"position\":2,\"name\":\"Situation\"}]},{\"@type\":\"WebSite\",\"@id\":\"https:\/\/www.hoteljardinsdemademoiselle.com\/pt-br\/#website\",\"url\":\"https:\/\/www.hoteljardinsdemademoiselle.com\/pt-br\/\",\"name\":\"Les Jardins de Mademoiselle\",\"description\":\"H\u00f4tel 4 \u00e9toiles &amp; Spa Paris\",\"potentialAction\":[{\"@type\":\"SearchAction\",\"target\":{\"@type\":\"EntryPoint\",\"urlTemplate\":\"https:\/\/www.hoteljardinsdemademoiselle.com\/pt-br\/?s={search_term_string}\"},\"query-input\":{\"@type\":\"PropertyValueSpecification\",\"valueRequired\":true,\"valueName\":\"search_term_string\"}}],\"inLanguage\":\"de\"}]}<\/script>\n<!-- \/ Yoast SEO plugin. -->","yoast_head_json":{"title":"Les Jardins de Mademoiselle \u2013 ein perfekt gelegenes Hotel im 15. Arrondissement in Paris","description":"Das Hotel ist perfekt in der N\u00e4he der Rue du Commerce gelegen. Lebendiges Gesch\u00e4ftsviertel. Paris Expo Porte de Versailles ist ebenfalls bequem erreichbar","robots":{"index":"index","follow":"follow","max-snippet":"max-snippet:-1","max-image-preview":"max-image-preview:large","max-video-preview":"max-video-preview:-1"},"canonical":"https:\/\/www.hoteljardinsdemademoiselle.com\/de\/lage-hotel-paris\/","og_locale":"de_DE","og_type":"article","og_title":"Les Jardins de Mademoiselle \u2013 ein perfekt gelegenes Hotel im 15. Arrondissement in Paris","og_description":"Das Hotel ist perfekt in der N\u00e4he der Rue du Commerce gelegen. Lebendiges Gesch\u00e4ftsviertel. Paris Expo Porte de Versailles ist ebenfalls bequem erreichbar","og_url":"https:\/\/www.hoteljardinsdemademoiselle.com\/de\/lage-hotel-paris\/","og_site_name":"Les Jardins de Mademoiselle","article_modified_time":"2020-03-06T13:26:29+00:00","twitter_card":"summary_large_image","twitter_misc":{"Gesch\u00e4tzte Lesezeit":"1\u00a0Minute"},"schema":{"@context":"https:\/\/schema.org","@graph":[{"@type":"WebPage","@id":"https:\/\/www.hoteljardinsdemademoiselle.com\/de\/lage-hotel-paris\/","url":"https:\/\/www.hoteljardinsdemademoiselle.com\/de\/lage-hotel-paris\/","name":"Les Jardins de Mademoiselle \u2013 ein perfekt gelegenes Hotel im 15. Arrondissement in Paris","isPartOf":{"@id":"https:\/\/www.hoteljardinsdemademoiselle.com\/pt-br\/#website"},"datePublished":"2020-01-06T15:20:09+00:00","dateModified":"2020-03-06T13:26:29+00:00","description":"Das Hotel ist perfekt in der N\u00e4he der Rue du Commerce gelegen. Lebendiges Gesch\u00e4ftsviertel. Paris Expo Porte de Versailles ist ebenfalls bequem erreichbar","breadcrumb":{"@id":"https:\/\/www.hoteljardinsdemademoiselle.com\/de\/lage-hotel-paris\/#breadcrumb"},"inLanguage":"de","potentialAction":[{"@type":"ReadAction","target":["https:\/\/www.hoteljardinsdemademoiselle.com\/de\/lage-hotel-paris\/"]}]},{"@type":"BreadcrumbList","@id":"https:\/\/www.hoteljardinsdemademoiselle.com\/de\/lage-hotel-paris\/#breadcrumb","itemListElement":[{"@type":"ListItem","position":1,"name":"Accueil","item":"https:\/\/www.hoteljardinsdemademoiselle.com\/de\/"},{"@type":"ListItem","position":2,"name":"Situation"}]},{"@type":"WebSite","@id":"https:\/\/www.hoteljardinsdemademoiselle.com\/pt-br\/#website","url":"https:\/\/www.hoteljardinsdemademoiselle.com\/pt-br\/","name":"Les Jardins de Mademoiselle","description":"H\u00f4tel 4 \u00e9toiles &amp; Spa Paris","potentialAction":[{"@type":"SearchAction","target":{"@type":"EntryPoint","urlTemplate":"https:\/\/www.hoteljardinsdemademoiselle.com\/pt-br\/?s={search_term_string}"},"query-input":{"@type":"PropertyValueSpecification","valueRequired":true,"valueName":"search_term_string"}}],"inLanguage":"de"}]}},"_links":{"self":[{"href":"https:\/\/www.hoteljardinsdemademoiselle.com\/de\/wp-json\/wp\/v2\/pages\/1204","targetHints":{"allow":["GET"]}}],"collection":[{"href":"https:\/\/www.hoteljardinsdemademoiselle.com\/de\/wp-json\/wp\/v2\/pages"}],"about":[{"href":"https:\/\/www.hoteljardinsdemademoiselle.com\/de\/wp-json\/wp\/v2\/types\/page"}],"author":[{"embeddable":true,"href":"https:\/\/www.hoteljardinsdemademoiselle.com\/de\/wp-json\/wp\/v2\/users\/1"}],"replies":[{"embeddable":true,"href":"https:\/\/www.hoteljardinsdemademoiselle.com\/de\/wp-json\/wp\/v2\/comments?post=1204"}],"version-history":[{"count":4,"href":"https:\/\/www.hoteljardinsdemademoiselle.com\/de\/wp-json\/wp\/v2\/pages\/1204\/revisions"}],"predecessor-version":[{"id":1424,"href":"https:\/\/www.hoteljardinsdemademoiselle.com\/de\/wp-json\/wp\/v2\/pages\/1204\/revisions\/1424"}],"wp:attachment":[{"href":"https:\/\/www.hoteljardinsdemademoiselle.com\/de\/wp-json\/wp\/v2\/media?parent=1204"}],"curies":[{"name":"wp","href":"https:\/\/api.w.org\/{rel}","templated":true}]}}