{"id":1194,"date":"2020-01-06T16:34:44","date_gmt":"2020-01-06T15:34:44","guid":{"rendered":"https:\/\/www.hoteljardinsdemademoiselle.com\/offres-4-etoiles-hotel-paris\/"},"modified":"2024-07-11T19:35:21","modified_gmt":"2024-07-11T17:35:21","slug":"angebote-hotel-paris","status":"publish","type":"page","link":"https:\/\/www.hoteljardinsdemademoiselle.com\/de\/angebote-hotel-paris\/","title":{"rendered":"Offres"},"content":{"rendered":"\n\t<section class=\"section\" id=\"section_672178119\">\n\t\t<div class=\"bg section-bg fill bg-fill  bg-loaded\" >\n\n\t\t\t\n\t\t\t\n\t\t\t\n\n\t\t<\/div>\n\n\t\t<div class=\"section-content relative\">\n\t\t\t\n\n<div class=\"slider-wrapper relative\" id=\"slider-407127664\" >\n    <div class=\"slider slider-nav-circle slider-nav-large slider-nav-light slider-style-normal\"\n        data-flickity-options='{\n            \"cellAlign\": \"center\",\n            \"imagesLoaded\": true,\n            \"lazyLoad\": 1,\n            \"freeScroll\": false,\n            \"wrapAround\": true,\n            \"autoPlay\": 3000,\n            \"pauseAutoPlayOnHover\" : true,\n            \"prevNextButtons\": true,\n            \"contain\" : true,\n            \"adaptiveHeight\" : true,\n            \"dragThreshold\" : 10,\n            \"percentPosition\": true,\n            \"pageDots\": true,\n            \"rightToLeft\": false,\n            \"draggable\": true,\n            \"selectedAttraction\": 0.1,\n            \"parallax\" : 0,\n            \"friction\": 0.6        }'\n        >\n        \n\n\n  <div class=\"banner has-hover\" id=\"banner-1641406403\">\n          <div class=\"banner-inner fill\">\n        <div class=\"banner-bg fill\" >\n            <div class=\"bg fill bg-fill \"><\/div>\n                                    \n                    <\/div>\n        <div class=\"banner-layers container\">\n            <div class=\"fill banner-link\"><\/div>            \n\n   <div id=\"text-box-1420602561\" class=\"text-box banner-layer x50 md-x50 lg-x50 y45 md-y25 lg-y15 res-text\">\n                                <div class=\"text-box-content text dark\">\n              \n              <div class=\"text-inner text-center\">\n                  \n\n<p style=\"text-align: center; margin-top: 0px;\"><img decoding=\"async\" class=\"aligncenter wp-image-366 size-full\" src=\"http:\/\/www.hoteljardinsdemademoiselle.com\/wp-content\/uploads\/2019\/12\/LOGO-texte-LES-JARDINS-DE-MADEMOISELLE-1.png\" alt=\"\" width=\"300\" height=\"40\"><\/p>\n\n              <\/div>\n           <\/div>\n                            \n<style>\n#text-box-1420602561 {\n  margin: 0px 0px 0px -20px;\n  width: 60%;\n}\n#text-box-1420602561 .text-box-content {\n  font-size: 100%;\n}\n<\/style>\n    <\/div>\n \n\n        <\/div>\n      <\/div>\n\n            \n<style>\n#banner-1641406403 {\n  padding-top: 56.25%;\n}\n#banner-1641406403 .bg.bg-loaded {\n  background-image: url(https:\/\/www.hoteljardinsdemademoiselle.com\/wp-content\/uploads\/2020\/02\/HOTEL-JDM_BAR_3.jpg);\n}\n@media (min-width:850px) {\n  #banner-1641406403 {\n    padding-top: 500px;\n  }\n}\n<\/style>\n  <\/div>\n\n\n\n  <div class=\"banner has-hover\" id=\"banner-1468201547\">\n          <div class=\"banner-inner fill\">\n        <div class=\"banner-bg fill\" >\n            <div class=\"bg fill bg-fill \"><\/div>\n                                    \n                    <\/div>\n        <div class=\"banner-layers container\">\n            <div class=\"fill banner-link\"><\/div>            \n\n   <div id=\"text-box-1741627981\" class=\"text-box banner-layer x50 md-x50 lg-x50 y45 md-y25 lg-y15 res-text\">\n                                <div class=\"text-box-content text dark\">\n              \n              <div class=\"text-inner text-center\">\n                  \n\n<p style=\"text-align: center; margin-top: 0px;\"><img decoding=\"async\" class=\"aligncenter wp-image-366 size-full\" src=\"http:\/\/www.hoteljardinsdemademoiselle.com\/wp-content\/uploads\/2019\/12\/LOGO-texte-LES-JARDINS-DE-MADEMOISELLE-1.png\" alt=\"\" width=\"300\" height=\"40\"><\/p>\n\n              <\/div>\n           <\/div>\n                            \n<style>\n#text-box-1741627981 {\n  margin: 0px 0px 0px -20px;\n  width: 60%;\n}\n#text-box-1741627981 .text-box-content {\n  font-size: 100%;\n}\n<\/style>\n    <\/div>\n \n\n        <\/div>\n      <\/div>\n\n            \n<style>\n#banner-1468201547 {\n  padding-top: 56.25%;\n}\n#banner-1468201547 .bg.bg-loaded {\n  background-image: url(https:\/\/www.hoteljardinsdemademoiselle.com\/wp-content\/uploads\/2020\/02\/HOTEL-JDM_CHAMBRE601_15.jpg);\n}\n@media (min-width:850px) {\n  #banner-1468201547 {\n    padding-top: 500px;\n  }\n}\n<\/style>\n  <\/div>\n\n\n\n  <div class=\"banner has-hover\" id=\"banner-784151656\">\n          <div class=\"banner-inner fill\">\n        <div class=\"banner-bg fill\" >\n            <div class=\"bg fill bg-fill \"><\/div>\n                                    \n                    <\/div>\n        <div class=\"banner-layers container\">\n            <div class=\"fill banner-link\"><\/div>            \n\n   <div id=\"text-box-1484961133\" class=\"text-box banner-layer x50 md-x50 lg-x50 y45 md-y25 lg-y15 res-text\">\n                                <div class=\"text-box-content text dark\">\n              \n              <div class=\"text-inner text-center\">\n                  \n\n<p style=\"text-align: center; margin-top: 0px;\"><img decoding=\"async\" class=\"aligncenter wp-image-366 size-full\" src=\"http:\/\/www.hoteljardinsdemademoiselle.com\/wp-content\/uploads\/2019\/12\/LOGO-texte-LES-JARDINS-DE-MADEMOISELLE-1.png\" alt=\"\" width=\"300\" height=\"40\"><\/p>\n\n              <\/div>\n           <\/div>\n                            \n<style>\n#text-box-1484961133 {\n  margin: 0px 0px 0px -20px;\n  width: 60%;\n}\n#text-box-1484961133 .text-box-content {\n  font-size: 100%;\n}\n<\/style>\n    <\/div>\n \n\n        <\/div>\n      <\/div>\n\n            \n<style>\n#banner-784151656 {\n  padding-top: 56.25%;\n}\n#banner-784151656 .bg.bg-loaded {\n  background-image: url(https:\/\/www.hoteljardinsdemademoiselle.com\/wp-content\/uploads\/2020\/02\/HOTEL-JDM_EXT_1.jpg);\n}\n@media (min-width:850px) {\n  #banner-784151656 {\n    padding-top: 500px;\n  }\n}\n<\/style>\n  <\/div>\n\n\n\n  <div class=\"banner has-hover\" id=\"banner-681196523\">\n          <div class=\"banner-inner fill\">\n        <div class=\"banner-bg fill\" >\n            <div class=\"bg fill bg-fill \"><\/div>\n                                    \n                    <\/div>\n        <div class=\"banner-layers container\">\n            <div class=\"fill banner-link\"><\/div>            \n\n   <div id=\"text-box-870358462\" class=\"text-box banner-layer x50 md-x50 lg-x50 y45 md-y25 lg-y15 res-text\">\n                                <div class=\"text-box-content text dark\">\n              \n              <div class=\"text-inner text-center\">\n                  \n\n<p style=\"text-align: center; margin-top: 0px;\"><img decoding=\"async\" class=\"aligncenter wp-image-366 size-full\" src=\"http:\/\/www.hoteljardinsdemademoiselle.com\/wp-content\/uploads\/2019\/12\/LOGO-texte-LES-JARDINS-DE-MADEMOISELLE-1.png\" alt=\"\" width=\"300\" height=\"40\"><\/p>\n\n              <\/div>\n           <\/div>\n                            \n<style>\n#text-box-870358462 {\n  margin: 0px 0px 0px -20px;\n  width: 60%;\n}\n#text-box-870358462 .text-box-content {\n  font-size: 100%;\n}\n<\/style>\n    <\/div>\n \n\n        <\/div>\n      <\/div>\n\n            \n<style>\n#banner-681196523 {\n  padding-top: 56.25%;\n}\n#banner-681196523 .bg.bg-loaded {\n  background-image: url(https:\/\/www.hoteljardinsdemademoiselle.com\/wp-content\/uploads\/2020\/02\/HOTEL-JDM_SPA_8.jpg);\n}\n@media (min-width:850px) {\n  #banner-681196523 {\n    padding-top: 500px;\n  }\n}\n<\/style>\n  <\/div>\n\n\n\n     <\/div>\n\n     <div class=\"loading-spin dark large centered\"><\/div>\n\n     <\/div>\n\n\n\n\t\t<\/div>\n\n\t\t\n<style>\n#section_672178119 {\n  padding-top: 0px;\n  padding-bottom: 0px;\n}\n<\/style>\n\t<\/section>\n\t\n\t<section class=\"section\" id=\"section_1981925314\">\n\t\t<div class=\"bg section-bg fill bg-fill  bg-loaded\" >\n\n\t\t\t\n\t\t\t\n\t\t\t\n\n\t\t<\/div>\n\n\t\t<div class=\"section-content relative\">\n\t\t\t\n\n<h5 style=\"color: #a28347; text-transform: uppercase; margin-top: 10px; margin-bottom: 10px; font-size: 16px; text-align: center;\">OFFIZIELLE WEBSEITE DES HOTELS<br \/> GARANTIERTE BESTPREISE<\/h5>\n<div class=\"row row-large row-dashed\"  id=\"row-194372970\">\n\n\n\t<div id=\"col-1888984838\" class=\"col medium-4 small-12 large-4\"  >\n\t\t<div class=\"col-inner\"  >\n\t\t\t\n\t\t\t\n\n\t<div class=\"img has-hover x md-x lg-x y md-y lg-y\" id=\"image_1874901379\">\n\t\t\t\t\t\t\t\t<div class=\"img-inner dark\" >\n\t\t\t<img decoding=\"async\" width=\"500\" height=\"220\" src=\"https:\/\/www.hoteljardinsdemademoiselle.com\/wp-content\/uploads\/2019\/12\/champagne-et-roses-1.jpg\" class=\"attachment-large size-large\" alt=\"\" srcset=\"https:\/\/www.hoteljardinsdemademoiselle.com\/wp-content\/uploads\/2019\/12\/champagne-et-roses-1.jpg 500w, https:\/\/www.hoteljardinsdemademoiselle.com\/wp-content\/uploads\/2019\/12\/champagne-et-roses-1-300x132.jpg 300w\" sizes=\"(max-width: 500px) 100vw, 500px\" \/>\t\t\t\t\t\t\n\t\t\t\t\t<\/div>\n\t\t\t\t\t\t\t\t\n<style>\n#image_1874901379 {\n  width: 100%;\n}\n<\/style>\n\t<\/div>\n\t\n\n<a rel=\"noopener noreferrer\" href=\"https:\/\/www.secure-hotel-booking.com\/Les-Jardins-de-Mademoiselle\/2XA3\/dateselection?language=de\" target=\"_blank\" class=\"button secondary is-small lowercase expand\"  >\n    <span>Details und Reservierung<\/span>\n  <\/a>\n\n\n<h5 style=\"text-align: center;\">ROMANTISCHER AUFENTHALT<\/h5>\n<ul>\n<li>Ein Fr\u00fchst\u00fcck f\u00fcr zwei Personen, das t\u00e4glich in Ihrer Suite serviert wird<\/li>\n<li>Rosenbl\u00e4tterregen in Ihrem Zimmer am Tag Ihrer Anreise, \u00bd Flasche Champagner und Makronen<\/li>\n<li>Privatzugang exklusiv f\u00fcr Sie zu unserem extra von 22.30 bis 23.30 Uhr ge\u00f6ffneten Wellnessbereich (auf Reservierung)<\/li>\n<li>Sp\u00e4tere Abreise bis 13.30 Uhr. Vorbehaltlich der Verf\u00fcgbarkeiten<\/li>\n<\/ul>\n\n\t\t<\/div>\n\t\t\t<\/div>\n\n\t\n\n\t<div id=\"col-464426819\" class=\"col medium-4 small-12 large-4\"  >\n\t\t<div class=\"col-inner\"  >\n\t\t\t\n\t\t\t\n\n\t<div class=\"img has-hover x md-x lg-x y md-y lg-y\" id=\"image_2104717604\">\n\t\t\t\t\t\t\t\t<div class=\"img-inner dark\" >\n\t\t\t<img decoding=\"async\" width=\"500\" height=\"220\" src=\"https:\/\/www.hoteljardinsdemademoiselle.com\/wp-content\/uploads\/2019\/12\/paris-je-taime.jpg\" class=\"attachment-large size-large\" alt=\"offre paris je t&#039;aime\" srcset=\"https:\/\/www.hoteljardinsdemademoiselle.com\/wp-content\/uploads\/2019\/12\/paris-je-taime.jpg 500w, https:\/\/www.hoteljardinsdemademoiselle.com\/wp-content\/uploads\/2019\/12\/paris-je-taime-300x132.jpg 300w\" sizes=\"(max-width: 500px) 100vw, 500px\" \/>\t\t\t\t\t\t\n\t\t\t\t\t<\/div>\n\t\t\t\t\t\t\t\t\n<style>\n#image_2104717604 {\n  width: 100%;\n}\n<\/style>\n\t<\/div>\n\t\n\n<a rel=\"noopener noreferrer\" href=\"https:\/\/www.secure-hotel-booking.com\/Les-Jardins-de-Mademoiselle\/2XA3\/dateselection?language=de\" target=\"_blank\" class=\"button secondary is-small lowercase expand\"  >\n    <span>Details und Reservierung<\/span>\n  <\/a>\n\n\n<h5 style=\"text-align: center;\">PARIS JE T&#8217;AIME<\/h5>\n<ul>\n<li>Das Pariser Fr\u00fchst\u00fcck f\u00fcr zwei Personen wird t\u00e4glich in Ihrem Zimmer serviert<\/li>\n<li>Eine einst\u00fcndige Schifffahrt auf der Seine f\u00fcr zwei Personen<\/li>\n<li>Eine Flasche Rotwein auf dem Zimmer w\u00e4hrend Ihres Aufenthalts<\/li>\n<li>Pro Aufenthalt eine Platte mit Wurst- und K\u00e4sespezialit\u00e4ten zum Genie\u00dfen auf dem Zimmer oder in der Bar<\/li>\n<\/ul>\n\n\t\t<\/div>\n\t\t\t<\/div>\n\n\t\n\n\t<div id=\"col-1313291017\" class=\"col medium-4 small-12 large-4\"  >\n\t\t<div class=\"col-inner\"  >\n\t\t\t\n\t\t\t\n\n\t<div class=\"img has-hover x md-x lg-x y md-y lg-y\" id=\"image_349038934\">\n\t\t\t\t\t\t\t\t<div class=\"img-inner dark\" >\n\t\t\t<img decoding=\"async\" width=\"500\" height=\"220\" src=\"https:\/\/www.hoteljardinsdemademoiselle.com\/wp-content\/uploads\/2019\/12\/offre-famille.jpg\" class=\"attachment-large size-large\" alt=\"\" srcset=\"https:\/\/www.hoteljardinsdemademoiselle.com\/wp-content\/uploads\/2019\/12\/offre-famille.jpg 500w, https:\/\/www.hoteljardinsdemademoiselle.com\/wp-content\/uploads\/2019\/12\/offre-famille-300x132.jpg 300w\" sizes=\"(max-width: 500px) 100vw, 500px\" \/>\t\t\t\t\t\t\n\t\t\t\t\t<\/div>\n\t\t\t\t\t\t\t\t\n<style>\n#image_349038934 {\n  width: 100%;\n}\n<\/style>\n\t<\/div>\n\t\n\n<a rel=\"noopener noreferrer\" href=\"https:\/\/www.secure-hotel-booking.com\/Les-Jardins-de-Mademoiselle\/2XA3\/dateselection?language=de\" target=\"_blank\" class=\"button secondary is-small lowercase expand\"  >\n    <span>Details und Reservierung<\/span>\n  <\/a>\n\n\n<h5 style=\"text-align: center;\">MOMENTE MIT DER FAMILIE<\/h5>\n<ul>\n<li>Fr\u00fchst\u00fccksbuffet mit der Familie w\u00e4hrend des Aufenthalts<\/li>\n<li>Individueller Empfang auf dem Zimmer f\u00fcr Kinder und Erwachsene<\/li>\n<li>Eine einst\u00fcndige Schifffahrt auf der Seine<\/li>\n<\/ul>\n\n\t\t<\/div>\n\t\t\t<\/div>\n\n\t\n\n<\/div>\n<div class=\"is-divider divider clearfix\" style=\"max-width:100%;\"><\/div>\n\n\n\t\t<\/div>\n\n\t\t\n<style>\n#section_1981925314 {\n  padding-top: 0px;\n  padding-bottom: 0px;\n}\n@media (min-width:850px) {\n  #section_1981925314 {\n    padding-top: 30px;\n    padding-bottom: 30px;\n  }\n}\n<\/style>\n\t<\/section>\n\t\n\t<section class=\"section\" id=\"section_1569428217\">\n\t\t<div class=\"bg section-bg fill bg-fill  bg-loaded\" >\n\n\t\t\t\n\t\t\t\n\t\t\t\n\n\t\t<\/div>\n\n\t\t<div class=\"section-content relative\">\n\t\t\t\n\n<p style=\"margin:0px; padding:0px;\"><iframe loading=\"lazy\" src=\"https:\/\/www.google.com\/maps\/embed?pb=!1m18!1m12!1m3!1d10502.6763189311!2d2.2983744878224406!3d48.845450516643666!2m3!1f0!2f0!3f0!3m2!1i1024!2i768!4f13.1!3m3!1m2!1s0x47e67016eea3fa4f%3A0x150d9ca162e3cdcb!2s15%20Rue%20Mademoiselle%2C%2075015%20Paris!5e0!3m2!1sfr!2sfr!4v1576647419087!5m2!1sfr!2sfr\" width=\"100%\" height=\"300\" frameborder=\"0\" style=\"border:0;\" allowfullscreen=\"\"><\/iframe><\/p>\n\n\t\t<\/div>\n\n\t\t\n<style>\n#section_1569428217 {\n  padding-top: 0px;\n  padding-bottom: 0px;\n  margin-bottom: 0px;\n}\n<\/style>\n\t<\/section>\n\t\n\t<section class=\"section\" id=\"section_1832692499\">\n\t\t<div class=\"bg section-bg fill bg-fill  bg-loaded\" >\n\n\t\t\t\n\t\t\t\n\t\t\t\n\n\t\t<\/div>\n\n\t\t<div class=\"section-content relative\">\n\t\t\t\n\n<h2 style=\"text-align: center;\">Folgen Sie uns auf Instagram<\/h2>\nInstagram has returned invalid data.\n\n\n\t\t<\/div>\n\n\t\t\n<style>\n#section_1832692499 {\n  padding-top: 30px;\n  padding-bottom: 30px;\n}\n<\/style>\n\t<\/section>\n\t\n\n","protected":false},"excerpt":{"rendered":"","protected":false},"author":1,"featured_media":0,"parent":0,"menu_order":0,"comment_status":"closed","ping_status":"closed","template":"page-blank.php","meta":{"footnotes":""},"class_list":["post-1194","page","type-page","status-publish","hentry"],"yoast_head":"<!-- This site is optimized with the Yoast SEO plugin v25.1 - https:\/\/yoast.com\/wordpress\/plugins\/seo\/ -->\n<title>Entdecken Sie die Spezialangebote des Hotels Les Jardins de Mademoiselle 4-Sterne-Hotel<\/title>\n<meta name=\"description\" content=\"Die Spezialangebote des Hotels Les Jardins de Mademoiselle | Garantierter Bestpreis auf unserer offiziellen Webseite Buchen Sie direkt\" \/>\n<meta name=\"robots\" content=\"index, follow, max-snippet:-1, max-image-preview:large, max-video-preview:-1\" \/>\n<link rel=\"canonical\" href=\"https:\/\/www.hoteljardinsdemademoiselle.com\/de\/angebote-hotel-paris\/\" \/>\n<meta property=\"og:locale\" content=\"de_DE\" \/>\n<meta property=\"og:type\" content=\"article\" \/>\n<meta property=\"og:title\" content=\"Entdecken Sie die Spezialangebote des Hotels Les Jardins de Mademoiselle 4-Sterne-Hotel\" \/>\n<meta property=\"og:description\" content=\"Die Spezialangebote des Hotels Les Jardins de Mademoiselle | Garantierter Bestpreis auf unserer offiziellen Webseite Buchen Sie direkt\" \/>\n<meta property=\"og:url\" content=\"https:\/\/www.hoteljardinsdemademoiselle.com\/de\/angebote-hotel-paris\/\" \/>\n<meta property=\"og:site_name\" content=\"Les Jardins de Mademoiselle\" \/>\n<meta property=\"article:modified_time\" content=\"2024-07-11T17:35:21+00:00\" \/>\n<meta property=\"og:image\" content=\"http:\/\/www.hoteljardinsdemademoiselle.com\/wp-content\/uploads\/2019\/12\/LOGO-texte-LES-JARDINS-DE-MADEMOISELLE-1.png\" \/>\n<meta name=\"twitter:card\" content=\"summary_large_image\" \/>\n<meta name=\"twitter:label1\" content=\"Gesch\u00e4tzte Lesezeit\" \/>\n\t<meta name=\"twitter:data1\" content=\"2\u00a0Minuten\" \/>\n<script type=\"application\/ld+json\" class=\"yoast-schema-graph\">{\"@context\":\"https:\/\/schema.org\",\"@graph\":[{\"@type\":\"WebPage\",\"@id\":\"https:\/\/www.hoteljardinsdemademoiselle.com\/de\/angebote-hotel-paris\/\",\"url\":\"https:\/\/www.hoteljardinsdemademoiselle.com\/de\/angebote-hotel-paris\/\",\"name\":\"Entdecken Sie die Spezialangebote des Hotels Les Jardins de Mademoiselle 4-Sterne-Hotel\",\"isPartOf\":{\"@id\":\"https:\/\/www.hoteljardinsdemademoiselle.com\/pt-br\/#website\"},\"primaryImageOfPage\":{\"@id\":\"https:\/\/www.hoteljardinsdemademoiselle.com\/de\/angebote-hotel-paris\/#primaryimage\"},\"image\":{\"@id\":\"https:\/\/www.hoteljardinsdemademoiselle.com\/de\/angebote-hotel-paris\/#primaryimage\"},\"thumbnailUrl\":\"http:\/\/www.hoteljardinsdemademoiselle.com\/wp-content\/uploads\/2019\/12\/LOGO-texte-LES-JARDINS-DE-MADEMOISELLE-1.png\",\"datePublished\":\"2020-01-06T15:34:44+00:00\",\"dateModified\":\"2024-07-11T17:35:21+00:00\",\"description\":\"Die Spezialangebote des Hotels Les Jardins de Mademoiselle | Garantierter Bestpreis auf unserer offiziellen Webseite Buchen Sie direkt\",\"breadcrumb\":{\"@id\":\"https:\/\/www.hoteljardinsdemademoiselle.com\/de\/angebote-hotel-paris\/#breadcrumb\"},\"inLanguage\":\"de\",\"potentialAction\":[{\"@type\":\"ReadAction\",\"target\":[\"https:\/\/www.hoteljardinsdemademoiselle.com\/de\/angebote-hotel-paris\/\"]}]},{\"@type\":\"ImageObject\",\"inLanguage\":\"de\",\"@id\":\"https:\/\/www.hoteljardinsdemademoiselle.com\/de\/angebote-hotel-paris\/#primaryimage\",\"url\":\"http:\/\/www.hoteljardinsdemademoiselle.com\/wp-content\/uploads\/2019\/12\/LOGO-texte-LES-JARDINS-DE-MADEMOISELLE-1.png\",\"contentUrl\":\"http:\/\/www.hoteljardinsdemademoiselle.com\/wp-content\/uploads\/2019\/12\/LOGO-texte-LES-JARDINS-DE-MADEMOISELLE-1.png\"},{\"@type\":\"BreadcrumbList\",\"@id\":\"https:\/\/www.hoteljardinsdemademoiselle.com\/de\/angebote-hotel-paris\/#breadcrumb\",\"itemListElement\":[{\"@type\":\"ListItem\",\"position\":1,\"name\":\"Accueil\",\"item\":\"https:\/\/www.hoteljardinsdemademoiselle.com\/de\/\"},{\"@type\":\"ListItem\",\"position\":2,\"name\":\"Offres\"}]},{\"@type\":\"WebSite\",\"@id\":\"https:\/\/www.hoteljardinsdemademoiselle.com\/pt-br\/#website\",\"url\":\"https:\/\/www.hoteljardinsdemademoiselle.com\/pt-br\/\",\"name\":\"Les Jardins de Mademoiselle\",\"description\":\"H\u00f4tel 4 \u00e9toiles &amp; Spa Paris\",\"potentialAction\":[{\"@type\":\"SearchAction\",\"target\":{\"@type\":\"EntryPoint\",\"urlTemplate\":\"https:\/\/www.hoteljardinsdemademoiselle.com\/pt-br\/?s={search_term_string}\"},\"query-input\":{\"@type\":\"PropertyValueSpecification\",\"valueRequired\":true,\"valueName\":\"search_term_string\"}}],\"inLanguage\":\"de\"}]}<\/script>\n<!-- \/ Yoast SEO plugin. -->","yoast_head_json":{"title":"Entdecken Sie die Spezialangebote des Hotels Les Jardins de Mademoiselle 4-Sterne-Hotel","description":"Die Spezialangebote des Hotels Les Jardins de Mademoiselle | Garantierter Bestpreis auf unserer offiziellen Webseite Buchen Sie direkt","robots":{"index":"index","follow":"follow","max-snippet":"max-snippet:-1","max-image-preview":"max-image-preview:large","max-video-preview":"max-video-preview:-1"},"canonical":"https:\/\/www.hoteljardinsdemademoiselle.com\/de\/angebote-hotel-paris\/","og_locale":"de_DE","og_type":"article","og_title":"Entdecken Sie die Spezialangebote des Hotels Les Jardins de Mademoiselle 4-Sterne-Hotel","og_description":"Die Spezialangebote des Hotels Les Jardins de Mademoiselle | Garantierter Bestpreis auf unserer offiziellen Webseite Buchen Sie direkt","og_url":"https:\/\/www.hoteljardinsdemademoiselle.com\/de\/angebote-hotel-paris\/","og_site_name":"Les Jardins de Mademoiselle","article_modified_time":"2024-07-11T17:35:21+00:00","og_image":[{"url":"http:\/\/www.hoteljardinsdemademoiselle.com\/wp-content\/uploads\/2019\/12\/LOGO-texte-LES-JARDINS-DE-MADEMOISELLE-1.png","type":"","width":"","height":""}],"twitter_card":"summary_large_image","twitter_misc":{"Gesch\u00e4tzte Lesezeit":"2\u00a0Minuten"},"schema":{"@context":"https:\/\/schema.org","@graph":[{"@type":"WebPage","@id":"https:\/\/www.hoteljardinsdemademoiselle.com\/de\/angebote-hotel-paris\/","url":"https:\/\/www.hoteljardinsdemademoiselle.com\/de\/angebote-hotel-paris\/","name":"Entdecken Sie die Spezialangebote des Hotels Les Jardins de Mademoiselle 4-Sterne-Hotel","isPartOf":{"@id":"https:\/\/www.hoteljardinsdemademoiselle.com\/pt-br\/#website"},"primaryImageOfPage":{"@id":"https:\/\/www.hoteljardinsdemademoiselle.com\/de\/angebote-hotel-paris\/#primaryimage"},"image":{"@id":"https:\/\/www.hoteljardinsdemademoiselle.com\/de\/angebote-hotel-paris\/#primaryimage"},"thumbnailUrl":"http:\/\/www.hoteljardinsdemademoiselle.com\/wp-content\/uploads\/2019\/12\/LOGO-texte-LES-JARDINS-DE-MADEMOISELLE-1.png","datePublished":"2020-01-06T15:34:44+00:00","dateModified":"2024-07-11T17:35:21+00:00","description":"Die Spezialangebote des Hotels Les Jardins de Mademoiselle | Garantierter Bestpreis auf unserer offiziellen Webseite Buchen Sie direkt","breadcrumb":{"@id":"https:\/\/www.hoteljardinsdemademoiselle.com\/de\/angebote-hotel-paris\/#breadcrumb"},"inLanguage":"de","potentialAction":[{"@type":"ReadAction","target":["https:\/\/www.hoteljardinsdemademoiselle.com\/de\/angebote-hotel-paris\/"]}]},{"@type":"ImageObject","inLanguage":"de","@id":"https:\/\/www.hoteljardinsdemademoiselle.com\/de\/angebote-hotel-paris\/#primaryimage","url":"http:\/\/www.hoteljardinsdemademoiselle.com\/wp-content\/uploads\/2019\/12\/LOGO-texte-LES-JARDINS-DE-MADEMOISELLE-1.png","contentUrl":"http:\/\/www.hoteljardinsdemademoiselle.com\/wp-content\/uploads\/2019\/12\/LOGO-texte-LES-JARDINS-DE-MADEMOISELLE-1.png"},{"@type":"BreadcrumbList","@id":"https:\/\/www.hoteljardinsdemademoiselle.com\/de\/angebote-hotel-paris\/#breadcrumb","itemListElement":[{"@type":"ListItem","position":1,"name":"Accueil","item":"https:\/\/www.hoteljardinsdemademoiselle.com\/de\/"},{"@type":"ListItem","position":2,"name":"Offres"}]},{"@type":"WebSite","@id":"https:\/\/www.hoteljardinsdemademoiselle.com\/pt-br\/#website","url":"https:\/\/www.hoteljardinsdemademoiselle.com\/pt-br\/","name":"Les Jardins de Mademoiselle","description":"H\u00f4tel 4 \u00e9toiles &amp; Spa Paris","potentialAction":[{"@type":"SearchAction","target":{"@type":"EntryPoint","urlTemplate":"https:\/\/www.hoteljardinsdemademoiselle.com\/pt-br\/?s={search_term_string}"},"query-input":{"@type":"PropertyValueSpecification","valueRequired":true,"valueName":"search_term_string"}}],"inLanguage":"de"}]}},"_links":{"self":[{"href":"https:\/\/www.hoteljardinsdemademoiselle.com\/de\/wp-json\/wp\/v2\/pages\/1194","targetHints":{"allow":["GET"]}}],"collection":[{"href":"https:\/\/www.hoteljardinsdemademoiselle.com\/de\/wp-json\/wp\/v2\/pages"}],"about":[{"href":"https:\/\/www.hoteljardinsdemademoiselle.com\/de\/wp-json\/wp\/v2\/types\/page"}],"author":[{"embeddable":true,"href":"https:\/\/www.hoteljardinsdemademoiselle.com\/de\/wp-json\/wp\/v2\/users\/1"}],"replies":[{"embeddable":true,"href":"https:\/\/www.hoteljardinsdemademoiselle.com\/de\/wp-json\/wp\/v2\/comments?post=1194"}],"version-history":[{"count":5,"href":"https:\/\/www.hoteljardinsdemademoiselle.com\/de\/wp-json\/wp\/v2\/pages\/1194\/revisions"}],"predecessor-version":[{"id":3552,"href":"https:\/\/www.hoteljardinsdemademoiselle.com\/de\/wp-json\/wp\/v2\/pages\/1194\/revisions\/3552"}],"wp:attachment":[{"href":"https:\/\/www.hoteljardinsdemademoiselle.com\/de\/wp-json\/wp\/v2\/media?parent=1194"}],"curies":[{"name":"wp","href":"https:\/\/api.w.org\/{rel}","templated":true}]}}