{"id":1174,"date":"2020-01-21T08:14:27","date_gmt":"2020-01-21T07:14:27","guid":{"rendered":"https:\/\/www.hoteljardinsdemademoiselle.com\/faq\/"},"modified":"2023-07-31T10:48:42","modified_gmt":"2023-07-31T08:48:42","slug":"faq","status":"publish","type":"page","link":"https:\/\/www.hoteljardinsdemademoiselle.com\/de\/faq\/","title":{"rendered":"FAQ"},"content":{"rendered":"\n\t<section class=\"section\" id=\"section_2110607521\">\n\t\t<div class=\"bg section-bg fill bg-fill  bg-loaded\" >\n\n\t\t\t\n\t\t\t\n\t\t\t\n\n\t\t<\/div>\n\n\t\t<div class=\"section-content relative\">\n\t\t\t\n\n<div class=\"row row-box-shadow-2\"  id=\"row-1171441243\">\n\n\n\t<div id=\"col-969207679\" class=\"col small-12 large-12\"  >\n\t\t<div class=\"col-inner\"  >\n\t\t\t\n\t\t\t\n\n<h3 style=\"text-align: center;\">FAQ<\/h3>\n<div class=\"accordion\" rel=\"1\">\n\n<div class=\"accordion-item\"><a href=\"#\" class=\"accordion-title plain\"><button class=\"toggle\"><i class=\"icon-angle-down\"><\/i><\/button><span>Zu welchen Zeiten kann man ein- oder auschecken und wann ist das Hotel ge\u00f6ffnet?<\/span><\/a><div class=\"accordion-inner\">\n\n<p>Hotel und sichere Gep\u00e4ckaufbewahrung rund um die Uhr (24h\/24) ge\u00f6ffnet. Anreise ab 15.00 Uhr m\u00f6glich, die Zimmer m\u00fcssen vor 12.00 Uhr ger\u00e4umt sein. <\/p>\n\n<\/div><\/div>\n<div class=\"accordion-item\"><a href=\"#\" class=\"accordion-title plain\"><button class=\"toggle\"><i class=\"icon-angle-down\"><\/i><\/button><span>Kann ich auch sp\u00e4ter auschecken\/abreisen?<\/span><\/a><div class=\"accordion-inner\">\n\n<p>Eine sp\u00e4tere Abreise oder eine Anreise vor 15.00 Uhr k\u00f6nnen wir ausschlie\u00dflich unseren Verf\u00fcgbarkeiten entsprechend organisieren. F\u00fcr jeden dieser Services fallen Kosten an.<\/p>\n\n<\/div><\/div>\n<div class=\"accordion-item\"><a href=\"#\" class=\"accordion-title plain\"><button class=\"toggle\"><i class=\"icon-angle-down\"><\/i><\/button><span>Ist der Zimmerpreis pro Person oder pro Zimmer angegeben?<\/span><\/a><div class=\"accordion-inner\">\n\n<p>Der Preis gilt pro Zimmer und pro Nacht. Das Fr\u00fchst\u00fcck kostet oftmals extra. Die Kurtaxe ist auf jeden Fall nicht Teil des Preises und wird an das Rathaus von Paris \u00fcberwiesen.<\/p>\n\n<\/div><\/div>\n<div class=\"accordion-item\"><a href=\"#\" class=\"accordion-title plain\"><button class=\"toggle\"><i class=\"icon-angle-down\"><\/i><\/button><span>Ist das Fr\u00fchst\u00fcck im Preis inbegriffen?<\/span><\/a><div class=\"accordion-inner\">\n\n<p>Das Fr\u00fchst\u00fcck kostet extra (au\u00dfer bei Spezialangeboten). Das Buffet kostet 20 \u20ac, das Express-Fr\u00fchst\u00fcck 8\u20ac.* Au\u00dferdem ist ein Roomservice m\u00f6glich, der pro Person 21 Euro kostet.<br \/>\n* Preise gelten pro Person und k\u00f6nnen ohne vorherige Ank\u00fcndigung ge\u00e4ndert werden.<\/p>\n\n<\/div><\/div>\n<div class=\"accordion-item\"><a href=\"#\" class=\"accordion-title plain\"><button class=\"toggle\"><i class=\"icon-angle-down\"><\/i><\/button><span>Ist Ihr Haus f\u00fcr Personen mit eingeschr\u00e4nkter Beweglichkeit geeignet?<\/span><\/a><div class=\"accordion-inner\">\n\n<p>Unser Haus bietet zwei Zimmer, die f\u00fcr Personen mit eingeschr\u00e4nkter Beweglichkeit voll angepasst sind, und verf\u00fcgt \u00fcber zwei Aufz\u00fcge. Wir bitten Sie, uns \u00fcber diesen Bedarf vorab w\u00e4hrend der Reservierung zu informieren.<\/p>\n\n<\/div><\/div>\n<div class=\"accordion-item\"><a href=\"#\" class=\"accordion-title plain\"><button class=\"toggle\"><i class=\"icon-angle-down\"><\/i><\/button><span>Sind in Ihrem Haus Tiere erlaubt?<\/span><\/a><div class=\"accordion-inner\">\n\n<p>Nein, leider akzeptieren wir keine Tiere im Hotel, unabh\u00e4ngig von ihrer Gr\u00f6\u00dfe oder ihrem Gewicht.<\/p>\n\n<\/div><\/div>\n<div class=\"accordion-item\"><a href=\"#\" class=\"accordion-title plain\"><button class=\"toggle\"><i class=\"icon-angle-down\"><\/i><\/button><span>Besitzt das Hotel ein Restaurant?<\/span><\/a><div class=\"accordion-inner\">\n\n<p>In Zusammenarbeit mit einem nahegelegenen italienischen Restaurant bietet das Hotel Zimmerservice f\u00fcr Ihre Mittagsgerichte von 12:00 bis 14:00 Uhr und f\u00fcr Ihre Abendessen von 19:00 bis 22:00 Uhr.<\/p>\n\n<\/div><\/div>\n<div class=\"accordion-item\"><a href=\"#\" class=\"accordion-title plain\"><button class=\"toggle\"><i class=\"icon-angle-down\"><\/i><\/button><span>Kann man sein Gep\u00e4ck vor der Anreise oder nach der Abreise im Hotel lassen?<\/span><\/a><div class=\"accordion-inner\">\n\n<p>Nat\u00fcrlich, Sie k\u00f6nnen, w\u00e4hrend Sie sich um den Bezug Ihres Zimmers k\u00fcmmern oder am Nachmittag vor Ihrer Abreise, den gesicherten Abstellraum nutzen. Wir weisen Sie aber darauf hin, dass dieser Gep\u00e4ckraum nicht f\u00fcr die Nutzung als Gep\u00e4ckaufbewahrung dienen kann..<\/p>\n\n<\/div><\/div>\n<div class=\"accordion-item\"><a href=\"#\" class=\"accordion-title plain\"><button class=\"toggle\"><i class=\"icon-angle-down\"><\/i><\/button><span>Besitzt das Hotel einen Parkplatz?<\/span><\/a><div class=\"accordion-inner\">\n\n<p>Auf vorherige Reservierungsanfrage bieten wir geschlossene Parkboxen in einem gesicherten Bereich. Das Parkhaus befindet sich 400 Gehminuten von unserem Haus entfernt. F\u00fcr jede Parkbox werden 32 Euro pro Nacht berechnet.<\/p>\n\n<\/div><\/div>\n<div class=\"accordion-item\"><a href=\"#\" class=\"accordion-title plain\"><button class=\"toggle\"><i class=\"icon-angle-down\"><\/i><\/button><span>Verf\u00fcgt das Hotel \u00fcber Internetanschluss und WLAN-Zugang?<\/span><\/a><div class=\"accordion-inner\">\n\n<p>Im ganzen Hotel ist kostenloses WLAN verf\u00fcgbar. Die Codes erhalten Sie bei Ihrer Anreise an der Rezeption. Sollten Sie Unterlagen ausdrucken oder spezifische Suchen durchf\u00fchren m\u00fcssen, stehen Ihnen unsere Teams zur Verf\u00fcgung.<\/p>\n\n<\/div><\/div>\n<div class=\"accordion-item\"><a href=\"#\" class=\"accordion-title plain\"><button class=\"toggle\"><i class=\"icon-angle-down\"><\/i><\/button><span>Kann ich eine besondere Zimmernummer ausw\u00e4hlen?<\/span><\/a><div class=\"accordion-inner\">\n\n<p>Aufgrund unserer Planung k\u00f6nnen wir eine Nummer f\u00fcr das Zimmer nicht garantieren. Aber teilen Sie uns Ihren Wunsch trotzdem mit, dann tun wir unser Bestes, um Ihrer Anfrage nachzukommen.<\/p>\n\n<\/div><\/div>\n<div class=\"accordion-item\"><a href=\"#\" class=\"accordion-title plain\"><button class=\"toggle\"><i class=\"icon-angle-down\"><\/i><\/button><span>Wie kann ich eine spezielle Anfrage formulieren?<\/span><\/a><div class=\"accordion-inner\">\n\n<p>Im Feld &#8222;Bemerkungen&#8220; oder indem Sie sich an uns wenden. Wir unternehmen unser M\u00f6glichstes, um Ihre Anfrage bestm\u00f6glich zu erf\u00fcllen.<\/p>\n\n<\/div><\/div>\n<div class=\"accordion-item\"><a href=\"#\" class=\"accordion-title plain\"><button class=\"toggle\"><i class=\"icon-angle-down\"><\/i><\/button><span>Wie kann ich meine Buchung stornieren oder \u00e4ndern?<\/span><\/a><div class=\"accordion-inner\">\n\n<p>Die Stornierungs- und \u00c4nderungsbedingungen stehen auf Ihrer Buchungsbest\u00e4tigung. Wir bitten Sie, diese aufmerksam durchzulesen. Unsere Preise h\u00e4ngen auch von diesen Bedingungen ab. Z\u00f6gern Sie nicht, sich f\u00fcr weitere Ausk\u00fcnfte an das Hotel zu wenden.<br \/>\nSie k\u00f6nnen Ihre Buchung stornieren, indem Sie auf den hierf\u00fcr vorgesehenen Link auf Ihrer Best\u00e4tigung klicken. W\u00fcnschen Sie eine \u00c4nderung, wenden Sie sich bitte per E-Mail unter der Adresse reception@lesjardinsdemademoiselle.com direkt an das Hotel.<\/p>\n\n<\/div><\/div>\n<div class=\"accordion-item\"><a href=\"#\" class=\"accordion-title plain\"><button class=\"toggle\"><i class=\"icon-angle-down\"><\/i><\/button><span>Kann ich meine Abreise w\u00e4hrend des Aufenthalts vorziehen?<\/span><\/a><div class=\"accordion-inner\">\n\n<p>Wir verlangen, dass Sie uns von Ihrer vorzeitigen Abreise 48 Stunden im Voraus informieren, damit wir Ihr Zimmer weitervergeben k\u00f6nnen. Nach dieser Frist f\u00e4llt als Strafgeb\u00fchr eine \u00dcbernachtung an. F\u00fcr Aufenthalte, die zum Exklusivpreis mit vollst\u00e4ndiger Vorkasse gebucht wurden, erfolgt allerdings keine Erstattung.<\/p>\n\n<\/div><\/div>\n<div class=\"accordion-item\"><a href=\"#\" class=\"accordion-title plain\"><button class=\"toggle\"><i class=\"icon-angle-down\"><\/i><\/button><span>Welche Kreditkarten akzeptieren Sie f\u00fcr die Bezahlung?<\/span><\/a><div class=\"accordion-inner\">\n\n<p>MasterCard, Visa, American Express<\/p>\n\n<\/div><\/div>\n<div class=\"accordion-item\"><a href=\"#\" class=\"accordion-title plain\"><button class=\"toggle\"><i class=\"icon-angle-down\"><\/i><\/button><span>Bietet das Hotel Raucherzimmer an?<\/span><\/a><div class=\"accordion-inner\">\n\n<p>Nein, das gesamte Hotel (Zimmer und Gemeinschaftsbereiche) ist Nichtraucherbereich. Wir bitten Sie auch, nicht auf den Balkonen zu rauchen. Im Au\u00dfenbereich und auf der Au\u00dfenterrasse des Hotels steht Ihnen ein Aschenbecher zur Verf\u00fcgung.<\/p>\n\n<\/div><\/div>\n<div class=\"accordion-item\"><a href=\"#\" class=\"accordion-title plain\"><button class=\"toggle\"><i class=\"icon-angle-down\"><\/i><\/button><span>Haben alle Zimmer einen Safe?<\/span><\/a><div class=\"accordion-inner\">\n\n<p>Ja, alle Zimmer beinhalten einen Safe im Format eines tragbaren Computers.<\/p>\n\n<\/div><\/div>\n<div class=\"accordion-item\"><a href=\"#\" class=\"accordion-title plain\"><button class=\"toggle\"><i class=\"icon-angle-down\"><\/i><\/button><span>Haben alle Zimmer eine Klimaanlage und ist sie das ganze Jahr in Betrieb?<\/span><\/a><div class=\"accordion-inner\">\n\n<p>Alle Zimmer sind klimatisiert und individuell regelbar. Die reversiblen Klimaanlagen erm\u00f6glichen es Ihnen au\u00dferdem, in den Heizmodus zu wechseln. und das ganze Jahr hindurch die f\u00fcr Ihren Aufenthalt ideale Temperatur zu erhalten.<\/p>\n\n<\/div><\/div>\n<div class=\"accordion-item\"><a href=\"#\" class=\"accordion-title plain\"><button class=\"toggle\"><i class=\"icon-angle-down\"><\/i><\/button><span>Sind die Zimmer gro\u00df?<\/span><\/a><div class=\"accordion-inner\">\n\n<p>Die Raumknappheit und der Mangel an verf\u00fcgbaren Fl\u00e4chen in der franz\u00f6sischen Hauptstadt ist ein echtes Problem, dem man in den meisten Pariser Hotels begegnet. Sie k\u00f6nnen jedoch versichert sein, dass unsere Zimmer den Pariser Standards entsprechen und die in den Klassifikationsnormen f\u00fcr 4-Sterne-Hotels vorausgesetzten Kriterien erf\u00fcllen. Ihrer Kategorie entsprechend reicht ihre Gr\u00f6\u00dfe inklusive Badezimmer von 15 m2 bis 27 m2.<\/p>\n\n<\/div><\/div>\n<div class=\"accordion-item\"><a href=\"#\" class=\"accordion-title plain\"><button class=\"toggle\"><i class=\"icon-angle-down\"><\/i><\/button><span>Gibt es im Zimmer einen Direktanschluss?<\/span><\/a><div class=\"accordion-inner\">\n\n<p>Sie k\u00f6nnen vom Zimmer aus direkt anrufen, nachdem Sie die 0 vorgew\u00e4hlt haben. Alle von au\u00dfen eingehenden Gespr\u00e4che laufen \u00fcber die Rezeption, die sie entweder durchstellt oder bei Abwesenheit eine Nachricht notiert.<\/p>\n\n<\/div><\/div>\n<div class=\"accordion-item\"><a href=\"#\" class=\"accordion-title plain\"><button class=\"toggle\"><i class=\"icon-angle-down\"><\/i><\/button><span>Gibt es Zimmer mit Balkon?<\/span><\/a><div class=\"accordion-inner\">\n\n<p>Alle unsere Zimmer besitzen einen Zugang ins Freie: entweder einen eigenen Balkon, oder, was alle Zimmer mit Gartenblick betrifft, einen Zugang zu den \u00e4u\u00dferen Erschlie\u00dfungsfluren. Wir k\u00f6nnen Ihnen keine ausdr\u00fcckliche Garantie f\u00fcr ein Zimmer mit Balkon oder Zugang zu einem \u00e4u\u00dferen Erschlie\u00dfungsflur geben, z\u00f6gern Sie aber bitte nicht, uns Ihre Pr\u00e4ferenzen mitzuteilen.<\/p>\n\n<\/div><\/div>\n<div class=\"accordion-item\"><a href=\"#\" class=\"accordion-title plain\"><button class=\"toggle\"><i class=\"icon-angle-down\"><\/i><\/button><span>Wenn ich mit einem Kind reise, kann ich ein Kinderbett bekommen?<\/span><\/a><div class=\"accordion-inner\">\n\n<p>Wir verf\u00fcgen \u00fcber ein Babybett f\u00fcr Kinder unter 3 Jahren. Wir weisen Sie darauf hin, dass das Hotel \u00fcber keine Triple-Zimmer verf\u00fcgt, daf\u00fcr aber \u00fcber den Luxus, Verbindungszimmer f\u00fcr 4 Personen anbieten zu k\u00f6nnen.<\/p>\n\n<\/div><\/div>\n<div class=\"accordion-item\"><a href=\"#\" class=\"accordion-title plain\"><button class=\"toggle\"><i class=\"icon-angle-down\"><\/i><\/button><span>Kann ich f\u00fcr mein Zimmer ein Beistellbett bestellen?<\/span><\/a><div class=\"accordion-inner\">\n\n<p>Nein, wir haben keine zus\u00e4tzlichen Betten. Unsere Zimmer sind daf\u00fcr nicht gro\u00df genug.<\/p>\n\n<\/div><\/div>\n<div class=\"accordion-item\"><a href=\"#\" class=\"accordion-title plain\"><button class=\"toggle\"><i class=\"icon-angle-down\"><\/i><\/button><span>Kann ich einen Shuttle-Dienst vom und zum Flughafen oder Bahnhof nutzen?<\/span><\/a><div class=\"accordion-inner\">\n\n<p>Wir k\u00f6nnen bei unserem Partner einen Shuttle zum oder vom Flughafen oder Bahnhof reservieren. Bitte wenden Sie sich in Bezug auf den Preis f\u00fcr diesen Service an die Rezeption. Wir reservieren Ihnen au\u00dferdem sehr gerne ein Taxi oder beraten Sie hinsichtlich der \u00f6ffentlichen Verkehrsmittel.<\/p>\n\n<\/div><\/div>\n<div class=\"accordion-item\"><a href=\"#\" class=\"accordion-title plain\"><button class=\"toggle\"><i class=\"icon-angle-down\"><\/i><\/button><span>Welche Metro- und RER-Stationen sind Ihrem Hotel am n\u00e4chsten gelegen?<\/span><\/a><div class=\"accordion-inner\">\n\n<p>Die Metrostation Commerce (Linie 8) an der sehr belebten Rue du Commerce ist 2 Gehminuten entfernt. Dank ihr erreichen Sie alle touristischen Punkte der Stadt Paris in weniger als 10 Minuten. Die Metrostationen \u00c9mile Zola (Linie 10) oder La Motte-Picquet-Grenelle (Linie 6) befinden sich 5-10 Gehminuten entfernt.<br \/>\nMit den Buslinien 70 und 88, 1 Gehminute entfernt, sind zahlreiche Pariser Stadtviertel erreichbar.<\/p>\n\n<\/div><\/div>\n<div class=\"accordion-item\"><a href=\"#\" class=\"accordion-title plain\"><button class=\"toggle\"><i class=\"icon-angle-down\"><\/i><\/button><span>Welche Sprachen werden an der Rezeption gesprochen?<\/span><\/a><div class=\"accordion-inner\">\n\n<p>Wir sprechen alle flie\u00dfend Franz\u00f6sisch und Englisch. Jeder Rezeptionsmitarbeiter spricht noch eine dritte Sprache: Spanisch, Italienisch\u2026<\/p>\n\n<\/div><\/div>\n<div class=\"accordion-item\"><a href=\"#\" class=\"accordion-title plain\"><button class=\"toggle\"><i class=\"icon-angle-down\"><\/i><\/button><span>Welche \u00d6ffnungszeiten und Preise gelten f\u00fcr den Pool?<\/span><\/a><div class=\"accordion-inner\">\n\n<p>Unser Wellnessbereich (Pool, Hammam und Fitness) ist von 8.00 bis 12.00 Uhr und 13.00 bis 22.00 Uhr ge\u00f6ffnet. Er kostet nicht extra, das Angebot z\u00e4hlt zur Beherbergung im Hotel.<\/p>\n\n<\/div><\/div>\n<div class=\"accordion-item\"><a href=\"#\" class=\"accordion-title plain\"><button class=\"toggle\"><i class=\"icon-angle-down\"><\/i><\/button><span>Ist der Pool auch f\u00fcr externe Kunden zug\u00e4nglich?<\/span><\/a><div class=\"accordion-inner\">\n\n<p>Nein, einerseits aus Sicherheitsgr\u00fcnden und zur Gew\u00e4hrleistung des Komforts unserer Services ist der Pool ausschlie\u00dflich unseren Hotelg\u00e4sten vorbehalten.<\/p>\n\n<\/div><\/div>\n<div class=\"accordion-item\"><a href=\"#\" class=\"accordion-title plain\"><button class=\"toggle\"><i class=\"icon-angle-down\"><\/i><\/button><span>Werden die Handt\u00fccher gestellt?<\/span><\/a><div class=\"accordion-inner\">\n\n<p>Jedes Zimmer verf\u00fcgt \u00fcber Badem\u00e4ntel und Slipper, die Sie anziehen k\u00f6nnen, wenn Sie den Pool besuchen. Der Poolbereich verf\u00fcgt au\u00dferdem \u00fcber Umkleider\u00e4ume, die mit Badet\u00fcchern ausgestattet sind, die Sie verwenden k\u00f6nnen.<\/p>\n\n<\/div><\/div>\n\n<\/div>\n\n\t\t<\/div>\n\t\t\t<\/div>\n\n\t\n\n<\/div>\n\n\t\t<\/div>\n\n\t\t\n<style>\n#section_2110607521 {\n  padding-top: 50px;\n  padding-bottom: 50px;\n  margin-bottom: 50px;\n}\n<\/style>\n\t<\/section>\n\t\n\n","protected":false},"excerpt":{"rendered":"","protected":false},"author":1,"featured_media":0,"parent":0,"menu_order":0,"comment_status":"closed","ping_status":"closed","template":"","meta":{"footnotes":""},"class_list":["post-1174","page","type-page","status-publish","hentry"],"yoast_head":"<!-- This site is optimized with the Yoast SEO plugin v25.1 - https:\/\/yoast.com\/wordpress\/plugins\/seo\/ -->\n<title>Les Jardins de Mademoiselle - Alle f\u00fcr Ihren Aufenthalt erforderlichen Informationen<\/title>\n<meta name=\"description\" content=\"N\u00fctzliche Informationen | Offizielle Webseite Les Jardins de Mademoiselle | Garantierter Bestpreis auf unserer Webseite\" \/>\n<meta name=\"robots\" content=\"index, follow, max-snippet:-1, max-image-preview:large, max-video-preview:-1\" \/>\n<link rel=\"canonical\" href=\"https:\/\/www.hoteljardinsdemademoiselle.com\/de\/faq\/\" \/>\n<meta property=\"og:locale\" content=\"de_DE\" \/>\n<meta property=\"og:type\" content=\"article\" \/>\n<meta property=\"og:title\" content=\"Les Jardins de Mademoiselle - Alle f\u00fcr Ihren Aufenthalt erforderlichen Informationen\" \/>\n<meta property=\"og:description\" content=\"N\u00fctzliche Informationen | Offizielle Webseite Les Jardins de Mademoiselle | Garantierter Bestpreis auf unserer Webseite\" \/>\n<meta property=\"og:url\" content=\"https:\/\/www.hoteljardinsdemademoiselle.com\/de\/faq\/\" \/>\n<meta property=\"og:site_name\" content=\"Les Jardins de Mademoiselle\" \/>\n<meta property=\"article:modified_time\" content=\"2023-07-31T08:48:42+00:00\" \/>\n<meta name=\"twitter:card\" content=\"summary_large_image\" \/>\n<meta name=\"twitter:label1\" content=\"Gesch\u00e4tzte Lesezeit\" \/>\n\t<meta name=\"twitter:data1\" content=\"7\u00a0Minuten\" \/>\n<script type=\"application\/ld+json\" class=\"yoast-schema-graph\">{\"@context\":\"https:\/\/schema.org\",\"@graph\":[{\"@type\":\"WebPage\",\"@id\":\"https:\/\/www.hoteljardinsdemademoiselle.com\/de\/faq\/\",\"url\":\"https:\/\/www.hoteljardinsdemademoiselle.com\/de\/faq\/\",\"name\":\"Les Jardins de Mademoiselle - Alle f\u00fcr Ihren Aufenthalt erforderlichen Informationen\",\"isPartOf\":{\"@id\":\"https:\/\/www.hoteljardinsdemademoiselle.com\/pt-br\/#website\"},\"datePublished\":\"2020-01-21T07:14:27+00:00\",\"dateModified\":\"2023-07-31T08:48:42+00:00\",\"description\":\"N\u00fctzliche Informationen | Offizielle Webseite Les Jardins de Mademoiselle | Garantierter Bestpreis auf unserer Webseite\",\"breadcrumb\":{\"@id\":\"https:\/\/www.hoteljardinsdemademoiselle.com\/de\/faq\/#breadcrumb\"},\"inLanguage\":\"de\",\"potentialAction\":[{\"@type\":\"ReadAction\",\"target\":[\"https:\/\/www.hoteljardinsdemademoiselle.com\/de\/faq\/\"]}]},{\"@type\":\"BreadcrumbList\",\"@id\":\"https:\/\/www.hoteljardinsdemademoiselle.com\/de\/faq\/#breadcrumb\",\"itemListElement\":[{\"@type\":\"ListItem\",\"position\":1,\"name\":\"Accueil\",\"item\":\"https:\/\/www.hoteljardinsdemademoiselle.com\/de\/\"},{\"@type\":\"ListItem\",\"position\":2,\"name\":\"FAQ\"}]},{\"@type\":\"WebSite\",\"@id\":\"https:\/\/www.hoteljardinsdemademoiselle.com\/pt-br\/#website\",\"url\":\"https:\/\/www.hoteljardinsdemademoiselle.com\/pt-br\/\",\"name\":\"Les Jardins de Mademoiselle\",\"description\":\"H\u00f4tel 4 \u00e9toiles &amp; Spa Paris\",\"potentialAction\":[{\"@type\":\"SearchAction\",\"target\":{\"@type\":\"EntryPoint\",\"urlTemplate\":\"https:\/\/www.hoteljardinsdemademoiselle.com\/pt-br\/?s={search_term_string}\"},\"query-input\":{\"@type\":\"PropertyValueSpecification\",\"valueRequired\":true,\"valueName\":\"search_term_string\"}}],\"inLanguage\":\"de\"}]}<\/script>\n<!-- \/ Yoast SEO plugin. -->","yoast_head_json":{"title":"Les Jardins de Mademoiselle - Alle f\u00fcr Ihren Aufenthalt erforderlichen Informationen","description":"N\u00fctzliche Informationen | Offizielle Webseite Les Jardins de Mademoiselle | Garantierter Bestpreis auf unserer Webseite","robots":{"index":"index","follow":"follow","max-snippet":"max-snippet:-1","max-image-preview":"max-image-preview:large","max-video-preview":"max-video-preview:-1"},"canonical":"https:\/\/www.hoteljardinsdemademoiselle.com\/de\/faq\/","og_locale":"de_DE","og_type":"article","og_title":"Les Jardins de Mademoiselle - Alle f\u00fcr Ihren Aufenthalt erforderlichen Informationen","og_description":"N\u00fctzliche Informationen | Offizielle Webseite Les Jardins de Mademoiselle | Garantierter Bestpreis auf unserer Webseite","og_url":"https:\/\/www.hoteljardinsdemademoiselle.com\/de\/faq\/","og_site_name":"Les Jardins de Mademoiselle","article_modified_time":"2023-07-31T08:48:42+00:00","twitter_card":"summary_large_image","twitter_misc":{"Gesch\u00e4tzte Lesezeit":"7\u00a0Minuten"},"schema":{"@context":"https:\/\/schema.org","@graph":[{"@type":"WebPage","@id":"https:\/\/www.hoteljardinsdemademoiselle.com\/de\/faq\/","url":"https:\/\/www.hoteljardinsdemademoiselle.com\/de\/faq\/","name":"Les Jardins de Mademoiselle - Alle f\u00fcr Ihren Aufenthalt erforderlichen Informationen","isPartOf":{"@id":"https:\/\/www.hoteljardinsdemademoiselle.com\/pt-br\/#website"},"datePublished":"2020-01-21T07:14:27+00:00","dateModified":"2023-07-31T08:48:42+00:00","description":"N\u00fctzliche Informationen | Offizielle Webseite Les Jardins de Mademoiselle | Garantierter Bestpreis auf unserer Webseite","breadcrumb":{"@id":"https:\/\/www.hoteljardinsdemademoiselle.com\/de\/faq\/#breadcrumb"},"inLanguage":"de","potentialAction":[{"@type":"ReadAction","target":["https:\/\/www.hoteljardinsdemademoiselle.com\/de\/faq\/"]}]},{"@type":"BreadcrumbList","@id":"https:\/\/www.hoteljardinsdemademoiselle.com\/de\/faq\/#breadcrumb","itemListElement":[{"@type":"ListItem","position":1,"name":"Accueil","item":"https:\/\/www.hoteljardinsdemademoiselle.com\/de\/"},{"@type":"ListItem","position":2,"name":"FAQ"}]},{"@type":"WebSite","@id":"https:\/\/www.hoteljardinsdemademoiselle.com\/pt-br\/#website","url":"https:\/\/www.hoteljardinsdemademoiselle.com\/pt-br\/","name":"Les Jardins de Mademoiselle","description":"H\u00f4tel 4 \u00e9toiles &amp; Spa Paris","potentialAction":[{"@type":"SearchAction","target":{"@type":"EntryPoint","urlTemplate":"https:\/\/www.hoteljardinsdemademoiselle.com\/pt-br\/?s={search_term_string}"},"query-input":{"@type":"PropertyValueSpecification","valueRequired":true,"valueName":"search_term_string"}}],"inLanguage":"de"}]}},"_links":{"self":[{"href":"https:\/\/www.hoteljardinsdemademoiselle.com\/de\/wp-json\/wp\/v2\/pages\/1174","targetHints":{"allow":["GET"]}}],"collection":[{"href":"https:\/\/www.hoteljardinsdemademoiselle.com\/de\/wp-json\/wp\/v2\/pages"}],"about":[{"href":"https:\/\/www.hoteljardinsdemademoiselle.com\/de\/wp-json\/wp\/v2\/types\/page"}],"author":[{"embeddable":true,"href":"https:\/\/www.hoteljardinsdemademoiselle.com\/de\/wp-json\/wp\/v2\/users\/1"}],"replies":[{"embeddable":true,"href":"https:\/\/www.hoteljardinsdemademoiselle.com\/de\/wp-json\/wp\/v2\/comments?post=1174"}],"version-history":[{"count":11,"href":"https:\/\/www.hoteljardinsdemademoiselle.com\/de\/wp-json\/wp\/v2\/pages\/1174\/revisions"}],"predecessor-version":[{"id":2264,"href":"https:\/\/www.hoteljardinsdemademoiselle.com\/de\/wp-json\/wp\/v2\/pages\/1174\/revisions\/2264"}],"wp:attachment":[{"href":"https:\/\/www.hoteljardinsdemademoiselle.com\/de\/wp-json\/wp\/v2\/media?parent=1174"}],"curies":[{"name":"wp","href":"https:\/\/api.w.org\/{rel}","templated":true}]}}