{"id":1154,"date":"2020-01-14T15:45:27","date_gmt":"2020-01-14T14:45:27","guid":{"rendered":"https:\/\/www.hoteljardinsdemademoiselle.com\/offre-business-entreprise\/"},"modified":"2024-07-11T15:38:07","modified_gmt":"2024-07-11T13:38:07","slug":"business-aufenthalte","status":"publish","type":"page","link":"https:\/\/www.hoteljardinsdemademoiselle.com\/de\/business-aufenthalte\/","title":{"rendered":"Business"},"content":{"rendered":"\n\t<section class=\"section\" id=\"section_358938384\">\n\t\t<div class=\"bg section-bg fill bg-fill  bg-loaded\" >\n\n\t\t\t\n\t\t\t<button class=\"scroll-for-more z-5 icon absolute bottom h-center\"><i class=\"icon-angle-down\" style=\"font-size:42px;\"><\/i><\/button>\n\t\t\t\n\n\t\t<\/div>\n\n\t\t<div class=\"section-content relative\">\n\t\t\t\n\n<div class=\"slider-wrapper relative\" id=\"slider-167956729\" >\n    <div class=\"slider slider-nav-circle slider-nav-large slider-nav-light slider-style-normal\"\n        data-flickity-options='{\n            \"cellAlign\": \"center\",\n            \"imagesLoaded\": true,\n            \"lazyLoad\": 1,\n            \"freeScroll\": false,\n            \"wrapAround\": true,\n            \"autoPlay\": 3000,\n            \"pauseAutoPlayOnHover\" : true,\n            \"prevNextButtons\": true,\n            \"contain\" : true,\n            \"adaptiveHeight\" : true,\n            \"dragThreshold\" : 10,\n            \"percentPosition\": true,\n            \"pageDots\": false,\n            \"rightToLeft\": false,\n            \"draggable\": true,\n            \"selectedAttraction\": 0.1,\n            \"parallax\" : 0,\n            \"friction\": 0.6        }'\n        >\n        \n\n\n  <div class=\"banner has-hover\" id=\"banner-1257727260\">\n          <div class=\"banner-inner fill\">\n        <div class=\"banner-bg fill\" >\n            <div class=\"bg fill bg-fill \"><\/div>\n                                    \n                    <\/div>\n        <div class=\"banner-layers container\">\n            <div class=\"fill banner-link\"><\/div>            \n\n\n        <\/div>\n      <\/div>\n\n            \n<style>\n#banner-1257727260 {\n  padding-top: 56.25%;\n}\n#banner-1257727260 .bg.bg-loaded {\n  background-image: url(https:\/\/www.hoteljardinsdemademoiselle.com\/wp-content\/uploads\/2020\/01\/facade-les-jardins-de-mademoiselle-1.jpg);\n}\n<\/style>\n  <\/div>\n\n\n\n  <div class=\"banner has-hover\" id=\"banner-1603279908\">\n          <div class=\"banner-inner fill\">\n        <div class=\"banner-bg fill\" >\n            <div class=\"bg fill bg-fill \"><\/div>\n                                    \n                    <\/div>\n        <div class=\"banner-layers container\">\n            <div class=\"fill banner-link\"><\/div>            \n\n\n        <\/div>\n      <\/div>\n\n            \n<style>\n#banner-1603279908 {\n  padding-top: 56.25%;\n}\n#banner-1603279908 .bg.bg-loaded {\n  background-image: url(https:\/\/www.hoteljardinsdemademoiselle.com\/wp-content\/uploads\/2020\/02\/HOTEL-JDM_CHAMBRE601_20.jpg);\n}\n<\/style>\n  <\/div>\n\n\n\n  <div class=\"banner has-hover\" id=\"banner-308064869\">\n          <div class=\"banner-inner fill\">\n        <div class=\"banner-bg fill\" >\n            <div class=\"bg fill bg-fill \"><\/div>\n                                    \n                    <\/div>\n        <div class=\"banner-layers container\">\n            <div class=\"fill banner-link\"><\/div>            \n\n\n        <\/div>\n      <\/div>\n\n            \n<style>\n#banner-308064869 {\n  padding-top: 56.25%;\n}\n#banner-308064869 .bg.bg-loaded {\n  background-image: url(https:\/\/www.hoteljardinsdemademoiselle.com\/wp-content\/uploads\/2020\/01\/piscine-jardins-de-mademoiselle-paris-4.jpg);\n}\n<\/style>\n  <\/div>\n\n\n\n     <\/div>\n\n     <div class=\"loading-spin dark large centered\"><\/div>\n\n     <\/div>\n\n\n\n\t\t<\/div>\n\n\t\t\n<style>\n#section_358938384 {\n  padding-top: 0px;\n  padding-bottom: 0px;\n}\n<\/style>\n\t<\/section>\n\t\n\t<section class=\"section\" id=\"section_1860205924\">\n\t\t<div class=\"bg section-bg fill bg-fill  bg-loaded\" >\n\n\t\t\t\n\t\t\t\n\t\t\t\n\n\t\t<\/div>\n\n\t\t<div class=\"section-content relative\">\n\t\t\t\n\n<div class=\"row\"  id=\"row-1296220096\">\n\n\n\t<div id=\"col-1336266458\" class=\"col small-12 large-12\"  >\n\t\t<div class=\"col-inner\"  >\n\t\t\t\n\t\t\t\n\n<h2 style=\"text-align: center;\">Vorteile f\u00fcr Ihre &#8222;Business&#8220;-Aufenthalte \u2013 das ganze Jahr hindurch!<\/h2>\n<p><strong>Wenn Sie Ihre Buchungen direkt mit dem Hotel durchf\u00fchren, genie\u00dfen Sie Vorteile, die Ihnen nur unsere Teams und unsere offizielle Webseite garantieren k\u00f6nnen.<\/strong><\/p>\n<p><strong>0% Geb\u00fchr &amp; 100% Gewinn<\/strong><\/p>\n<ol>\n<li>Sofortrabatt schon ab den ersten \u00dcbernachtungen.<\/li>\n<li>Ein 24\/7-Team, das Ihre Anfragen beantwortet.<\/li>\n<li>Individuelle Betreuung, bevorzugter Zugang zu den Business-Services: Stellpl\u00e4tze, Conciergerie, Tagungsraumreservierung<\/li>\n<li>Klare Rechnungslegung ohne zus\u00e4tzliche Bearbeitungsgeb\u00fchren<\/li>\n<li>Rechnungsvorlage und -angaben gem\u00e4\u00df dem Buchf\u00fchrungsverfahren Ihres Unternehmens und Zusendung per E-Mail<\/li>\n<li>Kundentreuebonus mit zus\u00e4tzlichen Aufmerksamkeiten unter Vorbehalt der Verf\u00fcgbarkeit (Priorit\u00e4t auf Wartelisten in Spitzenzeiten, R\u00fccksichtnahme auf Ihre Pr\u00e4ferenzen, Vorbestellungen, Early- Check-in und Late-Check-out usw.) \u2026)<\/li>\n<li>M\u00f6glichkeit einer Jahrespartnerschaft, die allen Ihren Mitarbeitern \u00fcber einen Geheimcode, den Sie beim Abschluss Ihres Unternehmensvertrags erhalten, Exklusivrabatte bietet.<\/li>\n<\/ol>\n<div class=\"row\"  id=\"row-127529746\">\n\n\n\t<div id=\"col-1803910698\" class=\"col medium-6 small-12 large-6\"  >\n\t\t<div class=\"col-inner\"  >\n\t\t\t\n\t\t\t\n\n\t<div class=\"img has-hover x md-x lg-x y md-y lg-y\" id=\"image_2035380242\">\n\t\t\t\t\t\t\t\t<div class=\"img-inner image-cover box-shadow-3 dark\" style=\"padding-top:50%;\">\n\t\t\t<img decoding=\"async\" width=\"1020\" height=\"680\" src=\"https:\/\/www.hoteljardinsdemademoiselle.com\/wp-content\/uploads\/2020\/01\/piscine-jardins-de-mademoiselle-paris-4-1024x683.jpg\" class=\"attachment-large size-large\" alt=\"piscine Les Jardins de Mademoiselle Paris\" srcset=\"https:\/\/www.hoteljardinsdemademoiselle.com\/wp-content\/uploads\/2020\/01\/piscine-jardins-de-mademoiselle-paris-4-1024x683.jpg 1024w, https:\/\/www.hoteljardinsdemademoiselle.com\/wp-content\/uploads\/2020\/01\/piscine-jardins-de-mademoiselle-paris-4-300x200.jpg 300w, https:\/\/www.hoteljardinsdemademoiselle.com\/wp-content\/uploads\/2020\/01\/piscine-jardins-de-mademoiselle-paris-4-768x512.jpg 768w, https:\/\/www.hoteljardinsdemademoiselle.com\/wp-content\/uploads\/2020\/01\/piscine-jardins-de-mademoiselle-paris-4-1536x1024.jpg 1536w, https:\/\/www.hoteljardinsdemademoiselle.com\/wp-content\/uploads\/2020\/01\/piscine-jardins-de-mademoiselle-paris-4.jpg 1800w\" sizes=\"(max-width: 1020px) 100vw, 1020px\" \/>\t\t\t\t\t\t\n\t\t\t\t\t<\/div>\n\t\t\t\t\t\t\t\t\n<style>\n#image_2035380242 {\n  width: 100%;\n}\n<\/style>\n\t<\/div>\n\t\n\n<p>Sie haben Zugang zu unserem 200 m2 gro\u00dfen Wellnessbereich, der mit einem Innenpool (15\u00d74 m), einem Hammam und einem Sportraum ausgestattet ist<\/p>\n\n\t\t<\/div>\n\t\t\t<\/div>\n\n\t\n\n\t<div id=\"col-1001536810\" class=\"col medium-6 small-12 large-6\"  >\n\t\t<div class=\"col-inner\"  >\n\t\t\t\n\t\t\t\n\n\t<div class=\"img has-hover x md-x lg-x y md-y lg-y\" id=\"image_1585176836\">\n\t\t\t\t\t\t\t\t<div class=\"img-inner image-cover box-shadow-3 dark\" style=\"padding-top:50%;\">\n\t\t\t<img decoding=\"async\" width=\"683\" height=\"1024\" src=\"https:\/\/www.hoteljardinsdemademoiselle.com\/wp-content\/uploads\/2020\/02\/HOTEL-JDM_BAR_3-683x1024.jpg\" class=\"attachment-large size-large\" alt=\"\" srcset=\"https:\/\/www.hoteljardinsdemademoiselle.com\/wp-content\/uploads\/2020\/02\/HOTEL-JDM_BAR_3-683x1024.jpg 683w, https:\/\/www.hoteljardinsdemademoiselle.com\/wp-content\/uploads\/2020\/02\/HOTEL-JDM_BAR_3-200x300.jpg 200w, https:\/\/www.hoteljardinsdemademoiselle.com\/wp-content\/uploads\/2020\/02\/HOTEL-JDM_BAR_3-768x1152.jpg 768w, https:\/\/www.hoteljardinsdemademoiselle.com\/wp-content\/uploads\/2020\/02\/HOTEL-JDM_BAR_3-1024x1536.jpg 1024w, https:\/\/www.hoteljardinsdemademoiselle.com\/wp-content\/uploads\/2020\/02\/HOTEL-JDM_BAR_3.jpg 1280w\" sizes=\"(max-width: 683px) 100vw, 683px\" \/>\t\t\t\t\t\t\n\t\t\t\t\t<\/div>\n\t\t\t\t\t\t\t\t\n<style>\n#image_1585176836 {\n  width: 100%;\n}\n<\/style>\n\t<\/div>\n\t\n\n<p>F\u00fcr Ihre Verabredungen oder Arbeitsmeetings stehen Ihnen der Fr\u00fchst\u00fcckssaal und die Bar zur Verf\u00fcgung.<\/p>\n\n\t\t<\/div>\n\t\t\t<\/div>\n\n\t\n\n\n<style>\n#row-127529746 > .col > .col-inner {\n  padding: 30px 0px 0px 0px;\n}\n<\/style>\n<\/div>\n<div class=\"row\"  id=\"row-647585646\">\n\n\n\t<div id=\"col-1693729942\" class=\"col medium-6 small-12 large-6\"  >\n\t\t<div class=\"col-inner\"  >\n\t\t\t\n\t\t\t\n\n\t<div class=\"img has-hover x md-x lg-x y md-y lg-y\" id=\"image_1395950971\">\n\t\t\t\t\t\t\t\t<div class=\"img-inner image-cover box-shadow-3 dark\" style=\"padding-top:50%;\">\n\t\t\t<img decoding=\"async\" width=\"1020\" height=\"680\" src=\"https:\/\/www.hoteljardinsdemademoiselle.com\/wp-content\/uploads\/2020\/02\/HOTEL-JDM_ROOFTOP_24-1024x683.jpg\" class=\"attachment-large size-large\" alt=\"\" srcset=\"https:\/\/www.hoteljardinsdemademoiselle.com\/wp-content\/uploads\/2020\/02\/HOTEL-JDM_ROOFTOP_24-1024x683.jpg 1024w, https:\/\/www.hoteljardinsdemademoiselle.com\/wp-content\/uploads\/2020\/02\/HOTEL-JDM_ROOFTOP_24-300x200.jpg 300w, https:\/\/www.hoteljardinsdemademoiselle.com\/wp-content\/uploads\/2020\/02\/HOTEL-JDM_ROOFTOP_24-768x512.jpg 768w, https:\/\/www.hoteljardinsdemademoiselle.com\/wp-content\/uploads\/2020\/02\/HOTEL-JDM_ROOFTOP_24-1536x1024.jpg 1536w, https:\/\/www.hoteljardinsdemademoiselle.com\/wp-content\/uploads\/2020\/02\/HOTEL-JDM_ROOFTOP_24.jpg 1920w\" sizes=\"(max-width: 1020px) 100vw, 1020px\" \/>\t\t\t\t\t\t\n\t\t\t\t\t<\/div>\n\t\t\t\t\t\t\t\t\n<style>\n#image_1395950971 {\n  width: 100%;\n}\n<\/style>\n\t<\/div>\n\t\n\n<p>Eine herrliche, 90 m2 gro\u00dfe Terrasse mit Aussicht auf die D\u00e4cher von Paris<\/p>\n\n\t\t<\/div>\n\t\t\t<\/div>\n\n\t\n\n\t<div id=\"col-1851474677\" class=\"col medium-6 small-12 large-6\"  >\n\t\t<div class=\"col-inner\"  >\n\t\t\t\n\t\t\t\n\n\t<div class=\"img has-hover x md-x lg-x y md-y lg-y\" id=\"image_537236911\">\n\t\t\t\t\t\t\t\t<div class=\"img-inner image-cover box-shadow-3 dark\" style=\"padding-top:50%;\">\n\t\t\t<img decoding=\"async\" width=\"300\" height=\"200\" src=\"https:\/\/www.hoteljardinsdemademoiselle.com\/wp-content\/uploads\/2020\/01\/jardin-de-mademoiselle-300x200.jpg\" class=\"attachment-medium size-medium\" alt=\"jardins de mademoiselle\" srcset=\"https:\/\/www.hoteljardinsdemademoiselle.com\/wp-content\/uploads\/2020\/01\/jardin-de-mademoiselle-300x200.jpg 300w, https:\/\/www.hoteljardinsdemademoiselle.com\/wp-content\/uploads\/2020\/01\/jardin-de-mademoiselle-1024x683.jpg 1024w, https:\/\/www.hoteljardinsdemademoiselle.com\/wp-content\/uploads\/2020\/01\/jardin-de-mademoiselle-768x512.jpg 768w, https:\/\/www.hoteljardinsdemademoiselle.com\/wp-content\/uploads\/2020\/01\/jardin-de-mademoiselle-1536x1024.jpg 1536w, https:\/\/www.hoteljardinsdemademoiselle.com\/wp-content\/uploads\/2020\/01\/jardin-de-mademoiselle.jpg 1800w\" sizes=\"(max-width: 300px) 100vw, 300px\" \/>\t\t\t\t\t\t\n\t\t\t\t\t<\/div>\n\t\t\t\t\t\t\t\t\n<style>\n#image_537236911 {\n  width: 100%;\n}\n<\/style>\n\t<\/div>\n\t\n\n<p>Kostenloses und unbeschr\u00e4nktes WLAN<\/p>\n\n\t\t<\/div>\n\t\t\t<\/div>\n\n\t\n\n\n<style>\n#row-647585646 > .col > .col-inner {\n  padding: 30px 0px 0px 0px;\n}\n<\/style>\n<\/div>\n<div class=\"row\"  id=\"row-2058637258\">\n\n\n\t<div id=\"col-1191429152\" class=\"col medium-6 small-12 large-6\"  >\n\t\t<div class=\"col-inner\"  >\n\t\t\t\n\t\t\t\n\n\t<div class=\"img has-hover x md-x lg-x y md-y lg-y\" id=\"image_86501268\">\n\t\t\t\t\t\t\t\t<div class=\"img-inner image-cover box-shadow-3 dark\" style=\"padding-top:50%;\">\n\t\t\t<img decoding=\"async\" width=\"1020\" height=\"680\" src=\"https:\/\/www.hoteljardinsdemademoiselle.com\/wp-content\/uploads\/2020\/02\/HOTEL-JDM_EXT_8-1024x683.jpg\" class=\"attachment-large size-large\" alt=\"\" srcset=\"https:\/\/www.hoteljardinsdemademoiselle.com\/wp-content\/uploads\/2020\/02\/HOTEL-JDM_EXT_8-1024x683.jpg 1024w, https:\/\/www.hoteljardinsdemademoiselle.com\/wp-content\/uploads\/2020\/02\/HOTEL-JDM_EXT_8-300x200.jpg 300w, https:\/\/www.hoteljardinsdemademoiselle.com\/wp-content\/uploads\/2020\/02\/HOTEL-JDM_EXT_8-768x512.jpg 768w, https:\/\/www.hoteljardinsdemademoiselle.com\/wp-content\/uploads\/2020\/02\/HOTEL-JDM_EXT_8-1536x1024.jpg 1536w, https:\/\/www.hoteljardinsdemademoiselle.com\/wp-content\/uploads\/2020\/02\/HOTEL-JDM_EXT_8.jpg 1920w\" sizes=\"(max-width: 1020px) 100vw, 1020px\" \/>\t\t\t\t\t\t\n\t\t\t\t\t<\/div>\n\t\t\t\t\t\t\t\t\n<style>\n#image_86501268 {\n  width: 100%;\n}\n<\/style>\n\t<\/div>\n\t\n\n<p>Gr\u00fcnanlagen mit 3 Gartenthemen<\/p>\n\n\t\t<\/div>\n\t\t\t<\/div>\n\n\t\n\n\t<div id=\"col-954641554\" class=\"col medium-6 small-12 large-6\"  >\n\t\t<div class=\"col-inner\"  >\n\t\t\t\n\t\t\t\n\n\t<div class=\"img has-hover x md-x lg-x y md-y lg-y\" id=\"image_557852753\">\n\t\t\t\t\t\t\t\t<div class=\"img-inner image-cover box-shadow-3 dark\" style=\"padding-top:50%;\">\n\t\t\t<img decoding=\"async\" width=\"300\" height=\"200\" src=\"https:\/\/www.hoteljardinsdemademoiselle.com\/wp-content\/uploads\/2020\/01\/box-300x200.jpg\" class=\"attachment-medium size-medium\" alt=\"parking\" srcset=\"https:\/\/www.hoteljardinsdemademoiselle.com\/wp-content\/uploads\/2020\/01\/box-300x200.jpg 300w, https:\/\/www.hoteljardinsdemademoiselle.com\/wp-content\/uploads\/2020\/01\/box.jpg 500w\" sizes=\"(max-width: 300px) 100vw, 300px\" \/>\t\t\t\t\t\t\n\t\t\t\t\t<\/div>\n\t\t\t\t\t\t\t\t\n<style>\n#image_557852753 {\n  width: 100%;\n}\n<\/style>\n\t<\/div>\n\t\n\n<p>Ausschlie\u00dflich auf vorherige Reservierung bietet das Haus geschlossene Parkboxen in einem privaten, etwa 5 Gehminuten entfernt gelegenen Parkhaus.<\/p>\n\n\t\t<\/div>\n\t\t\t<\/div>\n\n\t\n\n\n<style>\n#row-2058637258 > .col > .col-inner {\n  padding: 30px 0px 0px 0px;\n}\n<\/style>\n<\/div>\n<p style=\"text-align: center;\"><strong>F\u00fcr Ihre Privatevents <\/strong><\/p>\n<p style=\"text-align: left;\"><u>F\u00fcr Ihre Unternehmensevents mit 22 bis 50 Personen:<\/u>Tagung, Seminar, Teambuilding-Animationen \u2013 dank unserer Kooperationsvereinbarung mit dem &#8222;Cosy Chic&#8220; genie\u00dfen Sie Vorzugspreise f\u00fcr einen 125m2 gro\u00dfen Bereich, zu dem ein Tagungsraum, zwei S\u00e4le und eine Zen-Terrasse geh\u00f6ren. (In der N\u00e4he des Hotels)\u00a0<br \/><a href=\"https:\/\/www.hoteljardinsdemademoiselle.com\/Plaquette-Seminaire-Cosy-Chic.pdf\" target=\"_blank\" rel=\"noopener noreferrer\">Unseren Prospekt ansehen<\/a><\/p>\n<p style=\"text-align: center;\">Wir stehen f\u00fcr weitere Informationen per E-Mail:<br \/><strong> <a href=\"mailto:reception@lesjardinsdemademoiselle.com?subject=Partenariat+Corporate\" target=\"_blank\" rel=\"noopener noreferrer\">reception@lesjardinsdemademoiselle.com<\/a><\/strong><br \/><strong>oder telefonisch unter der Rufnummer<\/strong><br \/><strong>+ 33 1 56 23 91 zu Ihrer Verf\u00fcgung 00<\/strong><\/p>\n<p style=\"text-align: center;\"><strong>Anfahrt mit den \u00f6ffentlichen Verkehrsmitteln:<\/strong><br \/>Metrolinie 8: Commerce oder F\u00e9lix Faure<br \/>Metrolinie 6, 8, 10: La Motte-Piquet-Grenelle<br \/>Metrolinie 12: Convention<br \/>Direkte Anfahrt mit dem Auto oder Taxi zur Paris Expo Porte de Versailles und nach Issy-les-Moulineaux<\/p>\n\n\t\t<\/div>\n\t\t\t<\/div>\n\n\t\n\n<\/div>\n\n\t\t<\/div>\n\n\t\t\n<style>\n#section_1860205924 {\n  padding-top: 30px;\n  padding-bottom: 30px;\n}\n<\/style>\n\t<\/section>\n\t\n\t<section class=\"section\" id=\"section_1301796205\">\n\t\t<div class=\"bg section-bg fill bg-fill  bg-loaded\" >\n\n\t\t\t\n\t\t\t\n\t\t\t\n\n\t\t<\/div>\n\n\t\t<div class=\"section-content relative\">\n\t\t\t\n\n<h2 style=\"text-align: center;\">Folgen Sie uns auf Instagram<\/h2>\nInstagram did not return a 200.\n\n\n\t\t<\/div>\n\n\t\t\n<style>\n#section_1301796205 {\n  padding-top: 30px;\n  padding-bottom: 30px;\n}\n<\/style>\n\t<\/section>\n\t\n\n","protected":false},"excerpt":{"rendered":"","protected":false},"author":1,"featured_media":0,"parent":0,"menu_order":0,"comment_status":"closed","ping_status":"closed","template":"page-transparent-header.php","meta":{"footnotes":""},"class_list":["post-1154","page","type-page","status-publish","hentry"],"yoast_head":"<!-- This site is optimized with the Yoast SEO plugin v25.1 - https:\/\/yoast.com\/wordpress\/plugins\/seo\/ -->\n<title>Les Jardins de Mademoiselle Entdecken Sie unsere Angebote f\u00fcr Unternehmen und Business-Vorteile<\/title>\n<meta name=\"description\" content=\"Die Business-Vorteile des Hotels Les Jardins de Mademoiselle | Buchen Sie Ihren Gesch\u00e4ftsaufenthalt Garantierter Bestpreis auf unserer Webseite\" \/>\n<meta name=\"robots\" content=\"index, follow, max-snippet:-1, max-image-preview:large, max-video-preview:-1\" \/>\n<link rel=\"canonical\" href=\"https:\/\/www.hoteljardinsdemademoiselle.com\/de\/business-aufenthalte\/\" \/>\n<meta property=\"og:locale\" content=\"de_DE\" \/>\n<meta property=\"og:type\" content=\"article\" \/>\n<meta property=\"og:title\" content=\"Les Jardins de Mademoiselle Entdecken Sie unsere Angebote f\u00fcr Unternehmen und Business-Vorteile\" \/>\n<meta property=\"og:description\" content=\"Die Business-Vorteile des Hotels Les Jardins de Mademoiselle | Buchen Sie Ihren Gesch\u00e4ftsaufenthalt Garantierter Bestpreis auf unserer Webseite\" \/>\n<meta property=\"og:url\" content=\"https:\/\/www.hoteljardinsdemademoiselle.com\/de\/business-aufenthalte\/\" \/>\n<meta property=\"og:site_name\" content=\"Les Jardins de Mademoiselle\" \/>\n<meta property=\"article:modified_time\" content=\"2024-07-11T13:38:07+00:00\" \/>\n<meta name=\"twitter:card\" content=\"summary_large_image\" \/>\n<meta name=\"twitter:label1\" content=\"Gesch\u00e4tzte Lesezeit\" \/>\n\t<meta name=\"twitter:data1\" content=\"2\u00a0Minuten\" \/>\n<script type=\"application\/ld+json\" class=\"yoast-schema-graph\">{\"@context\":\"https:\/\/schema.org\",\"@graph\":[{\"@type\":\"WebPage\",\"@id\":\"https:\/\/www.hoteljardinsdemademoiselle.com\/de\/business-aufenthalte\/\",\"url\":\"https:\/\/www.hoteljardinsdemademoiselle.com\/de\/business-aufenthalte\/\",\"name\":\"Les Jardins de Mademoiselle Entdecken Sie unsere Angebote f\u00fcr Unternehmen und Business-Vorteile\",\"isPartOf\":{\"@id\":\"https:\/\/www.hoteljardinsdemademoiselle.com\/pt-br\/#website\"},\"datePublished\":\"2020-01-14T14:45:27+00:00\",\"dateModified\":\"2024-07-11T13:38:07+00:00\",\"description\":\"Die Business-Vorteile des Hotels Les Jardins de Mademoiselle | Buchen Sie Ihren Gesch\u00e4ftsaufenthalt Garantierter Bestpreis auf unserer Webseite\",\"breadcrumb\":{\"@id\":\"https:\/\/www.hoteljardinsdemademoiselle.com\/de\/business-aufenthalte\/#breadcrumb\"},\"inLanguage\":\"de\",\"potentialAction\":[{\"@type\":\"ReadAction\",\"target\":[\"https:\/\/www.hoteljardinsdemademoiselle.com\/de\/business-aufenthalte\/\"]}]},{\"@type\":\"BreadcrumbList\",\"@id\":\"https:\/\/www.hoteljardinsdemademoiselle.com\/de\/business-aufenthalte\/#breadcrumb\",\"itemListElement\":[{\"@type\":\"ListItem\",\"position\":1,\"name\":\"Accueil\",\"item\":\"https:\/\/www.hoteljardinsdemademoiselle.com\/de\/\"},{\"@type\":\"ListItem\",\"position\":2,\"name\":\"Business\"}]},{\"@type\":\"WebSite\",\"@id\":\"https:\/\/www.hoteljardinsdemademoiselle.com\/pt-br\/#website\",\"url\":\"https:\/\/www.hoteljardinsdemademoiselle.com\/pt-br\/\",\"name\":\"Les Jardins de Mademoiselle\",\"description\":\"H\u00f4tel 4 \u00e9toiles &amp; Spa Paris\",\"potentialAction\":[{\"@type\":\"SearchAction\",\"target\":{\"@type\":\"EntryPoint\",\"urlTemplate\":\"https:\/\/www.hoteljardinsdemademoiselle.com\/pt-br\/?s={search_term_string}\"},\"query-input\":{\"@type\":\"PropertyValueSpecification\",\"valueRequired\":true,\"valueName\":\"search_term_string\"}}],\"inLanguage\":\"de\"}]}<\/script>\n<!-- \/ Yoast SEO plugin. -->","yoast_head_json":{"title":"Les Jardins de Mademoiselle Entdecken Sie unsere Angebote f\u00fcr Unternehmen und Business-Vorteile","description":"Die Business-Vorteile des Hotels Les Jardins de Mademoiselle | Buchen Sie Ihren Gesch\u00e4ftsaufenthalt Garantierter Bestpreis auf unserer Webseite","robots":{"index":"index","follow":"follow","max-snippet":"max-snippet:-1","max-image-preview":"max-image-preview:large","max-video-preview":"max-video-preview:-1"},"canonical":"https:\/\/www.hoteljardinsdemademoiselle.com\/de\/business-aufenthalte\/","og_locale":"de_DE","og_type":"article","og_title":"Les Jardins de Mademoiselle Entdecken Sie unsere Angebote f\u00fcr Unternehmen und Business-Vorteile","og_description":"Die Business-Vorteile des Hotels Les Jardins de Mademoiselle | Buchen Sie Ihren Gesch\u00e4ftsaufenthalt Garantierter Bestpreis auf unserer Webseite","og_url":"https:\/\/www.hoteljardinsdemademoiselle.com\/de\/business-aufenthalte\/","og_site_name":"Les Jardins de Mademoiselle","article_modified_time":"2024-07-11T13:38:07+00:00","twitter_card":"summary_large_image","twitter_misc":{"Gesch\u00e4tzte Lesezeit":"2\u00a0Minuten"},"schema":{"@context":"https:\/\/schema.org","@graph":[{"@type":"WebPage","@id":"https:\/\/www.hoteljardinsdemademoiselle.com\/de\/business-aufenthalte\/","url":"https:\/\/www.hoteljardinsdemademoiselle.com\/de\/business-aufenthalte\/","name":"Les Jardins de Mademoiselle Entdecken Sie unsere Angebote f\u00fcr Unternehmen und Business-Vorteile","isPartOf":{"@id":"https:\/\/www.hoteljardinsdemademoiselle.com\/pt-br\/#website"},"datePublished":"2020-01-14T14:45:27+00:00","dateModified":"2024-07-11T13:38:07+00:00","description":"Die Business-Vorteile des Hotels Les Jardins de Mademoiselle | Buchen Sie Ihren Gesch\u00e4ftsaufenthalt Garantierter Bestpreis auf unserer Webseite","breadcrumb":{"@id":"https:\/\/www.hoteljardinsdemademoiselle.com\/de\/business-aufenthalte\/#breadcrumb"},"inLanguage":"de","potentialAction":[{"@type":"ReadAction","target":["https:\/\/www.hoteljardinsdemademoiselle.com\/de\/business-aufenthalte\/"]}]},{"@type":"BreadcrumbList","@id":"https:\/\/www.hoteljardinsdemademoiselle.com\/de\/business-aufenthalte\/#breadcrumb","itemListElement":[{"@type":"ListItem","position":1,"name":"Accueil","item":"https:\/\/www.hoteljardinsdemademoiselle.com\/de\/"},{"@type":"ListItem","position":2,"name":"Business"}]},{"@type":"WebSite","@id":"https:\/\/www.hoteljardinsdemademoiselle.com\/pt-br\/#website","url":"https:\/\/www.hoteljardinsdemademoiselle.com\/pt-br\/","name":"Les Jardins de Mademoiselle","description":"H\u00f4tel 4 \u00e9toiles &amp; Spa Paris","potentialAction":[{"@type":"SearchAction","target":{"@type":"EntryPoint","urlTemplate":"https:\/\/www.hoteljardinsdemademoiselle.com\/pt-br\/?s={search_term_string}"},"query-input":{"@type":"PropertyValueSpecification","valueRequired":true,"valueName":"search_term_string"}}],"inLanguage":"de"}]}},"_links":{"self":[{"href":"https:\/\/www.hoteljardinsdemademoiselle.com\/de\/wp-json\/wp\/v2\/pages\/1154","targetHints":{"allow":["GET"]}}],"collection":[{"href":"https:\/\/www.hoteljardinsdemademoiselle.com\/de\/wp-json\/wp\/v2\/pages"}],"about":[{"href":"https:\/\/www.hoteljardinsdemademoiselle.com\/de\/wp-json\/wp\/v2\/types\/page"}],"author":[{"embeddable":true,"href":"https:\/\/www.hoteljardinsdemademoiselle.com\/de\/wp-json\/wp\/v2\/users\/1"}],"replies":[{"embeddable":true,"href":"https:\/\/www.hoteljardinsdemademoiselle.com\/de\/wp-json\/wp\/v2\/comments?post=1154"}],"version-history":[{"count":4,"href":"https:\/\/www.hoteljardinsdemademoiselle.com\/de\/wp-json\/wp\/v2\/pages\/1154\/revisions"}],"predecessor-version":[{"id":3547,"href":"https:\/\/www.hoteljardinsdemademoiselle.com\/de\/wp-json\/wp\/v2\/pages\/1154\/revisions\/3547"}],"wp:attachment":[{"href":"https:\/\/www.hoteljardinsdemademoiselle.com\/de\/wp-json\/wp\/v2\/media?parent=1154"}],"curies":[{"name":"wp","href":"https:\/\/api.w.org\/{rel}","templated":true}]}}